{"id":963,"date":"2024-10-05T18:07:42","date_gmt":"2024-10-05T18:07:42","guid":{"rendered":"https:\/\/www.yongyukitchenware.com\/?post_type=product&#038;p=963"},"modified":"2025-07-10T09:57:00","modified_gmt":"2025-07-10T09:57:00","slug":"stainless-steel-salad-bowl-wholesale","status":"publish","type":"product","link":"https:\/\/www.yongyukitchenware.com\/de\/produkt\/stainless-steel-salad-bowl-wholesale\/","title":{"rendered":"Bulk Edelstahl Salatsch\u00fcssel mit bunten Deckel und Silikonboden"},"content":{"rendered":"<div class=\"wp-block-columns is-layout-flex wp-container-core-columns-is-layout-9d6595d7 wp-block-columns-is-layout-flex\">\n<div class=\"wp-block-column is-layout-flow wp-block-column-is-layout-flow\">\n<h2 class=\"wp-block-heading\">Salatsch\u00fcssel aus Edelstahl Merkmale:<\/h2>\n\n\n\n<p><strong>Hochwertiger rostfreier Stahl:<\/strong> Material aus lebensmittelechtem Edelstahl, ist nicht nur langlebig, sondern auch sicher und gesund<br><strong>Rutschfester Boden: <\/strong>rutschfestes Silikondesign an der Unterseite, verrutscht nicht, wenn sie gekippt wird, um sicherzustellen, dass die Salatsch\u00fcssel stabil ist, um Kratzer auf der Arbeitsfl\u00e4che zu vermeiden<br><strong>Buntes Design der Schutzh\u00fclle: <\/strong>hygienisch, staubdicht, stapelbar, h\u00e4lt Lebensmittel effektiv frisch, verleiht dem Essen modischen Sinn<br><strong>Sicher zu reinigen:<\/strong> Das Curl-Verfahren macht die Kante glatt und verhindert Handverletzungen, die hochglanzpolierte Edelstahloberfl\u00e4che ist spiegelglatt und leicht zu reinigen.<br><strong>Vielseitigkeit: <\/strong>Geeignet f\u00fcr Salate, Obst, Snacks und andere Anl\u00e4sse, um Ihre verschiedenen Bed\u00fcrfnisse zu erf\u00fcllen.<\/p>\n\n\n\n<h2 class=\"wp-block-heading\">Salatsch\u00fcssel aus Edelstahl Gr\u00f6\u00dfe:<\/h2>\n\n\n\n<figure class=\"wp-block-table\"><table class=\"has-fixed-layout\"><tbody><tr><td>Modell<\/td><td>Gr\u00f6\u00dfe<\/td><td>Durchmesser * H\u00f6he (cm)<\/td><td>MOQ<\/td><\/tr><tr><td rowspan=\"9\">DY018-TLP<\/td><td>14cm<\/td><td>13,9*7cm<\/td><td rowspan=\"9\">200 STCK.<\/td><\/tr><tr><td>16cm<\/td><td>15,9*8cm<\/td><\/tr><tr><td>18cm<\/td><td>17,9*9cm<\/td><\/tr><tr><td>20cm<\/td><td>19,9*10cm<\/td><\/tr><tr><td>22cm<\/td><td>21,9*10,7cm<\/td><\/tr><tr><td>24cm<\/td><td>23,9*11,2cm<\/td><\/tr><tr><td>26cm<\/td><td>25,9*11,8cm<\/td><\/tr><tr><td>28cm<\/td><td>27,9*12,6cm<\/td><\/tr><tr><td>30cm<\/td><td>29,9*13,8cm<\/td><\/tr><\/tbody><\/table><\/figure>\n<\/div>\n\n\n\n<div class=\"wp-block-column is-layout-flow wp-block-column-is-layout-flow\">\n<div class=\"wp-block-columns is-layout-flex wp-container-core-columns-is-layout-9d6595d7 wp-block-columns-is-layout-flex\">\n<div class=\"wp-block-column is-layout-flow wp-block-column-is-layout-flow\">\n<figure class=\"wp-block-image size-full\"><img decoding=\"async\" width=\"800\" height=\"800\" src=\"https:\/\/www.yongyukitchenware.com\/wp-content\/uploads\/2024\/09\/wholesale-salad-bowl-3.webp\" alt=\"gro\u00dfhandel-salat-sch\u00fcssel (3)\" class=\"wp-image-979\" srcset=\"https:\/\/www.yongyukitchenware.com\/wp-content\/uploads\/2024\/09\/wholesale-salad-bowl-3.webp 800w, https:\/\/www.yongyukitchenware.com\/wp-content\/uploads\/2024\/09\/wholesale-salad-bowl-3-300x300.webp 300w, https:\/\/www.yongyukitchenware.com\/wp-content\/uploads\/2024\/09\/wholesale-salad-bowl-3-150x150.webp 150w, https:\/\/www.yongyukitchenware.com\/wp-content\/uploads\/2024\/09\/wholesale-salad-bowl-3-768x768.webp 768w, https:\/\/www.yongyukitchenware.com\/wp-content\/uploads\/2024\/09\/wholesale-salad-bowl-3-600x600.webp 600w, https:\/\/www.yongyukitchenware.com\/wp-content\/uploads\/2024\/09\/wholesale-salad-bowl-3-100x100.webp 100w\" sizes=\"(max-width: 800px) 100vw, 800px\" \/><\/figure>\n<\/div>\n\n\n\n<div class=\"wp-block-column is-layout-flow wp-block-column-is-layout-flow\">\n<figure class=\"wp-block-image size-full\"><img decoding=\"async\" width=\"800\" height=\"800\" src=\"https:\/\/www.yongyukitchenware.com\/wp-content\/uploads\/2024\/09\/wholesale-salad-bowl-4.webp\" alt=\"gro\u00dfhandel-salat-sch\u00fcssel (4)\" class=\"wp-image-980\" srcset=\"https:\/\/www.yongyukitchenware.com\/wp-content\/uploads\/2024\/09\/wholesale-salad-bowl-4.webp 800w, https:\/\/www.yongyukitchenware.com\/wp-content\/uploads\/2024\/09\/wholesale-salad-bowl-4-300x300.webp 300w, https:\/\/www.yongyukitchenware.com\/wp-content\/uploads\/2024\/09\/wholesale-salad-bowl-4-150x150.webp 150w, https:\/\/www.yongyukitchenware.com\/wp-content\/uploads\/2024\/09\/wholesale-salad-bowl-4-768x768.webp 768w, https:\/\/www.yongyukitchenware.com\/wp-content\/uploads\/2024\/09\/wholesale-salad-bowl-4-600x600.webp 600w, https:\/\/www.yongyukitchenware.com\/wp-content\/uploads\/2024\/09\/wholesale-salad-bowl-4-100x100.webp 100w\" sizes=\"(max-width: 800px) 100vw, 800px\" \/><\/figure>\n<\/div>\n<\/div>\n\n\n\n<div class=\"wp-block-columns is-layout-flex wp-container-core-columns-is-layout-9d6595d7 wp-block-columns-is-layout-flex\">\n<div class=\"wp-block-column is-layout-flow wp-block-column-is-layout-flow\">\n<figure class=\"wp-block-image size-full\"><img decoding=\"async\" width=\"800\" height=\"800\" src=\"https:\/\/www.yongyukitchenware.com\/wp-content\/uploads\/2024\/09\/wholesale-salad-bowl-5.webp\" alt=\"gro\u00dfhandel-salat-sch\u00fcssel (5)\" class=\"wp-image-981\" srcset=\"https:\/\/www.yongyukitchenware.com\/wp-content\/uploads\/2024\/09\/wholesale-salad-bowl-5.webp 800w, https:\/\/www.yongyukitchenware.com\/wp-content\/uploads\/2024\/09\/wholesale-salad-bowl-5-300x300.webp 300w, https:\/\/www.yongyukitchenware.com\/wp-content\/uploads\/2024\/09\/wholesale-salad-bowl-5-150x150.webp 150w, https:\/\/www.yongyukitchenware.com\/wp-content\/uploads\/2024\/09\/wholesale-salad-bowl-5-768x768.webp 768w, https:\/\/www.yongyukitchenware.com\/wp-content\/uploads\/2024\/09\/wholesale-salad-bowl-5-600x600.webp 600w, https:\/\/www.yongyukitchenware.com\/wp-content\/uploads\/2024\/09\/wholesale-salad-bowl-5-100x100.webp 100w\" sizes=\"(max-width: 800px) 100vw, 800px\" \/><\/figure>\n<\/div>\n\n\n\n<div class=\"wp-block-column is-layout-flow wp-block-column-is-layout-flow\">\n<figure class=\"wp-block-image size-full\"><img decoding=\"async\" width=\"800\" height=\"800\" src=\"https:\/\/www.yongyukitchenware.com\/wp-content\/uploads\/2024\/09\/wholesale-salad-bowl-7.webp\" alt=\"gro\u00dfhandel-salat-sch\u00fcssel (7)\" class=\"wp-image-982\" srcset=\"https:\/\/www.yongyukitchenware.com\/wp-content\/uploads\/2024\/09\/wholesale-salad-bowl-7.webp 800w, https:\/\/www.yongyukitchenware.com\/wp-content\/uploads\/2024\/09\/wholesale-salad-bowl-7-300x300.webp 300w, https:\/\/www.yongyukitchenware.com\/wp-content\/uploads\/2024\/09\/wholesale-salad-bowl-7-150x150.webp 150w, https:\/\/www.yongyukitchenware.com\/wp-content\/uploads\/2024\/09\/wholesale-salad-bowl-7-768x768.webp 768w, https:\/\/www.yongyukitchenware.com\/wp-content\/uploads\/2024\/09\/wholesale-salad-bowl-7-600x600.webp 600w, https:\/\/www.yongyukitchenware.com\/wp-content\/uploads\/2024\/09\/wholesale-salad-bowl-7-100x100.webp 100w\" sizes=\"(max-width: 800px) 100vw, 800px\" \/><\/figure>\n<\/div>\n<\/div>\n<\/div>\n<\/div>\n\n\n\n<p><\/p>","protected":false},"excerpt":{"rendered":"<p>Gro\u00dfhandel Edelstahl Salatsch\u00fcsseln mit Silikon-Deckel und B\u00f6den, Gew\u00e4hrleistung der Stabilit\u00e4t, bequeme Nutzung und halten Lebensmittel frisch, geeignet f\u00fcr Haus und Catering verwenden. Unterst\u00fctzt die Anpassung von mehreren Spezifikationen, kontaktieren Sie uns bitte f\u00fcr mehr Salatsch\u00fcsseln und Catering liefert Gro\u00dfhandel L\u00f6sungen<\/p>\n<h2>Salatsch\u00fcssel aus Edelstahl Parameter:<\/h2>\n<p><strong>Material:<\/strong> rostfreier Stahl<br \/><strong>Buntes Design:<\/strong> Deckel und Boden aus Silikon k\u00f6nnen in Ihren Lieblingsfarben gestaltet werden<br \/><strong>Topf-Design:<\/strong> hochglanzpolierte Oberfl\u00e4che, Curling-Verfahren<br \/><strong>Vollst\u00e4ndige Spezifikationen:<\/strong>14-30cm in voller Gr\u00f6\u00dfe mit verschiedenen Spezifikationen<br \/><strong>Verpackung: <\/strong>Beutel\/Sammelgut\/Karton oder individuell<br \/><strong>OEM\/ODM:<\/strong> Verf\u00fcgbar<\/p>\n<h2 class=\"wp-block-heading\">Von Yongyu Kitchenware Hersteller :<\/h2>\n<p>Yongyu ist ein professioneller Hersteller von K\u00fcchenutensilien. Unsere Produkte umfassen alle Arten von Kochgeschirr und K\u00fcchenzubeh\u00f6r aus Edelstahl und bieten ma\u00dfgeschneiderte L\u00f6sungen mit hochwertigen Produkten zu Fabrikpreisen.<\/p>","protected":false},"featured_media":978,"comment_status":"closed","ping_status":"closed","template":"","meta":{"_acf_changed":false},"application":[29],"product_brand":[],"product_cat":[23,35],"product_tag":[],"class_list":{"0":"post-963","1":"product","2":"type-product","3":"status-publish","4":"has-post-thumbnail","6":"application-home-kitchen","7":"product_cat-kitchenware-wholesale","8":"product_cat-baking-trays-wholesale","10":"first","11":"instock","12":"shipping-taxable","13":"product-type-simple"},"acf":[],"_links":{"self":[{"href":"https:\/\/www.yongyukitchenware.com\/de\/wp-json\/wp\/v2\/product\/963","targetHints":{"allow":["GET"]}}],"collection":[{"href":"https:\/\/www.yongyukitchenware.com\/de\/wp-json\/wp\/v2\/product"}],"about":[{"href":"https:\/\/www.yongyukitchenware.com\/de\/wp-json\/wp\/v2\/types\/product"}],"replies":[{"embeddable":true,"href":"https:\/\/www.yongyukitchenware.com\/de\/wp-json\/wp\/v2\/comments?post=963"}],"wp:featuredmedia":[{"embeddable":true,"href":"https:\/\/www.yongyukitchenware.com\/de\/wp-json\/wp\/v2\/media\/978"}],"wp:attachment":[{"href":"https:\/\/www.yongyukitchenware.com\/de\/wp-json\/wp\/v2\/media?parent=963"}],"wp:term":[{"taxonomy":"application","embeddable":true,"href":"https:\/\/www.yongyukitchenware.com\/de\/wp-json\/wp\/v2\/application?post=963"},{"taxonomy":"product_brand","embeddable":true,"href":"https:\/\/www.yongyukitchenware.com\/de\/wp-json\/wp\/v2\/product_brand?post=963"},{"taxonomy":"product_cat","embeddable":true,"href":"https:\/\/www.yongyukitchenware.com\/de\/wp-json\/wp\/v2\/product_cat?post=963"},{"taxonomy":"product_tag","embeddable":true,"href":"https:\/\/www.yongyukitchenware.com\/de\/wp-json\/wp\/v2\/product_tag?post=963"}],"curies":[{"name":"wp","href":"https:\/\/api.w.org\/{rel}","templated":true}]}}