{"id":989,"date":"2024-10-06T16:26:01","date_gmt":"2024-10-06T16:26:01","guid":{"rendered":"https:\/\/www.yongyukitchenware.com\/?post_type=product&#038;p=989"},"modified":"2025-07-10T09:56:27","modified_gmt":"2025-07-10T09:56:27","slug":"mixing-bowls-wholesale","status":"publish","type":"product","link":"https:\/\/www.yongyukitchenware.com\/de\/produkt\/mixing-bowls-wholesale\/","title":{"rendered":"Edelstahl-R\u00fchrsch\u00fcsseln mit Zerkleinerer-Kombi-Deckel und Griffen in gro\u00dfen Mengen"},"content":{"rendered":"<div class=\"wp-block-columns is-layout-flex wp-container-core-columns-is-layout-9d6595d7 wp-block-columns-is-layout-flex\">\n<div class=\"wp-block-column is-layout-flow wp-block-column-is-layout-flow\">\n<h2 class=\"wp-block-heading\">R\u00fchrsch\u00fcsseln Merkmale:<\/h2>\n\n\n\n<p><strong>Hochwertiger rostfreier Stahl:<\/strong> Material aus lebensmittelechtem Edelstahl, korrosionsbest\u00e4ndig, geruchsneutral, f\u00fcr eine langfristige Nutzung<br><strong>Anti-Rutsch-Boden: <\/strong>rutschfestes Silikondesign an der Unterseite, erh\u00f6ht die Stabilit\u00e4t, verrutscht nicht beim Kippen<br><strong>Griff aus Silikon: <\/strong>Griff aus Silikon, leicht zu greifen und zu bewegen<br><strong>Konstruktion der Umlenk\u00f6ffnung: <\/strong>Eagle Beak Diverter Port, leicht zu gie\u00dfen Fl\u00fcssigkeit ohne \u00dcberlaufen<br>Interne Beschriftung Design: interne Beschriftung Kapazit\u00e4t Skala, leicht zu erfassen die Kapazit\u00e4t<br><strong>Multifunktionaler Deckel:<\/strong> eine Art von Deckel kann versiegeln und staubdicht, um Lebensmittel Frische zu bewahren; die andere Shredder Kombination Deckel, Schneiden, Julienne Schneiden, grobe Julienne Schneiden, drei S\u00e4tze, die frei abnehmbar sein kann<\/p>\n<\/div>\n\n\n\n<div class=\"wp-block-column is-layout-flow wp-block-column-is-layout-flow\">\n<div class=\"wp-block-columns is-layout-flex wp-container-core-columns-is-layout-9d6595d7 wp-block-columns-is-layout-flex\">\n<div class=\"wp-block-column is-layout-flow wp-block-column-is-layout-flow\">\n<figure class=\"wp-block-image size-full\"><img decoding=\"async\" width=\"800\" height=\"800\" src=\"https:\/\/www.yongyukitchenware.com\/wp-content\/uploads\/2024\/09\/wholesale-mixing-bowls-5.webp\" alt=\"Gro\u00dfhandel-Mischgef\u00e4\u00dfe (5)\" class=\"wp-image-1004\" srcset=\"https:\/\/www.yongyukitchenware.com\/wp-content\/uploads\/2024\/09\/wholesale-mixing-bowls-5.webp 800w, https:\/\/www.yongyukitchenware.com\/wp-content\/uploads\/2024\/09\/wholesale-mixing-bowls-5-300x300.webp 300w, https:\/\/www.yongyukitchenware.com\/wp-content\/uploads\/2024\/09\/wholesale-mixing-bowls-5-150x150.webp 150w, https:\/\/www.yongyukitchenware.com\/wp-content\/uploads\/2024\/09\/wholesale-mixing-bowls-5-768x768.webp 768w, https:\/\/www.yongyukitchenware.com\/wp-content\/uploads\/2024\/09\/wholesale-mixing-bowls-5-600x600.webp 600w, https:\/\/www.yongyukitchenware.com\/wp-content\/uploads\/2024\/09\/wholesale-mixing-bowls-5-100x100.webp 100w\" sizes=\"(max-width: 800px) 100vw, 800px\" \/><\/figure>\n<\/div>\n\n\n\n<div class=\"wp-block-column is-layout-flow wp-block-column-is-layout-flow\">\n<figure class=\"wp-block-image size-full\"><img decoding=\"async\" width=\"800\" height=\"800\" src=\"https:\/\/www.yongyukitchenware.com\/wp-content\/uploads\/2024\/09\/wholesale-mixing-bowls-6.webp\" alt=\"Gro\u00dfhandel-Mischgef\u00e4\u00dfe (6)\" class=\"wp-image-1005\" srcset=\"https:\/\/www.yongyukitchenware.com\/wp-content\/uploads\/2024\/09\/wholesale-mixing-bowls-6.webp 800w, https:\/\/www.yongyukitchenware.com\/wp-content\/uploads\/2024\/09\/wholesale-mixing-bowls-6-300x300.webp 300w, https:\/\/www.yongyukitchenware.com\/wp-content\/uploads\/2024\/09\/wholesale-mixing-bowls-6-150x150.webp 150w, https:\/\/www.yongyukitchenware.com\/wp-content\/uploads\/2024\/09\/wholesale-mixing-bowls-6-768x768.webp 768w, https:\/\/www.yongyukitchenware.com\/wp-content\/uploads\/2024\/09\/wholesale-mixing-bowls-6-600x600.webp 600w, https:\/\/www.yongyukitchenware.com\/wp-content\/uploads\/2024\/09\/wholesale-mixing-bowls-6-100x100.webp 100w\" sizes=\"(max-width: 800px) 100vw, 800px\" \/><\/figure>\n<\/div>\n<\/div>\n<\/div>\n<\/div>\n\n\n\n<div class=\"wp-block-columns is-layout-flex wp-container-core-columns-is-layout-9d6595d7 wp-block-columns-is-layout-flex\">\n<div class=\"wp-block-column is-layout-flow wp-block-column-is-layout-flow\">\n<figure class=\"wp-block-image size-full\"><img decoding=\"async\" width=\"800\" height=\"800\" src=\"https:\/\/www.yongyukitchenware.com\/wp-content\/uploads\/2024\/09\/wholesale-mixing-bowls-4.webp\" alt=\"Gro\u00dfhandel-Mischgef\u00e4\u00dfe (4)\" class=\"wp-image-1013\" srcset=\"https:\/\/www.yongyukitchenware.com\/wp-content\/uploads\/2024\/09\/wholesale-mixing-bowls-4.webp 800w, https:\/\/www.yongyukitchenware.com\/wp-content\/uploads\/2024\/09\/wholesale-mixing-bowls-4-300x300.webp 300w, https:\/\/www.yongyukitchenware.com\/wp-content\/uploads\/2024\/09\/wholesale-mixing-bowls-4-150x150.webp 150w, https:\/\/www.yongyukitchenware.com\/wp-content\/uploads\/2024\/09\/wholesale-mixing-bowls-4-768x768.webp 768w, https:\/\/www.yongyukitchenware.com\/wp-content\/uploads\/2024\/09\/wholesale-mixing-bowls-4-600x600.webp 600w, https:\/\/www.yongyukitchenware.com\/wp-content\/uploads\/2024\/09\/wholesale-mixing-bowls-4-100x100.webp 100w\" sizes=\"(max-width: 800px) 100vw, 800px\" \/><\/figure>\n<\/div>\n\n\n\n<div class=\"wp-block-column is-layout-flow wp-block-column-is-layout-flow\">\n<h2 class=\"wp-block-heading\">R\u00fchrsch\u00fcsseln Gr\u00f6\u00dfe:<\/h2>\n\n\n\n<figure class=\"wp-block-table\"><table class=\"has-fixed-layout\"><tbody><tr><td>Modell<\/td><td>Gr\u00f6\u00dfe<\/td><td>Durchmesser * H\u00f6he (cm)<\/td><td>MOQ<\/td><\/tr><tr><td rowspan=\"6\">DY026-TLP<\/td><td>16cm<\/td><td>16*10,5cm<\/td><td rowspan=\"6\">80 STCK.<\/td><\/tr><tr><td>18cm<\/td><td>18*11cm<\/td><\/tr><tr><td>20cm<\/td><td>20*11,5cm<\/td><\/tr><tr><td>22cm<\/td><td>22*12,5cm<\/td><\/tr><tr><td>24cm<\/td><td>24*13,5cm<\/td><\/tr><tr><td>26cm<\/td><td>26*14,5cm<\/td><\/tr><\/tbody><\/table><\/figure>\n<\/div>\n<\/div>","protected":false},"excerpt":{"rendered":"<p>Benutzerdefinierte und Gro\u00dfhandel Edelstahl-R\u00fchrsch\u00fcssel mit Chopper Kombination Deckel, Silikongriff und rutschfestem Boden. Sie ist ein unverzichtbares Werkzeug f\u00fcr eine vielseitige K\u00fcche, leicht zu halten und kann verschiedene Misch-, R\u00fchr- und Zerkleinerungsaufgaben erledigen.<\/p>\n<h2>R\u00fchrsch\u00fcsseln Parameter:<\/h2>\n<p><strong>Material:<\/strong>\u00a0rostfreier Stahl<br \/><strong>Farbe:<\/strong> Deckel, Griff und Boden aus Silikon in einer Farbe Ihrer Wahl<br \/><strong>Topf-Design:<\/strong> Abweiser- und Innenetiketten-Design, Silikonboden und -griff, versiegelter Deckel oder Kombideckel<br \/><strong>Spezifikationen:<\/strong> 16-24 cm volle Gr\u00f6\u00dfe<br \/><strong>Verpacken:<\/strong> Beutel\/ Sch\u00fcttgut\/Karton oder kundenspezifisch<br \/><strong>OEM\/ODM:<\/strong> Verf\u00fcgbar<\/p>\n<h2 class=\"wp-block-heading\">Von Yongyu Kitchenware Hersteller :<\/h2>\n<p>Yongyu ist ein professioneller Hersteller von K\u00fcchenutensilien. Unsere Produkte umfassen alle Arten von Kochgeschirr und K\u00fcchenzubeh\u00f6r aus Edelstahl und bieten ma\u00dfgeschneiderte L\u00f6sungen mit hochwertigen Produkten zu Fabrikpreisen.<\/p>","protected":false},"featured_media":1003,"comment_status":"closed","ping_status":"closed","template":"","meta":{"_acf_changed":false},"application":[29],"product_brand":[],"product_cat":[23,35],"product_tag":[43],"class_list":{"0":"post-989","1":"product","2":"type-product","3":"status-publish","4":"has-post-thumbnail","6":"application-home-kitchen","7":"product_cat-kitchenware-wholesale","8":"product_cat-baking-trays-wholesale","9":"product_tag-recommend","11":"first","12":"instock","13":"shipping-taxable","14":"product-type-simple"},"acf":[],"_links":{"self":[{"href":"https:\/\/www.yongyukitchenware.com\/de\/wp-json\/wp\/v2\/product\/989","targetHints":{"allow":["GET"]}}],"collection":[{"href":"https:\/\/www.yongyukitchenware.com\/de\/wp-json\/wp\/v2\/product"}],"about":[{"href":"https:\/\/www.yongyukitchenware.com\/de\/wp-json\/wp\/v2\/types\/product"}],"replies":[{"embeddable":true,"href":"https:\/\/www.yongyukitchenware.com\/de\/wp-json\/wp\/v2\/comments?post=989"}],"wp:featuredmedia":[{"embeddable":true,"href":"https:\/\/www.yongyukitchenware.com\/de\/wp-json\/wp\/v2\/media\/1003"}],"wp:attachment":[{"href":"https:\/\/www.yongyukitchenware.com\/de\/wp-json\/wp\/v2\/media?parent=989"}],"wp:term":[{"taxonomy":"application","embeddable":true,"href":"https:\/\/www.yongyukitchenware.com\/de\/wp-json\/wp\/v2\/application?post=989"},{"taxonomy":"product_brand","embeddable":true,"href":"https:\/\/www.yongyukitchenware.com\/de\/wp-json\/wp\/v2\/product_brand?post=989"},{"taxonomy":"product_cat","embeddable":true,"href":"https:\/\/www.yongyukitchenware.com\/de\/wp-json\/wp\/v2\/product_cat?post=989"},{"taxonomy":"product_tag","embeddable":true,"href":"https:\/\/www.yongyukitchenware.com\/de\/wp-json\/wp\/v2\/product_tag?post=989"}],"curies":[{"name":"wp","href":"https:\/\/api.w.org\/{rel}","templated":true}]}}