{"id":1000,"date":"2024-09-29T17:41:36","date_gmt":"2024-09-29T17:41:36","guid":{"rendered":"https:\/\/www.yongyukitchenware.com\/?post_type=product&#038;p=1000"},"modified":"2025-06-26T03:05:37","modified_gmt":"2025-06-26T03:05:37","slug":"vacuum-jug-wholesale","status":"publish","type":"product","link":"https:\/\/www.yongyukitchenware.com\/es\/producto\/vacuum-jug-wholesale\/","title":{"rendered":"Mayorista Jarra de Vac\u00edo Hervidor de Caf\u00e9 de Acero Inoxidable de 1,5 L y 2,0 L"},"content":{"rendered":"<div class=\"wp-block-columns is-layout-flex wp-container-core-columns-is-layout-9d6595d7 wp-block-columns-is-layout-flex\">\n<div class=\"wp-block-column is-layout-flow wp-block-column-is-layout-flow\">\n<h2 class=\"wp-block-heading\">Jarra de vac\u00edo Caracter\u00edsticas:<\/h2>\n\n\n\n<p><strong>Acero inoxidable de alta calidad:<\/strong> El acero inoxidable est\u00e1 disponible 201\/304, material grueso, garantiza la calidad<br><strong>Puede mantener el calor durante 24 horas: <\/strong>Dise\u00f1o de conservaci\u00f3n del calor al vac\u00edo, prolonga eficazmente el tiempo de conservaci\u00f3n, hasta 24 horas.<br><strong>Mango c\u00f3modo:<\/strong> Nuestro termo de agua caliente al por mayor tiene un mango curvado, c\u00f3modo de sostener, ahorra esfuerzo y no es voluminoso<br><strong>Dise\u00f1o de cubierta antipolvo:<\/strong> La tapa de nuestro termo de agua caliente al por mayor est\u00e1 sellada y es a prueba de polvo, por lo que no es f\u00e1cil que se derrame. Presione para abrir, f\u00e1cil de manejar<br><strong>Vierta el agua suavemente:<\/strong> Ca\u00f1o en forma de \u00e1guila, vierte el agua suavemente, gran calibre f\u00e1cil de limpiar<br>Fondo antideslizante: La parte inferior de nuestro termo de agua caliente al por mayor es c\u00f3ncava y antideslizante, con una colocaci\u00f3n suave, duradera<\/p>\n\n\n\n<div class=\"wp-block-group is-vertical is-layout-flex wp-container-core-group-is-layout-8cf370e7 wp-block-group-is-layout-flex\">\n<h2 class=\"wp-block-heading\">Tama\u00f1o de la jarra de vac\u00edo:<\/h2>\n\n\n\n<figure class=\"wp-block-table\"><table class=\"has-fixed-layout\"><tbody><tr><td>Modelo<\/td><td>Talla<\/td><td>Di\u00e1metro * Altura (cm)<\/td><td>MOQ<\/td><\/tr><tr><td rowspan=\"2\">DY005-SH<\/td><td>1.5L<\/td><td>13.5*24cm<\/td><td rowspan=\"2\">24PCS<\/td><\/tr><tr><td>2.0L<\/td><td>13*30cm<\/td><\/tr><\/tbody><\/table><\/figure>\n<\/div>\n<\/div>\n\n\n\n<div class=\"wp-block-column is-layout-flow wp-block-column-is-layout-flow\">\n<div class=\"wp-block-columns is-layout-flex wp-container-core-columns-is-layout-9d6595d7 wp-block-columns-is-layout-flex\">\n<div class=\"wp-block-column is-layout-flow wp-block-column-is-layout-flow\">\n<figure class=\"wp-block-image size-full\"><img decoding=\"async\" width=\"800\" height=\"800\" src=\"https:\/\/www.yongyukitchenware.com\/wp-content\/uploads\/2024\/09\/Wholesale-Hot-Water-Thermos-Flask-3.webp\" alt=\"Mayorista Termo de Agua Caliente 3\" class=\"wp-image-1027\" srcset=\"https:\/\/www.yongyukitchenware.com\/wp-content\/uploads\/2024\/09\/Wholesale-Hot-Water-Thermos-Flask-3.webp 800w, https:\/\/www.yongyukitchenware.com\/wp-content\/uploads\/2024\/09\/Wholesale-Hot-Water-Thermos-Flask-3-300x300.webp 300w, https:\/\/www.yongyukitchenware.com\/wp-content\/uploads\/2024\/09\/Wholesale-Hot-Water-Thermos-Flask-3-150x150.webp 150w, https:\/\/www.yongyukitchenware.com\/wp-content\/uploads\/2024\/09\/Wholesale-Hot-Water-Thermos-Flask-3-768x768.webp 768w, https:\/\/www.yongyukitchenware.com\/wp-content\/uploads\/2024\/09\/Wholesale-Hot-Water-Thermos-Flask-3-600x600.webp 600w, https:\/\/www.yongyukitchenware.com\/wp-content\/uploads\/2024\/09\/Wholesale-Hot-Water-Thermos-Flask-3-100x100.webp 100w\" sizes=\"(max-width: 800px) 100vw, 800px\" \/><\/figure>\n<\/div>\n<\/div>\n\n\n\n<div class=\"wp-block-columns is-layout-flex wp-container-core-columns-is-layout-9d6595d7 wp-block-columns-is-layout-flex\">\n<div class=\"wp-block-column is-layout-flow wp-block-column-is-layout-flow\"><\/div>\n\n\n\n<div class=\"wp-block-column is-layout-flow wp-block-column-is-layout-flow\"><\/div>\n<\/div>\n<\/div>\n<\/div>\n\n\n\n<p><\/p>","protected":false},"excerpt":{"rendered":"<p>Nuestra Jarra de Vac\u00edo al por mayor est\u00e1 disponible en capacidades de 1,5L y 2,0L y cuenta con tecnolog\u00eda de aislamiento al vac\u00edo de acero inoxidable para mantener sus bebidas a la temperatura ideal durante mucho tiempo. Su dise\u00f1o ergon\u00f3mico hace que sea c\u00f3moda y pr\u00e1ctica de usar, por lo que es adecuada para el hogar, la oficina y los servicios de catering, y puede disfrutar de descuentos al comprar al por mayor.<\/p>\n<h2 style=\"text-align: left\">Par\u00e1metro de la jarra de vac\u00edo:<\/h2>\n<p style=\"text-align: left\"><strong>Material:<\/strong> Acero inoxidable<br \/><strong>Color:<\/strong>\u00a0 plata, oro, rojo, amarillo, o seg\u00fan los requisitos del cliente<br \/><strong>Diferentes tama\u00f1os disponibles:<\/strong> 1.5 L&amp; 2.0L<br \/><strong>Embalaje: <\/strong>Bolsa Opp y caja de cart\u00f3n<br \/><strong>OEM\/ODM:<\/strong> Disponible<\/p>\n<h2 class=\"wp-block-heading\">De Yongyu Drinkware Fabricante :<\/h2>\n<p>El fabricante de suministros de catering Yongyu cuenta con una amplia gama de series de bebidas al por mayor y personalizadas, centr\u00e1ndose en la durabilidad del producto, el rendimiento del aislamiento t\u00e9rmico y proporcionando soluciones de aprovisionamiento econ\u00f3micas y de alta calidad para clientes de todo el mundo.<\/p>","protected":false},"featured_media":1025,"comment_status":"closed","ping_status":"closed","template":"","meta":{"_acf_changed":false},"application":[30],"product_brand":[],"product_cat":[20,54,49],"product_tag":[],"class_list":{"0":"post-1000","1":"product","2":"type-product","3":"status-publish","4":"has-post-thumbnail","6":"application-hotel-catering","7":"product_cat-wholesale-drinkware","8":"product_cat-stainless-steel-coffee-pot-wholesale","9":"product_cat-stainless-steel-kettle-wholesale","11":"first","12":"instock","13":"shipping-taxable","14":"product-type-simple"},"acf":[],"_links":{"self":[{"href":"https:\/\/www.yongyukitchenware.com\/es\/wp-json\/wp\/v2\/product\/1000","targetHints":{"allow":["GET"]}}],"collection":[{"href":"https:\/\/www.yongyukitchenware.com\/es\/wp-json\/wp\/v2\/product"}],"about":[{"href":"https:\/\/www.yongyukitchenware.com\/es\/wp-json\/wp\/v2\/types\/product"}],"replies":[{"embeddable":true,"href":"https:\/\/www.yongyukitchenware.com\/es\/wp-json\/wp\/v2\/comments?post=1000"}],"wp:featuredmedia":[{"embeddable":true,"href":"https:\/\/www.yongyukitchenware.com\/es\/wp-json\/wp\/v2\/media\/1025"}],"wp:attachment":[{"href":"https:\/\/www.yongyukitchenware.com\/es\/wp-json\/wp\/v2\/media?parent=1000"}],"wp:term":[{"taxonomy":"application","embeddable":true,"href":"https:\/\/www.yongyukitchenware.com\/es\/wp-json\/wp\/v2\/application?post=1000"},{"taxonomy":"product_brand","embeddable":true,"href":"https:\/\/www.yongyukitchenware.com\/es\/wp-json\/wp\/v2\/product_brand?post=1000"},{"taxonomy":"product_cat","embeddable":true,"href":"https:\/\/www.yongyukitchenware.com\/es\/wp-json\/wp\/v2\/product_cat?post=1000"},{"taxonomy":"product_tag","embeddable":true,"href":"https:\/\/www.yongyukitchenware.com\/es\/wp-json\/wp\/v2\/product_tag?post=1000"}],"curies":[{"name":"wp","href":"https:\/\/api.w.org\/{rel}","templated":true}]}}