{"id":1042,"date":"2024-09-28T16:49:56","date_gmt":"2024-09-28T16:49:56","guid":{"rendered":"https:\/\/www.yongyukitchenware.com\/?post_type=product&#038;p=1042"},"modified":"2025-06-26T02:51:17","modified_gmt":"2025-06-26T02:51:17","slug":"insulated-jug-wholesale","status":"publish","type":"product","link":"https:\/\/www.yongyukitchenware.com\/es\/producto\/insulated-jug-wholesale\/","title":{"rendered":"Mayorista Jarra Aislada de Acero Inoxidable 1.2 L &amp; 1.5 L Colorido Hervidor de Caf\u00e9"},"content":{"rendered":"<div class=\"wp-block-columns is-layout-flex wp-container-core-columns-is-layout-9d6595d7 wp-block-columns-is-layout-flex\">\n<div class=\"wp-block-column is-layout-flow wp-block-column-is-layout-flow\">\n<h2 class=\"wp-block-heading\">Jarra aislada Caracter\u00edsticas:<\/h2>\n\n\n\n<p><strong>M\u00faltiples opciones de capacidad:<\/strong> Los modelos de 1,2L y 1,5L est\u00e1n disponibles para satisfacer las necesidades de diferentes ocasiones y satisfacer el uso en el hogar, la oficina o los servicios de catering.<br><strong>Material de acero inoxidable de alta calidad: <\/strong>Fabricado en acero inoxidable de alta calidad apto para uso alimentario, duradero y a prueba de \u00f3xido, que garantiza la seguridad y la higiene.<br><strong>Dise\u00f1o de aspecto colorido:<\/strong> Existe una gran variedad de colores brillantes, y su aspecto es moderno y adecuado para diversos entornos.<br><strong>Aislamiento eficaz:<\/strong> El dise\u00f1o de aislamiento al vac\u00edo garantiza que el agua caliente o las bebidas permanezcan calientes durante mucho tiempo, apto para el uso diario.<br><strong>Mango ergon\u00f3mico: <\/strong>El dise\u00f1o del mango es ergon\u00f3mico, c\u00f3modo de sujetar, antideslizante y seguro, y m\u00e1s f\u00e1cil de verter.<br><strong>Descuento al por mayor:<\/strong> Disfrute de descuentos en los precios al comprar al por mayor, id\u00f3neos para compras a gran escala, como catering y hoteles.<\/p>\n\n\n\n<div class=\"wp-block-group is-vertical is-layout-flex wp-container-core-group-is-layout-8cf370e7 wp-block-group-is-layout-flex\">\n<h2 class=\"wp-block-heading\">Jarra aislada Tama\u00f1o:<\/h2>\n\n\n\n<figure class=\"wp-block-table\"><table class=\"has-fixed-layout\"><tbody><tr><td>Modelo<\/td><td>Talla<\/td><td>Di\u00e1metro* Altura (cm)<\/td><td>MOQ<\/td><\/tr><tr><td rowspan=\"2\">DY005-SH<\/td><td>1.2L<\/td><td>14,3*26,5 cm<\/td><td rowspan=\"2\">24PCS<\/td><\/tr><tr><td>1.5L<\/td><td>14,3*31,5 cm<\/td><\/tr><\/tbody><\/table><\/figure>\n<\/div>\n<\/div>\n\n\n\n<div class=\"wp-block-column is-layout-flow wp-block-column-is-layout-flow\">\n<div class=\"wp-block-columns is-layout-flex wp-container-core-columns-is-layout-9d6595d7 wp-block-columns-is-layout-flex\">\n<div class=\"wp-block-column is-layout-flow wp-block-column-is-layout-flow\">\n<figure class=\"wp-block-image size-full\"><img decoding=\"async\" width=\"800\" height=\"800\" src=\"https:\/\/www.yongyukitchenware.com\/wp-content\/uploads\/2024\/09\/Insulated-Kettle-Wholesale-1.webp\" alt=\"Hervidor aislado al por mayor 1\" class=\"wp-image-1043\" srcset=\"https:\/\/www.yongyukitchenware.com\/wp-content\/uploads\/2024\/09\/Insulated-Kettle-Wholesale-1.webp 800w, https:\/\/www.yongyukitchenware.com\/wp-content\/uploads\/2024\/09\/Insulated-Kettle-Wholesale-1-300x300.webp 300w, https:\/\/www.yongyukitchenware.com\/wp-content\/uploads\/2024\/09\/Insulated-Kettle-Wholesale-1-150x150.webp 150w, https:\/\/www.yongyukitchenware.com\/wp-content\/uploads\/2024\/09\/Insulated-Kettle-Wholesale-1-768x768.webp 768w, https:\/\/www.yongyukitchenware.com\/wp-content\/uploads\/2024\/09\/Insulated-Kettle-Wholesale-1-600x600.webp 600w, https:\/\/www.yongyukitchenware.com\/wp-content\/uploads\/2024\/09\/Insulated-Kettle-Wholesale-1-100x100.webp 100w\" sizes=\"(max-width: 800px) 100vw, 800px\" \/><\/figure>\n<\/div>\n<\/div>\n\n\n\n<div class=\"wp-block-columns is-layout-flex wp-container-core-columns-is-layout-9d6595d7 wp-block-columns-is-layout-flex\">\n<div class=\"wp-block-column is-layout-flow wp-block-column-is-layout-flow\"><\/div>\n\n\n\n<div class=\"wp-block-column is-layout-flow wp-block-column-is-layout-flow\"><\/div>\n<\/div>\n<\/div>\n<\/div>\n\n\n\n<p><\/p>","protected":false},"excerpt":{"rendered":"<p>Hervidor termo al por mayor con precio de f\u00e1brica, dise\u00f1o de aislamiento al vac\u00edo, m\u00faltiples opciones de color, asa ergon\u00f3mica, f\u00e1cil de usar, apto para agua y caf\u00e9. Cooperar con nosotros y disfrutar de descuentos en pedidos a granel.<\/p>\n<h2 style=\"text-align: left\">Par\u00e1metro de jarra aislada:\u00a0<\/h2>\n<p style=\"text-align: left\"><strong>Material:<\/strong> Acero inoxidable<br \/><strong>Color:<\/strong>\u00a0 Plata, oro, rojo, amarillo o personalizado<br \/><strong>Diferentes tama\u00f1os:<\/strong> 1.2 L&amp; 1.5L<br \/><strong>Embalaje: <\/strong>Caja de color, caja principal<br \/><strong>OEM\/ODM:<\/strong> Disponible<\/p>\n<h2 class=\"wp-block-heading\">De Yongyu Drinkware Fabricante :<\/h2>\n<p>El fabricante de suministros de catering Yongyu cuenta con una amplia gama de series de bebidas al por mayor y personalizadas, centr\u00e1ndose en la durabilidad del producto, el rendimiento del aislamiento t\u00e9rmico y proporcionando soluciones de aprovisionamiento econ\u00f3micas y de alta calidad para clientes de todo el mundo.<\/p>","protected":false},"featured_media":1049,"comment_status":"closed","ping_status":"closed","template":"","meta":{"_acf_changed":true},"application":[30],"product_brand":[],"product_cat":[20,54,49],"product_tag":[],"class_list":{"0":"post-1042","1":"product","2":"type-product","3":"status-publish","4":"has-post-thumbnail","6":"application-hotel-catering","7":"product_cat-wholesale-drinkware","8":"product_cat-stainless-steel-coffee-pot-wholesale","9":"product_cat-stainless-steel-kettle-wholesale","11":"first","12":"instock","13":"shipping-taxable","14":"product-type-simple"},"acf":[],"_links":{"self":[{"href":"https:\/\/www.yongyukitchenware.com\/es\/wp-json\/wp\/v2\/product\/1042","targetHints":{"allow":["GET"]}}],"collection":[{"href":"https:\/\/www.yongyukitchenware.com\/es\/wp-json\/wp\/v2\/product"}],"about":[{"href":"https:\/\/www.yongyukitchenware.com\/es\/wp-json\/wp\/v2\/types\/product"}],"replies":[{"embeddable":true,"href":"https:\/\/www.yongyukitchenware.com\/es\/wp-json\/wp\/v2\/comments?post=1042"}],"wp:featuredmedia":[{"embeddable":true,"href":"https:\/\/www.yongyukitchenware.com\/es\/wp-json\/wp\/v2\/media\/1049"}],"wp:attachment":[{"href":"https:\/\/www.yongyukitchenware.com\/es\/wp-json\/wp\/v2\/media?parent=1042"}],"wp:term":[{"taxonomy":"application","embeddable":true,"href":"https:\/\/www.yongyukitchenware.com\/es\/wp-json\/wp\/v2\/application?post=1042"},{"taxonomy":"product_brand","embeddable":true,"href":"https:\/\/www.yongyukitchenware.com\/es\/wp-json\/wp\/v2\/product_brand?post=1042"},{"taxonomy":"product_cat","embeddable":true,"href":"https:\/\/www.yongyukitchenware.com\/es\/wp-json\/wp\/v2\/product_cat?post=1042"},{"taxonomy":"product_tag","embeddable":true,"href":"https:\/\/www.yongyukitchenware.com\/es\/wp-json\/wp\/v2\/product_tag?post=1042"}],"curies":[{"name":"wp","href":"https:\/\/api.w.org\/{rel}","templated":true}]}}