{"id":1116,"date":"2024-09-29T09:12:40","date_gmt":"2024-09-29T09:12:40","guid":{"rendered":"https:\/\/www.yongyukitchenware.com\/?post_type=product&#038;p=1116"},"modified":"2025-06-26T03:00:12","modified_gmt":"2025-06-26T03:00:12","slug":"buffet-chafing-set-wholesale","status":"publish","type":"product","link":"https:\/\/www.yongyukitchenware.com\/es\/producto\/buffet-chafing-set-wholesale\/","title":{"rendered":"Venta al Mayor Buffet Chafing Set con Tapa para Catering"},"content":{"rendered":"<div class=\"wp-block-columns is-layout-flex wp-container-core-columns-is-layout-9d6595d7 wp-block-columns-is-layout-flex\">\n<div class=\"wp-block-column is-layout-flow wp-block-column-is-layout-flow\">\n<h2 class=\"wp-block-heading\">Buffet Chafing Set Par\u00e1metro:<\/h2>\n\n\n\n<figure class=\"wp-block-table\"><table class=\"has-fixed-layout\"><tbody><tr><td>Modelo<\/td><td>Tapa<\/td><td>Di\u00e1metro* Altura (cm)<\/td><td>Capacidad (l)<\/td><td>Peso (kg)<\/td><td>MOQ<\/td><\/tr><tr><td rowspan=\"2\">DY005-CL<\/td><td rowspan=\"2\">Tapa PC<\/td><td>57*37*32<\/td><td rowspan=\"2\">9<\/td><td>7.9<\/td><td rowspan=\"2\">2 PIEZAS<\/td><\/tr><tr><td>57*37*39<\/td><td>8.2<\/td><\/tr><\/tbody><\/table><\/figure>\n<\/div>\n\n\n\n<div class=\"wp-block-column is-layout-flow wp-block-column-is-layout-flow\">\n<h2 class=\"wp-block-heading\">Buffet Chafing Set Caracter\u00edsticas:<\/h2>\n\n\n\n<p><strong>Acero inoxidable de alta calidad Material: <\/strong>Nuestro chafing set para buffet al por mayor est\u00e1 fabricado en acero inoxidable de alta calidad, es robusto y duradero, a prueba de \u00f3xido y resistente a la corrosi\u00f3n, lo que garantiza un uso a largo plazo.<\/p>\n\n\n\n<p><strong>Excelente rendimiento de aislamiento:<\/strong> Dise\u00f1ado para buffets, nuestro set de chafing para buffets al por mayor mantiene los alimentos a una temperatura constante durante mucho tiempo y es adecuado para grandes banquetes y eventos.<\/p>\n\n\n\n<p><strong>Dise\u00f1o de gran capacidad:<\/strong> Gran capacidad de almacenamiento, adecuado para servicios de catering, garantizando m\u00e1s alimentos a la vez.<\/p>\n\n\n\n<p><strong>F\u00e1cil de limpiar:<\/strong> El dise\u00f1o de superficie lisa es f\u00e1cil de limpiar, la cubierta de PC es resistente a las manchas, reduce la carga de trabajo de limpieza y es adecuada para el uso de alta frecuencia.<\/p>\n\n\n\n<p><strong>Dise\u00f1o de tapa abatible para PC f\u00e1cil de usar: <\/strong>La tapa abatible de PC de nuestro set de chafing para buffet al por mayor tiene una buena transparencia, lo que permite al camarero abrir la tapa f\u00e1cilmente, y es conveniente para los usuarios observar los alimentos o art\u00edculos y mantener la temperatura de los alimentos.<\/p>\n<\/div>\n<\/div>\n\n\n\n<div class=\"wp-block-columns is-layout-flex wp-container-core-columns-is-layout-9d6595d7 wp-block-columns-is-layout-flex\">\n<div class=\"wp-block-column is-layout-flow wp-block-column-is-layout-flow\">\n<figure class=\"wp-block-image size-full\"><img decoding=\"async\" width=\"800\" height=\"800\" src=\"https:\/\/www.yongyukitchenware.com\/wp-content\/uploads\/2024\/09\/Wholesale-Buffet-Chafing-Set-with-A-PC-Lid-For-Catering.webp\" alt=\"Venta al Mayor Buffet Chafing Set con Tapa para Catering\" class=\"wp-image-2875\" srcset=\"https:\/\/www.yongyukitchenware.com\/wp-content\/uploads\/2024\/09\/Wholesale-Buffet-Chafing-Set-with-A-PC-Lid-For-Catering.webp 800w, https:\/\/www.yongyukitchenware.com\/wp-content\/uploads\/2024\/09\/Wholesale-Buffet-Chafing-Set-with-A-PC-Lid-For-Catering-300x300.webp 300w, https:\/\/www.yongyukitchenware.com\/wp-content\/uploads\/2024\/09\/Wholesale-Buffet-Chafing-Set-with-A-PC-Lid-For-Catering-150x150.webp 150w, https:\/\/www.yongyukitchenware.com\/wp-content\/uploads\/2024\/09\/Wholesale-Buffet-Chafing-Set-with-A-PC-Lid-For-Catering-768x768.webp 768w, https:\/\/www.yongyukitchenware.com\/wp-content\/uploads\/2024\/09\/Wholesale-Buffet-Chafing-Set-with-A-PC-Lid-For-Catering-12x12.webp 12w, https:\/\/www.yongyukitchenware.com\/wp-content\/uploads\/2024\/09\/Wholesale-Buffet-Chafing-Set-with-A-PC-Lid-For-Catering-600x600.webp 600w, https:\/\/www.yongyukitchenware.com\/wp-content\/uploads\/2024\/09\/Wholesale-Buffet-Chafing-Set-with-A-PC-Lid-For-Catering-100x100.webp 100w\" sizes=\"(max-width: 800px) 100vw, 800px\" \/><\/figure>\n<\/div>\n\n\n\n<div class=\"wp-block-column is-layout-flow wp-block-column-is-layout-flow\">\n<figure class=\"wp-block-image size-full\"><img decoding=\"async\" width=\"800\" height=\"800\" src=\"https:\/\/www.yongyukitchenware.com\/wp-content\/uploads\/2024\/09\/Wholesale-Buffet-Chafing-Set-with-A-PC-Lid-For-Catering-2.webp\" alt=\"Mayorista Buffet Chafing Set con Tapa para Catering (2)\" class=\"wp-image-2874\" srcset=\"https:\/\/www.yongyukitchenware.com\/wp-content\/uploads\/2024\/09\/Wholesale-Buffet-Chafing-Set-with-A-PC-Lid-For-Catering-2.webp 800w, https:\/\/www.yongyukitchenware.com\/wp-content\/uploads\/2024\/09\/Wholesale-Buffet-Chafing-Set-with-A-PC-Lid-For-Catering-2-300x300.webp 300w, https:\/\/www.yongyukitchenware.com\/wp-content\/uploads\/2024\/09\/Wholesale-Buffet-Chafing-Set-with-A-PC-Lid-For-Catering-2-150x150.webp 150w, https:\/\/www.yongyukitchenware.com\/wp-content\/uploads\/2024\/09\/Wholesale-Buffet-Chafing-Set-with-A-PC-Lid-For-Catering-2-768x768.webp 768w, https:\/\/www.yongyukitchenware.com\/wp-content\/uploads\/2024\/09\/Wholesale-Buffet-Chafing-Set-with-A-PC-Lid-For-Catering-2-12x12.webp 12w, https:\/\/www.yongyukitchenware.com\/wp-content\/uploads\/2024\/09\/Wholesale-Buffet-Chafing-Set-with-A-PC-Lid-For-Catering-2-600x600.webp 600w, https:\/\/www.yongyukitchenware.com\/wp-content\/uploads\/2024\/09\/Wholesale-Buffet-Chafing-Set-with-A-PC-Lid-For-Catering-2-100x100.webp 100w\" sizes=\"(max-width: 800px) 100vw, 800px\" \/><\/figure>\n<\/div>\n<\/div>","protected":false},"excerpt":{"rendered":"<p>Nuestro set de chafing para buffet al por mayor est\u00e1 equipado con una tapa de PC, que es conveniente para observar y mantener la temperatura de los alimentos. Fabricado en acero inoxidable de alta calidad, es resistente y duradero, adecuado para grandes banquetes, bodas y otras actividades de catering, y las compras al por mayor disfrutan de descuentos.<\/p>\n<h2><!-- wp:heading --><\/h2>\n<h2 class=\"wp-block-heading\">Buffet Chafing Set Atributos :<\/h2>\n<h2><!-- \/wp:heading --><\/p>\n<p><!-- wp:paragraph --><\/h2>\n<p><strong>Material: <\/strong>Acero inoxidable<br \/><strong>Color: <\/strong>Plata, Oro, Color personalizado<br \/><strong>Forma: <\/strong>Rect\u00e1ngulo<br \/><strong>Calor: <\/strong>Alcohol y calefacci\u00f3n el\u00e9ctrica<br \/><strong>Chafer Pan: <\/strong>Rejilla individual\/doble\/triple<br \/><strong>Embalaje: <\/strong>Caja de color, Caja principal<br \/><strong>OEM\/ODM: <\/strong>Disponible<\/p>\n<h2 class=\"wp-block-heading\">De Yongyu Chafing Dish Fabricante :<\/h2>\n<p>\u00a1Ya se trate de un proveedor de servicios de catering, hotel y restaurante, o empresa de planificaci\u00f3n de eventos, proporcionamos soluciones completas de suministros de catering al por mayor personalizados para ayudar a su negocio con precios de f\u00e1brica de alta calidad!<\/p>\n<h2><!-- \/wp:paragraph --><\/h2>","protected":false},"featured_media":2874,"comment_status":"closed","ping_status":"closed","template":"","meta":{"_acf_changed":false},"application":[30],"product_brand":[],"product_cat":[33],"product_tag":[],"class_list":{"0":"post-1116","1":"product","2":"type-product","3":"status-publish","4":"has-post-thumbnail","6":"application-hotel-catering","7":"product_cat-chafing-dishes-wholesale","9":"first","10":"instock","11":"shipping-taxable","12":"product-type-simple"},"acf":[],"_links":{"self":[{"href":"https:\/\/www.yongyukitchenware.com\/es\/wp-json\/wp\/v2\/product\/1116","targetHints":{"allow":["GET"]}}],"collection":[{"href":"https:\/\/www.yongyukitchenware.com\/es\/wp-json\/wp\/v2\/product"}],"about":[{"href":"https:\/\/www.yongyukitchenware.com\/es\/wp-json\/wp\/v2\/types\/product"}],"replies":[{"embeddable":true,"href":"https:\/\/www.yongyukitchenware.com\/es\/wp-json\/wp\/v2\/comments?post=1116"}],"wp:featuredmedia":[{"embeddable":true,"href":"https:\/\/www.yongyukitchenware.com\/es\/wp-json\/wp\/v2\/media\/2874"}],"wp:attachment":[{"href":"https:\/\/www.yongyukitchenware.com\/es\/wp-json\/wp\/v2\/media?parent=1116"}],"wp:term":[{"taxonomy":"application","embeddable":true,"href":"https:\/\/www.yongyukitchenware.com\/es\/wp-json\/wp\/v2\/application?post=1116"},{"taxonomy":"product_brand","embeddable":true,"href":"https:\/\/www.yongyukitchenware.com\/es\/wp-json\/wp\/v2\/product_brand?post=1116"},{"taxonomy":"product_cat","embeddable":true,"href":"https:\/\/www.yongyukitchenware.com\/es\/wp-json\/wp\/v2\/product_cat?post=1116"},{"taxonomy":"product_tag","embeddable":true,"href":"https:\/\/www.yongyukitchenware.com\/es\/wp-json\/wp\/v2\/product_tag?post=1116"}],"curies":[{"name":"wp","href":"https:\/\/api.w.org\/{rel}","templated":true}]}}