{"id":1121,"date":"2024-09-28T19:53:26","date_gmt":"2024-09-28T19:53:26","guid":{"rendered":"https:\/\/www.yongyukitchenware.com\/?post_type=product&#038;p=1121"},"modified":"2025-07-10T10:17:56","modified_gmt":"2025-07-10T10:17:56","slug":"cocktail-shaker-custom","status":"publish","type":"product","link":"https:\/\/www.yongyukitchenware.com\/es\/producto\/cocktail-shaker-custom\/","title":{"rendered":"Mayorista Coctelera Acero Inoxidable con Tapa"},"content":{"rendered":"<div class=\"wp-block-columns is-layout-flex wp-container-core-columns-is-layout-9d6595d7 wp-block-columns-is-layout-flex\">\n<div class=\"wp-block-column is-layout-flow wp-block-column-is-layout-flow\">\n<h2 class=\"wp-block-heading\">Coctelera Caracter\u00edsticas:<\/h2>\n\n\n\n<p><strong>Acero inoxidable de alta calidad: <\/strong>material de acero inoxidable de calidad alimentaria, para garantizar que la mezcladora sea duradera, no se da\u00f1e f\u00e1cilmente y tenga una larga vida \u00fatil<br><strong>Varias tallas disponibles:<\/strong> 250ml, 350ml, 550ml, 750ml, para satisfacer las diferentes escenas y necesidades del hogar y el bar<br><strong>Multifuncionalidad:<\/strong> un juego de mezcladores puede completar una gran variedad de c\u00f3cteles que ahorran espacio y son f\u00e1ciles de transportar.<br><strong>Dise\u00f1o segmentado: <\/strong>cuerpo de la botella + tap\u00f3n con filtro + tap\u00f3n, extra\u00edble, dise\u00f1ado para camareros, ergon\u00f3mico, c\u00f3modo de sujetar, f\u00e1cil de manejar.<br><strong>Personalizaci\u00f3n:<\/strong> Las cocteleras personalizadas pueden satisfacer las necesidades del cliente, como grabado, patrones de impresi\u00f3n, etc.<\/p>\n<\/div>\n\n\n\n<div class=\"wp-block-column is-layout-flow wp-block-column-is-layout-flow\">\n<div class=\"wp-block-columns is-layout-flex wp-container-core-columns-is-layout-9d6595d7 wp-block-columns-is-layout-flex\">\n<div class=\"wp-block-column is-layout-flow wp-block-column-is-layout-flow\">\n<figure class=\"wp-block-image size-full\"><img decoding=\"async\" width=\"800\" height=\"800\" src=\"https:\/\/www.yongyukitchenware.com\/wp-content\/uploads\/2024\/09\/Custom-Cocktail-Shaker-3.webp\" alt=\"Coctelera personalizada (3)\" class=\"wp-image-1132\" srcset=\"https:\/\/www.yongyukitchenware.com\/wp-content\/uploads\/2024\/09\/Custom-Cocktail-Shaker-3.webp 800w, https:\/\/www.yongyukitchenware.com\/wp-content\/uploads\/2024\/09\/Custom-Cocktail-Shaker-3-300x300.webp 300w, https:\/\/www.yongyukitchenware.com\/wp-content\/uploads\/2024\/09\/Custom-Cocktail-Shaker-3-150x150.webp 150w, https:\/\/www.yongyukitchenware.com\/wp-content\/uploads\/2024\/09\/Custom-Cocktail-Shaker-3-768x768.webp 768w, https:\/\/www.yongyukitchenware.com\/wp-content\/uploads\/2024\/09\/Custom-Cocktail-Shaker-3-600x600.webp 600w, https:\/\/www.yongyukitchenware.com\/wp-content\/uploads\/2024\/09\/Custom-Cocktail-Shaker-3-100x100.webp 100w\" sizes=\"(max-width: 800px) 100vw, 800px\" \/><\/figure>\n<\/div>\n\n\n\n<div class=\"wp-block-column is-layout-flow wp-block-column-is-layout-flow\">\n<figure class=\"wp-block-image size-full\"><img decoding=\"async\" width=\"1001\" height=\"1001\" src=\"https:\/\/www.yongyukitchenware.com\/wp-content\/uploads\/2024\/09\/Custom-Cocktail-Shaker-5.webp\" alt=\"Coctelera a medida (5)\" class=\"wp-image-1133\" srcset=\"https:\/\/www.yongyukitchenware.com\/wp-content\/uploads\/2024\/09\/Custom-Cocktail-Shaker-5.webp 1001w, https:\/\/www.yongyukitchenware.com\/wp-content\/uploads\/2024\/09\/Custom-Cocktail-Shaker-5-300x300.webp 300w, https:\/\/www.yongyukitchenware.com\/wp-content\/uploads\/2024\/09\/Custom-Cocktail-Shaker-5-150x150.webp 150w, https:\/\/www.yongyukitchenware.com\/wp-content\/uploads\/2024\/09\/Custom-Cocktail-Shaker-5-768x768.webp 768w, https:\/\/www.yongyukitchenware.com\/wp-content\/uploads\/2024\/09\/Custom-Cocktail-Shaker-5-600x600.webp 600w, https:\/\/www.yongyukitchenware.com\/wp-content\/uploads\/2024\/09\/Custom-Cocktail-Shaker-5-100x100.webp 100w\" sizes=\"(max-width: 1001px) 100vw, 1001px\" \/><\/figure>\n<\/div>\n<\/div>\n<\/div>\n<\/div>\n\n\n\n<p><\/p>","protected":false},"excerpt":{"rendered":"<p>Coctelera al por mayor y personalizada de acero inoxidable con tapa y diferentes tama\u00f1os, adecuada para bares. Venta directa de f\u00e1brica, soporte personalizado logotipo y embalaje, crear una marca influyente.<\/p>\n<h2>Coctelera Par\u00e1metro:<\/h2>\n<p><strong>Material:<\/strong> Acero inoxidable<br \/><strong>Componentes:<\/strong> cuerpo de la botella, tap\u00f3n de la botella con filtro, tap\u00f3n de la botella<br \/><strong>Diferentes tama\u00f1os:<\/strong> 250 ml, 350 ml, 550 ml, 750 ml<br \/><strong>Embalaje:<\/strong> Bolsas\/Granel\/Cartones o a medida<br \/><strong>OEM\/ODM:<\/strong> Disponible<\/p>\n<h2 class=\"wp-block-heading\">De Yongyu Catering Supplies Wholesaler:<\/h2>\n<p>Como el mejor fabricante de suministros de catering en China, nos especializamos en art\u00edculos de bar de alta calidad personalizados y al por mayor. Tenemos 25 a\u00f1os de experiencia profesional para asegurar que los clientes obtengan los productos m\u00e1s vanguardistas y servicios eficientes.<\/p>","protected":false},"featured_media":3451,"comment_status":"closed","ping_status":"closed","template":"","meta":{"_acf_changed":false},"application":[30],"product_brand":[],"product_cat":[16],"product_tag":[],"class_list":{"0":"post-1121","1":"product","2":"type-product","3":"status-publish","4":"has-post-thumbnail","6":"application-hotel-catering","7":"product_cat-barware-wholesale-custom","9":"first","10":"instock","11":"shipping-taxable","12":"product-type-simple"},"acf":[],"_links":{"self":[{"href":"https:\/\/www.yongyukitchenware.com\/es\/wp-json\/wp\/v2\/product\/1121","targetHints":{"allow":["GET"]}}],"collection":[{"href":"https:\/\/www.yongyukitchenware.com\/es\/wp-json\/wp\/v2\/product"}],"about":[{"href":"https:\/\/www.yongyukitchenware.com\/es\/wp-json\/wp\/v2\/types\/product"}],"replies":[{"embeddable":true,"href":"https:\/\/www.yongyukitchenware.com\/es\/wp-json\/wp\/v2\/comments?post=1121"}],"wp:featuredmedia":[{"embeddable":true,"href":"https:\/\/www.yongyukitchenware.com\/es\/wp-json\/wp\/v2\/media\/3451"}],"wp:attachment":[{"href":"https:\/\/www.yongyukitchenware.com\/es\/wp-json\/wp\/v2\/media?parent=1121"}],"wp:term":[{"taxonomy":"application","embeddable":true,"href":"https:\/\/www.yongyukitchenware.com\/es\/wp-json\/wp\/v2\/application?post=1121"},{"taxonomy":"product_brand","embeddable":true,"href":"https:\/\/www.yongyukitchenware.com\/es\/wp-json\/wp\/v2\/product_brand?post=1121"},{"taxonomy":"product_cat","embeddable":true,"href":"https:\/\/www.yongyukitchenware.com\/es\/wp-json\/wp\/v2\/product_cat?post=1121"},{"taxonomy":"product_tag","embeddable":true,"href":"https:\/\/www.yongyukitchenware.com\/es\/wp-json\/wp\/v2\/product_tag?post=1121"}],"curies":[{"name":"wp","href":"https:\/\/api.w.org\/{rel}","templated":true}]}}