{"id":1122,"date":"2024-09-28T18:04:05","date_gmt":"2024-09-28T18:04:05","guid":{"rendered":"https:\/\/www.yongyukitchenware.com\/?post_type=product&#038;p=1122"},"modified":"2025-06-26T02:52:56","modified_gmt":"2025-06-26T02:52:56","slug":"hot-container-for-food-wholesale","status":"publish","type":"product","link":"https:\/\/www.yongyukitchenware.com\/es\/producto\/hot-container-for-food-wholesale\/","title":{"rendered":"Mayorista Contenedor Caliente para Alimentos con Multicapas de Acero Inoxidable"},"content":{"rendered":"<div class=\"wp-block-columns is-layout-flex wp-container-core-columns-is-layout-9d6595d7 wp-block-columns-is-layout-flex\">\n<div class=\"wp-block-column is-layout-flow wp-block-column-is-layout-flow\">\n<h2 class=\"wp-block-heading\">Caracter\u00edsticas del contenedor caliente para alimentos:<\/h2>\n\n\n\n<p><strong>Material de acero inoxidable de alta calidad: <\/strong>Acero inoxidable 304 de calidad alimentaria, resistente a la corrosi\u00f3n y a la oxidaci\u00f3n<br><strong>La multiespecificaci\u00f3n es<\/strong> <strong>opcional:<\/strong> Se puede elegir entre los colores plata, negro, naranja, rojo y azul, y la capacidad es de 1,5L, 2,3L y 2,8L, para satisfacer diferentes necesidades.<br><strong>Proceso de aislamiento multicapa\uff1a<\/strong> Revestimiento al vac\u00edo de alta temperatura, sellado capa por capa, aislamiento a largo plazo.<br><strong>Vajilla plegable incorporada: <\/strong>Vajilla de acero inoxidable 304, plegable para no ocupar espacio.<br><strong>Bandolera desmontable:<\/strong> La correa para el hombro de nuestra fiambrera al por mayor puede ser desmontable y telesc\u00f3pica, lo que facilita su transporte.<\/p>\n\n\n\n<div class=\"wp-block-group is-vertical is-layout-flex wp-container-core-group-is-layout-8cf370e7 wp-block-group-is-layout-flex\">\n<h2 class=\"wp-block-heading\">Tama\u00f1o del recipiente caliente para alimentos:<\/h2>\n\n\n\n<figure class=\"wp-block-table\"><table class=\"has-fixed-layout\"><tbody><tr><td>Modelo<\/td><td>Capa<\/td><td>Talla<\/td><td>Di\u00e1metro* Altura (cm)<\/td><td>MOQ<\/td><\/tr><tr><td rowspan=\"3\">DY055-FH<\/td><td>2<\/td><td>1.5L<\/td><td>15*18cm<\/td><td rowspan=\"3\">16PCS<\/td><\/tr><tr><td>3<\/td><td>2.3L<\/td><td>15.5*25cm<\/td><\/tr><tr><td>4<\/td><td>2.8L<\/td><td>15.5*29cm<\/td><\/tr><\/tbody><\/table><\/figure>\n<\/div>\n<\/div>\n\n\n\n<div class=\"wp-block-column is-layout-flow wp-block-column-is-layout-flow\">\n<div class=\"wp-block-columns is-layout-flex wp-container-core-columns-is-layout-9d6595d7 wp-block-columns-is-layout-flex\">\n<div class=\"wp-block-column is-layout-flow wp-block-column-is-layout-flow\"><\/div>\n<\/div>\n\n\n\n<div class=\"wp-block-columns is-layout-flex wp-container-core-columns-is-layout-9d6595d7 wp-block-columns-is-layout-flex\">\n<div class=\"wp-block-column is-layout-flow wp-block-column-is-layout-flow\">\n<figure class=\"wp-block-image size-full is-resized\"><img decoding=\"async\" width=\"800\" height=\"800\" src=\"https:\/\/www.yongyukitchenware.com\/wp-content\/uploads\/2024\/09\/Wholesale-Lunch-Box-6.webp\" alt=\"Fiambrera al por mayor 6\" class=\"wp-image-1130\" style=\"width:461px;height:auto\" srcset=\"https:\/\/www.yongyukitchenware.com\/wp-content\/uploads\/2024\/09\/Wholesale-Lunch-Box-6.webp 800w, https:\/\/www.yongyukitchenware.com\/wp-content\/uploads\/2024\/09\/Wholesale-Lunch-Box-6-300x300.webp 300w, https:\/\/www.yongyukitchenware.com\/wp-content\/uploads\/2024\/09\/Wholesale-Lunch-Box-6-150x150.webp 150w, https:\/\/www.yongyukitchenware.com\/wp-content\/uploads\/2024\/09\/Wholesale-Lunch-Box-6-768x768.webp 768w, https:\/\/www.yongyukitchenware.com\/wp-content\/uploads\/2024\/09\/Wholesale-Lunch-Box-6-600x600.webp 600w, https:\/\/www.yongyukitchenware.com\/wp-content\/uploads\/2024\/09\/Wholesale-Lunch-Box-6-100x100.webp 100w\" sizes=\"(max-width: 800px) 100vw, 800px\" \/><\/figure>\n<\/div>\n<\/div>\n<\/div>\n<\/div>\n\n\n\n<p><\/p>","protected":false},"excerpt":{"rendered":"<p>Recipiente caliente de acero inoxidable personalizado para alimentos, dise\u00f1o de tapa a prueba de fugas de m\u00faltiples capas, aislamiento duradero al vac\u00edo, es la mejor soluci\u00f3n de lonchera aislada a granel. \u00a1P\u00f3ngase en contacto con Yongyu para obtener productos de precio de f\u00e1brica r\u00e1pidamente!<\/p>\n<h2 style=\"text-align: left\">Par\u00e1metros del contenedor caliente para alimentos :<\/h2>\n<p style=\"text-align: left\"><strong>Material:<\/strong> Acero inoxidable<br \/><strong>Color:<\/strong> Plata, negro, naranja, rojo y azul<br \/><strong>Diferentes tama\u00f1os:<\/strong> 1.5L, 2.3L y 2.8L<br \/><strong>Embalaje: <\/strong>Caja de color, caja principal o personalizada<br \/><strong>OEM\/ODM:<\/strong> Disponible<\/p>\n<h2 class=\"wp-block-heading\">Del fabricante de recipientes de almacenamiento de alimentos :<\/h2>\n<p>Fundada en 1996, Yongyu est\u00e1 especializada en la producci\u00f3n y venta al por mayor de recipientes de acero inoxidable para el almacenamiento de alimentos, utensilios de cocina, suministros de catering, menaje del hogar y utensilios de cocina para camping. Ofrece servicios integrales de OEM, ODM y comercio electr\u00f3nico a sus clientes.<\/p>","protected":false},"featured_media":1126,"comment_status":"closed","ping_status":"closed","template":"","meta":{"_acf_changed":false},"application":[31],"product_brand":[],"product_cat":[19],"product_tag":[43],"class_list":{"0":"post-1122","1":"product","2":"type-product","3":"status-publish","4":"has-post-thumbnail","6":"application-champ-kitchen","7":"product_cat-food-storage-container-bulk-custom","8":"product_tag-recommend","10":"first","11":"instock","12":"shipping-taxable","13":"product-type-simple"},"acf":[],"_links":{"self":[{"href":"https:\/\/www.yongyukitchenware.com\/es\/wp-json\/wp\/v2\/product\/1122","targetHints":{"allow":["GET"]}}],"collection":[{"href":"https:\/\/www.yongyukitchenware.com\/es\/wp-json\/wp\/v2\/product"}],"about":[{"href":"https:\/\/www.yongyukitchenware.com\/es\/wp-json\/wp\/v2\/types\/product"}],"replies":[{"embeddable":true,"href":"https:\/\/www.yongyukitchenware.com\/es\/wp-json\/wp\/v2\/comments?post=1122"}],"wp:featuredmedia":[{"embeddable":true,"href":"https:\/\/www.yongyukitchenware.com\/es\/wp-json\/wp\/v2\/media\/1126"}],"wp:attachment":[{"href":"https:\/\/www.yongyukitchenware.com\/es\/wp-json\/wp\/v2\/media?parent=1122"}],"wp:term":[{"taxonomy":"application","embeddable":true,"href":"https:\/\/www.yongyukitchenware.com\/es\/wp-json\/wp\/v2\/application?post=1122"},{"taxonomy":"product_brand","embeddable":true,"href":"https:\/\/www.yongyukitchenware.com\/es\/wp-json\/wp\/v2\/product_brand?post=1122"},{"taxonomy":"product_cat","embeddable":true,"href":"https:\/\/www.yongyukitchenware.com\/es\/wp-json\/wp\/v2\/product_cat?post=1122"},{"taxonomy":"product_tag","embeddable":true,"href":"https:\/\/www.yongyukitchenware.com\/es\/wp-json\/wp\/v2\/product_tag?post=1122"}],"curies":[{"name":"wp","href":"https:\/\/api.w.org\/{rel}","templated":true}]}}