{"id":1143,"date":"2024-09-28T19:34:46","date_gmt":"2024-09-28T19:34:46","guid":{"rendered":"https:\/\/www.yongyukitchenware.com\/?post_type=product&#038;p=1143"},"modified":"2025-07-10T10:18:26","modified_gmt":"2025-07-10T10:18:26","slug":"custom-ice-bucket","status":"publish","type":"product","link":"https:\/\/www.yongyukitchenware.com\/es\/producto\/custom-ice-bucket\/","title":{"rendered":"Cubitera a Granel de Acero Inoxidable para Enfriar Cerveza Varios Tama\u00f1os"},"content":{"rendered":"<div class=\"wp-block-columns is-layout-flex wp-container-core-columns-is-layout-9d6595d7 wp-block-columns-is-layout-flex\">\n<div class=\"wp-block-column is-layout-flow wp-block-column-is-layout-flow\">\n<h2 class=\"wp-block-heading\">Cubitera Caracter\u00edsticas:<\/h2>\n\n\n\n<p><strong>Acero inoxidable de alta calidad:<\/strong> Material de acero inoxidable de calidad alimentaria, resistente a la corrosi\u00f3n, sin olores, duradero.<br><strong>Dise\u00f1o de mango reforzado: <\/strong>Asa gruesa de acero inoxidable, refuerzo de remaches, estable y no se cae, f\u00e1cil de llevar.<br><strong>Dise\u00f1o de bordes enrollados: <\/strong>Bordes redondeados y lisos, f\u00e1ciles de manejar, evitan lesiones en las manos.<br><strong>Fondo plano engrosado:<\/strong> la parte inferior es m\u00e1s alta y gruesa, colocada firmemente, para evitar el deslizamiento.<br><strong>Proceso de pulido interno:<\/strong> brillante como un espejo, no es f\u00e1cil ocultar la suciedad, limpieza r\u00e1pida y sencilla.<br>Funci\u00f3n: El cubo de hielo personalizado se puede utilizar como cubo de bebidas, cubo de aperitivos multifuncional y stein de cerveza<\/p>\n\n\n\n<h2 class=\"wp-block-heading\">Tama\u00f1os de cubitera:<\/h2>\n\n\n\n<figure class=\"wp-block-table\"><table class=\"has-fixed-layout\"><tbody><tr><td>Modelo<\/td><td>Talla<\/td><td>Di\u00e1metro* Altura (cm)<\/td><td>MOQ<\/td><\/tr><tr><td rowspan=\"6\">DY014-T<\/td><td>0.8L<\/td><td>12 cm<\/td><td rowspan=\"6\">100 UNIDADES<\/td><\/tr><tr><td>1.0L<\/td><td>13 cm<\/td><\/tr><tr><td>1.5L<\/td><td>14 cm<\/td><\/tr><tr><td>2L<\/td><td>16 cm<\/td><\/tr><tr><td>3L<\/td><td>18 cm<\/td><\/tr><tr><td>4L<\/td><td>20 cm<\/td><\/tr><\/tbody><\/table><\/figure>\n<\/div>\n\n\n\n<div class=\"wp-block-column is-layout-flow wp-block-column-is-layout-flow\">\n<div class=\"wp-block-columns is-layout-flex wp-container-core-columns-is-layout-9d6595d7 wp-block-columns-is-layout-flex\">\n<div class=\"wp-block-column is-layout-flow wp-block-column-is-layout-flow\">\n<figure class=\"wp-block-image size-full\"><img decoding=\"async\" width=\"800\" height=\"800\" src=\"https:\/\/www.yongyukitchenware.com\/wp-content\/uploads\/2024\/09\/custom-ice-bucket-3.webp\" alt=\"cubo de hielo personalizado (3)\" class=\"wp-image-1155\" srcset=\"https:\/\/www.yongyukitchenware.com\/wp-content\/uploads\/2024\/09\/custom-ice-bucket-3.webp 800w, https:\/\/www.yongyukitchenware.com\/wp-content\/uploads\/2024\/09\/custom-ice-bucket-3-300x300.webp 300w, https:\/\/www.yongyukitchenware.com\/wp-content\/uploads\/2024\/09\/custom-ice-bucket-3-150x150.webp 150w, https:\/\/www.yongyukitchenware.com\/wp-content\/uploads\/2024\/09\/custom-ice-bucket-3-768x768.webp 768w, https:\/\/www.yongyukitchenware.com\/wp-content\/uploads\/2024\/09\/custom-ice-bucket-3-600x600.webp 600w, https:\/\/www.yongyukitchenware.com\/wp-content\/uploads\/2024\/09\/custom-ice-bucket-3-100x100.webp 100w\" sizes=\"(max-width: 800px) 100vw, 800px\" \/><\/figure>\n<\/div>\n<\/div>\n<\/div>\n<\/div>\n\n\n\n<p><\/p>","protected":false},"excerpt":{"rendered":"<p>Cubiteras de acero inoxidable personalizadas a granel en varios tama\u00f1os, duraderas y bonitas, adecuadas para congelar vino y bebidas. P\u00f3ngase en contacto con nosotros hoy mismo para obtener soluciones de suministros de catering de alta calidad a precio de f\u00e1brica.<\/p>\n<h2>Cubitera Par\u00e1metro:<\/h2>\n<p><strong>Material:<\/strong> Acero inoxidable<br \/><strong>Color:<\/strong> Plata y oro<br \/><strong>Diferentes tama\u00f1os:<\/strong> 0,8L~4L<br \/><strong>Embalaje:<\/strong>\u00a0 Caja de color, caja principal o personalizada<br \/><strong>OEM\/ODM:<\/strong> Disponible<\/p>\n<h2 class=\"wp-block-heading\">De Yongyu Catering Suministros Mayorista :<\/h2>\n<p>Como el mejor fabricante de suministros de catering en China, nos especializamos en art\u00edculos de bar de alta calidad personalizados y al por mayor. Tenemos 25 a\u00f1os de experiencia profesional para asegurar que los clientes obtengan los productos m\u00e1s vanguardistas y servicios eficientes.<\/p>","protected":false},"featured_media":1152,"comment_status":"closed","ping_status":"closed","template":"","meta":{"_acf_changed":false},"application":[30],"product_brand":[],"product_cat":[16],"product_tag":[],"class_list":{"0":"post-1143","1":"product","2":"type-product","3":"status-publish","4":"has-post-thumbnail","6":"application-hotel-catering","7":"product_cat-barware-wholesale-custom","9":"first","10":"instock","11":"shipping-taxable","12":"product-type-simple"},"acf":[],"_links":{"self":[{"href":"https:\/\/www.yongyukitchenware.com\/es\/wp-json\/wp\/v2\/product\/1143","targetHints":{"allow":["GET"]}}],"collection":[{"href":"https:\/\/www.yongyukitchenware.com\/es\/wp-json\/wp\/v2\/product"}],"about":[{"href":"https:\/\/www.yongyukitchenware.com\/es\/wp-json\/wp\/v2\/types\/product"}],"replies":[{"embeddable":true,"href":"https:\/\/www.yongyukitchenware.com\/es\/wp-json\/wp\/v2\/comments?post=1143"}],"wp:featuredmedia":[{"embeddable":true,"href":"https:\/\/www.yongyukitchenware.com\/es\/wp-json\/wp\/v2\/media\/1152"}],"wp:attachment":[{"href":"https:\/\/www.yongyukitchenware.com\/es\/wp-json\/wp\/v2\/media?parent=1143"}],"wp:term":[{"taxonomy":"application","embeddable":true,"href":"https:\/\/www.yongyukitchenware.com\/es\/wp-json\/wp\/v2\/application?post=1143"},{"taxonomy":"product_brand","embeddable":true,"href":"https:\/\/www.yongyukitchenware.com\/es\/wp-json\/wp\/v2\/product_brand?post=1143"},{"taxonomy":"product_cat","embeddable":true,"href":"https:\/\/www.yongyukitchenware.com\/es\/wp-json\/wp\/v2\/product_cat?post=1143"},{"taxonomy":"product_tag","embeddable":true,"href":"https:\/\/www.yongyukitchenware.com\/es\/wp-json\/wp\/v2\/product_tag?post=1143"}],"curies":[{"name":"wp","href":"https:\/\/api.w.org\/{rel}","templated":true}]}}