{"id":1165,"date":"2024-09-29T16:40:25","date_gmt":"2024-09-29T16:40:25","guid":{"rendered":"https:\/\/www.yongyukitchenware.com\/?post_type=product&#038;p=1165"},"modified":"2024-09-29T16:42:53","modified_gmt":"2024-09-29T16:42:53","slug":"camping-cups-wholesale","status":"publish","type":"product","link":"https:\/\/www.yongyukitchenware.com\/es\/producto\/camping-cups-wholesale\/","title":{"rendered":"Mayorista Tazas de Camping Tazas de Viaje Port\u00e1tiles de Acero Inoxidable"},"content":{"rendered":"<div class=\"wp-block-columns is-layout-flex wp-container-core-columns-is-layout-9d6595d7 wp-block-columns-is-layout-flex\">\n<div class=\"wp-block-column is-layout-flow wp-block-column-is-layout-flow\">\n<h2 class=\"wp-block-heading\">Tazas de camping Caracter\u00edsticas:<\/h2>\n\n\n\n<p><strong>Material de acero inoxidable de alta calidad:<\/strong> Acero inoxidable 304 de calidad alimentaria, resistente a la corrosi\u00f3n y a la oxidaci\u00f3n.<\/p>\n\n\n\n<p><strong>Hay tres estilos de asas disponibles:<\/strong> Asa en forma de D, asa plegable y sin asa.<\/p>\n\n\n\n<p><strong>Hay una gran variedad de especificaciones: <\/strong>el color es plata, negro, naranja y amarillo, portavasos tiene tres juegos, seis juegos.<\/p>\n\n\n\n<p><strong>Dise\u00f1o enrollable:<\/strong> El borde de la taza est\u00e1 enrollado, y suave no har\u00e1 da\u00f1o a la boca, seguro para beber.<\/p>\n\n\n\n<p><strong>F\u00e1cil de guardar:<\/strong> La copa se puede superponer el almacenamiento, no ocupa espacio.<\/p>\n<\/div>\n\n\n\n<div class=\"wp-block-column is-layout-flow wp-block-column-is-layout-flow\"><div class=\"wp-block-image\">\n<figure class=\"aligncenter size-full is-resized\"><img decoding=\"async\" width=\"800\" height=\"800\" src=\"https:\/\/www.yongyukitchenware.com\/wp-content\/uploads\/2024\/09\/Wholesale-Camping-Cups-3.webp\" alt=\"Tazas de camping al por mayor 3\" class=\"wp-image-1177\" style=\"width:406px;height:auto\" srcset=\"https:\/\/www.yongyukitchenware.com\/wp-content\/uploads\/2024\/09\/Wholesale-Camping-Cups-3.webp 800w, https:\/\/www.yongyukitchenware.com\/wp-content\/uploads\/2024\/09\/Wholesale-Camping-Cups-3-300x300.webp 300w, https:\/\/www.yongyukitchenware.com\/wp-content\/uploads\/2024\/09\/Wholesale-Camping-Cups-3-150x150.webp 150w, https:\/\/www.yongyukitchenware.com\/wp-content\/uploads\/2024\/09\/Wholesale-Camping-Cups-3-768x768.webp 768w, https:\/\/www.yongyukitchenware.com\/wp-content\/uploads\/2024\/09\/Wholesale-Camping-Cups-3-600x600.webp 600w, https:\/\/www.yongyukitchenware.com\/wp-content\/uploads\/2024\/09\/Wholesale-Camping-Cups-3-100x100.webp 100w\" sizes=\"(max-width: 800px) 100vw, 800px\" \/><\/figure>\n<\/div><\/div>\n<\/div>\n\n\n\n<p><\/p>","protected":false},"excerpt":{"rendered":"<p>Nuestras tazas de camping al por mayor est\u00e1n hechas de acero inoxidable de calidad alimentaria, que es resistente a la corrosi\u00f3n y anti-oxidaci\u00f3n. Est\u00e1 disponible en tres opciones: Asa en forma de D, asa plegable y sin asa, con una gran variedad de colores y especificaciones. El dise\u00f1o de borde enrollado es seguro y no da\u00f1a la boca. Los vasos se pueden apilar para guardarlos, lo que facilita su transporte y ahorra espacio.<\/p>\n<h2 style=\"text-align: left;\">Tazas de camping Par\u00e1metro:<\/h2>\n<p style=\"text-align: left;\"><strong>Material:<\/strong> Acero inoxidable<br \/><strong>Color:<\/strong> Color plata, negro, naranja y amarillo<br \/><strong>Capacidad:<\/strong> 290 ml\u00a0<br \/><strong>Di\u00e1metro * Altura (cm)<\/strong>\uff1a7,6*8,5 cm<br \/><strong>Empacando:<\/strong> Bolsa Opp y caja de cart\u00f3n<br \/><strong>OEM\/ODM:<\/strong> Disponible \u00a0<\/p>\n<p>&nbsp;<\/p>\n<h2 class=\"wp-block-heading\">Del fabricante Camping Kitchen Essentials :<\/h2>\n<p>Yongyu es un fabricante profesional de utensilios de cocina para camping, nuestros productos abarcan todo tipo de utensilios de cocina de acero inoxidable para camping, como utensilios de cocina para camping, juegos de vajilla para camping, etc., proporcionando servicios de adquisici\u00f3n de calidad y precios asequibles para cada cliente.<\/p>","protected":false},"featured_media":1176,"comment_status":"closed","ping_status":"closed","template":"","meta":{"_acf_changed":false},"application":[31],"product_brand":[],"product_cat":[18],"product_tag":[],"class_list":{"0":"post-1165","1":"product","2":"type-product","3":"status-publish","4":"has-post-thumbnail","6":"application-champ-kitchen","7":"product_cat-camping-kitchen-essentials-wholesale","9":"first","10":"instock","11":"shipping-taxable","12":"product-type-simple"},"acf":[],"_links":{"self":[{"href":"https:\/\/www.yongyukitchenware.com\/es\/wp-json\/wp\/v2\/product\/1165","targetHints":{"allow":["GET"]}}],"collection":[{"href":"https:\/\/www.yongyukitchenware.com\/es\/wp-json\/wp\/v2\/product"}],"about":[{"href":"https:\/\/www.yongyukitchenware.com\/es\/wp-json\/wp\/v2\/types\/product"}],"replies":[{"embeddable":true,"href":"https:\/\/www.yongyukitchenware.com\/es\/wp-json\/wp\/v2\/comments?post=1165"}],"wp:featuredmedia":[{"embeddable":true,"href":"https:\/\/www.yongyukitchenware.com\/es\/wp-json\/wp\/v2\/media\/1176"}],"wp:attachment":[{"href":"https:\/\/www.yongyukitchenware.com\/es\/wp-json\/wp\/v2\/media?parent=1165"}],"wp:term":[{"taxonomy":"application","embeddable":true,"href":"https:\/\/www.yongyukitchenware.com\/es\/wp-json\/wp\/v2\/application?post=1165"},{"taxonomy":"product_brand","embeddable":true,"href":"https:\/\/www.yongyukitchenware.com\/es\/wp-json\/wp\/v2\/product_brand?post=1165"},{"taxonomy":"product_cat","embeddable":true,"href":"https:\/\/www.yongyukitchenware.com\/es\/wp-json\/wp\/v2\/product_cat?post=1165"},{"taxonomy":"product_tag","embeddable":true,"href":"https:\/\/www.yongyukitchenware.com\/es\/wp-json\/wp\/v2\/product_tag?post=1165"}],"curies":[{"name":"wp","href":"https:\/\/api.w.org\/{rel}","templated":true}]}}