{"id":1181,"date":"2024-09-29T16:58:49","date_gmt":"2024-09-29T16:58:49","guid":{"rendered":"https:\/\/www.yongyukitchenware.com\/?post_type=product&#038;p=1181"},"modified":"2025-06-26T03:04:35","modified_gmt":"2025-06-26T03:04:35","slug":"windproof-ashtray-custom","status":"publish","type":"product","link":"https:\/\/www.yongyukitchenware.com\/es\/producto\/windproof-ashtray-custom\/","title":{"rendered":"Cenicero de acero inoxidable a prueba de viento personalizado para prevenir las cenizas volantes"},"content":{"rendered":"<div class=\"wp-block-columns is-layout-flex wp-container-core-columns-is-layout-9d6595d7 wp-block-columns-is-layout-flex\">\n<div class=\"wp-block-column is-layout-flow wp-block-column-is-layout-flow\">\n<h2 class=\"wp-block-heading\">Cenicero a prueba de viento Caracter\u00edsticas:<\/h2>\n\n\n\n<p><strong>Acero inoxidable de alta calidad:<\/strong> Cenicero personalizado de acero inoxidable duradero, resistente a la corrosi\u00f3n, inodoro, garantizando el uso a largo plazo<br><strong>Diversificada:<\/strong> los colores se pueden personalizar seg\u00fan las necesidades, el tama\u00f1o de peque\u00f1o, grande y super grande opcional, adecuado para diferentes escenas<br><strong>Cenicero de dise\u00f1o personalizado:<\/strong> levantado a prueba de viento, tres ranuras en forma de U en el borde del cenicero, conveniente para colocar los cigarrillos sin que se caiga, y el interior tiene un dise\u00f1o de columna, que puede raspar la ceniza de los cigarrillos<br><strong>F\u00e1cil de limpiar: <\/strong>la superficie y los bordes del cenicero personalizado son pulidos, lisos y planos, seguros y r\u00e1pidos de limpiar, e higi\u00e9nicos.<br><strong>Opciones de personalizaci\u00f3n: <\/strong>Admite la impresi\u00f3n de varios patrones de texto, como el nombre de la empresa, logotipo, pintura de paisaje, etc., para mejorar el sentido est\u00e9tico.<\/p>\n\n\n\n<h2 class=\"wp-block-heading\">Cenicero a prueba de viento Tama\u00f1o:<\/h2>\n\n\n\n<figure class=\"wp-block-table\"><table class=\"has-fixed-layout\"><tbody><tr><td>Modelo<\/td><td>Talla<\/td><td>Di\u00e1metro * Altura (cm)<\/td><td>MOQ<\/td><\/tr><tr><td rowspan=\"3\">DY007-Z<\/td><td>Peque\u00f1o<\/td><td>8*7cm<\/td><td rowspan=\"3\">60PCS<\/td><\/tr><tr><td>Grande<\/td><td>10,2*9,6 cm<\/td><\/tr><tr><td>Extra grande<\/td><td>11.8*12cm<\/td><\/tr><\/tbody><\/table><\/figure>\n<\/div>\n\n\n\n<div class=\"wp-block-column is-layout-flow wp-block-column-is-layout-flow\">\n<div class=\"wp-block-columns is-layout-flex wp-container-core-columns-is-layout-9d6595d7 wp-block-columns-is-layout-flex\">\n<div class=\"wp-block-column is-layout-flow wp-block-column-is-layout-flow\">\n<figure class=\"wp-block-image size-full\"><img decoding=\"async\" width=\"800\" height=\"800\" src=\"https:\/\/www.yongyukitchenware.com\/wp-content\/uploads\/2024\/09\/factory-ashtray-custom-4.webp\" alt=\"cenicero de f\u00e1brica-personalizado (4)\" class=\"wp-image-1196\" srcset=\"https:\/\/www.yongyukitchenware.com\/wp-content\/uploads\/2024\/09\/factory-ashtray-custom-4.webp 800w, https:\/\/www.yongyukitchenware.com\/wp-content\/uploads\/2024\/09\/factory-ashtray-custom-4-300x300.webp 300w, https:\/\/www.yongyukitchenware.com\/wp-content\/uploads\/2024\/09\/factory-ashtray-custom-4-150x150.webp 150w, https:\/\/www.yongyukitchenware.com\/wp-content\/uploads\/2024\/09\/factory-ashtray-custom-4-768x768.webp 768w, https:\/\/www.yongyukitchenware.com\/wp-content\/uploads\/2024\/09\/factory-ashtray-custom-4-600x600.webp 600w, https:\/\/www.yongyukitchenware.com\/wp-content\/uploads\/2024\/09\/factory-ashtray-custom-4-100x100.webp 100w\" sizes=\"(max-width: 800px) 100vw, 800px\" \/><\/figure>\n<\/div>\n<\/div>\n<\/div>\n<\/div>\n\n\n\n<p><\/p>","protected":false},"excerpt":{"rendered":"<p>Yongyu f\u00e1brica proporciona la costumbre cenicero es de acero inoxidable a prueba de viento y la ceniza volar, dise\u00f1o \u00fanico, adecuado para uso en interiores y al aire libre en muchas ocasiones. Diferentes tama\u00f1os y estilos se pueden personalizar para satisfacer las necesidades individuales.<\/p>\n<h2>Cenicero a prueba de viento Par\u00e1metro:<\/h2>\n<p><strong>Material:<\/strong> acero inoxidable<br \/><strong>Color:<\/strong> plata, oro, rojo, azul, amarillo, etc.<br \/><strong>Diferentes tama\u00f1os:<\/strong> peque\u00f1o, grande y extragrande<br \/><strong>Dise\u00f1o de cenicero:<\/strong> Dise\u00f1o acanalado en forma de U realzada y dise\u00f1o de columna<br \/><strong>Embalaje:<\/strong> bolsa\/granel\/cart\u00f3n o personalizado<br \/><strong>OEM\/ODM:<\/strong> Opcional<\/p>\n<h2 class=\"wp-block-heading\">Del mayorista de menaje del hogar Yongyu:<\/h2>\n<p>Yongyu cuenta con una cadena de suministro fiable y eficaz, que personaliza y vende al por mayor art\u00edculos para el hogar de acero inoxidable de alta calidad. Nuestros productos son duraderos y asequibles, comprometidos a satisfacer las necesidades comerciales de los clientes.<\/p>","protected":false},"featured_media":1194,"comment_status":"closed","ping_status":"closed","template":"","meta":{"_acf_changed":true},"application":[29],"product_brand":[],"product_cat":[17],"product_tag":[43],"class_list":{"0":"post-1181","1":"product","2":"type-product","3":"status-publish","4":"has-post-thumbnail","6":"application-home-kitchen","7":"product_cat-homeware-wholesaler","8":"product_tag-recommend","10":"first","11":"instock","12":"shipping-taxable","13":"product-type-simple"},"acf":[],"_links":{"self":[{"href":"https:\/\/www.yongyukitchenware.com\/es\/wp-json\/wp\/v2\/product\/1181","targetHints":{"allow":["GET"]}}],"collection":[{"href":"https:\/\/www.yongyukitchenware.com\/es\/wp-json\/wp\/v2\/product"}],"about":[{"href":"https:\/\/www.yongyukitchenware.com\/es\/wp-json\/wp\/v2\/types\/product"}],"replies":[{"embeddable":true,"href":"https:\/\/www.yongyukitchenware.com\/es\/wp-json\/wp\/v2\/comments?post=1181"}],"wp:featuredmedia":[{"embeddable":true,"href":"https:\/\/www.yongyukitchenware.com\/es\/wp-json\/wp\/v2\/media\/1194"}],"wp:attachment":[{"href":"https:\/\/www.yongyukitchenware.com\/es\/wp-json\/wp\/v2\/media?parent=1181"}],"wp:term":[{"taxonomy":"application","embeddable":true,"href":"https:\/\/www.yongyukitchenware.com\/es\/wp-json\/wp\/v2\/application?post=1181"},{"taxonomy":"product_brand","embeddable":true,"href":"https:\/\/www.yongyukitchenware.com\/es\/wp-json\/wp\/v2\/product_brand?post=1181"},{"taxonomy":"product_cat","embeddable":true,"href":"https:\/\/www.yongyukitchenware.com\/es\/wp-json\/wp\/v2\/product_cat?post=1181"},{"taxonomy":"product_tag","embeddable":true,"href":"https:\/\/www.yongyukitchenware.com\/es\/wp-json\/wp\/v2\/product_tag?post=1181"}],"curies":[{"name":"wp","href":"https:\/\/api.w.org\/{rel}","templated":true}]}}