{"id":1192,"date":"2024-09-29T16:25:15","date_gmt":"2024-09-29T16:25:15","guid":{"rendered":"https:\/\/www.yongyukitchenware.com\/?post_type=product&#038;p=1192"},"modified":"2025-06-26T03:02:37","modified_gmt":"2025-06-26T03:02:37","slug":"camping-cookware-set-wholesale","status":"publish","type":"product","link":"https:\/\/www.yongyukitchenware.com\/es\/producto\/camping-cookware-set-wholesale\/","title":{"rendered":"Camping Cookware Set al por mayor de acero inoxidable de cocina al aire libre de cocina Gear"},"content":{"rendered":"<div class=\"wp-block-columns is-layout-flex wp-container-core-columns-is-layout-9d6595d7 wp-block-columns-is-layout-flex\">\n<div class=\"wp-block-column is-layout-flow wp-block-column-is-layout-flow\">\n<h2 class=\"wp-block-heading\">Bater\u00eda de cocina de camping Caracter\u00edsticas:<\/h2>\n\n\n\n<p><strong>Alta calidad<\/strong> Material de acero inoxidable: Acero inoxidable 304 de calidad alimentaria, resistente a la corrosi\u00f3n y a la oxidaci\u00f3n.<\/p>\n\n\n\n<p><strong>El juego de utensilios de cocina incluye:<\/strong>Sart\u00e9n peque\u00f1a de 0,6L, olla peque\u00f1a de 1,6L, olla grande de 3,0L, hervidor peque\u00f1o de 1,0L, hervidor grande de 1,6L, sart\u00e9n grande de 1,1L, olla colgante de 3,6L, cesta con red filtrante<\/p>\n\n\n\n<p><strong>Almacenamiento apilable:<\/strong> Entre sus diversas especificaciones destacan el almacenamiento integrado, la facilidad de transporte y el desplazamiento sin presiones.<\/p>\n\n\n\n<p><strong>Ligero y f\u00e1cil de transportar:<\/strong> Dise\u00f1o compacto, adecuado para acampar al aire libre y viajar, f\u00e1cil de llevar.<\/p>\n\n\n\n<p><strong>F\u00e1cil de limpiar: <\/strong>Superficie lisa, f\u00e1cil de limpiar, ahorra tiempo de limpieza.<\/p>\n<\/div>\n\n\n\n<div class=\"wp-block-column is-layout-flow wp-block-column-is-layout-flow\">\n<div class=\"wp-block-columns is-layout-flex wp-container-core-columns-is-layout-9d6595d7 wp-block-columns-is-layout-flex\">\n<div class=\"wp-block-column is-layout-flow wp-block-column-is-layout-flow\"><\/div>\n<\/div>\n\n\n\n<div class=\"wp-block-columns is-layout-flex wp-container-core-columns-is-layout-9d6595d7 wp-block-columns-is-layout-flex\">\n<div class=\"wp-block-column is-layout-flow wp-block-column-is-layout-flow\">\n<figure class=\"wp-block-image size-full is-resized\"><img decoding=\"async\" width=\"800\" height=\"800\" src=\"https:\/\/www.yongyukitchenware.com\/wp-content\/uploads\/2024\/09\/Camping-Cookware-Set-Wholesale-3.webp\" alt=\"Camping Cookware Set Venta al por mayor 3\" class=\"wp-image-1205\" style=\"width:461px;height:auto\" srcset=\"https:\/\/www.yongyukitchenware.com\/wp-content\/uploads\/2024\/09\/Camping-Cookware-Set-Wholesale-3.webp 800w, https:\/\/www.yongyukitchenware.com\/wp-content\/uploads\/2024\/09\/Camping-Cookware-Set-Wholesale-3-300x300.webp 300w, https:\/\/www.yongyukitchenware.com\/wp-content\/uploads\/2024\/09\/Camping-Cookware-Set-Wholesale-3-150x150.webp 150w, https:\/\/www.yongyukitchenware.com\/wp-content\/uploads\/2024\/09\/Camping-Cookware-Set-Wholesale-3-768x768.webp 768w, https:\/\/www.yongyukitchenware.com\/wp-content\/uploads\/2024\/09\/Camping-Cookware-Set-Wholesale-3-600x600.webp 600w, https:\/\/www.yongyukitchenware.com\/wp-content\/uploads\/2024\/09\/Camping-Cookware-Set-Wholesale-3-100x100.webp 100w\" sizes=\"(max-width: 800px) 100vw, 800px\" \/><\/figure>\n<\/div>\n<\/div>\n<\/div>\n<\/div>\n\n\n\n<figure class=\"wp-block-table\"><table class=\"has-fixed-layout\"><tbody><tr><td>Modelo<\/td><td>Accesorios<\/td><td>Di\u00e1metro<\/td><td>MOQ<\/td><\/tr><tr><td rowspan=\"8\">DY013-YC<\/td><td>Maceta colgante<\/td><td>22 cm<\/td><td rowspan=\"8\">10 PIEZAS<\/td><\/tr><tr><td>Olla grande<\/td><td>19,5 cm<\/td><\/tr><tr><td>Olla peque\u00f1a<\/td><td>16,5 cm<\/td><\/tr><tr><td>Sart\u00e9n<\/td><td>21 cm<\/td><\/tr><tr><td>Bolsa<\/td><td>\/<\/td><\/tr><tr><td>Hervidor de 1.0L<\/td><td>\/<\/td><\/tr><tr><td>Hervidor de 1,6 L<\/td><td>\/<\/td><\/tr><tr><td>Cesta de red filtrante<\/td><td>\/<\/td><\/tr><\/tbody><\/table><\/figure>\n\n\n\n<p><\/p>","protected":false},"excerpt":{"rendered":"<p>Nuestro juego de utensilios de cocina para camping al por mayor est\u00e1 dise\u00f1ado para los entusiastas de las actividades al aire libre. Es duradero y ligero y contiene varios utensilios de cocina para satisfacer sus necesidades culinarias al aire libre. Es f\u00e1cil de limpiar y almacenar, por lo que es una opci\u00f3n ideal para acampar y viajar.<\/p>\n<h2 style=\"text-align: left\">Juego de utensilios de cocina para camping Par\u00e1metro:<\/h2>\n<p style=\"text-align: left\"><strong>Material:<\/strong> Acero inoxidable<br \/><strong>Color:<\/strong> Plata<br \/><strong>Capacidad:<\/strong> Sart\u00e9n peque\u00f1a de 0,6L, olla peque\u00f1a de 1,6L, olla grande de 3,0L, hervidor peque\u00f1o de 1,0L, hervidor grande de 1,6L, sart\u00e9n grande de 1,1L, olla colgante de 3,6L.\u00a0\u00a0<br \/><strong>Embalaje: <\/strong>Bolsa Opp y caja de cart\u00f3n<br \/><strong>OEM\/ODM:<\/strong> Disponible<\/p>\n<h2 class=\"wp-block-heading\">Del fabricante Camping Kitchen Essentials :<\/h2>\n<p>Yongyu es un fabricante profesional de utensilios de cocina para camping, nuestros productos abarcan todo tipo de utensilios de cocina para camping de acero inoxidable, como utensilios de cocina para camping, vajilla para camping, parrillas para barbacoa, etc., proporcionando servicios de adquisici\u00f3n de calidad y precios asequibles para cada cliente.<\/p>","protected":false},"featured_media":1207,"comment_status":"closed","ping_status":"closed","template":"","meta":{"_acf_changed":false},"application":[31],"product_brand":[],"product_cat":[18],"product_tag":[],"class_list":{"0":"post-1192","1":"product","2":"type-product","3":"status-publish","4":"has-post-thumbnail","6":"application-champ-kitchen","7":"product_cat-camping-kitchen-essentials-wholesale","9":"first","10":"instock","11":"shipping-taxable","12":"product-type-simple"},"acf":[],"_links":{"self":[{"href":"https:\/\/www.yongyukitchenware.com\/es\/wp-json\/wp\/v2\/product\/1192","targetHints":{"allow":["GET"]}}],"collection":[{"href":"https:\/\/www.yongyukitchenware.com\/es\/wp-json\/wp\/v2\/product"}],"about":[{"href":"https:\/\/www.yongyukitchenware.com\/es\/wp-json\/wp\/v2\/types\/product"}],"replies":[{"embeddable":true,"href":"https:\/\/www.yongyukitchenware.com\/es\/wp-json\/wp\/v2\/comments?post=1192"}],"wp:featuredmedia":[{"embeddable":true,"href":"https:\/\/www.yongyukitchenware.com\/es\/wp-json\/wp\/v2\/media\/1207"}],"wp:attachment":[{"href":"https:\/\/www.yongyukitchenware.com\/es\/wp-json\/wp\/v2\/media?parent=1192"}],"wp:term":[{"taxonomy":"application","embeddable":true,"href":"https:\/\/www.yongyukitchenware.com\/es\/wp-json\/wp\/v2\/application?post=1192"},{"taxonomy":"product_brand","embeddable":true,"href":"https:\/\/www.yongyukitchenware.com\/es\/wp-json\/wp\/v2\/product_brand?post=1192"},{"taxonomy":"product_cat","embeddable":true,"href":"https:\/\/www.yongyukitchenware.com\/es\/wp-json\/wp\/v2\/product_cat?post=1192"},{"taxonomy":"product_tag","embeddable":true,"href":"https:\/\/www.yongyukitchenware.com\/es\/wp-json\/wp\/v2\/product_tag?post=1192"}],"curies":[{"name":"wp","href":"https:\/\/api.w.org\/{rel}","templated":true}]}}