{"id":1383,"date":"2024-10-05T16:50:27","date_gmt":"2024-10-05T16:50:27","guid":{"rendered":"https:\/\/www.yongyukitchenware.com\/?post_type=product&#038;p=1383"},"modified":"2025-06-26T03:16:45","modified_gmt":"2025-06-26T03:16:45","slug":"cosmetic-organizer-wholesale","status":"publish","type":"product","link":"https:\/\/www.yongyukitchenware.com\/es\/producto\/cosmetic-organizer-wholesale\/","title":{"rendered":"Mayorista Organizador de Cosm\u00e9ticos Bandeja de 2 Niveles Almacenaje Rectangular Redondo de Encimera"},"content":{"rendered":"<div class=\"wp-block-columns is-layout-flex wp-container-core-columns-is-layout-9d6595d7 wp-block-columns-is-layout-flex\">\n<div class=\"wp-block-column is-layout-flow wp-block-column-is-layout-flow\">\n<h2 class=\"wp-block-heading\">Organizador de cosm\u00e9ticos Caracter\u00edsticas:<\/h2>\n\n\n\n<p><strong>Material espesante: <\/strong>material ABS de alta calidad, grueso y duradero, resistente al desgaste y no se da\u00f1a f\u00e1cilmente<\/p>\n\n\n\n<p><strong>Bordes redondeados: <\/strong>bordes pulidos lisos, sin rebabas, no da\u00f1a las manos<\/p>\n\n\n\n<p><strong>Dise\u00f1o de mango hueco: <\/strong>mango hueco port\u00e1til, f\u00e1cil de manejar, se mueven libremente<\/p>\n\n\n\n<p><strong>Dise\u00f1o antideslizante:<\/strong> Patr\u00f3n vertical en la parte inferior, con efecto antideslizante.<\/p>\n\n\n\n<p><strong>Estructura de doble capa: <\/strong>Dise\u00f1ado en dos capas con gran separaci\u00f3n, lo que aumenta el espacio de almacenamiento a la vez que mantiene el escritorio limpio y ordenado.<\/p>\n<\/div>\n\n\n\n<div class=\"wp-block-column is-layout-flow wp-block-column-is-layout-flow\">\n<div class=\"wp-block-columns is-layout-flex wp-container-core-columns-is-layout-9d6595d7 wp-block-columns-is-layout-flex\">\n<div class=\"wp-block-column is-layout-flow wp-block-column-is-layout-flow\">\n<figure class=\"wp-block-image size-full\"><img decoding=\"async\" width=\"800\" height=\"800\" src=\"https:\/\/www.yongyukitchenware.com\/wp-content\/uploads\/2024\/09\/bulk-storage-racks-custom-1.webp\" alt=\"estanterias-almacenamiento-personalizadas (1)\" class=\"wp-image-1384\" srcset=\"https:\/\/www.yongyukitchenware.com\/wp-content\/uploads\/2024\/09\/bulk-storage-racks-custom-1.webp 800w, https:\/\/www.yongyukitchenware.com\/wp-content\/uploads\/2024\/09\/bulk-storage-racks-custom-1-300x300.webp 300w, https:\/\/www.yongyukitchenware.com\/wp-content\/uploads\/2024\/09\/bulk-storage-racks-custom-1-150x150.webp 150w, https:\/\/www.yongyukitchenware.com\/wp-content\/uploads\/2024\/09\/bulk-storage-racks-custom-1-768x768.webp 768w, https:\/\/www.yongyukitchenware.com\/wp-content\/uploads\/2024\/09\/bulk-storage-racks-custom-1-12x12.webp 12w, https:\/\/www.yongyukitchenware.com\/wp-content\/uploads\/2024\/09\/bulk-storage-racks-custom-1-600x600.webp 600w, https:\/\/www.yongyukitchenware.com\/wp-content\/uploads\/2024\/09\/bulk-storage-racks-custom-1-100x100.webp 100w\" sizes=\"(max-width: 800px) 100vw, 800px\" \/><\/figure>\n<\/div>\n\n\n\n<div class=\"wp-block-column is-layout-flow wp-block-column-is-layout-flow\">\n<figure class=\"wp-block-image size-full\"><img decoding=\"async\" width=\"800\" height=\"800\" src=\"https:\/\/www.yongyukitchenware.com\/wp-content\/uploads\/2024\/09\/bulk-storage-racks-custom-2.webp\" alt=\"estanter\u00edas-almac\u00e9n-a granel-personalizadas (2)\" class=\"wp-image-1385\" srcset=\"https:\/\/www.yongyukitchenware.com\/wp-content\/uploads\/2024\/09\/bulk-storage-racks-custom-2.webp 800w, https:\/\/www.yongyukitchenware.com\/wp-content\/uploads\/2024\/09\/bulk-storage-racks-custom-2-300x300.webp 300w, https:\/\/www.yongyukitchenware.com\/wp-content\/uploads\/2024\/09\/bulk-storage-racks-custom-2-150x150.webp 150w, https:\/\/www.yongyukitchenware.com\/wp-content\/uploads\/2024\/09\/bulk-storage-racks-custom-2-768x768.webp 768w, https:\/\/www.yongyukitchenware.com\/wp-content\/uploads\/2024\/09\/bulk-storage-racks-custom-2-12x12.webp 12w, https:\/\/www.yongyukitchenware.com\/wp-content\/uploads\/2024\/09\/bulk-storage-racks-custom-2-600x600.webp 600w, https:\/\/www.yongyukitchenware.com\/wp-content\/uploads\/2024\/09\/bulk-storage-racks-custom-2-100x100.webp 100w\" sizes=\"(max-width: 800px) 100vw, 800px\" \/><\/figure>\n<\/div>\n<\/div>\n\n\n\n<div class=\"wp-block-columns is-layout-flex wp-container-core-columns-is-layout-9d6595d7 wp-block-columns-is-layout-flex\">\n<div class=\"wp-block-column is-layout-flow wp-block-column-is-layout-flow\">\n<figure class=\"wp-block-image size-full\"><img decoding=\"async\" width=\"800\" height=\"800\" src=\"https:\/\/www.yongyukitchenware.com\/wp-content\/uploads\/2024\/09\/bulk-storage-racks-custom-4.webp\" alt=\"estanter\u00edas-almac\u00e9n-personalizadas (4)\" class=\"wp-image-1387\" srcset=\"https:\/\/www.yongyukitchenware.com\/wp-content\/uploads\/2024\/09\/bulk-storage-racks-custom-4.webp 800w, https:\/\/www.yongyukitchenware.com\/wp-content\/uploads\/2024\/09\/bulk-storage-racks-custom-4-300x300.webp 300w, https:\/\/www.yongyukitchenware.com\/wp-content\/uploads\/2024\/09\/bulk-storage-racks-custom-4-150x150.webp 150w, https:\/\/www.yongyukitchenware.com\/wp-content\/uploads\/2024\/09\/bulk-storage-racks-custom-4-768x768.webp 768w, https:\/\/www.yongyukitchenware.com\/wp-content\/uploads\/2024\/09\/bulk-storage-racks-custom-4-12x12.webp 12w, https:\/\/www.yongyukitchenware.com\/wp-content\/uploads\/2024\/09\/bulk-storage-racks-custom-4-600x600.webp 600w, https:\/\/www.yongyukitchenware.com\/wp-content\/uploads\/2024\/09\/bulk-storage-racks-custom-4-100x100.webp 100w\" sizes=\"(max-width: 800px) 100vw, 800px\" \/><\/figure>\n<\/div>\n\n\n\n<div class=\"wp-block-column is-layout-flow wp-block-column-is-layout-flow\">\n<figure class=\"wp-block-image size-full\"><img decoding=\"async\" width=\"800\" height=\"800\" src=\"https:\/\/www.yongyukitchenware.com\/wp-content\/uploads\/2024\/09\/bulk-storage-racks-custom-5.webp\" alt=\"estanter\u00edas-almac\u00e9n-personalizadas (5)\" class=\"wp-image-1388\" srcset=\"https:\/\/www.yongyukitchenware.com\/wp-content\/uploads\/2024\/09\/bulk-storage-racks-custom-5.webp 800w, https:\/\/www.yongyukitchenware.com\/wp-content\/uploads\/2024\/09\/bulk-storage-racks-custom-5-300x300.webp 300w, https:\/\/www.yongyukitchenware.com\/wp-content\/uploads\/2024\/09\/bulk-storage-racks-custom-5-150x150.webp 150w, https:\/\/www.yongyukitchenware.com\/wp-content\/uploads\/2024\/09\/bulk-storage-racks-custom-5-768x768.webp 768w, https:\/\/www.yongyukitchenware.com\/wp-content\/uploads\/2024\/09\/bulk-storage-racks-custom-5-12x12.webp 12w, https:\/\/www.yongyukitchenware.com\/wp-content\/uploads\/2024\/09\/bulk-storage-racks-custom-5-600x600.webp 600w, https:\/\/www.yongyukitchenware.com\/wp-content\/uploads\/2024\/09\/bulk-storage-racks-custom-5-100x100.webp 100w\" sizes=\"(max-width: 800px) 100vw, 800px\" \/><\/figure>\n<\/div>\n<\/div>\n<\/div>\n<\/div>\n\n\n\n<h2 class=\"wp-block-heading\">Organizador de cosm\u00e9ticos Tama\u00f1o:<\/h2>\n\n\n\n<figure class=\"wp-block-table\"><table class=\"has-fixed-layout\"><tbody><tr><td>Modelo<\/td><td>talla<\/td><td>Longitud * Anchura * Altura (cm)<\/td><td>MOQ<\/td><\/tr><tr><td rowspan=\"6\">DY064-P<\/td><td>Doble capa de tres d\u00edgitos<\/td><td>9cm*27.5cm*24.8cm<\/td><td rowspan=\"6\">60PCS<\/td><\/tr><tr><td>Doble capa de cuatro d\u00edgitos<\/td><td>18.5cm*18.5cm*24.8cm<\/td><\/tr><tr><td>Doble capa peque\u00f1a de seis d\u00edgitos<\/td><td>29,5cm*18,5cm*24,8cm<\/td><\/tr><tr><td>Seis d\u00edgitos grandes de doble capa<\/td><td>31cm*21cm*24.8cm<\/td><\/tr><tr><td>Ocho d\u00edgitos de doble capa<\/td><td>41cm*22cm*24.8cm<\/td><\/tr><tr><td>Disco de doble capa<\/td><td>27cm*27cm*24.8cm<\/td><\/tr><\/tbody><\/table><\/figure>","protected":false},"excerpt":{"rendered":"<p>Peque\u00f1o organizador de cosm\u00e9ticos al por mayor, estante de almacenamiento de encimera para el hogar, soporte de acero inoxidable y dise\u00f1o de bandeja de pl\u00e1stico de 2 niveles, que proporciona almacenamiento multifuncional para cosm\u00e9ticos, tazas, t\u00e9 de la tarde, etc. Apoyo a la personalizaci\u00f3n a granel, recepci\u00f3n para entrarnos en contacto con para la investigaci\u00f3n libre.<\/p>\n<h2>Organizador de cosm\u00e9ticos Par\u00e1metro:<\/h2>\n<p><strong>Material:<\/strong> material ABS de alta calidad<br \/><strong>Forma:<\/strong> redondo o cuadrado<br \/><strong>Color:<\/strong> blanco<br \/><strong>Dise\u00f1o general:<\/strong> doble capa con asas huecas<br \/><strong>Embalaje:<\/strong> bolsa\/granel\/cart\u00f3n o personalizado<br \/><strong>OEM\/ODM:<\/strong> opcional<\/p>\n<h2 class=\"wp-block-heading\">Del mayorista de menaje del hogar Yongyu:<\/h2>\n<p>Yongyu cuenta con una cadena de suministro fiable y eficaz, que personaliza y vende al por mayor art\u00edculos para el hogar de acero inoxidable de alta calidad. Nuestros productos son duraderos y asequibles, comprometidos a satisfacer las necesidades comerciales de los clientes.<\/p>","protected":false},"featured_media":1388,"comment_status":"closed","ping_status":"closed","template":"","meta":{"_acf_changed":true},"application":[29],"product_brand":[],"product_cat":[17],"product_tag":[],"class_list":{"0":"post-1383","1":"product","2":"type-product","3":"status-publish","4":"has-post-thumbnail","6":"application-home-kitchen","7":"product_cat-homeware-wholesaler","9":"first","10":"instock","11":"shipping-taxable","12":"product-type-simple"},"acf":[],"_links":{"self":[{"href":"https:\/\/www.yongyukitchenware.com\/es\/wp-json\/wp\/v2\/product\/1383","targetHints":{"allow":["GET"]}}],"collection":[{"href":"https:\/\/www.yongyukitchenware.com\/es\/wp-json\/wp\/v2\/product"}],"about":[{"href":"https:\/\/www.yongyukitchenware.com\/es\/wp-json\/wp\/v2\/types\/product"}],"replies":[{"embeddable":true,"href":"https:\/\/www.yongyukitchenware.com\/es\/wp-json\/wp\/v2\/comments?post=1383"}],"wp:featuredmedia":[{"embeddable":true,"href":"https:\/\/www.yongyukitchenware.com\/es\/wp-json\/wp\/v2\/media\/1388"}],"wp:attachment":[{"href":"https:\/\/www.yongyukitchenware.com\/es\/wp-json\/wp\/v2\/media?parent=1383"}],"wp:term":[{"taxonomy":"application","embeddable":true,"href":"https:\/\/www.yongyukitchenware.com\/es\/wp-json\/wp\/v2\/application?post=1383"},{"taxonomy":"product_brand","embeddable":true,"href":"https:\/\/www.yongyukitchenware.com\/es\/wp-json\/wp\/v2\/product_brand?post=1383"},{"taxonomy":"product_cat","embeddable":true,"href":"https:\/\/www.yongyukitchenware.com\/es\/wp-json\/wp\/v2\/product_cat?post=1383"},{"taxonomy":"product_tag","embeddable":true,"href":"https:\/\/www.yongyukitchenware.com\/es\/wp-json\/wp\/v2\/product_tag?post=1383"}],"curies":[{"name":"wp","href":"https:\/\/api.w.org\/{rel}","templated":true}]}}