{"id":1400,"date":"2024-10-05T16:13:13","date_gmt":"2024-10-05T16:13:13","guid":{"rendered":"https:\/\/www.yongyukitchenware.com\/?post_type=product&#038;p=1400"},"modified":"2025-06-26T03:14:07","modified_gmt":"2025-06-26T03:14:07","slug":"stainless-steel-food-containers-wholesale","status":"publish","type":"product","link":"https:\/\/www.yongyukitchenware.com\/es\/producto\/stainless-steel-food-containers-wholesale\/","title":{"rendered":"Mayorista Contenedores de Acero Inoxidable para Alimentos con Tapa Airtigh y Hanlde Desigh"},"content":{"rendered":"<div class=\"wp-block-columns is-layout-flex wp-container-core-columns-is-layout-9d6595d7 wp-block-columns-is-layout-flex\">\n<div class=\"wp-block-column is-layout-flow wp-block-column-is-layout-flow\">\n<h2 class=\"wp-block-heading\">Recipientes de acero inoxidable para alimentos Caracter\u00edsticas:<\/h2>\n\n\n\n<p><strong>Acero inoxidable 304 de calidad alimentaria, Gran capacidad:<\/strong> ultraduradero con gran resistencia a la corrosi\u00f3n y la oxidaci\u00f3n para garantizar un uso prolongado. Adecuado para actividades de interior y exterior.<\/p>\n\n\n\n<p><strong>Opciones de capacidad m\u00faltiple:<\/strong> 0,7L, 1L, 1,5L y 1,9L; para satisfacer cualquier demanda. Para picar algo, comer o servir una raci\u00f3n grande.<\/p>\n\n\n\n<p><strong>Dise\u00f1o sellado: <\/strong>Un dise\u00f1o de doble cierre, con un anillo de silicona y un tap\u00f3n de sellado, puede garantizar un cierre seguro y a prueba de fugas. Proteja su comida y su viaje del estr\u00e9s.<\/p>\n\n\n\n<p><strong>Dise\u00f1o del asa: <\/strong>Ambos lados del contenedor tienen asas salientes para un agarre f\u00e1cil y c\u00f3modo que aumenta su portabilidad.<\/p>\n<\/div>\n\n\n\n<div class=\"wp-block-column is-layout-flow wp-block-column-is-layout-flow\">\n<div class=\"wp-block-columns is-layout-flex wp-container-core-columns-is-layout-9d6595d7 wp-block-columns-is-layout-flex\">\n<div class=\"wp-block-column is-layout-flow wp-block-column-is-layout-flow\"><\/div>\n<\/div>\n\n\n\n<div class=\"wp-block-columns is-layout-flex wp-container-core-columns-is-layout-9d6595d7 wp-block-columns-is-layout-flex\">\n<div class=\"wp-block-column is-layout-flow wp-block-column-is-layout-flow\">\n<figure class=\"wp-block-image size-full is-resized\"><img decoding=\"async\" width=\"800\" height=\"800\" src=\"https:\/\/www.yongyukitchenware.com\/wp-content\/uploads\/2024\/09\/Wholesale-Stainless-Steel-Food-Containers-6.webp\" alt=\"Mayorista Recipientes de acero inoxidable para alimentos 6\" class=\"wp-image-1408\" style=\"width:461px;height:auto\" srcset=\"https:\/\/www.yongyukitchenware.com\/wp-content\/uploads\/2024\/09\/Wholesale-Stainless-Steel-Food-Containers-6.webp 800w, https:\/\/www.yongyukitchenware.com\/wp-content\/uploads\/2024\/09\/Wholesale-Stainless-Steel-Food-Containers-6-300x300.webp 300w, https:\/\/www.yongyukitchenware.com\/wp-content\/uploads\/2024\/09\/Wholesale-Stainless-Steel-Food-Containers-6-150x150.webp 150w, https:\/\/www.yongyukitchenware.com\/wp-content\/uploads\/2024\/09\/Wholesale-Stainless-Steel-Food-Containers-6-768x768.webp 768w, https:\/\/www.yongyukitchenware.com\/wp-content\/uploads\/2024\/09\/Wholesale-Stainless-Steel-Food-Containers-6-12x12.webp 12w, https:\/\/www.yongyukitchenware.com\/wp-content\/uploads\/2024\/09\/Wholesale-Stainless-Steel-Food-Containers-6-600x600.webp 600w, https:\/\/www.yongyukitchenware.com\/wp-content\/uploads\/2024\/09\/Wholesale-Stainless-Steel-Food-Containers-6-100x100.webp 100w\" sizes=\"(max-width: 800px) 100vw, 800px\" \/><\/figure>\n<\/div>\n<\/div>\n<\/div>\n<\/div>\n\n\n\n<h2 class=\"wp-block-heading\">Recipientes de acero inoxidable para alimentos Tama\u00f1o:<\/h2>\n\n\n\n<figure class=\"wp-block-table\"><table class=\"has-fixed-layout\"><tbody><tr><td>Modelo<\/td><td>Talla<\/td><td>Longitud * Anchura * Altura (cm)<\/td><td>MOQ<\/td><\/tr><tr><td rowspan=\"4\">DY052-FH<\/td><td>0.7L<\/td><td>19*12*5,5cm<\/td><td>96PCS<\/td><\/tr><tr><td>1.0L<\/td><td>19*12*8cm<\/td><td>84PCS<\/td><\/tr><tr><td>1.5L<\/td><td>23*16*6,5cm<\/td><td>60PCS<\/td><\/tr><tr><td>1.9L<\/td><td>23*16*8cm<\/td><td>48PCS<\/td><\/tr><\/tbody><\/table><\/figure>","protected":false},"excerpt":{"rendered":"<p>Nuestros recipientes de acero inoxidable para alimentos al por mayor est\u00e1n disponibles en varios tama\u00f1os y est\u00e1n hechos de acero inoxidable de calidad alimentaria duradero con asas dobles y tapas herm\u00e9ticas. Son resistentes a la corrosi\u00f3n y a prueba de fugas, perfectos para el hogar, la oficina o el uso al aire libre, garantizando un almacenamiento seguro y c\u00f3modo. No dude en consultarnos.<\/p>\n<h2 style=\"text-align: left\">Recipientes de acero inoxidable para alimentos Par\u00e1metros:<\/h2>\n<p style=\"text-align: left\"><strong>Material:<\/strong> Acero inoxidable<br \/><strong>Color:<\/strong> Color plata<br \/><strong>Diferentes tama\u00f1os:<\/strong> 0,7L, 1L, 1,5L y 1,9L<br \/><strong>Embalaje: <\/strong>Bolsa Opp y caja de cart\u00f3n<br \/><strong>OEM\/ODM:<\/strong> Disponible<\/p>\n<h2 class=\"wp-block-heading\">Del fabricante de recipientes de almacenamiento de alimentos :<\/h2>\n<p>Fundada en 1996, Yongyu se especializa en la producci\u00f3n y venta al por mayor de recipientes de acero inoxidable para el almacenamiento de alimentos, utensilios de cocina, suministros de catering, art\u00edculos para el hogar y utensilios de cocina de camping. Ofrece a sus clientes servicios integrales de OEM, ODM y comercio electr\u00f3nico.<\/p>","protected":false},"featured_media":1404,"comment_status":"closed","ping_status":"closed","template":"","meta":{"_acf_changed":false},"application":[31],"product_brand":[],"product_cat":[19],"product_tag":[],"class_list":{"0":"post-1400","1":"product","2":"type-product","3":"status-publish","4":"has-post-thumbnail","6":"application-champ-kitchen","7":"product_cat-food-storage-container-bulk-custom","9":"first","10":"instock","11":"shipping-taxable","12":"product-type-simple"},"acf":[],"_links":{"self":[{"href":"https:\/\/www.yongyukitchenware.com\/es\/wp-json\/wp\/v2\/product\/1400","targetHints":{"allow":["GET"]}}],"collection":[{"href":"https:\/\/www.yongyukitchenware.com\/es\/wp-json\/wp\/v2\/product"}],"about":[{"href":"https:\/\/www.yongyukitchenware.com\/es\/wp-json\/wp\/v2\/types\/product"}],"replies":[{"embeddable":true,"href":"https:\/\/www.yongyukitchenware.com\/es\/wp-json\/wp\/v2\/comments?post=1400"}],"wp:featuredmedia":[{"embeddable":true,"href":"https:\/\/www.yongyukitchenware.com\/es\/wp-json\/wp\/v2\/media\/1404"}],"wp:attachment":[{"href":"https:\/\/www.yongyukitchenware.com\/es\/wp-json\/wp\/v2\/media?parent=1400"}],"wp:term":[{"taxonomy":"application","embeddable":true,"href":"https:\/\/www.yongyukitchenware.com\/es\/wp-json\/wp\/v2\/application?post=1400"},{"taxonomy":"product_brand","embeddable":true,"href":"https:\/\/www.yongyukitchenware.com\/es\/wp-json\/wp\/v2\/product_brand?post=1400"},{"taxonomy":"product_cat","embeddable":true,"href":"https:\/\/www.yongyukitchenware.com\/es\/wp-json\/wp\/v2\/product_cat?post=1400"},{"taxonomy":"product_tag","embeddable":true,"href":"https:\/\/www.yongyukitchenware.com\/es\/wp-json\/wp\/v2\/product_tag?post=1400"}],"curies":[{"name":"wp","href":"https:\/\/api.w.org\/{rel}","templated":true}]}}