{"id":1416,"date":"2024-10-05T13:44:19","date_gmt":"2024-10-05T13:44:19","guid":{"rendered":"https:\/\/www.yongyukitchenware.com\/?post_type=product&#038;p=1416"},"modified":"2025-06-26T03:15:14","modified_gmt":"2025-06-26T03:15:14","slug":"food-storage-box-wholesale","status":"publish","type":"product","link":"https:\/\/www.yongyukitchenware.com\/es\/producto\/food-storage-box-wholesale\/","title":{"rendered":"Mayorista Caja De Acero Inoxidable Para Conservar Alimentos Con Tapa De Sellado"},"content":{"rendered":"<div class=\"wp-block-columns is-layout-flex wp-container-core-columns-is-layout-9d6595d7 wp-block-columns-is-layout-flex\">\n<div class=\"wp-block-column is-layout-flow wp-block-column-is-layout-flow\">\n<h2 class=\"wp-block-heading\">Caja de almacenamiento de alimentos Caracter\u00edsticas:<\/h2>\n\n\n\n<p><strong>Material: <\/strong>acero inoxidable de calidad superior. El acero inoxidable 304 para uso alimentario es resistente a la corrosi\u00f3n y la oxidaci\u00f3n.<br><strong>Opciones de capacidad m\u00faltiple:<\/strong> 2,5L, 3,5L, 4,5L y 6,0L para satisfacer diversas necesidades.<br><strong>Dise\u00f1o de doble junta impermeable:<\/strong> El dise\u00f1o a prueba de fugas del anillo de silicona de la tapa y el tap\u00f3n de sellado de silicona le permiten viajar con mucha m\u00e1s seguridad.<br><strong>Dise\u00f1o del asa\uff1a<\/strong> Las asas que sobresalen a ambos lados de nuestra caja de acero inoxidable para almacenamiento de alimentos al por mayor son c\u00f3modas de sujetar.<br><strong>Tapa visible\uff1a<\/strong> el interior de los alimentos es visible sin necesidad de abrir la tapa para ver.<\/p>\n<\/div>\n\n\n\n<div class=\"wp-block-column is-layout-flow wp-block-column-is-layout-flow\">\n<div class=\"wp-block-columns is-layout-flex wp-container-core-columns-is-layout-9d6595d7 wp-block-columns-is-layout-flex\">\n<div class=\"wp-block-column is-layout-flow wp-block-column-is-layout-flow\"><div class=\"wp-block-image\">\n<figure class=\"aligncenter size-full is-resized\"><img decoding=\"async\" width=\"800\" height=\"800\" src=\"https:\/\/www.yongyukitchenware.com\/wp-content\/uploads\/2024\/09\/Wholesale-Stainless-Steel-Food-Storage-Box-With-Sealing-Cover-1.webp\" alt=\"Mayorista Caja de acero inoxidable para alimentos 1\" class=\"wp-image-1424\" style=\"width:416px;height:auto\" srcset=\"https:\/\/www.yongyukitchenware.com\/wp-content\/uploads\/2024\/09\/Wholesale-Stainless-Steel-Food-Storage-Box-With-Sealing-Cover-1.webp 800w, https:\/\/www.yongyukitchenware.com\/wp-content\/uploads\/2024\/09\/Wholesale-Stainless-Steel-Food-Storage-Box-With-Sealing-Cover-1-300x300.webp 300w, https:\/\/www.yongyukitchenware.com\/wp-content\/uploads\/2024\/09\/Wholesale-Stainless-Steel-Food-Storage-Box-With-Sealing-Cover-1-150x150.webp 150w, https:\/\/www.yongyukitchenware.com\/wp-content\/uploads\/2024\/09\/Wholesale-Stainless-Steel-Food-Storage-Box-With-Sealing-Cover-1-768x768.webp 768w, https:\/\/www.yongyukitchenware.com\/wp-content\/uploads\/2024\/09\/Wholesale-Stainless-Steel-Food-Storage-Box-With-Sealing-Cover-1-12x12.webp 12w, https:\/\/www.yongyukitchenware.com\/wp-content\/uploads\/2024\/09\/Wholesale-Stainless-Steel-Food-Storage-Box-With-Sealing-Cover-1-600x600.webp 600w, https:\/\/www.yongyukitchenware.com\/wp-content\/uploads\/2024\/09\/Wholesale-Stainless-Steel-Food-Storage-Box-With-Sealing-Cover-1-100x100.webp 100w\" sizes=\"(max-width: 800px) 100vw, 800px\" \/><\/figure>\n<\/div><\/div>\n<\/div>\n<\/div>\n<\/div>\n\n\n\n<div class=\"wp-block-group is-vertical is-layout-flex wp-container-core-group-is-layout-8cf370e7 wp-block-group-is-layout-flex\">\n<h2 class=\"wp-block-heading\">Caja de almacenamiento de alimentos Tama\u00f1o:<\/h2>\n<\/div>\n\n\n\n<figure class=\"wp-block-table\"><table class=\"has-fixed-layout\"><tbody><tr><td>Modelo<\/td><td>Talla<\/td><td>Longitud * Anchura * Altura (cm)<\/td><td>MOQ<\/td><\/tr><tr><td rowspan=\"4\">DY053-FH<\/td><td>2.5L<\/td><td>30*20*6cm<\/td><td>48PCS<\/td><\/tr><tr><td>3.5L<\/td><td>30*20*8,2 cm<\/td><td>36PCS<\/td><\/tr><tr><td>4.5L<\/td><td>30*20*10,2 cm<\/td><td>30PCS<\/td><\/tr><tr><td>6.0L<\/td><td>30*20*13,2 cm<\/td><td>24PCS<\/td><\/tr><\/tbody><\/table><\/figure>","protected":false},"excerpt":{"rendered":"<p>Nuestra caja de almacenamiento de alimentos de acero inoxidable al por mayor cuenta con un dise\u00f1o duradero con una tapa de sellado seguro para mantener los alimentos frescos y a prueba de fugas. \u00a1Ideal para el almacenamiento seguro en el hogar, el trabajo o en el go.welcome consultas!<\/p>\n<h2 style=\"text-align: left\">Caja de almacenamiento de alimentos Par\u00e1metro:<\/h2>\n<p style=\"text-align: left\"><strong>Material:<\/strong> Acero inoxidable<br \/><strong>Color:<\/strong> Color plata<br \/><strong>Diferentes tama\u00f1os:<\/strong> 2.5L, 3.5L, 4.5L y 6.0L <br \/><strong>Embalaje: <\/strong>Bolsa Opp y caja de cart\u00f3n<br \/><strong>OEM\/ODM:<\/strong> Disponible<\/p>\n<h2 class=\"wp-block-heading\">Del fabricante de recipientes de almacenamiento de alimentos :<\/h2>\n<p>Fundada en 1996, Yongyu se especializa en la producci\u00f3n y venta al por mayor de recipientes de acero inoxidable para el almacenamiento de alimentos, utensilios de cocina, suministros de catering, art\u00edculos para el hogar y utensilios de cocina de camping. Ofrece a sus clientes servicios integrales de OEM, ODM y comercio electr\u00f3nico.<\/p>","protected":false},"featured_media":1427,"comment_status":"closed","ping_status":"closed","template":"","meta":{"_acf_changed":true},"application":[31],"product_brand":[],"product_cat":[19],"product_tag":[],"class_list":{"0":"post-1416","1":"product","2":"type-product","3":"status-publish","4":"has-post-thumbnail","6":"application-champ-kitchen","7":"product_cat-food-storage-container-bulk-custom","9":"first","10":"instock","11":"shipping-taxable","12":"product-type-simple"},"acf":[],"_links":{"self":[{"href":"https:\/\/www.yongyukitchenware.com\/es\/wp-json\/wp\/v2\/product\/1416","targetHints":{"allow":["GET"]}}],"collection":[{"href":"https:\/\/www.yongyukitchenware.com\/es\/wp-json\/wp\/v2\/product"}],"about":[{"href":"https:\/\/www.yongyukitchenware.com\/es\/wp-json\/wp\/v2\/types\/product"}],"replies":[{"embeddable":true,"href":"https:\/\/www.yongyukitchenware.com\/es\/wp-json\/wp\/v2\/comments?post=1416"}],"wp:featuredmedia":[{"embeddable":true,"href":"https:\/\/www.yongyukitchenware.com\/es\/wp-json\/wp\/v2\/media\/1427"}],"wp:attachment":[{"href":"https:\/\/www.yongyukitchenware.com\/es\/wp-json\/wp\/v2\/media?parent=1416"}],"wp:term":[{"taxonomy":"application","embeddable":true,"href":"https:\/\/www.yongyukitchenware.com\/es\/wp-json\/wp\/v2\/application?post=1416"},{"taxonomy":"product_brand","embeddable":true,"href":"https:\/\/www.yongyukitchenware.com\/es\/wp-json\/wp\/v2\/product_brand?post=1416"},{"taxonomy":"product_cat","embeddable":true,"href":"https:\/\/www.yongyukitchenware.com\/es\/wp-json\/wp\/v2\/product_cat?post=1416"},{"taxonomy":"product_tag","embeddable":true,"href":"https:\/\/www.yongyukitchenware.com\/es\/wp-json\/wp\/v2\/product_tag?post=1416"}],"curies":[{"name":"wp","href":"https:\/\/api.w.org\/{rel}","templated":true}]}}