{"id":1417,"date":"2024-10-05T13:32:53","date_gmt":"2024-10-05T13:32:53","guid":{"rendered":"https:\/\/www.yongyukitchenware.com\/?post_type=product&#038;p=1417"},"modified":"2025-07-10T10:16:32","modified_gmt":"2025-07-10T10:16:32","slug":"stainless-steel-muddler-bulk","status":"publish","type":"product","link":"https:\/\/www.yongyukitchenware.com\/es\/producto\/stainless-steel-muddler-bulk\/","title":{"rendered":"Mayorista Muddler de Acero Inoxidable para C\u00f3cteles Bebida"},"content":{"rendered":"<div class=\"wp-block-columns is-layout-flex wp-container-core-columns-is-layout-9d6595d7 wp-block-columns-is-layout-flex\">\n<div class=\"wp-block-column is-layout-flow wp-block-column-is-layout-flow\">\n<h2 class=\"wp-block-heading\">Muddler de acero inoxidable Caracter\u00edsticas:<\/h2>\n\n\n\n<p><strong>Acero inoxidable de alta calidad:<\/strong> Material de acero inoxidable de calidad alimentaria, duradero, resistente a la oxidaci\u00f3n, f\u00e1cil de limpiar<br><strong>Una variedad de estilos: <\/strong>Hammerhead est\u00e1 disponible en materiales de acero y PP, y en una variedad de estilos para satisfacer diferentes necesidades.<br><strong>Asa s\u00f3lida:<\/strong> mango de acero de una sola pieza, combinado con un dise\u00f1o ergon\u00f3mico, agarre c\u00f3modo, f\u00e1cil de usar<br><strong>Dise\u00f1o de cabeza de clavo convexa:<\/strong> f\u00e1cil de romper el hielo, jugo de pur\u00e9, hielo pur\u00e9 de manera m\u00e1s eficiente<br><strong>Muy utilizado: <\/strong>Adecuado para diversas ocasiones, como bares profesionales, cafeter\u00edas, reuniones familiares, etc.<\/p>\n<\/div>\n\n\n\n<div class=\"wp-block-column is-layout-flow wp-block-column-is-layout-flow\">\n<div class=\"wp-block-columns is-layout-flex wp-container-core-columns-is-layout-9d6595d7 wp-block-columns-is-layout-flex\">\n<div class=\"wp-block-column is-layout-flow wp-block-column-is-layout-flow\"><div class=\"wp-block-image\">\n<figure class=\"aligncenter size-full is-resized\"><img decoding=\"async\" width=\"800\" height=\"800\" src=\"https:\/\/www.yongyukitchenware.com\/wp-content\/uploads\/2024\/09\/wholesale-stainless-steel-muddler-4.webp\" alt=\"mayorista-acero-inoxidable-muddler (4)\" class=\"wp-image-1421\" style=\"width:360px;height:auto\" srcset=\"https:\/\/www.yongyukitchenware.com\/wp-content\/uploads\/2024\/09\/wholesale-stainless-steel-muddler-4.webp 800w, https:\/\/www.yongyukitchenware.com\/wp-content\/uploads\/2024\/09\/wholesale-stainless-steel-muddler-4-300x300.webp 300w, https:\/\/www.yongyukitchenware.com\/wp-content\/uploads\/2024\/09\/wholesale-stainless-steel-muddler-4-150x150.webp 150w, https:\/\/www.yongyukitchenware.com\/wp-content\/uploads\/2024\/09\/wholesale-stainless-steel-muddler-4-768x768.webp 768w, https:\/\/www.yongyukitchenware.com\/wp-content\/uploads\/2024\/09\/wholesale-stainless-steel-muddler-4-12x12.webp 12w, https:\/\/www.yongyukitchenware.com\/wp-content\/uploads\/2024\/09\/wholesale-stainless-steel-muddler-4-600x600.webp 600w, https:\/\/www.yongyukitchenware.com\/wp-content\/uploads\/2024\/09\/wholesale-stainless-steel-muddler-4-100x100.webp 100w\" sizes=\"(max-width: 800px) 100vw, 800px\" \/><\/figure>\n<\/div><\/div>\n<\/div>\n<\/div>\n<\/div>\n\n\n\n<h2 class=\"wp-block-heading\">Muddler de acero inoxidable Tama\u00f1os:<\/h2>\n\n\n\n<figure class=\"wp-block-table\"><table class=\"has-fixed-layout\"><tbody><tr><td>Modelo<\/td><td>elegancia<\/td><td>Altura* Anchura (cm)<\/td><td>MOQ<\/td><\/tr><tr><td rowspan=\"10\">DY088-Z<\/td><td>21CM cintura gruesa<\/td><td>21*3,3 cm<\/td><td rowspan=\"10\">200PCS<\/td><\/tr><tr><td>25CM cintura gruesa<\/td><td>25*3,3 cm<\/td><\/tr><tr><td>23CM cintura delgada<\/td><td>23*4cm<\/td><\/tr><tr><td>30CM de cintura fina<\/td><td>30*4cm<\/td><\/tr><tr><td>25CM dientes de lobo<\/td><td>25*4cm<\/td><\/tr><tr><td>30CM dientes de lobo<\/td><td>30*4cm<\/td><\/tr><tr><td>18,5CM acero<\/td><td>18,5*2,3 cm<\/td><\/tr><tr><td>Modelo totalmente de acero de 22,5CM<\/td><td>22,5*2,3 cm<\/td><\/tr><tr><td>30CM cintura delgada modelo completo de acero<\/td><td>30*2,3 cm<\/td><\/tr><tr><td>Ondulaci\u00f3n 23CM<\/td><td>23*3,3 cm<\/td><\/tr><\/tbody><\/table><\/figure>","protected":false},"excerpt":{"rendered":"<p>Muddler de acero inoxidable al por mayor, perfectamente adecuado para la preparaci\u00f3n de c\u00f3cteles. \u00a1Si usted est\u00e1 machacando frutas y hierbas, o romper el hielo, es f\u00e1cil de manejar, ideal para bares profesionales y camareros caseros por igual!<\/p>\n<h2>Acero inoxidable Muddler Par\u00e1metro:<\/h2>\n<p><strong>Material:<\/strong> acero inoxidable<br \/><strong>Materiales diversos:<\/strong> todo de acero y material PP<br \/><strong>Diferentes estilos:<\/strong> modelo de cintura gruesa, modelo de cintura fina, modelo de diente de lobo, modelo totalmente de acero y modelos ondulados<br \/><strong>Embalaje:<\/strong> caja de color, caja principal o personalizada<br \/><strong>OEM\/ODM:<\/strong> disponible<\/p>\n<h2 class=\"wp-block-heading\">De Yongyu Catering Suministros Mayorista :<\/h2>\n<p>Como el mejor catering suministros Fabricante en China, nos especializamos en aduanas de alta calidad barware y venta al por mayor. Tenemos 25 a\u00f1os de experiencia profesional para asegurar que los clientes obtengan los productos m\u00e1s vanguardistas y servicios eficientes.<\/p>","protected":false},"featured_media":1418,"comment_status":"closed","ping_status":"closed","template":"","meta":{"_acf_changed":false},"application":[30],"product_brand":[],"product_cat":[16],"product_tag":[],"class_list":{"0":"post-1417","1":"product","2":"type-product","3":"status-publish","4":"has-post-thumbnail","6":"application-hotel-catering","7":"product_cat-barware-wholesale-custom","9":"first","10":"instock","11":"shipping-taxable","12":"product-type-simple"},"acf":[],"_links":{"self":[{"href":"https:\/\/www.yongyukitchenware.com\/es\/wp-json\/wp\/v2\/product\/1417","targetHints":{"allow":["GET"]}}],"collection":[{"href":"https:\/\/www.yongyukitchenware.com\/es\/wp-json\/wp\/v2\/product"}],"about":[{"href":"https:\/\/www.yongyukitchenware.com\/es\/wp-json\/wp\/v2\/types\/product"}],"replies":[{"embeddable":true,"href":"https:\/\/www.yongyukitchenware.com\/es\/wp-json\/wp\/v2\/comments?post=1417"}],"wp:featuredmedia":[{"embeddable":true,"href":"https:\/\/www.yongyukitchenware.com\/es\/wp-json\/wp\/v2\/media\/1418"}],"wp:attachment":[{"href":"https:\/\/www.yongyukitchenware.com\/es\/wp-json\/wp\/v2\/media?parent=1417"}],"wp:term":[{"taxonomy":"application","embeddable":true,"href":"https:\/\/www.yongyukitchenware.com\/es\/wp-json\/wp\/v2\/application?post=1417"},{"taxonomy":"product_brand","embeddable":true,"href":"https:\/\/www.yongyukitchenware.com\/es\/wp-json\/wp\/v2\/product_brand?post=1417"},{"taxonomy":"product_cat","embeddable":true,"href":"https:\/\/www.yongyukitchenware.com\/es\/wp-json\/wp\/v2\/product_cat?post=1417"},{"taxonomy":"product_tag","embeddable":true,"href":"https:\/\/www.yongyukitchenware.com\/es\/wp-json\/wp\/v2\/product_tag?post=1417"}],"curies":[{"name":"wp","href":"https:\/\/api.w.org\/{rel}","templated":true}]}}