{"id":1447,"date":"2024-10-06T17:16:27","date_gmt":"2024-10-06T17:16:27","guid":{"rendered":"https:\/\/www.yongyukitchenware.com\/?post_type=product&#038;p=1447"},"modified":"2024-10-06T17:17:02","modified_gmt":"2024-10-06T17:17:02","slug":"camping-dinnerware-set-wholesale","status":"publish","type":"product","link":"https:\/\/www.yongyukitchenware.com\/es\/producto\/camping-dinnerware-set-wholesale\/","title":{"rendered":"Vajilla de camping a granel Plato de acero inoxidable Taz\u00f3n Juego de cubiertos con bolsa"},"content":{"rendered":"<div class=\"wp-block-columns is-layout-flex wp-container-core-columns-is-layout-9d6595d7 wp-block-columns-is-layout-flex\">\n<div class=\"wp-block-column is-layout-flow wp-block-column-is-layout-flow\">\n<h2 class=\"wp-block-heading\">Vajilla de camping Caracter\u00edsticas:<\/h2>\n\n\n\n<p><strong>Material de acero inoxidable de alta calidad: <\/strong>Acero inoxidable 304 de calidad alimentaria, resistente a la corrosi\u00f3n y a la oxidaci\u00f3n<\/p>\n\n\n\n<p><strong>Dise\u00f1o de la llanta: <\/strong>Los bordes son redondeados y lisos, f\u00e1ciles de manejar y evitan lesiones en las manos.<\/p>\n\n\n\n<p><strong>M\u00faltiples estilos disponibles:<\/strong> Bol grande de 16 cm, bol peque\u00f1o de 13,5 cm, plato peque\u00f1o de 17 cm, plato mediano de 19,2 cm, plato grande de 21,3 cm, plato cuadrado para mojar, plato para mojar pato mandar\u00edn, cuchara, tenedor, palillos.<\/p>\n\n\n\n<p><strong>Almacenamiento por superposici\u00f3n: <\/strong>Varias especificaciones se pueden superponer, ahorrando espacio, con bolsas de almacenamiento, f\u00e1cil de llevar.<\/p>\n\n\n\n<p><strong>F\u00e1cil de limpiar: <\/strong>acero inoxidable Conformado integrado, sin huecos, no oculta la suciedad, liso y f\u00e1cil de limpiar<\/p>\n<\/div>\n\n\n\n<div class=\"wp-block-column is-layout-flow wp-block-column-is-layout-flow\"><div class=\"wp-block-image\">\n<figure class=\"aligncenter size-full is-resized\"><img decoding=\"async\" width=\"800\" height=\"800\" src=\"https:\/\/www.yongyukitchenware.com\/wp-content\/uploads\/2024\/10\/Wholesale-Stainless-Steel-Outdoor-Plate-Set-3.webp\" alt=\"Mayorista Plato de Acero Inoxidable para Exterior Set 3\" class=\"wp-image-1451\" style=\"width:406px;height:auto\" srcset=\"https:\/\/www.yongyukitchenware.com\/wp-content\/uploads\/2024\/10\/Wholesale-Stainless-Steel-Outdoor-Plate-Set-3.webp 800w, https:\/\/www.yongyukitchenware.com\/wp-content\/uploads\/2024\/10\/Wholesale-Stainless-Steel-Outdoor-Plate-Set-3-300x300.webp 300w, https:\/\/www.yongyukitchenware.com\/wp-content\/uploads\/2024\/10\/Wholesale-Stainless-Steel-Outdoor-Plate-Set-3-150x150.webp 150w, https:\/\/www.yongyukitchenware.com\/wp-content\/uploads\/2024\/10\/Wholesale-Stainless-Steel-Outdoor-Plate-Set-3-768x768.webp 768w, https:\/\/www.yongyukitchenware.com\/wp-content\/uploads\/2024\/10\/Wholesale-Stainless-Steel-Outdoor-Plate-Set-3-12x12.webp 12w, https:\/\/www.yongyukitchenware.com\/wp-content\/uploads\/2024\/10\/Wholesale-Stainless-Steel-Outdoor-Plate-Set-3-600x600.webp 600w, https:\/\/www.yongyukitchenware.com\/wp-content\/uploads\/2024\/10\/Wholesale-Stainless-Steel-Outdoor-Plate-Set-3-100x100.webp 100w\" sizes=\"(max-width: 800px) 100vw, 800px\" \/><\/figure>\n<\/div><\/div>\n<\/div>","protected":false},"excerpt":{"rendered":"<p>Vajilla de camping de acero inoxidable al por mayor, que incluye varios platos, cuencos, cubiertos y una pr\u00e1ctica bolsa de almacenamiento. Adecuado para viajes de picnic al aire libre, ecol\u00f3gico y f\u00e1cil de transportar y limpiar. Logotipo y embalaje personalizables, pida presupuesto ahora.<\/p>\n<h2 style=\"text-align: left;\">Vajilla de camping Par\u00e1metro:<\/h2>\n<p style=\"text-align: left;\"><strong>Material:<\/strong> Acero inoxidable<br \/><strong>Color:<\/strong> Color plata<br \/><strong>Accesorios:<\/strong> Bol grande de 16 cm, bol peque\u00f1o de 13,5 cm, plato peque\u00f1o de 17 cm, plato mediano de 19,2 cm, plato grande de 21,3 cm, plato cuadrado para mojar, plato para mojar pato mandar\u00edn, cuchara, tenedor, palillos.<br \/><strong>Embalaje:<\/strong> Bolsa Opp y caja de cart\u00f3n<br \/><strong>OEM\/ODM:<\/strong> Disponible \u00a0<\/p>\n<p>&nbsp;<\/p>\n<h2 class=\"wp-block-heading\">Del fabricante Camping Kitchen Essentials :<\/h2>\n<p>Yongyu es un fabricante profesional de utensilios de cocina para camping, nuestros productos abarcan todo tipo de utensilios de cocina de acero inoxidable para camping, como utensilios de cocina para camping, juegos de vajilla para camping, etc., proporcionando servicios de adquisici\u00f3n de calidad y precios asequibles para cada cliente.<\/p>","protected":false},"featured_media":1450,"comment_status":"closed","ping_status":"closed","template":"","meta":{"_acf_changed":true},"application":[31],"product_brand":[],"product_cat":[18],"product_tag":[],"class_list":{"0":"post-1447","1":"product","2":"type-product","3":"status-publish","4":"has-post-thumbnail","6":"application-champ-kitchen","7":"product_cat-camping-kitchen-essentials-wholesale","9":"first","10":"instock","11":"shipping-taxable","12":"product-type-simple"},"acf":[],"_links":{"self":[{"href":"https:\/\/www.yongyukitchenware.com\/es\/wp-json\/wp\/v2\/product\/1447","targetHints":{"allow":["GET"]}}],"collection":[{"href":"https:\/\/www.yongyukitchenware.com\/es\/wp-json\/wp\/v2\/product"}],"about":[{"href":"https:\/\/www.yongyukitchenware.com\/es\/wp-json\/wp\/v2\/types\/product"}],"replies":[{"embeddable":true,"href":"https:\/\/www.yongyukitchenware.com\/es\/wp-json\/wp\/v2\/comments?post=1447"}],"wp:featuredmedia":[{"embeddable":true,"href":"https:\/\/www.yongyukitchenware.com\/es\/wp-json\/wp\/v2\/media\/1450"}],"wp:attachment":[{"href":"https:\/\/www.yongyukitchenware.com\/es\/wp-json\/wp\/v2\/media?parent=1447"}],"wp:term":[{"taxonomy":"application","embeddable":true,"href":"https:\/\/www.yongyukitchenware.com\/es\/wp-json\/wp\/v2\/application?post=1447"},{"taxonomy":"product_brand","embeddable":true,"href":"https:\/\/www.yongyukitchenware.com\/es\/wp-json\/wp\/v2\/product_brand?post=1447"},{"taxonomy":"product_cat","embeddable":true,"href":"https:\/\/www.yongyukitchenware.com\/es\/wp-json\/wp\/v2\/product_cat?post=1447"},{"taxonomy":"product_tag","embeddable":true,"href":"https:\/\/www.yongyukitchenware.com\/es\/wp-json\/wp\/v2\/product_tag?post=1447"}],"curies":[{"name":"wp","href":"https:\/\/api.w.org\/{rel}","templated":true}]}}