{"id":1448,"date":"2024-10-22T02:00:25","date_gmt":"2024-10-22T02:00:25","guid":{"rendered":"https:\/\/www.yongyukitchenware.com\/?post_type=product&#038;p=1448"},"modified":"2025-07-10T10:14:53","modified_gmt":"2025-07-10T10:14:53","slug":"stainless-steel-ice-cubes-wholesale","status":"publish","type":"product","link":"https:\/\/www.yongyukitchenware.com\/es\/producto\/stainless-steel-ice-cubes-wholesale\/","title":{"rendered":"Mayorista Cubitos de Hielo de Acero Inoxidable con Pinzas Reutilizables"},"content":{"rendered":"<div class=\"wp-block-columns is-layout-flex wp-container-core-columns-is-layout-9d6595d7 wp-block-columns-is-layout-flex\">\n<div class=\"wp-block-column is-layout-flow wp-block-column-is-layout-flow\">\n<h2 class=\"wp-block-heading\">Cubitos de hielo de acero inoxidable Caracter\u00edsticas:<\/h2>\n\n\n\n<p><strong>Material de acero inoxidable de alta calidad: <\/strong>acero inoxidable 304 de calidad alimentaria, seguro y no t\u00f3xico para garantizar la pureza y la salud de sus bebidas<br><strong>Refrigeraci\u00f3n eficiente:<\/strong> se puede retirar despu\u00e9s de 3 horas de refrigeraci\u00f3n, se puede utilizar repetidamente, no se derrite, m\u00e1s saludable<br><strong>Seguro e higi\u00e9nico: <\/strong>Los bordes y esquinas de la piedra de hielo son lisos y f\u00e1ciles de limpiar, la superficie de acero inoxidable no absorbe olores ni sabores, con clips, f\u00e1cil de sujetar, limpiar e higi\u00e9nico<br><strong>Respetuoso con el medio ambiente:<\/strong> Se puede reutilizar indefinidamente, se puede lavar y volver a congelar despu\u00e9s de su uso, reduciendo el uso de cubitos de hielo de pl\u00e1stico desechables, respetuoso con el medio ambiente.<br><strong>Versatilidad: <\/strong>apto para whisky, c\u00f3cteles, vino tinto, brandy y otros tipos de bebidas, ideal para bares, restaurantes y familias<\/p>\n<\/div>\n\n\n\n<div class=\"wp-block-column is-layout-flow wp-block-column-is-layout-flow\">\n<h2 class=\"wp-block-heading\">Combinaci\u00f3n de cubitos de hielo de acero inoxidable Envasado:<\/h2>\n\n\n\n<figure class=\"wp-block-table\"><table class=\"has-fixed-layout\"><tbody><tr><td>Modelo<\/td><td>Combinaci\u00f3n<\/td><td>Embalaje<\/td><td>MOQ<\/td><\/tr><tr><td rowspan=\"6\">DY046-Z<\/td><td>Piedra de hielo para vino 4pcs<\/td><td>Caja de pl\u00e1stico<\/td><td>150PCS<\/td><\/tr><tr><td>Piedra de hielo para vino 4pcs<\/td><td>Caja de pl\u00e1stico con pinzas<\/td><td>80PCS<\/td><\/tr><tr><td>Piedra de hielo para vino 6pcs<\/td><td>Caja de pl\u00e1stico<\/td><td>100 UNIDADES<\/td><\/tr><tr><td>Piedras de hielo para vino 6pcs<\/td><td>Caja de pl\u00e1stico con pinzas<\/td><td>60PCS<\/td><\/tr><tr><td>Piedras de hielo para vino 8pcs<\/td><td>Caja de pl\u00e1stico con pinzas<\/td><td>60PCS<\/td><\/tr><tr><td>Piedra de hielo para vino 8pcs<\/td><td>Caja de colores con pinzas<\/td><td>60PCS<\/td><\/tr><\/tbody><\/table><\/figure>\n<\/div>\n<\/div>\n\n\n\n<div class=\"wp-block-columns is-layout-flex wp-container-core-columns-is-layout-9d6595d7 wp-block-columns-is-layout-flex\">\n<div class=\"wp-block-column is-layout-flow wp-block-column-is-layout-flow\">\n<figure class=\"wp-block-image size-full\"><img decoding=\"async\" width=\"800\" height=\"800\" src=\"https:\/\/www.yongyukitchenware.com\/wp-content\/uploads\/2024\/10\/supply-stainless-steel-ice-cubes-2.webp\" alt=\"suministro de cubitos de hielo de acero inoxidable (2)\" class=\"wp-image-1456\" srcset=\"https:\/\/www.yongyukitchenware.com\/wp-content\/uploads\/2024\/10\/supply-stainless-steel-ice-cubes-2.webp 800w, https:\/\/www.yongyukitchenware.com\/wp-content\/uploads\/2024\/10\/supply-stainless-steel-ice-cubes-2-300x300.webp 300w, https:\/\/www.yongyukitchenware.com\/wp-content\/uploads\/2024\/10\/supply-stainless-steel-ice-cubes-2-150x150.webp 150w, https:\/\/www.yongyukitchenware.com\/wp-content\/uploads\/2024\/10\/supply-stainless-steel-ice-cubes-2-768x768.webp 768w, https:\/\/www.yongyukitchenware.com\/wp-content\/uploads\/2024\/10\/supply-stainless-steel-ice-cubes-2-12x12.webp 12w, https:\/\/www.yongyukitchenware.com\/wp-content\/uploads\/2024\/10\/supply-stainless-steel-ice-cubes-2-600x600.webp 600w, https:\/\/www.yongyukitchenware.com\/wp-content\/uploads\/2024\/10\/supply-stainless-steel-ice-cubes-2-100x100.webp 100w\" sizes=\"(max-width: 800px) 100vw, 800px\" \/><\/figure>\n<\/div>\n\n\n\n<div class=\"wp-block-column is-layout-flow wp-block-column-is-layout-flow\">\n<figure class=\"wp-block-image size-full\"><img decoding=\"async\" width=\"800\" height=\"800\" src=\"https:\/\/www.yongyukitchenware.com\/wp-content\/uploads\/2024\/10\/supply-stainless-steel-ice-cubes-6.webp\" alt=\"suministro-cubos-de-hielo-de-acero-inoxidable (6)\" class=\"wp-image-1460\" srcset=\"https:\/\/www.yongyukitchenware.com\/wp-content\/uploads\/2024\/10\/supply-stainless-steel-ice-cubes-6.webp 800w, https:\/\/www.yongyukitchenware.com\/wp-content\/uploads\/2024\/10\/supply-stainless-steel-ice-cubes-6-300x300.webp 300w, https:\/\/www.yongyukitchenware.com\/wp-content\/uploads\/2024\/10\/supply-stainless-steel-ice-cubes-6-150x150.webp 150w, https:\/\/www.yongyukitchenware.com\/wp-content\/uploads\/2024\/10\/supply-stainless-steel-ice-cubes-6-768x768.webp 768w, https:\/\/www.yongyukitchenware.com\/wp-content\/uploads\/2024\/10\/supply-stainless-steel-ice-cubes-6-12x12.webp 12w, https:\/\/www.yongyukitchenware.com\/wp-content\/uploads\/2024\/10\/supply-stainless-steel-ice-cubes-6-600x600.webp 600w, https:\/\/www.yongyukitchenware.com\/wp-content\/uploads\/2024\/10\/supply-stainless-steel-ice-cubes-6-100x100.webp 100w\" sizes=\"(max-width: 800px) 100vw, 800px\" \/><\/figure>\n<\/div>\n<\/div>","protected":false},"excerpt":{"rendered":"<p>Los cubitos de hielo de acero inoxidable de alta calidad con pinzas de Yongyu est\u00e1n fabricados en acero inoxidable 304 apto para uso alimentario, seguro y no t\u00f3xico, reutilizable, y enfr\u00eda eficazmente su bebida. Es la piedra enfriadora de whisky perfecta para mejorar la experiencia de beber del cliente.<\/p>\n<h2>Cubitos de hielo de acero inoxidable Par\u00e1metros:<\/h2>\n<p><strong>Material:<\/strong> Acero inoxidable<br \/><strong>Tama\u00f1o\uff1a<\/strong>27mm*27mm<br \/><strong>Forma:<\/strong> Cuadrado<br \/><strong>Diferentes combinaciones:<\/strong> 4pcs, 6pcs, 8pcs, etc.<br \/><strong>Embalaje:<\/strong> Caja de color, caja principal o personalizada<br \/><strong>OEM\/ODM:<\/strong> Disponible<\/p>\n<h2 class=\"wp-block-heading\">De Yongyu Catering Suministros Mayorista :<\/h2>\n<p>Como el mejor fabricante de suministros de catering en China, nos especializamos en aduanas y venta al por mayor de utensilios de bar de alta calidad. Tenemos 25 a\u00f1os de experiencia profesional para asegurar que los clientes obtengan los productos m\u00e1s vanguardistas y servicios eficientes.<\/p>","protected":false},"featured_media":2028,"comment_status":"closed","ping_status":"closed","template":"","meta":{"_acf_changed":true},"application":[30],"product_brand":[],"product_cat":[16],"product_tag":[],"class_list":{"0":"post-1448","1":"product","2":"type-product","3":"status-publish","4":"has-post-thumbnail","6":"application-hotel-catering","7":"product_cat-barware-wholesale-custom","9":"first","10":"instock","11":"shipping-taxable","12":"product-type-simple"},"acf":[],"_links":{"self":[{"href":"https:\/\/www.yongyukitchenware.com\/es\/wp-json\/wp\/v2\/product\/1448","targetHints":{"allow":["GET"]}}],"collection":[{"href":"https:\/\/www.yongyukitchenware.com\/es\/wp-json\/wp\/v2\/product"}],"about":[{"href":"https:\/\/www.yongyukitchenware.com\/es\/wp-json\/wp\/v2\/types\/product"}],"replies":[{"embeddable":true,"href":"https:\/\/www.yongyukitchenware.com\/es\/wp-json\/wp\/v2\/comments?post=1448"}],"wp:featuredmedia":[{"embeddable":true,"href":"https:\/\/www.yongyukitchenware.com\/es\/wp-json\/wp\/v2\/media\/2028"}],"wp:attachment":[{"href":"https:\/\/www.yongyukitchenware.com\/es\/wp-json\/wp\/v2\/media?parent=1448"}],"wp:term":[{"taxonomy":"application","embeddable":true,"href":"https:\/\/www.yongyukitchenware.com\/es\/wp-json\/wp\/v2\/application?post=1448"},{"taxonomy":"product_brand","embeddable":true,"href":"https:\/\/www.yongyukitchenware.com\/es\/wp-json\/wp\/v2\/product_brand?post=1448"},{"taxonomy":"product_cat","embeddable":true,"href":"https:\/\/www.yongyukitchenware.com\/es\/wp-json\/wp\/v2\/product_cat?post=1448"},{"taxonomy":"product_tag","embeddable":true,"href":"https:\/\/www.yongyukitchenware.com\/es\/wp-json\/wp\/v2\/product_tag?post=1448"}],"curies":[{"name":"wp","href":"https:\/\/api.w.org\/{rel}","templated":true}]}}