{"id":1487,"date":"2024-10-30T03:59:28","date_gmt":"2024-10-30T03:59:28","guid":{"rendered":"https:\/\/www.yongyukitchenware.com\/?post_type=product&#038;p=1487"},"modified":"2025-06-13T02:30:02","modified_gmt":"2025-06-13T02:30:02","slug":"stainless-steel-pot-wholesale","status":"publish","type":"product","link":"https:\/\/www.yongyukitchenware.com\/es\/producto\/stainless-steel-pot-wholesale\/","title":{"rendered":"Olla Japonesa de Acero Inoxidable con Tapa y Mango de Madera"},"content":{"rendered":"<div class=\"wp-block-columns is-layout-flex wp-container-core-columns-is-layout-9d6595d7 wp-block-columns-is-layout-flex\">\n<div class=\"wp-block-column is-layout-flow wp-block-column-is-layout-flow\">\n<h2 class=\"wp-block-heading\">Olla de acero inoxidable Caracter\u00edsticas:<\/h2>\n\n\n\n<p><strong>Acero inoxidable de calidad: <\/strong>Acero inoxidable de calidad alimentaria, resistente al \u00f3xido y duradero, f\u00e1cil de limpiar<br>Dise\u00f1o de marcado de capacidad: capacidad impresa en el interior de la olla, f\u00e1cil de medir y controlar<br><strong>Mango de madera:<\/strong> dise\u00f1o ergon\u00f3mico, c\u00f3modo de sujetar, con buen aislamiento t\u00e9rmico y antiquemaduras<br><strong>Cuerpo de cacerola liso:<\/strong> cuerpo de la sart\u00e9n engrosado y profundizado, liso y antiadherente, f\u00e1cil de limpiar, m\u00e1s duradero<br><strong>Tapa transparente: <\/strong>Cuenta con una tapa de cristal transparente, que facilita la observaci\u00f3n del proceso de cocci\u00f3n mientras mantiene el calor y la humedad.<br><strong>Calefacci\u00f3n uniforme:<\/strong> La olla tiene un fondo plano, y la estructura multicapa del compartimento de cocci\u00f3n al vapor garantiza una distribuci\u00f3n uniforme del calor, cocinando los alimentos uniformemente y mejorando el resultado de la cocci\u00f3n.<\/p>\n\n\n\n<h2 class=\"wp-block-heading\">Acero inoxidable Tama\u00f1o de la olla:<\/h2>\n\n\n\n<figure class=\"wp-block-table\"><table class=\"has-fixed-layout\"><tbody><tr><td>Modelo<\/td><td>Estilos<\/td><td>Talla<\/td><td>Di\u00e1metro * Altura (cm)<\/td><td>MOQ<\/td><\/tr><tr><td rowspan=\"7\">DY036-G<\/td><td rowspan=\"4\">Olla monomando<\/td><td>16CM<\/td><td>16*8cm<\/td><td rowspan=\"7\">60PCS<\/td><\/tr><tr><td>18CM<\/td><td>18*8,5 cm<\/td><\/tr><tr><td>20CM<\/td><td>20*9cm<\/td><\/tr><tr><td>22CM<\/td><td>22*9,5 cm<\/td><\/tr><tr><td rowspan=\"3\">Olla de doble asa<\/td><td>18 cm<\/td><td>18*8,5 cm<\/td><\/tr><tr><td>20 cm<\/td><td>20*9cm<\/td><\/tr><tr><td>22 cm<\/td><td>22*9,5 cm<\/td><\/tr><\/tbody><\/table><\/figure>\n<\/div>\n\n\n\n<div class=\"wp-block-column is-layout-flow wp-block-column-is-layout-flow\">\n<div class=\"wp-block-columns is-layout-flex wp-container-core-columns-is-layout-9d6595d7 wp-block-columns-is-layout-flex\">\n<div class=\"wp-block-column is-layout-flow wp-block-column-is-layout-flow\">\n<figure class=\"wp-block-image size-full\"><img decoding=\"async\" width=\"800\" height=\"800\" src=\"https:\/\/www.yongyukitchenware.com\/wp-content\/uploads\/2024\/10\/stainless-steel-pot-manufacturer-7.webp\" alt=\"fabricante de ollas de acero inoxidable (7)\" class=\"wp-image-1495\" srcset=\"https:\/\/www.yongyukitchenware.com\/wp-content\/uploads\/2024\/10\/stainless-steel-pot-manufacturer-7.webp 800w, https:\/\/www.yongyukitchenware.com\/wp-content\/uploads\/2024\/10\/stainless-steel-pot-manufacturer-7-300x300.webp 300w, https:\/\/www.yongyukitchenware.com\/wp-content\/uploads\/2024\/10\/stainless-steel-pot-manufacturer-7-150x150.webp 150w, https:\/\/www.yongyukitchenware.com\/wp-content\/uploads\/2024\/10\/stainless-steel-pot-manufacturer-7-768x768.webp 768w, https:\/\/www.yongyukitchenware.com\/wp-content\/uploads\/2024\/10\/stainless-steel-pot-manufacturer-7-12x12.webp 12w, https:\/\/www.yongyukitchenware.com\/wp-content\/uploads\/2024\/10\/stainless-steel-pot-manufacturer-7-600x600.webp 600w, https:\/\/www.yongyukitchenware.com\/wp-content\/uploads\/2024\/10\/stainless-steel-pot-manufacturer-7-100x100.webp 100w\" sizes=\"(max-width: 800px) 100vw, 800px\" \/><\/figure>\n<\/div>\n\n\n\n<div class=\"wp-block-column is-layout-flow wp-block-column-is-layout-flow\">\n<figure class=\"wp-block-image size-full\"><img decoding=\"async\" width=\"800\" height=\"800\" src=\"https:\/\/www.yongyukitchenware.com\/wp-content\/uploads\/2024\/10\/stainless-steel-pot-manufacturer-6.webp\" alt=\"fabricante de ollas de acero inoxidable (6)\" class=\"wp-image-1494\" srcset=\"https:\/\/www.yongyukitchenware.com\/wp-content\/uploads\/2024\/10\/stainless-steel-pot-manufacturer-6.webp 800w, https:\/\/www.yongyukitchenware.com\/wp-content\/uploads\/2024\/10\/stainless-steel-pot-manufacturer-6-300x300.webp 300w, https:\/\/www.yongyukitchenware.com\/wp-content\/uploads\/2024\/10\/stainless-steel-pot-manufacturer-6-150x150.webp 150w, https:\/\/www.yongyukitchenware.com\/wp-content\/uploads\/2024\/10\/stainless-steel-pot-manufacturer-6-768x768.webp 768w, https:\/\/www.yongyukitchenware.com\/wp-content\/uploads\/2024\/10\/stainless-steel-pot-manufacturer-6-12x12.webp 12w, https:\/\/www.yongyukitchenware.com\/wp-content\/uploads\/2024\/10\/stainless-steel-pot-manufacturer-6-600x600.webp 600w, https:\/\/www.yongyukitchenware.com\/wp-content\/uploads\/2024\/10\/stainless-steel-pot-manufacturer-6-100x100.webp 100w\" sizes=\"(max-width: 800px) 100vw, 800px\" \/><\/figure>\n<\/div>\n<\/div>\n\n\n\n<div class=\"wp-block-columns is-layout-flex wp-container-core-columns-is-layout-9d6595d7 wp-block-columns-is-layout-flex\">\n<div class=\"wp-block-column is-layout-flow wp-block-column-is-layout-flow\">\n<figure class=\"wp-block-image size-full\"><img decoding=\"async\" width=\"800\" height=\"800\" src=\"https:\/\/www.yongyukitchenware.com\/wp-content\/uploads\/2024\/10\/stainless-steel-pot-manufacturer-4.webp\" alt=\"fabricante de ollas de acero inoxidable (4)\" class=\"wp-image-1492\" srcset=\"https:\/\/www.yongyukitchenware.com\/wp-content\/uploads\/2024\/10\/stainless-steel-pot-manufacturer-4.webp 800w, https:\/\/www.yongyukitchenware.com\/wp-content\/uploads\/2024\/10\/stainless-steel-pot-manufacturer-4-300x300.webp 300w, https:\/\/www.yongyukitchenware.com\/wp-content\/uploads\/2024\/10\/stainless-steel-pot-manufacturer-4-150x150.webp 150w, https:\/\/www.yongyukitchenware.com\/wp-content\/uploads\/2024\/10\/stainless-steel-pot-manufacturer-4-768x768.webp 768w, https:\/\/www.yongyukitchenware.com\/wp-content\/uploads\/2024\/10\/stainless-steel-pot-manufacturer-4-12x12.webp 12w, https:\/\/www.yongyukitchenware.com\/wp-content\/uploads\/2024\/10\/stainless-steel-pot-manufacturer-4-600x600.webp 600w, https:\/\/www.yongyukitchenware.com\/wp-content\/uploads\/2024\/10\/stainless-steel-pot-manufacturer-4-100x100.webp 100w\" sizes=\"(max-width: 800px) 100vw, 800px\" \/><\/figure>\n<\/div>\n\n\n\n<div class=\"wp-block-column is-layout-flow wp-block-column-is-layout-flow\">\n<figure class=\"wp-block-image size-full\"><img decoding=\"async\" width=\"800\" height=\"800\" src=\"https:\/\/www.yongyukitchenware.com\/wp-content\/uploads\/2024\/10\/stainless-steel-pot-manufacturer-3.webp\" alt=\"fabricante de ollas de acero inoxidable (3)\" class=\"wp-image-1491\" srcset=\"https:\/\/www.yongyukitchenware.com\/wp-content\/uploads\/2024\/10\/stainless-steel-pot-manufacturer-3.webp 800w, https:\/\/www.yongyukitchenware.com\/wp-content\/uploads\/2024\/10\/stainless-steel-pot-manufacturer-3-300x300.webp 300w, https:\/\/www.yongyukitchenware.com\/wp-content\/uploads\/2024\/10\/stainless-steel-pot-manufacturer-3-150x150.webp 150w, https:\/\/www.yongyukitchenware.com\/wp-content\/uploads\/2024\/10\/stainless-steel-pot-manufacturer-3-768x768.webp 768w, https:\/\/www.yongyukitchenware.com\/wp-content\/uploads\/2024\/10\/stainless-steel-pot-manufacturer-3-12x12.webp 12w, https:\/\/www.yongyukitchenware.com\/wp-content\/uploads\/2024\/10\/stainless-steel-pot-manufacturer-3-600x600.webp 600w, https:\/\/www.yongyukitchenware.com\/wp-content\/uploads\/2024\/10\/stainless-steel-pot-manufacturer-3-100x100.webp 100w\" sizes=\"(max-width: 800px) 100vw, 800px\" \/><\/figure>\n<\/div>\n<\/div>\n<\/div>\n<\/div>\n\n\n\n<p><\/p>","protected":false},"excerpt":{"rendered":"<p>Las ollas y soperas de acero inoxidable Yongyu, son de alta calidad y aptas para inducci\u00f3n y fogones, con vaporera, tapas de cristal y asas de madera. <span class=\"Editor_t__not_edited__WuRP8\">Proporcione <\/span><span class=\"Editor_t__added__LtuNJ\">competitivo<\/span><span class=\"Editor_t__not_edited__WuRP8\"> soluciones personalizadas <\/span><span class=\"Editor_t__added__LtuNJ\">a<\/span> <span class=\"Editor_t__added__LtuNJ\">todos<\/span> <span class=\"Editor_t__added__LtuNJ\">clientes<\/span><span class=\"Editor_t__not_edited__WuRP8\">.<\/span><\/p>\n<h2>Par\u00e1metro de la olla de acero inoxidable:<\/h2>\n<p><strong>Material:<\/strong> Acero inoxidable<br \/><strong>Tipos de utensilios de cocina:<\/strong> Olla de leche, olla de sopa, olla de vapor, olla de nieve,<br \/><strong>Dise\u00f1o del asa:<\/strong> Asa de madera y tirador reforzado con remaches<br \/><strong>Diferentes tama\u00f1os:<\/strong> 16 cm, 18 cm, 20 cm<br \/><strong>Embalaje:<\/strong> Bbag\/bulto\/cart\u00f3n o personalizado<br \/><strong>OEM\/ODM:<\/strong> Disponible<\/p>\n<h2 class=\"wp-block-heading\">De Yongyu Cookware Fabricante :<\/h2>\n<p>Yongyu es un fabricante profesional de utensilios de cocina. Nuestros productos incluyen todo tipo de utensilios de cocina de acero inoxidable, como ollas para fideos, sartenes, ollas para guisos, etc., y ofrecemos servicios de adquisici\u00f3n de calidad y precios asequibles para cada cliente.<\/p>","protected":false},"featured_media":1493,"comment_status":"closed","ping_status":"closed","template":"","meta":{"_acf_changed":false},"application":[29],"product_brand":[],"product_cat":[23,32],"product_tag":[43],"class_list":{"0":"post-1487","1":"product","2":"type-product","3":"status-publish","4":"has-post-thumbnail","6":"application-home-kitchen","7":"product_cat-kitchenware-wholesale","8":"product_cat-wholesale-cookware","9":"product_tag-recommend","11":"first","12":"instock","13":"shipping-taxable","14":"product-type-simple"},"acf":[],"_links":{"self":[{"href":"https:\/\/www.yongyukitchenware.com\/es\/wp-json\/wp\/v2\/product\/1487","targetHints":{"allow":["GET"]}}],"collection":[{"href":"https:\/\/www.yongyukitchenware.com\/es\/wp-json\/wp\/v2\/product"}],"about":[{"href":"https:\/\/www.yongyukitchenware.com\/es\/wp-json\/wp\/v2\/types\/product"}],"replies":[{"embeddable":true,"href":"https:\/\/www.yongyukitchenware.com\/es\/wp-json\/wp\/v2\/comments?post=1487"}],"wp:featuredmedia":[{"embeddable":true,"href":"https:\/\/www.yongyukitchenware.com\/es\/wp-json\/wp\/v2\/media\/1493"}],"wp:attachment":[{"href":"https:\/\/www.yongyukitchenware.com\/es\/wp-json\/wp\/v2\/media?parent=1487"}],"wp:term":[{"taxonomy":"application","embeddable":true,"href":"https:\/\/www.yongyukitchenware.com\/es\/wp-json\/wp\/v2\/application?post=1487"},{"taxonomy":"product_brand","embeddable":true,"href":"https:\/\/www.yongyukitchenware.com\/es\/wp-json\/wp\/v2\/product_brand?post=1487"},{"taxonomy":"product_cat","embeddable":true,"href":"https:\/\/www.yongyukitchenware.com\/es\/wp-json\/wp\/v2\/product_cat?post=1487"},{"taxonomy":"product_tag","embeddable":true,"href":"https:\/\/www.yongyukitchenware.com\/es\/wp-json\/wp\/v2\/product_tag?post=1487"}],"curies":[{"name":"wp","href":"https:\/\/api.w.org\/{rel}","templated":true}]}}