{"id":1523,"date":"2024-10-30T05:36:30","date_gmt":"2024-10-30T05:36:30","guid":{"rendered":"https:\/\/www.yongyukitchenware.com\/?post_type=product&#038;p=1523"},"modified":"2025-07-10T10:03:43","modified_gmt":"2025-07-10T10:03:43","slug":"stainless-steel-bowl-wholesale","status":"publish","type":"product","link":"https:\/\/www.yongyukitchenware.com\/es\/producto\/stainless-steel-bowl-wholesale\/","title":{"rendered":"Taz\u00f3n de acero inoxidable al por mayor Korean Salad Serving Bowl"},"content":{"rendered":"<div class=\"wp-block-columns is-layout-flex wp-container-core-columns-is-layout-9d6595d7 wp-block-columns-is-layout-flex\">\n<div class=\"wp-block-column is-layout-flow wp-block-column-is-layout-flow\">\n<h2 class=\"wp-block-heading\">Taz\u00f3n de acero inoxidable Caracter\u00edsticas:<\/h2>\n\n\n\n<p><strong>Acero inoxidable de alta calidad:<\/strong> material de acero inoxidable de calidad alimentaria, fuerte y duradero, no es f\u00e1cil de deformar, el uso a largo plazo sigue siendo brillante como nuevo<br><strong>Proceso de cepillado y pulido: <\/strong>textura suave y delicada, proceso de cepillado interno, no es f\u00e1cil ocultar la suciedad, limpieza f\u00e1cil y r\u00e1pida<br><strong>Dise\u00f1o de bordes enrollados:<\/strong> Bordes redondeados y lisos, f\u00e1ciles de manejar y evitan lesiones en las manos<br><strong>Colocaci\u00f3n estable:<\/strong> fondo grueso y liso, colocaci\u00f3n suave, antideslizante resistente al desgaste<br><strong>Resistencia a altas temperaturas: <\/strong>apto para alimentos fr\u00edos y calientes, apto para uso dom\u00e9stico y comercial.<br><strong>Suministro al por mayor: <\/strong>Adecuado para el sector de la restauraci\u00f3n, supermercados, hoteles y otras compras a granel, rentable.<\/p>\n\n\n\n<h2 class=\"wp-block-heading\">Acero inoxidable Tama\u00f1o del cuenco:<\/h2>\n\n\n\n<figure class=\"wp-block-table\"><table class=\"has-fixed-layout\"><tbody><tr><td>Modelo<\/td><td>Talla<\/td><td>Di\u00e1metro * Altura (cm)<\/td><td>MOQ<\/td><\/tr><tr><td rowspan=\"2\">DY033-TLP<\/td><td>15CM<\/td><td>15*7,3 cm<\/td><td rowspan=\"2\">160PCS<\/td><\/tr><tr><td>20CM<\/td><td>20*9cm<\/td><\/tr><\/tbody><\/table><\/figure>\n<\/div>\n\n\n\n<div class=\"wp-block-column is-layout-flow wp-block-column-is-layout-flow\">\n<div class=\"wp-block-columns is-layout-flex wp-container-core-columns-is-layout-9d6595d7 wp-block-columns-is-layout-flex\">\n<div class=\"wp-block-column is-layout-flow wp-block-column-is-layout-flow\">\n<figure class=\"wp-block-image size-full is-resized\"><img decoding=\"async\" width=\"800\" height=\"800\" src=\"https:\/\/www.yongyukitchenware.com\/wp-content\/uploads\/2024\/10\/stainless-steel-bowl-manufacture-2.webp\" alt=\"fabricaci\u00f3n de cubetas de acero inoxidable (2)\" class=\"wp-image-1525\" style=\"width:389px;height:auto\" srcset=\"https:\/\/www.yongyukitchenware.com\/wp-content\/uploads\/2024\/10\/stainless-steel-bowl-manufacture-2.webp 800w, https:\/\/www.yongyukitchenware.com\/wp-content\/uploads\/2024\/10\/stainless-steel-bowl-manufacture-2-300x300.webp 300w, https:\/\/www.yongyukitchenware.com\/wp-content\/uploads\/2024\/10\/stainless-steel-bowl-manufacture-2-150x150.webp 150w, https:\/\/www.yongyukitchenware.com\/wp-content\/uploads\/2024\/10\/stainless-steel-bowl-manufacture-2-768x768.webp 768w, https:\/\/www.yongyukitchenware.com\/wp-content\/uploads\/2024\/10\/stainless-steel-bowl-manufacture-2-12x12.webp 12w, https:\/\/www.yongyukitchenware.com\/wp-content\/uploads\/2024\/10\/stainless-steel-bowl-manufacture-2-600x600.webp 600w, https:\/\/www.yongyukitchenware.com\/wp-content\/uploads\/2024\/10\/stainless-steel-bowl-manufacture-2-100x100.webp 100w\" sizes=\"(max-width: 800px) 100vw, 800px\" \/><\/figure>\n<\/div>\n<\/div>\n\n\n\n<div class=\"wp-block-columns is-layout-flex wp-container-core-columns-is-layout-9d6595d7 wp-block-columns-is-layout-flex\">\n<div class=\"wp-block-column is-layout-flow wp-block-column-is-layout-flow\">\n<figure class=\"wp-block-image size-full is-resized\"><img decoding=\"async\" width=\"800\" height=\"800\" src=\"https:\/\/www.yongyukitchenware.com\/wp-content\/uploads\/2024\/10\/stainless-steel-bowl-manufacture-3.webp\" alt=\"fabricaci\u00f3n de cubetas de acero inoxidable (3)\" class=\"wp-image-1526\" style=\"width:389px\" srcset=\"https:\/\/www.yongyukitchenware.com\/wp-content\/uploads\/2024\/10\/stainless-steel-bowl-manufacture-3.webp 800w, https:\/\/www.yongyukitchenware.com\/wp-content\/uploads\/2024\/10\/stainless-steel-bowl-manufacture-3-300x300.webp 300w, https:\/\/www.yongyukitchenware.com\/wp-content\/uploads\/2024\/10\/stainless-steel-bowl-manufacture-3-150x150.webp 150w, https:\/\/www.yongyukitchenware.com\/wp-content\/uploads\/2024\/10\/stainless-steel-bowl-manufacture-3-768x768.webp 768w, https:\/\/www.yongyukitchenware.com\/wp-content\/uploads\/2024\/10\/stainless-steel-bowl-manufacture-3-12x12.webp 12w, https:\/\/www.yongyukitchenware.com\/wp-content\/uploads\/2024\/10\/stainless-steel-bowl-manufacture-3-600x600.webp 600w, https:\/\/www.yongyukitchenware.com\/wp-content\/uploads\/2024\/10\/stainless-steel-bowl-manufacture-3-100x100.webp 100w\" sizes=\"(max-width: 800px) 100vw, 800px\" \/><\/figure>\n<\/div>\n<\/div>\n<\/div>\n<\/div>\n\n\n\n<p><\/p>","protected":false},"excerpt":{"rendered":"<p>Tazones de acero inoxidable al por mayor, fabricados en acero inoxidable de calidad alimentaria, disponibles en varios tama\u00f1os y colores. Se puede utilizar para servir ensaladas, comida, sopas de fideos, etc., y es una cocina dom\u00e9stica imprescindible o suministros de catering.<\/p>\n<h2>Taz\u00f3n de acero inoxidable Par\u00e1metros:<\/h2>\n<p><strong>Material:<\/strong> acero inoxidable<br \/><strong>Color:<\/strong> oro y plata<br \/><strong>Dise\u00f1o del plato:<\/strong> cepillado y pulido y proceso de borde laminado<br \/><strong>Tama\u00f1o:<\/strong> 15 cm y 20 cm<br \/><strong>Embalaje:<\/strong> bolsa\/granel\/cart\u00f3n o personalizado<br \/><strong>OEM\/ODM:<\/strong> disponible<\/p>\n<h2 class=\"wp-block-heading\">Del mayorista de vajillas Yongyu:<\/h2>\n<p class=\"wp-block-heading\">Yongyu Tableware Wholesaler puede satisfacer las necesidades de la costumbre a granel y proporcionar una serie de suministros de catering al por mayor de alta calidad que combina elegancia y durabilidad. Incluyendo vajilla, vajilla de bebidas, equipos de catering, utensilios de cocina, elementos esenciales de cocina de campamento, etc.<\/p>","protected":false},"featured_media":1524,"comment_status":"closed","ping_status":"closed","template":"","meta":{"_acf_changed":true},"application":[29],"product_brand":[],"product_cat":[21,47],"product_tag":[],"class_list":{"0":"post-1523","1":"product","2":"type-product","3":"status-publish","4":"has-post-thumbnail","6":"application-home-kitchen","7":"product_cat-tableware-wholesale","8":"product_cat-stainless-steel-bowls-wholesale","10":"first","11":"instock","12":"shipping-taxable","13":"product-type-simple"},"acf":[],"_links":{"self":[{"href":"https:\/\/www.yongyukitchenware.com\/es\/wp-json\/wp\/v2\/product\/1523","targetHints":{"allow":["GET"]}}],"collection":[{"href":"https:\/\/www.yongyukitchenware.com\/es\/wp-json\/wp\/v2\/product"}],"about":[{"href":"https:\/\/www.yongyukitchenware.com\/es\/wp-json\/wp\/v2\/types\/product"}],"replies":[{"embeddable":true,"href":"https:\/\/www.yongyukitchenware.com\/es\/wp-json\/wp\/v2\/comments?post=1523"}],"wp:featuredmedia":[{"embeddable":true,"href":"https:\/\/www.yongyukitchenware.com\/es\/wp-json\/wp\/v2\/media\/1524"}],"wp:attachment":[{"href":"https:\/\/www.yongyukitchenware.com\/es\/wp-json\/wp\/v2\/media?parent=1523"}],"wp:term":[{"taxonomy":"application","embeddable":true,"href":"https:\/\/www.yongyukitchenware.com\/es\/wp-json\/wp\/v2\/application?post=1523"},{"taxonomy":"product_brand","embeddable":true,"href":"https:\/\/www.yongyukitchenware.com\/es\/wp-json\/wp\/v2\/product_brand?post=1523"},{"taxonomy":"product_cat","embeddable":true,"href":"https:\/\/www.yongyukitchenware.com\/es\/wp-json\/wp\/v2\/product_cat?post=1523"},{"taxonomy":"product_tag","embeddable":true,"href":"https:\/\/www.yongyukitchenware.com\/es\/wp-json\/wp\/v2\/product_tag?post=1523"}],"curies":[{"name":"wp","href":"https:\/\/api.w.org\/{rel}","templated":true}]}}