{"id":1547,"date":"2024-10-10T08:13:40","date_gmt":"2024-10-10T08:13:40","guid":{"rendered":"https:\/\/www.yongyukitchenware.com\/?post_type=product&#038;p=1547"},"modified":"2025-07-10T09:55:14","modified_gmt":"2025-07-10T09:55:14","slug":"stainless-steel-mixing-bowl-wholesale","status":"publish","type":"product","link":"https:\/\/www.yongyukitchenware.com\/es\/producto\/stainless-steel-mixing-bowl-wholesale\/","title":{"rendered":"Taz\u00f3n de acero inoxidable al por mayor ensaladeras coreanas de varios tama\u00f1os"},"content":{"rendered":"<div class=\"wp-block-columns is-layout-flex wp-container-core-columns-is-layout-9d6595d7 wp-block-columns-is-layout-flex\">\n<div class=\"wp-block-column is-layout-flow wp-block-column-is-layout-flow\">\n<h2 class=\"wp-block-heading\">Bol de mezcla de acero inoxidable Caracter\u00edsticas :<\/h2>\n\n\n\n<p><strong>Acero inoxidable de alta calidad: <\/strong>Acero inoxidable 201\/304 opcional, material grueso, garant\u00eda de calidad<br><strong>Cesta multiusos:<\/strong> Cesta de malla de 18 cm, 22 cm, 24 cm, 28 cm para lavar verduras y frutas o filtrar harina.<br><strong>Dise\u00f1o interno: <\/strong>escala de capacidad interna, f\u00e1cil de captar la capacidad<br><strong>Dise\u00f1o m\u00e1s profundo:<\/strong> Una cuenca m\u00e1s profunda es m\u00e1s conveniente para el almacenamiento, gran capacidad no es f\u00e1cil de salpicaduras, y un funcionamiento seguro.<br><strong>Dise\u00f1o de bordes enrollados:<\/strong> borde liso y redondeado, f\u00e1cil de manejar, evita lesiones en las manos, f\u00e1cil de limpiar.<br><strong>Nivelaci\u00f3n inferior:<\/strong> el fondo se puede calentar directamente, se calienta uniformemente, se puede utilizar como cacerola<\/p>\n\n\n\n<h2 class=\"wp-block-heading\">Bol de acero inoxidable Tama\u00f1o:<\/h2>\n\n\n\n<figure class=\"wp-block-table\"><table class=\"has-fixed-layout\"><tbody><tr><td>Modelo<\/td><td>Talla<\/td><td>Di\u00e1metro * Altura (cm)<\/td><td>MOQ<\/td><\/tr><tr><td rowspan=\"6\">DY036-TLP<\/td><td>16CM<\/td><td>16*6,1 cm<\/td><td>200PCS<\/td><\/tr><tr><td>19CM<\/td><td>19*7,3 cm<\/td><td>200PCS<\/td><\/tr><tr><td>22 cm<\/td><td>22*8,3 cm<\/td><td>100 UNIDADES<\/td><\/tr><tr><td>25CM<\/td><td>25*9,2 cm<\/td><td>100 UNIDADES<\/td><\/tr><tr><td>28CM<\/td><td>28*10,1 cm<\/td><td>100 UNIDADES<\/td><\/tr><tr><td>31CM<\/td><td>31*11,2 cm<\/td><td>100 UNIDADES<\/td><\/tr><\/tbody><\/table><\/figure>\n<\/div>\n\n\n\n<div class=\"wp-block-column is-layout-flow wp-block-column-is-layout-flow\">\n<div class=\"wp-block-columns is-layout-flex wp-container-core-columns-is-layout-9d6595d7 wp-block-columns-is-layout-flex\">\n<div class=\"wp-block-column is-layout-flow wp-block-column-is-layout-flow\">\n<figure class=\"wp-block-image size-full\"><img decoding=\"async\" width=\"800\" height=\"800\" src=\"https:\/\/www.yongyukitchenware.com\/wp-content\/uploads\/2024\/10\/stainless-steel-mixing-bowl-supply-3.webp\" alt=\"suministro de cubetas de acero inoxidable (3)\" class=\"wp-image-1557\" srcset=\"https:\/\/www.yongyukitchenware.com\/wp-content\/uploads\/2024\/10\/stainless-steel-mixing-bowl-supply-3.webp 800w, https:\/\/www.yongyukitchenware.com\/wp-content\/uploads\/2024\/10\/stainless-steel-mixing-bowl-supply-3-300x300.webp 300w, https:\/\/www.yongyukitchenware.com\/wp-content\/uploads\/2024\/10\/stainless-steel-mixing-bowl-supply-3-150x150.webp 150w, https:\/\/www.yongyukitchenware.com\/wp-content\/uploads\/2024\/10\/stainless-steel-mixing-bowl-supply-3-768x768.webp 768w, https:\/\/www.yongyukitchenware.com\/wp-content\/uploads\/2024\/10\/stainless-steel-mixing-bowl-supply-3-12x12.webp 12w, https:\/\/www.yongyukitchenware.com\/wp-content\/uploads\/2024\/10\/stainless-steel-mixing-bowl-supply-3-600x600.webp 600w, https:\/\/www.yongyukitchenware.com\/wp-content\/uploads\/2024\/10\/stainless-steel-mixing-bowl-supply-3-100x100.webp 100w\" sizes=\"(max-width: 800px) 100vw, 800px\" \/><\/figure>\n<\/div>\n\n\n\n<div class=\"wp-block-column is-layout-flow wp-block-column-is-layout-flow\">\n<figure class=\"wp-block-image size-full\"><img decoding=\"async\" width=\"800\" height=\"800\" src=\"https:\/\/www.yongyukitchenware.com\/wp-content\/uploads\/2024\/10\/stainless-steel-mixing-bowl-supply-2.webp\" alt=\"suministro de cubetas de acero inoxidable (2)\" class=\"wp-image-1556\" srcset=\"https:\/\/www.yongyukitchenware.com\/wp-content\/uploads\/2024\/10\/stainless-steel-mixing-bowl-supply-2.webp 800w, https:\/\/www.yongyukitchenware.com\/wp-content\/uploads\/2024\/10\/stainless-steel-mixing-bowl-supply-2-300x300.webp 300w, https:\/\/www.yongyukitchenware.com\/wp-content\/uploads\/2024\/10\/stainless-steel-mixing-bowl-supply-2-150x150.webp 150w, https:\/\/www.yongyukitchenware.com\/wp-content\/uploads\/2024\/10\/stainless-steel-mixing-bowl-supply-2-768x768.webp 768w, https:\/\/www.yongyukitchenware.com\/wp-content\/uploads\/2024\/10\/stainless-steel-mixing-bowl-supply-2-12x12.webp 12w, https:\/\/www.yongyukitchenware.com\/wp-content\/uploads\/2024\/10\/stainless-steel-mixing-bowl-supply-2-600x600.webp 600w, https:\/\/www.yongyukitchenware.com\/wp-content\/uploads\/2024\/10\/stainless-steel-mixing-bowl-supply-2-100x100.webp 100w\" sizes=\"(max-width: 800px) 100vw, 800px\" \/><\/figure>\n<\/div>\n<\/div>\n\n\n\n<div class=\"wp-block-columns is-layout-flex wp-container-core-columns-is-layout-9d6595d7 wp-block-columns-is-layout-flex\">\n<div class=\"wp-block-column is-layout-flow wp-block-column-is-layout-flow\">\n<figure class=\"wp-block-image size-full\"><img decoding=\"async\" width=\"800\" height=\"800\" src=\"https:\/\/www.yongyukitchenware.com\/wp-content\/uploads\/2024\/10\/stainless-steel-mixing-bowl-supply-6.webp\" alt=\"suministro de cubetas de acero inoxidable (6)\" class=\"wp-image-1560\" srcset=\"https:\/\/www.yongyukitchenware.com\/wp-content\/uploads\/2024\/10\/stainless-steel-mixing-bowl-supply-6.webp 800w, https:\/\/www.yongyukitchenware.com\/wp-content\/uploads\/2024\/10\/stainless-steel-mixing-bowl-supply-6-300x300.webp 300w, https:\/\/www.yongyukitchenware.com\/wp-content\/uploads\/2024\/10\/stainless-steel-mixing-bowl-supply-6-150x150.webp 150w, https:\/\/www.yongyukitchenware.com\/wp-content\/uploads\/2024\/10\/stainless-steel-mixing-bowl-supply-6-768x768.webp 768w, https:\/\/www.yongyukitchenware.com\/wp-content\/uploads\/2024\/10\/stainless-steel-mixing-bowl-supply-6-12x12.webp 12w, https:\/\/www.yongyukitchenware.com\/wp-content\/uploads\/2024\/10\/stainless-steel-mixing-bowl-supply-6-600x600.webp 600w, https:\/\/www.yongyukitchenware.com\/wp-content\/uploads\/2024\/10\/stainless-steel-mixing-bowl-supply-6-100x100.webp 100w\" sizes=\"(max-width: 800px) 100vw, 800px\" \/><\/figure>\n<\/div>\n\n\n\n<div class=\"wp-block-column is-layout-flow wp-block-column-is-layout-flow\">\n<figure class=\"wp-block-image size-full\"><img decoding=\"async\" width=\"800\" height=\"800\" src=\"https:\/\/www.yongyukitchenware.com\/wp-content\/uploads\/2024\/10\/stainless-steel-mixing-bowl-supply-7.webp\" alt=\"suministro de cubetas de acero inoxidable (7)\" class=\"wp-image-1561\" srcset=\"https:\/\/www.yongyukitchenware.com\/wp-content\/uploads\/2024\/10\/stainless-steel-mixing-bowl-supply-7.webp 800w, https:\/\/www.yongyukitchenware.com\/wp-content\/uploads\/2024\/10\/stainless-steel-mixing-bowl-supply-7-300x300.webp 300w, https:\/\/www.yongyukitchenware.com\/wp-content\/uploads\/2024\/10\/stainless-steel-mixing-bowl-supply-7-150x150.webp 150w, https:\/\/www.yongyukitchenware.com\/wp-content\/uploads\/2024\/10\/stainless-steel-mixing-bowl-supply-7-768x768.webp 768w, https:\/\/www.yongyukitchenware.com\/wp-content\/uploads\/2024\/10\/stainless-steel-mixing-bowl-supply-7-12x12.webp 12w, https:\/\/www.yongyukitchenware.com\/wp-content\/uploads\/2024\/10\/stainless-steel-mixing-bowl-supply-7-600x600.webp 600w, https:\/\/www.yongyukitchenware.com\/wp-content\/uploads\/2024\/10\/stainless-steel-mixing-bowl-supply-7-100x100.webp 100w\" sizes=\"(max-width: 800px) 100vw, 800px\" \/><\/figure>\n<\/div>\n<\/div>\n<\/div>\n<\/div>\n\n\n\n<p><\/p>","protected":false},"excerpt":{"rendered":"<p>Precio de f\u00e1brica al por mayor de acero inoxidable cuencos de mezcla para preparar, mezclar y servir ensaladas, masa. Son de estilo coreano y est\u00e1n disponibles en varios colores y tama\u00f1os. \u00a1Las compras a granel tienen un precio de descuento, recepci\u00f3n para entrar en contacto con Yongyu para una investigaci\u00f3n libre!<\/p>\n<h2>Par\u00e1metros de la cuba de mezcla de acero inoxidable :<\/h2>\n<p><strong>Material:<\/strong> acero inoxidable<br \/><strong>Color:<\/strong> ba\u00f1o de oro, ba\u00f1o de plata, pintura en aerosol y otros colores<br \/><strong>Especificaciones:<\/strong> 16cm,19cm,22cm,25cm,28cm,31cm<br \/><strong>Embalaje:<\/strong> bolsa\/granel\/cart\u00f3n o personalizado<br \/><strong>OEM\/ODM:<\/strong> disponible<\/p>\n<h2 class=\"wp-block-heading\">Del fabricante de utensilios de cocina Yongyu:<\/h2>\n<p>Yongyu es un fabricante profesional de utensilios de cocina, nuestros productos cubren todo tipo de utensilios de cocina de acero inoxidable y accesorios de cocina, proporcionando soluciones personalizadas con productos de alta calidad y precios de f\u00e1brica.<\/p>","protected":false},"featured_media":1555,"comment_status":"closed","ping_status":"closed","template":"","meta":{"_acf_changed":true},"application":[29],"product_brand":[],"product_cat":[23,35],"product_tag":[43],"class_list":{"0":"post-1547","1":"product","2":"type-product","3":"status-publish","4":"has-post-thumbnail","6":"application-home-kitchen","7":"product_cat-kitchenware-wholesale","8":"product_cat-baking-trays-wholesale","9":"product_tag-recommend","11":"first","12":"instock","13":"shipping-taxable","14":"product-type-simple"},"acf":[],"_links":{"self":[{"href":"https:\/\/www.yongyukitchenware.com\/es\/wp-json\/wp\/v2\/product\/1547","targetHints":{"allow":["GET"]}}],"collection":[{"href":"https:\/\/www.yongyukitchenware.com\/es\/wp-json\/wp\/v2\/product"}],"about":[{"href":"https:\/\/www.yongyukitchenware.com\/es\/wp-json\/wp\/v2\/types\/product"}],"replies":[{"embeddable":true,"href":"https:\/\/www.yongyukitchenware.com\/es\/wp-json\/wp\/v2\/comments?post=1547"}],"wp:featuredmedia":[{"embeddable":true,"href":"https:\/\/www.yongyukitchenware.com\/es\/wp-json\/wp\/v2\/media\/1555"}],"wp:attachment":[{"href":"https:\/\/www.yongyukitchenware.com\/es\/wp-json\/wp\/v2\/media?parent=1547"}],"wp:term":[{"taxonomy":"application","embeddable":true,"href":"https:\/\/www.yongyukitchenware.com\/es\/wp-json\/wp\/v2\/application?post=1547"},{"taxonomy":"product_brand","embeddable":true,"href":"https:\/\/www.yongyukitchenware.com\/es\/wp-json\/wp\/v2\/product_brand?post=1547"},{"taxonomy":"product_cat","embeddable":true,"href":"https:\/\/www.yongyukitchenware.com\/es\/wp-json\/wp\/v2\/product_cat?post=1547"},{"taxonomy":"product_tag","embeddable":true,"href":"https:\/\/www.yongyukitchenware.com\/es\/wp-json\/wp\/v2\/product_tag?post=1547"}],"curies":[{"name":"wp","href":"https:\/\/api.w.org\/{rel}","templated":true}]}}