{"id":1612,"date":"2024-10-07T12:02:32","date_gmt":"2024-10-07T12:02:32","guid":{"rendered":"https:\/\/www.yongyukitchenware.com\/?post_type=product&#038;p=1612"},"modified":"2025-07-10T09:34:24","modified_gmt":"2025-07-10T09:34:24","slug":"electric-buffet-warmer-wholesale","status":"publish","type":"product","link":"https:\/\/www.yongyukitchenware.com\/es\/producto\/electric-buffet-warmer-wholesale\/","title":{"rendered":"Mayorista Calienta Buffet El\u00e9ctrico de Lujo para Catering"},"content":{"rendered":"<div class=\"wp-block-columns is-layout-flex wp-container-core-columns-is-layout-9d6595d7 wp-block-columns-is-layout-flex\">\n<div class=\"wp-block-column is-layout-flow wp-block-column-is-layout-flow\">\n<h2 class=\"wp-block-heading\">Calentador el\u00e9ctrico de buffet Par\u00e1metros:<\/h2>\n\n\n\n<figure class=\"wp-block-table\"><table class=\"has-fixed-layout\"><tbody><tr><td>Modelo<\/td><td>Forma<\/td><td>Longitud * Anchura * Altura (cm)<\/td><td>Peso (kg)<\/td><td>MOQ<\/td><\/tr><tr><td rowspan=\"2\">DY009-CL<\/td><td>Rectangular<\/td><td>61*45*21<\/td><td>11.5<\/td><td rowspan=\"2\">2 PIEZAS<\/td><\/tr><tr><td>cuadrado<\/td><td>43*44*22<\/td><td>9.2<\/td><\/tr><\/tbody><\/table><\/figure>\n<\/div>\n\n\n\n<div class=\"wp-block-column is-layout-flow wp-block-column-is-layout-flow\">\n<figure class=\"wp-block-image size-full\"><img decoding=\"async\" width=\"800\" height=\"800\" src=\"https:\/\/www.yongyukitchenware.com\/wp-content\/uploads\/2024\/10\/wholesale-Electric-Buffet-Warmer.webp\" alt=\"venta al mayor Calienta Buffet El\u00e9ctrico\" class=\"wp-image-3007\" srcset=\"https:\/\/www.yongyukitchenware.com\/wp-content\/uploads\/2024\/10\/wholesale-Electric-Buffet-Warmer.webp 800w, https:\/\/www.yongyukitchenware.com\/wp-content\/uploads\/2024\/10\/wholesale-Electric-Buffet-Warmer-300x300.webp 300w, https:\/\/www.yongyukitchenware.com\/wp-content\/uploads\/2024\/10\/wholesale-Electric-Buffet-Warmer-150x150.webp 150w, https:\/\/www.yongyukitchenware.com\/wp-content\/uploads\/2024\/10\/wholesale-Electric-Buffet-Warmer-768x768.webp 768w, https:\/\/www.yongyukitchenware.com\/wp-content\/uploads\/2024\/10\/wholesale-Electric-Buffet-Warmer-12x12.webp 12w, https:\/\/www.yongyukitchenware.com\/wp-content\/uploads\/2024\/10\/wholesale-Electric-Buffet-Warmer-600x600.webp 600w, https:\/\/www.yongyukitchenware.com\/wp-content\/uploads\/2024\/10\/wholesale-Electric-Buffet-Warmer-100x100.webp 100w\" sizes=\"(max-width: 800px) 100vw, 800px\" \/><\/figure>\n<\/div>\n<\/div>\n\n\n\n<div class=\"wp-block-columns is-layout-flex wp-container-core-columns-is-layout-9d6595d7 wp-block-columns-is-layout-flex\">\n<div class=\"wp-block-column is-layout-flow wp-block-column-is-layout-flow\">\n<figure class=\"wp-block-image size-full\"><img decoding=\"async\" width=\"800\" height=\"800\" src=\"https:\/\/www.yongyukitchenware.com\/wp-content\/uploads\/2024\/10\/Wholesale-Luxury-Electric-Buffet-Warmer-3.webp\" alt=\"Mayorista Calienta Buffet El\u00e9ctrico de Lujo 3\" class=\"wp-image-1615\" srcset=\"https:\/\/www.yongyukitchenware.com\/wp-content\/uploads\/2024\/10\/Wholesale-Luxury-Electric-Buffet-Warmer-3.webp 800w, https:\/\/www.yongyukitchenware.com\/wp-content\/uploads\/2024\/10\/Wholesale-Luxury-Electric-Buffet-Warmer-3-300x300.webp 300w, https:\/\/www.yongyukitchenware.com\/wp-content\/uploads\/2024\/10\/Wholesale-Luxury-Electric-Buffet-Warmer-3-150x150.webp 150w, https:\/\/www.yongyukitchenware.com\/wp-content\/uploads\/2024\/10\/Wholesale-Luxury-Electric-Buffet-Warmer-3-768x768.webp 768w, https:\/\/www.yongyukitchenware.com\/wp-content\/uploads\/2024\/10\/Wholesale-Luxury-Electric-Buffet-Warmer-3-12x12.webp 12w, https:\/\/www.yongyukitchenware.com\/wp-content\/uploads\/2024\/10\/Wholesale-Luxury-Electric-Buffet-Warmer-3-600x600.webp 600w, https:\/\/www.yongyukitchenware.com\/wp-content\/uploads\/2024\/10\/Wholesale-Luxury-Electric-Buffet-Warmer-3-100x100.webp 100w\" sizes=\"(max-width: 800px) 100vw, 800px\" \/><\/figure>\n<\/div>\n\n\n\n<div class=\"wp-block-column is-layout-flow wp-block-column-is-layout-flow\">\n<h2 class=\"wp-block-heading\">Calienta Buffet El\u00e9ctrico Caracter\u00edsticas:<\/h2>\n\n\n\n<p><strong>Dise\u00f1o de lujo: <\/strong>El aspecto de acero inoxidable de alta gama de nuestro calentador el\u00e9ctrico de buffet al por mayor es elegante y atmosf\u00e9rico, realzando el efecto visual de la mesa de comedor y adecuado para ocasiones de alta gama.<\/p>\n\n\n\n<p><strong>Sistema de calefacci\u00f3n el\u00e9ctrica eficiente:<\/strong> Incorpora una funci\u00f3n de calentamiento uniforme para garantizar que los alimentos tengan la temperatura \u00f3ptima durante mucho tiempo, mejorando la experiencia gastron\u00f3mica.<\/p>\n\n\n\n<p><strong>Dise\u00f1o de gran capacidad: <\/strong>Es adecuado para acomodar un gran n\u00famero de platos y puede satisfacer las necesidades de grandes banquetes y buf\u00e9s, reduciendo las reposiciones frecuentes.<\/p>\n\n\n\n<p><strong>Ahorro de energ\u00eda y protecci\u00f3n del medio ambiente: <\/strong>dise\u00f1o de bajo consumo de energ\u00eda, que no s\u00f3lo podr\u00eda mantener la calefacci\u00f3n, sino tambi\u00e9n reducir en gran medida el consumo de energ\u00eda y reducir el costo de operaci\u00f3n.<\/p>\n\n\n\n<p><strong>Duradero y f\u00e1cil de limpiar: <\/strong>Material de acero inoxidable de alta calidad, duradero, antioxidante y antiincrustante, f\u00e1cil de limpiar y mantener, adecuado para un uso prolongado.<\/p>\n<\/div>\n<\/div>","protected":false},"excerpt":{"rendered":"<p>Calentador de buffet el\u00e9ctrico a medida y al por mayor con tapa de cristal abatible, c\u00f3modo de usar y f\u00e1cil de limpiar. Venta directa de f\u00e1brica, material de acero inoxidable de alta calidad, m\u00e1s chafing dish serie por mayor Bienvenido a consultarnos.<\/p>\n<h2><!-- wp:heading --><\/h2>\n<h2 class=\"wp-block-heading\">Calienta Buffet El\u00e9ctrico Atributos :<\/h2>\n<h2><!-- \/wp:heading --><\/p>\n<p><!-- wp:paragraph --><\/h2>\n<p><strong>Material: <\/strong>Acero inoxidable<br \/><strong>Color: <\/strong>Plata<br \/><strong>Forma: <\/strong>Rect\u00e1ngulo, cuadrado, redondo<br \/><strong>Calor:<\/strong> Calefacci\u00f3n el\u00e9ctrica<br \/><strong>Chafer Pan: <\/strong>Rejilla simple\/doble<br \/><strong>Embalaje: <\/strong>Bolsa Opp y caja de cart\u00f3n<br \/><strong>OEM\/ODM: <\/strong>Disponible<\/p>\n<h2 class=\"wp-block-heading\">De Yongyu Chafing Dish Fabricante :<\/h2>\n<p>\u00a1Tanto si se trata de un proveedor de servicios de catering, hotel y restaurante, o empresa de planificaci\u00f3n de eventos, proporcionamos soluciones completas de platos para calentar al por mayor personalizados para ayudar a su negocio con precios de f\u00e1brica de alta calidad!<\/p>\n<h2><!-- \/wp:paragraph --><\/h2>","protected":false},"featured_media":3007,"comment_status":"closed","ping_status":"closed","template":"","meta":{"_acf_changed":false},"application":[30],"product_brand":[],"product_cat":[33],"product_tag":[],"class_list":{"0":"post-1612","1":"product","2":"type-product","3":"status-publish","4":"has-post-thumbnail","6":"application-hotel-catering","7":"product_cat-chafing-dishes-wholesale","9":"first","10":"instock","11":"shipping-taxable","12":"product-type-simple"},"acf":[],"_links":{"self":[{"href":"https:\/\/www.yongyukitchenware.com\/es\/wp-json\/wp\/v2\/product\/1612","targetHints":{"allow":["GET"]}}],"collection":[{"href":"https:\/\/www.yongyukitchenware.com\/es\/wp-json\/wp\/v2\/product"}],"about":[{"href":"https:\/\/www.yongyukitchenware.com\/es\/wp-json\/wp\/v2\/types\/product"}],"replies":[{"embeddable":true,"href":"https:\/\/www.yongyukitchenware.com\/es\/wp-json\/wp\/v2\/comments?post=1612"}],"wp:featuredmedia":[{"embeddable":true,"href":"https:\/\/www.yongyukitchenware.com\/es\/wp-json\/wp\/v2\/media\/3007"}],"wp:attachment":[{"href":"https:\/\/www.yongyukitchenware.com\/es\/wp-json\/wp\/v2\/media?parent=1612"}],"wp:term":[{"taxonomy":"application","embeddable":true,"href":"https:\/\/www.yongyukitchenware.com\/es\/wp-json\/wp\/v2\/application?post=1612"},{"taxonomy":"product_brand","embeddable":true,"href":"https:\/\/www.yongyukitchenware.com\/es\/wp-json\/wp\/v2\/product_brand?post=1612"},{"taxonomy":"product_cat","embeddable":true,"href":"https:\/\/www.yongyukitchenware.com\/es\/wp-json\/wp\/v2\/product_cat?post=1612"},{"taxonomy":"product_tag","embeddable":true,"href":"https:\/\/www.yongyukitchenware.com\/es\/wp-json\/wp\/v2\/product_tag?post=1612"}],"curies":[{"name":"wp","href":"https:\/\/api.w.org\/{rel}","templated":true}]}}