{"id":1620,"date":"2024-10-07T11:27:19","date_gmt":"2024-10-07T11:27:19","guid":{"rendered":"https:\/\/www.yongyukitchenware.com\/?post_type=product&#038;p=1620"},"modified":"2025-07-10T09:35:29","modified_gmt":"2025-07-10T09:35:29","slug":"chafing-dish-warmer-wholesale","status":"publish","type":"product","link":"https:\/\/www.yongyukitchenware.com\/es\/producto\/chafing-dish-warmer-wholesale\/","title":{"rendered":"Mayorista Calientaplatos El\u00e9ctrico con Tapa Enrollable"},"content":{"rendered":"<div class=\"wp-block-columns is-layout-flex wp-container-core-columns-is-layout-9d6595d7 wp-block-columns-is-layout-flex\">\n<div class=\"wp-block-column is-layout-flow wp-block-column-is-layout-flow\">\n<h2 class=\"wp-block-heading\">Par\u00e1metros del calientaplatos<\/h2>\n\n\n\n<figure class=\"wp-block-table\"><table class=\"has-fixed-layout\"><tbody><tr><td>Modelo<\/td><td>Labios<\/td><td>Longitud * Anchura * Altura (cm)<\/td><td>Peso (kg)<\/td><td>MOQ<\/td><\/tr><tr><td rowspan=\"2\">DY010-CL<\/td><td>Labio enrollado<\/td><td>57*37*33<\/td><td>7.8<\/td><td rowspan=\"2\">2 PIEZAS<\/td><\/tr><tr><td>Labio PC<\/td><td>57*37*33<\/td><td>7.8<\/td><\/tr><\/tbody><\/table><\/figure>\n\n\n\n<div class=\"wp-block-columns is-layout-flex wp-container-core-columns-is-layout-9d6595d7 wp-block-columns-is-layout-flex\">\n<div class=\"wp-block-column is-layout-flow wp-block-column-is-layout-flow\" style=\"flex-basis:100%\">\n<div class=\"wp-block-group\"><div class=\"wp-block-group__inner-container is-layout-constrained wp-block-group-is-layout-constrained\">\n<div class=\"wp-block-columns is-layout-flex wp-container-core-columns-is-layout-9d6595d7 wp-block-columns-is-layout-flex\">\n<div class=\"wp-block-column is-layout-flow wp-block-column-is-layout-flow\" style=\"flex-basis:100%\"><\/div>\n<\/div>\n<\/div><\/div>\n<\/div>\n<\/div>\n<\/div>\n\n\n\n<div class=\"wp-block-column is-layout-flow wp-block-column-is-layout-flow\">\n<h2 class=\"wp-block-heading\">Calientaplatos Caracter\u00edsticas:<\/h2>\n\n\n\n<p><strong>Panel de control digital: <\/strong>Nuestro calientaplatos al por mayor incluye una pantalla digital de f\u00e1cil manejo, que permite al usuario fijar y ajustar la temperatura con absoluta precisi\u00f3n y asegurarse de que los alimentos mantienen su mejor sabor.<\/p>\n\n\n\n<p><strong>Sistema de calefacci\u00f3n el\u00e9ctrica eficiente:<\/strong> La tecnolog\u00eda de calentamiento r\u00e1pido puede alcanzar la temperatura necesaria en muy poco tiempo y reduce los tiempos de espera, aumentando as\u00ed la eficacia de su servicio de catering.<\/p>\n\n\n\n<p><strong>Material de acero inoxidable duradero:<\/strong> Acero inoxidable de alta calidad, a prueba de \u00f3xido y resistente a la corrosi\u00f3n, lo que garantiza un uso a largo plazo y un aspecto elegante, adecuado para su uso en ocasiones de alto nivel.<\/p>\n\n\n\n<p><strong>Dise\u00f1o de gran capacidad:<\/strong> Es adecuado para albergar diferentes platos para satisfacer las necesidades de diferentes tama\u00f1os de banquetes y evitar constantes molestias adicionales.<\/p>\n\n\n\n<p><strong>Estructura de seguridad y estabilidad: <\/strong>El dise\u00f1o estable garantiza la seguridad y no puede volcarse durante el uso. Adecuado para una variedad de actividades en diferentes ocasiones.<\/p>\n<\/div>\n<\/div>\n\n\n\n<div class=\"wp-block-columns is-layout-flex wp-container-core-columns-is-layout-9d6595d7 wp-block-columns-is-layout-flex\">\n<div class=\"wp-block-column is-layout-flow wp-block-column-is-layout-flow\">\n<figure class=\"wp-block-image size-full\"><img decoding=\"async\" width=\"800\" height=\"800\" src=\"https:\/\/www.yongyukitchenware.com\/wp-content\/uploads\/2024\/10\/Wholesale-Chafing-Dish-Warmer-3.webp\" alt=\"Mayorista Calientaplatos 3\" class=\"wp-image-1632\" srcset=\"https:\/\/www.yongyukitchenware.com\/wp-content\/uploads\/2024\/10\/Wholesale-Chafing-Dish-Warmer-3.webp 800w, https:\/\/www.yongyukitchenware.com\/wp-content\/uploads\/2024\/10\/Wholesale-Chafing-Dish-Warmer-3-300x300.webp 300w, https:\/\/www.yongyukitchenware.com\/wp-content\/uploads\/2024\/10\/Wholesale-Chafing-Dish-Warmer-3-150x150.webp 150w, https:\/\/www.yongyukitchenware.com\/wp-content\/uploads\/2024\/10\/Wholesale-Chafing-Dish-Warmer-3-768x768.webp 768w, https:\/\/www.yongyukitchenware.com\/wp-content\/uploads\/2024\/10\/Wholesale-Chafing-Dish-Warmer-3-12x12.webp 12w, https:\/\/www.yongyukitchenware.com\/wp-content\/uploads\/2024\/10\/Wholesale-Chafing-Dish-Warmer-3-600x600.webp 600w, https:\/\/www.yongyukitchenware.com\/wp-content\/uploads\/2024\/10\/Wholesale-Chafing-Dish-Warmer-3-100x100.webp 100w\" sizes=\"(max-width: 800px) 100vw, 800px\" \/><\/figure>\n<\/div>\n\n\n\n<div class=\"wp-block-column is-layout-flow wp-block-column-is-layout-flow\">\n<figure class=\"wp-block-image size-full\"><img decoding=\"async\" width=\"800\" height=\"800\" src=\"https:\/\/www.yongyukitchenware.com\/wp-content\/uploads\/2024\/10\/Wholesale-Chafing-Dish-Warmer-2.webp\" alt=\"Mayorista Calientaplatos 2\" class=\"wp-image-1631\" srcset=\"https:\/\/www.yongyukitchenware.com\/wp-content\/uploads\/2024\/10\/Wholesale-Chafing-Dish-Warmer-2.webp 800w, https:\/\/www.yongyukitchenware.com\/wp-content\/uploads\/2024\/10\/Wholesale-Chafing-Dish-Warmer-2-300x300.webp 300w, https:\/\/www.yongyukitchenware.com\/wp-content\/uploads\/2024\/10\/Wholesale-Chafing-Dish-Warmer-2-150x150.webp 150w, https:\/\/www.yongyukitchenware.com\/wp-content\/uploads\/2024\/10\/Wholesale-Chafing-Dish-Warmer-2-768x768.webp 768w, https:\/\/www.yongyukitchenware.com\/wp-content\/uploads\/2024\/10\/Wholesale-Chafing-Dish-Warmer-2-12x12.webp 12w, https:\/\/www.yongyukitchenware.com\/wp-content\/uploads\/2024\/10\/Wholesale-Chafing-Dish-Warmer-2-600x600.webp 600w, https:\/\/www.yongyukitchenware.com\/wp-content\/uploads\/2024\/10\/Wholesale-Chafing-Dish-Warmer-2-100x100.webp 100w\" sizes=\"(max-width: 800px) 100vw, 800px\" \/><\/figure>\n<\/div>\n<\/div>","protected":false},"excerpt":{"rendered":"<p>Calientaplatos al por mayor con panel de control digital, dise\u00f1ado para catering y buf\u00e9s. Con opciones de tapa enrollable de acero inoxidable y cubierta de PC extra\u00edble. Desde proveedor de plato de frotamiento, proporcionar soluciones personalizadas preferenciales para usted.<\/p>\n<h2><!-- wp:heading --><\/h2>\n<h2 class=\"wp-block-heading\">Calientaplatos Atributos :<\/h2>\n<h2><!-- \/wp:heading --><\/p>\n<p><!-- wp:paragraph --><\/h2>\n<p><strong>Material: <\/strong>Acero inoxidable<br \/><strong>Color: <\/strong>Plata<br \/><strong>Forma: <\/strong>Rect\u00e1ngulo<br \/><strong>Calor: <\/strong>Calefacci\u00f3n de alcohol\/Calefacci\u00f3n el\u00e9ctrica<br \/><strong>Chafer Pan: <\/strong>Individual\/Doble\/Tres rejillas<br \/><strong>Embalaje: <\/strong>Bolsa Opp y caja de cart\u00f3n<br \/><strong>OEM\/ODM: <\/strong>Disponible<\/p>\n<h2 class=\"wp-block-heading\">De Yongyu Chafing Dish Fabricante :<\/h2>\n<p>\u00a1Tanto si se trata de un proveedor de servicios de catering, hotel y restaurante, o empresa de planificaci\u00f3n de eventos, proporcionamos soluciones completas de platos para calentar al por mayor personalizados para ayudar a su negocio con precios de f\u00e1brica de alta calidad!<\/p>\n<h2><!-- \/wp:paragraph --><\/h2>","protected":false},"featured_media":1634,"comment_status":"closed","ping_status":"closed","template":"","meta":{"_acf_changed":false},"application":[30],"product_brand":[],"product_cat":[33],"product_tag":[],"class_list":{"0":"post-1620","1":"product","2":"type-product","3":"status-publish","4":"has-post-thumbnail","6":"application-hotel-catering","7":"product_cat-chafing-dishes-wholesale","9":"first","10":"instock","11":"shipping-taxable","12":"product-type-simple"},"acf":[],"_links":{"self":[{"href":"https:\/\/www.yongyukitchenware.com\/es\/wp-json\/wp\/v2\/product\/1620","targetHints":{"allow":["GET"]}}],"collection":[{"href":"https:\/\/www.yongyukitchenware.com\/es\/wp-json\/wp\/v2\/product"}],"about":[{"href":"https:\/\/www.yongyukitchenware.com\/es\/wp-json\/wp\/v2\/types\/product"}],"replies":[{"embeddable":true,"href":"https:\/\/www.yongyukitchenware.com\/es\/wp-json\/wp\/v2\/comments?post=1620"}],"wp:featuredmedia":[{"embeddable":true,"href":"https:\/\/www.yongyukitchenware.com\/es\/wp-json\/wp\/v2\/media\/1634"}],"wp:attachment":[{"href":"https:\/\/www.yongyukitchenware.com\/es\/wp-json\/wp\/v2\/media?parent=1620"}],"wp:term":[{"taxonomy":"application","embeddable":true,"href":"https:\/\/www.yongyukitchenware.com\/es\/wp-json\/wp\/v2\/application?post=1620"},{"taxonomy":"product_brand","embeddable":true,"href":"https:\/\/www.yongyukitchenware.com\/es\/wp-json\/wp\/v2\/product_brand?post=1620"},{"taxonomy":"product_cat","embeddable":true,"href":"https:\/\/www.yongyukitchenware.com\/es\/wp-json\/wp\/v2\/product_cat?post=1620"},{"taxonomy":"product_tag","embeddable":true,"href":"https:\/\/www.yongyukitchenware.com\/es\/wp-json\/wp\/v2\/product_tag?post=1620"}],"curies":[{"name":"wp","href":"https:\/\/api.w.org\/{rel}","templated":true}]}}