{"id":1654,"date":"2024-10-30T07:48:43","date_gmt":"2024-10-30T07:48:43","guid":{"rendered":"https:\/\/www.yongyukitchenware.com\/?post_type=product&#038;p=1654"},"modified":"2025-06-26T06:43:15","modified_gmt":"2025-06-26T06:43:15","slug":"wholesale-stainless-steel-kettle","status":"publish","type":"product","link":"https:\/\/www.yongyukitchenware.com\/es\/producto\/wholesale-stainless-steel-kettle\/","title":{"rendered":"Mayorista Hervidor de Acero Inoxidable con Filtro para T\u00e9 Caf\u00e9"},"content":{"rendered":"<div class=\"wp-block-columns is-layout-flex wp-container-core-columns-is-layout-9d6595d7 wp-block-columns-is-layout-flex\">\n<div class=\"wp-block-column is-layout-flow wp-block-column-is-layout-flow\">\n<h2 class=\"wp-block-heading\">Hervidor de acero inoxidable Caracter\u00edsticas:<\/h2>\n\n\n\n<p><strong>Acero inoxidable de alta calidad:<\/strong> material de acero inoxidable de calidad alimentaria, resistente al calor y duradero, aspecto liso y brillante<br><strong>Boquilla de gancho de \u00e1guila:<\/strong> vertido suave, la boquilla no colgar\u00e1 agua, no es f\u00e1cil que gotee<br><strong>Mango redondo con aislamiento t\u00e9rmico: <\/strong>Mango redondo liso, con aislamiento t\u00e9rmico y resistente al calor, no lastima las manos, f\u00e1cil de coger<br><strong>Dise\u00f1o de fondo anular:<\/strong> anillo de circulaci\u00f3n inferior de calentamiento r\u00e1pido, ebullici\u00f3n r\u00e1pida, no tiene que recoger la estufa de usar<br><strong>Filtro incorporado: <\/strong>filtro de acero inoxidable extra\u00edble, apto para preparar t\u00e9 a granel o caf\u00e9 molido, evita que entren impurezas en la taza<\/p>\n\n\n\n<h2 class=\"wp-block-heading\">Hervidor de acero inoxidable Tama\u00f1o:<\/h2>\n\n\n\n<figure class=\"wp-block-table\"><table class=\"has-fixed-layout\"><tbody><tr><td>Modelo<\/td><td>Talla<\/td><td>Di\u00e1metro * Altura (cm)<\/td><td>MOQ<\/td><\/tr><tr><td rowspan=\"3\">DY020-SH<\/td><td>1.2L<\/td><td>13,5*10,5 cm<\/td><td rowspan=\"3\">36PCS<\/td><\/tr><tr><td>1.5L<\/td><td>15.5*11cm<\/td><\/tr><tr><td>2.0L<\/td><td>18*12,5 cm<\/td><\/tr><\/tbody><\/table><\/figure>\n<\/div>\n\n\n\n<div class=\"wp-block-column is-layout-flow wp-block-column-is-layout-flow\">\n<figure class=\"wp-block-image size-full\"><img decoding=\"async\" width=\"800\" height=\"800\" src=\"https:\/\/www.yongyukitchenware.com\/wp-content\/uploads\/2024\/10\/wholesale-stainless-steel-kettle-2.webp\" alt=\"mayorista-hervidor de acero inoxidable (2)\" class=\"wp-image-1656\" srcset=\"https:\/\/www.yongyukitchenware.com\/wp-content\/uploads\/2024\/10\/wholesale-stainless-steel-kettle-2.webp 800w, https:\/\/www.yongyukitchenware.com\/wp-content\/uploads\/2024\/10\/wholesale-stainless-steel-kettle-2-300x300.webp 300w, https:\/\/www.yongyukitchenware.com\/wp-content\/uploads\/2024\/10\/wholesale-stainless-steel-kettle-2-150x150.webp 150w, https:\/\/www.yongyukitchenware.com\/wp-content\/uploads\/2024\/10\/wholesale-stainless-steel-kettle-2-768x768.webp 768w, https:\/\/www.yongyukitchenware.com\/wp-content\/uploads\/2024\/10\/wholesale-stainless-steel-kettle-2-12x12.webp 12w, https:\/\/www.yongyukitchenware.com\/wp-content\/uploads\/2024\/10\/wholesale-stainless-steel-kettle-2-600x600.webp 600w, https:\/\/www.yongyukitchenware.com\/wp-content\/uploads\/2024\/10\/wholesale-stainless-steel-kettle-2-100x100.webp 100w\" sizes=\"(max-width: 800px) 100vw, 800px\" \/><\/figure>\n<\/div>\n<\/div>\n\n\n\n<p><\/p>","protected":false},"excerpt":{"rendered":"<p>Elija un hervidor de acero inoxidable de calidad de Yongyu para mejorar su experiencia a la hora de preparar t\u00e9 y caf\u00e9. Con un dise\u00f1o sofisticado y duradero, este hervidor incorpora un filtro fino que garantiza un vertido suave y sin goteos en todo momento, por lo que es ideal para el consumo diario.<\/p>\n<h2 style=\"text-align: left\">Par\u00e1metros del hervidor de acero inoxidable<\/h2>\n<p style=\"text-align: left\"><strong>Material:<\/strong> Acero inoxidable<br \/><strong>Diferentes tama\u00f1os:<\/strong> 1.2L, 1.5L y 2.0L<br \/><strong>Dise\u00f1o:<\/strong> orificio de filtro interno, boquilla de gancho de \u00e1guila, mango aislado y dise\u00f1o de fondo anular, y colador extra\u00edble<br \/><strong>Embalaje:<\/strong> Bolsa Opp y caja de cart\u00f3n<br \/><strong>OEM\/ODM:<\/strong> Disponible<\/p>\n<h2 class=\"wp-block-heading\">De Yongyu Drinkware Fabricante :<\/h2>\n<p>El fabricante de suministros de catering Yongyu cuenta con una amplia gama de series de art\u00edculos de bebida al por mayor y personalizados, centr\u00e1ndose en la durabilidad del producto, el rendimiento del aislamiento t\u00e9rmico y proporcionando soluciones de adquisici\u00f3n econ\u00f3micas y de alta calidad para clientes de todo el mundo.<\/p>","protected":false},"featured_media":1655,"comment_status":"closed","ping_status":"closed","template":"","meta":{"_acf_changed":true},"application":[30],"product_brand":[],"product_cat":[20,49],"product_tag":[],"class_list":{"0":"post-1654","1":"product","2":"type-product","3":"status-publish","4":"has-post-thumbnail","6":"application-hotel-catering","7":"product_cat-wholesale-drinkware","8":"product_cat-stainless-steel-kettle-wholesale","10":"first","11":"instock","12":"shipping-taxable","13":"product-type-simple"},"acf":[],"_links":{"self":[{"href":"https:\/\/www.yongyukitchenware.com\/es\/wp-json\/wp\/v2\/product\/1654","targetHints":{"allow":["GET"]}}],"collection":[{"href":"https:\/\/www.yongyukitchenware.com\/es\/wp-json\/wp\/v2\/product"}],"about":[{"href":"https:\/\/www.yongyukitchenware.com\/es\/wp-json\/wp\/v2\/types\/product"}],"replies":[{"embeddable":true,"href":"https:\/\/www.yongyukitchenware.com\/es\/wp-json\/wp\/v2\/comments?post=1654"}],"wp:featuredmedia":[{"embeddable":true,"href":"https:\/\/www.yongyukitchenware.com\/es\/wp-json\/wp\/v2\/media\/1655"}],"wp:attachment":[{"href":"https:\/\/www.yongyukitchenware.com\/es\/wp-json\/wp\/v2\/media?parent=1654"}],"wp:term":[{"taxonomy":"application","embeddable":true,"href":"https:\/\/www.yongyukitchenware.com\/es\/wp-json\/wp\/v2\/application?post=1654"},{"taxonomy":"product_brand","embeddable":true,"href":"https:\/\/www.yongyukitchenware.com\/es\/wp-json\/wp\/v2\/product_brand?post=1654"},{"taxonomy":"product_cat","embeddable":true,"href":"https:\/\/www.yongyukitchenware.com\/es\/wp-json\/wp\/v2\/product_cat?post=1654"},{"taxonomy":"product_tag","embeddable":true,"href":"https:\/\/www.yongyukitchenware.com\/es\/wp-json\/wp\/v2\/product_tag?post=1654"}],"curies":[{"name":"wp","href":"https:\/\/api.w.org\/{rel}","templated":true}]}}