{"id":1662,"date":"2024-10-30T08:07:24","date_gmt":"2024-10-30T08:07:24","guid":{"rendered":"https:\/\/www.yongyukitchenware.com\/?post_type=product&#038;p=1662"},"modified":"2025-07-10T10:10:37","modified_gmt":"2025-07-10T10:10:37","slug":"stainless-steel-tea-kettle-wholesale","status":"publish","type":"product","link":"https:\/\/www.yongyukitchenware.com\/es\/producto\/stainless-steel-tea-kettle-wholesale\/","title":{"rendered":"Tetera de acero inoxidable Tetera multitama\u00f1o de f\u00e1cil limpieza"},"content":{"rendered":"<div class=\"wp-block-columns is-layout-flex wp-container-core-columns-is-layout-9d6595d7 wp-block-columns-is-layout-flex\">\n<div class=\"wp-block-column is-layout-flow wp-block-column-is-layout-flow\">\n<h2 class=\"wp-block-heading\">Tetera de acero inoxidable Caracter\u00edsticas:<\/h2>\n\n\n\n<p><strong>Acero inoxidable de alta calidad: <\/strong>Material de acero inoxidable de calidad alimentaria, resistente y duradero, no produce olores.<br><strong>Filtro incorporado: <\/strong>El filtro de acero inoxidable extra\u00edble, apto para preparar t\u00e9 a granel o caf\u00e9 molido, evita que entren impurezas en la taza.<br><strong>F\u00e1cil de limpiar: <\/strong>inoxidable y duradero, apto para lavavajillas, conveniente para el mantenimiento diario.<br><strong>Rendimiento del aislamiento: <\/strong>la circulaci\u00f3n anular del fondo se calienta r\u00e1pidamente, hierve con rapidez, conduce el calor y lo conserva bien, manteniendo la bebida caliente durante mucho tiempo.<br><strong>Dise\u00f1o ergon\u00f3mico: <\/strong>con una c\u00f3moda empu\u00f1adura redondeada y un ca\u00f1o de precisi\u00f3n para garantizar un f\u00e1cil control de cada vertido.<\/p>\n<\/div>\n\n\n\n<div class=\"wp-block-column is-layout-flow wp-block-column-is-layout-flow\">\n<div class=\"wp-block-columns is-layout-flex wp-container-core-columns-is-layout-9d6595d7 wp-block-columns-is-layout-flex\">\n<div class=\"wp-block-column is-layout-flow wp-block-column-is-layout-flow\">\n<figure class=\"wp-block-gallery has-nested-images columns-default is-cropped wp-block-gallery-1 is-layout-flex wp-block-gallery-is-layout-flex\">\n<figure class=\"wp-block-image size-large\"><img decoding=\"async\" width=\"800\" height=\"800\" data-id=\"1667\" src=\"https:\/\/www.yongyukitchenware.com\/wp-content\/uploads\/2024\/10\/supply-best-kettle-5.webp\" alt=\"Tetera de acero inoxidable al por mayor\" class=\"wp-image-1667\" srcset=\"https:\/\/www.yongyukitchenware.com\/wp-content\/uploads\/2024\/10\/supply-best-kettle-5.webp 800w, https:\/\/www.yongyukitchenware.com\/wp-content\/uploads\/2024\/10\/supply-best-kettle-5-300x300.webp 300w, https:\/\/www.yongyukitchenware.com\/wp-content\/uploads\/2024\/10\/supply-best-kettle-5-150x150.webp 150w, https:\/\/www.yongyukitchenware.com\/wp-content\/uploads\/2024\/10\/supply-best-kettle-5-768x768.webp 768w, https:\/\/www.yongyukitchenware.com\/wp-content\/uploads\/2024\/10\/supply-best-kettle-5-12x12.webp 12w, https:\/\/www.yongyukitchenware.com\/wp-content\/uploads\/2024\/10\/supply-best-kettle-5-600x600.webp 600w, https:\/\/www.yongyukitchenware.com\/wp-content\/uploads\/2024\/10\/supply-best-kettle-5-100x100.webp 100w\" sizes=\"(max-width: 800px) 100vw, 800px\" \/><\/figure>\n<\/figure>\n\n\n\n<div class=\"wp-block-columns is-layout-flex wp-container-core-columns-is-layout-9d6595d7 wp-block-columns-is-layout-flex\">\n<div class=\"wp-block-column is-layout-flow wp-block-column-is-layout-flow\"><\/div>\n\n\n\n<div class=\"wp-block-column is-layout-flow wp-block-column-is-layout-flow\"><\/div>\n<\/div>\n<\/div>\n<\/div>\n<\/div>\n<\/div>\n\n\n\n<p><\/p>","protected":false},"excerpt":{"rendered":"<p>Tetera de acero inoxidable al por mayor personalizada, dise\u00f1o redondo con filtro, pulida y f\u00e1cil de limpiar. Logotipo personalizable, tama\u00f1o de embalaje, etc., servicio de alta calidad y precio negociable para ayudarle a llevar a cabo eficientemente negocio de catering.<\/p>\n<h2 id=\"block-46feb3d2-a259-4e3a-bb1c-578468fb4276\" class=\"block-editor-rich-text__editable block-editor-block-list__block wp-block is-selected wp-block-heading rich-text\" role=\"document\" contenteditable=\"true\" aria-multiline=\"true\" aria-label=\"Bloque: R\u00fabrica\" aria-readonly=\"false\" data-block=\"46feb3d2-a259-4e3a-bb1c-578468fb4276\" data-type=\"core\/heading\" data-title=\"Heading\" data-wp-block-attribute-key=\"content\">Par\u00e1metros de la tetera de acero inoxidable<\/h2>\n<p style=\"text-align: left;\"><strong>Material:<\/strong> Acero inoxidable<br \/><strong>Color:<\/strong> Plata, Oro<br \/><strong>Diferentes tama\u00f1os:<\/strong> 1.2 L,1.5L,2.0L,3.0L y 4.0L<br \/><strong>Forma:<\/strong> En forma de bola<br \/><strong>Embalaje:<\/strong> Bolsa Opp y caja de cart\u00f3n<br \/><strong>OEM\/ODM:<\/strong> Disponible<\/p>\n<h2 class=\"wp-block-heading\">De Yongyu Drinkware Fabricante :<\/h2>\n<p>Yongyu Drinkware Manufacturer vende al por mayor y personaliza diversos tipos de bebidas, centr\u00e1ndose en la durabilidad y el rendimiento de conservaci\u00f3n del calor de los productos, proporcionando soluciones de adquisici\u00f3n econ\u00f3micas y de alta calidad para clientes de todo el mundo.<\/p>","protected":false},"featured_media":1668,"comment_status":"closed","ping_status":"closed","template":"","meta":{"_acf_changed":false},"application":[30],"product_brand":[],"product_cat":[20,49],"product_tag":[],"class_list":{"0":"post-1662","1":"product","2":"type-product","3":"status-publish","4":"has-post-thumbnail","6":"application-hotel-catering","7":"product_cat-wholesale-drinkware","8":"product_cat-stainless-steel-kettle-wholesale","10":"first","11":"instock","12":"shipping-taxable","13":"product-type-simple"},"acf":[],"_links":{"self":[{"href":"https:\/\/www.yongyukitchenware.com\/es\/wp-json\/wp\/v2\/product\/1662","targetHints":{"allow":["GET"]}}],"collection":[{"href":"https:\/\/www.yongyukitchenware.com\/es\/wp-json\/wp\/v2\/product"}],"about":[{"href":"https:\/\/www.yongyukitchenware.com\/es\/wp-json\/wp\/v2\/types\/product"}],"replies":[{"embeddable":true,"href":"https:\/\/www.yongyukitchenware.com\/es\/wp-json\/wp\/v2\/comments?post=1662"}],"wp:featuredmedia":[{"embeddable":true,"href":"https:\/\/www.yongyukitchenware.com\/es\/wp-json\/wp\/v2\/media\/1668"}],"wp:attachment":[{"href":"https:\/\/www.yongyukitchenware.com\/es\/wp-json\/wp\/v2\/media?parent=1662"}],"wp:term":[{"taxonomy":"application","embeddable":true,"href":"https:\/\/www.yongyukitchenware.com\/es\/wp-json\/wp\/v2\/application?post=1662"},{"taxonomy":"product_brand","embeddable":true,"href":"https:\/\/www.yongyukitchenware.com\/es\/wp-json\/wp\/v2\/product_brand?post=1662"},{"taxonomy":"product_cat","embeddable":true,"href":"https:\/\/www.yongyukitchenware.com\/es\/wp-json\/wp\/v2\/product_cat?post=1662"},{"taxonomy":"product_tag","embeddable":true,"href":"https:\/\/www.yongyukitchenware.com\/es\/wp-json\/wp\/v2\/product_tag?post=1662"}],"curies":[{"name":"wp","href":"https:\/\/api.w.org\/{rel}","templated":true}]}}