{"id":1669,"date":"2024-10-30T08:19:13","date_gmt":"2024-10-30T08:19:13","guid":{"rendered":"https:\/\/www.yongyukitchenware.com\/?post_type=product&#038;p=1669"},"modified":"2025-06-26T06:48:22","modified_gmt":"2025-06-26T06:48:22","slug":"coffee-kettle-wholesale","status":"publish","type":"product","link":"https:\/\/www.yongyukitchenware.com\/es\/producto\/coffee-kettle-wholesale\/","title":{"rendered":"Hervidor de caf\u00e9 directo de f\u00e1brica Acero inoxidable 1.0L,1.5L Calentamiento por inducci\u00f3n"},"content":{"rendered":"<div class=\"wp-block-columns is-layout-flex wp-container-core-columns-is-layout-9d6595d7 wp-block-columns-is-layout-flex\">\n<div class=\"wp-block-column is-layout-flow wp-block-column-is-layout-flow\">\n<h2 class=\"wp-block-heading\">Hervidor de caf\u00e9 Caracter\u00edsticas:<\/h2>\n\n\n\n<p><strong>Acero inoxidable de alta calidad: <\/strong>acero inoxidable de calidad alimentaria, resistente a la corrosi\u00f3n, inodoro, duradero<br><strong>Filtro poroso a juego:<\/strong> el filtro est\u00e1 dise\u00f1ado de forma independiente para separar las hojas de t\u00e9, lo que resulta m\u00e1s c\u00f3modo para beber<br><strong>Dise\u00f1o abatible:<\/strong> presione la tapa, y es para abrir, f\u00e1cil de abrir con una mano.<br><strong>Boquilla de gancho de \u00e1guila: <\/strong>vertido suave, la boquilla no colgar\u00e1 agua, no es f\u00e1cil que gotee<br><strong>Mango aislado: <\/strong>Mango liso, aislante del calor y antiquemaduras no lastimar\u00e1 sus manos, f\u00e1cil de coger<br><strong>Calentamiento por inducci\u00f3n: <\/strong>compatible con placas de inducci\u00f3n, tambi\u00e9n apto para cocinas de gas, el\u00e9ctricas, vitrocer\u00e1micas, y otros fogones, adapt\u00e1ndose a una gran variedad de entornos de cocina.<\/p>\n\n\n\n<h2 class=\"wp-block-heading\">Hervidor de caf\u00e9 Tama\u00f1o:<\/h2>\n\n\n\n<figure class=\"wp-block-table\"><table class=\"has-fixed-layout\"><tbody><tr><td>Modelo<\/td><td>Talla<\/td><td>Di\u00e1metro * Altura (cm)<\/td><td>MOQ<\/td><\/tr><tr><td rowspan=\"2\">DY024-SH<\/td><td>1.0L<\/td><td>12*10,5 cm<\/td><td rowspan=\"2\">36PCS<\/td><\/tr><tr><td>1.5L<\/td><td>13*11,5 cm<\/td><\/tr><\/tbody><\/table><\/figure>\n<\/div>\n\n\n\n<div class=\"wp-block-column is-layout-flow wp-block-column-is-layout-flow\">\n<figure class=\"wp-block-image size-full\"><img decoding=\"async\" width=\"800\" height=\"800\" src=\"https:\/\/www.yongyukitchenware.com\/wp-content\/uploads\/2024\/10\/factory-direct-tea-kettle-5.webp\" alt=\"tetera-directo-de-f\u00e1brica (5)\" class=\"wp-image-1674\" srcset=\"https:\/\/www.yongyukitchenware.com\/wp-content\/uploads\/2024\/10\/factory-direct-tea-kettle-5.webp 800w, https:\/\/www.yongyukitchenware.com\/wp-content\/uploads\/2024\/10\/factory-direct-tea-kettle-5-300x300.webp 300w, https:\/\/www.yongyukitchenware.com\/wp-content\/uploads\/2024\/10\/factory-direct-tea-kettle-5-150x150.webp 150w, https:\/\/www.yongyukitchenware.com\/wp-content\/uploads\/2024\/10\/factory-direct-tea-kettle-5-768x768.webp 768w, https:\/\/www.yongyukitchenware.com\/wp-content\/uploads\/2024\/10\/factory-direct-tea-kettle-5-12x12.webp 12w, https:\/\/www.yongyukitchenware.com\/wp-content\/uploads\/2024\/10\/factory-direct-tea-kettle-5-600x600.webp 600w, https:\/\/www.yongyukitchenware.com\/wp-content\/uploads\/2024\/10\/factory-direct-tea-kettle-5-100x100.webp 100w\" sizes=\"(max-width: 800px) 100vw, 800px\" \/><\/figure>\n<\/div>\n<\/div>\n\n\n\n<p><\/p>","protected":false},"excerpt":{"rendered":"<p>Hervidor de caf\u00e9 de acero inoxidable al por mayor con filtro, adecuado para calentar y mantener caliente el caf\u00e9, el agua, el t\u00e9, ideal para la cocina dom\u00e9stica y el servicio de catering. Hecho de material de acero inoxidable de alta calidad, proporcionar precio de f\u00e1brica al por mayor soluci\u00f3n personalizada.<\/p>\n<h2 style=\"text-align: left\">Par\u00e1metros del hervidor de caf\u00e9<\/h2>\n<p style=\"text-align: left\"><strong>Material:<\/strong> Acero inoxidable<br \/><strong>Tallas:<\/strong> 1.0L, 1.5L<br \/><strong>Dise\u00f1o de la tetera:<\/strong> Boquilla de gancho de \u00e1guila, asa aislada, dise\u00f1o con tapa abatible y fondo anular, y colador extra\u00edble.<br \/><strong>Embalaje:<\/strong> Bolsa Opp y cart\u00f3n<br \/><strong>OEM\/ODM:<\/strong> Disponible<\/p>\n<h2 class=\"wp-block-heading\">De Yongyu Drinkware Fabricante :<\/h2>\n<p>Yongyu Drinkware Manufacturer vende al por mayor y personaliza diversos tipos de bebidas, centr\u00e1ndose en la durabilidad y el rendimiento de conservaci\u00f3n del calor de los productos, proporcionando soluciones de adquisici\u00f3n econ\u00f3micas y de alta calidad para clientes de todo el mundo.<\/p>","protected":false},"featured_media":1670,"comment_status":"closed","ping_status":"closed","template":"","meta":{"_acf_changed":true},"application":[30],"product_brand":[],"product_cat":[20,49],"product_tag":[],"class_list":{"0":"post-1669","1":"product","2":"type-product","3":"status-publish","4":"has-post-thumbnail","6":"application-hotel-catering","7":"product_cat-wholesale-drinkware","8":"product_cat-stainless-steel-kettle-wholesale","10":"first","11":"instock","12":"shipping-taxable","13":"product-type-simple"},"acf":[],"_links":{"self":[{"href":"https:\/\/www.yongyukitchenware.com\/es\/wp-json\/wp\/v2\/product\/1669","targetHints":{"allow":["GET"]}}],"collection":[{"href":"https:\/\/www.yongyukitchenware.com\/es\/wp-json\/wp\/v2\/product"}],"about":[{"href":"https:\/\/www.yongyukitchenware.com\/es\/wp-json\/wp\/v2\/types\/product"}],"replies":[{"embeddable":true,"href":"https:\/\/www.yongyukitchenware.com\/es\/wp-json\/wp\/v2\/comments?post=1669"}],"wp:featuredmedia":[{"embeddable":true,"href":"https:\/\/www.yongyukitchenware.com\/es\/wp-json\/wp\/v2\/media\/1670"}],"wp:attachment":[{"href":"https:\/\/www.yongyukitchenware.com\/es\/wp-json\/wp\/v2\/media?parent=1669"}],"wp:term":[{"taxonomy":"application","embeddable":true,"href":"https:\/\/www.yongyukitchenware.com\/es\/wp-json\/wp\/v2\/application?post=1669"},{"taxonomy":"product_brand","embeddable":true,"href":"https:\/\/www.yongyukitchenware.com\/es\/wp-json\/wp\/v2\/product_brand?post=1669"},{"taxonomy":"product_cat","embeddable":true,"href":"https:\/\/www.yongyukitchenware.com\/es\/wp-json\/wp\/v2\/product_cat?post=1669"},{"taxonomy":"product_tag","embeddable":true,"href":"https:\/\/www.yongyukitchenware.com\/es\/wp-json\/wp\/v2\/product_tag?post=1669"}],"curies":[{"name":"wp","href":"https:\/\/api.w.org\/{rel}","templated":true}]}}