{"id":1676,"date":"2024-10-30T10:35:25","date_gmt":"2024-10-30T10:35:25","guid":{"rendered":"https:\/\/www.yongyukitchenware.com\/?post_type=product&#038;p=1676"},"modified":"2025-04-27T01:44:34","modified_gmt":"2025-04-27T01:44:34","slug":"wholesale-stainless-steel-teapot","status":"publish","type":"product","link":"https:\/\/www.yongyukitchenware.com\/es\/producto\/wholesale-stainless-steel-teapot\/","title":{"rendered":"Mayorista Tetera Acero Inoxidable Martillado Oro Plata Tetera"},"content":{"rendered":"<div class=\"wp-block-columns is-layout-flex wp-container-core-columns-is-layout-9d6595d7 wp-block-columns-is-layout-flex\">\n<div class=\"wp-block-column is-layout-flow wp-block-column-is-layout-flow\">\n<h2 class=\"wp-block-heading\">Tetera de acero inoxidable Caracter\u00edsticas:<\/h2>\n\n\n\n<p><strong>Acero inoxidable de calidad alimentaria: <\/strong>Fabricado en acero inoxidable de alta calidad para mayor durabilidad y resistencia a la corrosi\u00f3n, prolongando la vida \u00fatil.<br><strong>Proceso de patr\u00f3n de martillo:<\/strong> El aspecto \u00fanico del patr\u00f3n de martillo, el estilo distintivo y los detalles de lujo discreto muestran<br><strong>Filtro poroso a juego:<\/strong> El filtro est\u00e1 dise\u00f1ado de forma independiente para separar las hojas de t\u00e9, lo que resulta m\u00e1s c\u00f3modo para beber<br><strong>C\u00f3modo y f\u00e1cil de usar: <\/strong>dise\u00f1o ergon\u00f3mico del mango, mango redondo aislado para un agarre c\u00f3modo; dise\u00f1o preciso de la boquilla de gancho de \u00e1guila, suave y no f\u00e1cil de derramar al verter.<br><strong>Dise\u00f1o de fondo plano:<\/strong> Conducci\u00f3n r\u00e1pida y uniforme del calor, sin necesidad de elegir la estufa a utilizar<br><strong>Variedad de capacidad: <\/strong>Ofrece diferentes opciones de capacidad para satisfacer las necesidades de una o varias personas que tomen t\u00e9.<\/p>\n<\/div>\n\n\n\n<div class=\"wp-block-column is-layout-flow wp-block-column-is-layout-flow\">\n<div class=\"wp-block-columns is-layout-flex wp-container-core-columns-is-layout-9d6595d7 wp-block-columns-is-layout-flex\">\n<div class=\"wp-block-column is-layout-flow wp-block-column-is-layout-flow\">\n<figure class=\"wp-block-image size-full\"><img decoding=\"async\" width=\"800\" height=\"800\" src=\"https:\/\/www.yongyukitchenware.com\/wp-content\/uploads\/2024\/10\/wholesale-stainless-steel-teapot-3.webp\" alt=\"mayorista-acero-inoxidable-tetera (3)\" class=\"wp-image-1686\" srcset=\"https:\/\/www.yongyukitchenware.com\/wp-content\/uploads\/2024\/10\/wholesale-stainless-steel-teapot-3.webp 800w, https:\/\/www.yongyukitchenware.com\/wp-content\/uploads\/2024\/10\/wholesale-stainless-steel-teapot-3-300x300.webp 300w, https:\/\/www.yongyukitchenware.com\/wp-content\/uploads\/2024\/10\/wholesale-stainless-steel-teapot-3-150x150.webp 150w, https:\/\/www.yongyukitchenware.com\/wp-content\/uploads\/2024\/10\/wholesale-stainless-steel-teapot-3-768x768.webp 768w, https:\/\/www.yongyukitchenware.com\/wp-content\/uploads\/2024\/10\/wholesale-stainless-steel-teapot-3-12x12.webp 12w, https:\/\/www.yongyukitchenware.com\/wp-content\/uploads\/2024\/10\/wholesale-stainless-steel-teapot-3-600x600.webp 600w, https:\/\/www.yongyukitchenware.com\/wp-content\/uploads\/2024\/10\/wholesale-stainless-steel-teapot-3-100x100.webp 100w\" sizes=\"(max-width: 800px) 100vw, 800px\" \/><\/figure>\n<\/div>\n<\/div>\n<\/div>\n<\/div>\n\n\n\n<p><\/p>","protected":false},"excerpt":{"rendered":"<p>Teteras de acero inoxidable personalizadas y al por mayor, dise\u00f1o de bola martillada, \u00fanico y moderno que lo hace destacar en cualquier cocina o juego de t\u00e9. Equipado con un filtro, la capacidad de la tetera se puede personalizar, por favor p\u00f3ngase en contacto con nosotros para m\u00e1s servicios personalizados.<\/p>\n<h2 style=\"text-align: left;\">Par\u00e1metros de la tetera de acero inoxidable<\/h2>\n<p style=\"text-align: left;\"><strong>Material:<\/strong> acero inoxidable<br \/><strong>Color:<\/strong> oro, plata<br \/><strong>Forma:<\/strong> Patr\u00f3n de martillo esf\u00e9rico<br \/><strong>Diferentes tama\u00f1os:<\/strong> 1.2L, 1.5L y 2.0L<br \/><strong>Embalaje:<\/strong> Bolsa Opp y cart\u00f3n<br \/><strong>OEM\/ODM:<\/strong> Disponible<\/p>\n<h2 class=\"wp-block-heading\">De Yongyu Drinkware Fabricante :<\/h2>\n<p>Yongyu Drinkware Manufacturer vende al por mayor y personaliza diversos tipos de bebidas, centr\u00e1ndose en la durabilidad y el rendimiento de conservaci\u00f3n del calor de los productos, proporcionando soluciones de adquisici\u00f3n econ\u00f3micas y de alta calidad para clientes de todo el mundo.<\/p>","protected":false},"featured_media":1684,"comment_status":"closed","ping_status":"closed","template":"","meta":{"_acf_changed":true},"application":[30],"product_brand":[],"product_cat":[20,49],"product_tag":[],"class_list":{"0":"post-1676","1":"product","2":"type-product","3":"status-publish","4":"has-post-thumbnail","6":"application-hotel-catering","7":"product_cat-wholesale-drinkware","8":"product_cat-stainless-steel-kettle-wholesale","10":"first","11":"instock","12":"shipping-taxable","13":"product-type-simple"},"acf":[],"_links":{"self":[{"href":"https:\/\/www.yongyukitchenware.com\/es\/wp-json\/wp\/v2\/product\/1676","targetHints":{"allow":["GET"]}}],"collection":[{"href":"https:\/\/www.yongyukitchenware.com\/es\/wp-json\/wp\/v2\/product"}],"about":[{"href":"https:\/\/www.yongyukitchenware.com\/es\/wp-json\/wp\/v2\/types\/product"}],"replies":[{"embeddable":true,"href":"https:\/\/www.yongyukitchenware.com\/es\/wp-json\/wp\/v2\/comments?post=1676"}],"wp:featuredmedia":[{"embeddable":true,"href":"https:\/\/www.yongyukitchenware.com\/es\/wp-json\/wp\/v2\/media\/1684"}],"wp:attachment":[{"href":"https:\/\/www.yongyukitchenware.com\/es\/wp-json\/wp\/v2\/media?parent=1676"}],"wp:term":[{"taxonomy":"application","embeddable":true,"href":"https:\/\/www.yongyukitchenware.com\/es\/wp-json\/wp\/v2\/application?post=1676"},{"taxonomy":"product_brand","embeddable":true,"href":"https:\/\/www.yongyukitchenware.com\/es\/wp-json\/wp\/v2\/product_brand?post=1676"},{"taxonomy":"product_cat","embeddable":true,"href":"https:\/\/www.yongyukitchenware.com\/es\/wp-json\/wp\/v2\/product_cat?post=1676"},{"taxonomy":"product_tag","embeddable":true,"href":"https:\/\/www.yongyukitchenware.com\/es\/wp-json\/wp\/v2\/product_tag?post=1676"}],"curies":[{"name":"wp","href":"https:\/\/api.w.org\/{rel}","templated":true}]}}