{"id":1683,"date":"2024-10-12T09:18:30","date_gmt":"2024-10-12T09:18:30","guid":{"rendered":"https:\/\/www.yongyukitchenware.com\/?post_type=product&#038;p=1683"},"modified":"2025-06-26T05:57:18","modified_gmt":"2025-06-26T05:57:18","slug":"electric-buffet-food-warmer-bulk","status":"publish","type":"product","link":"https:\/\/www.yongyukitchenware.com\/es\/producto\/electric-buffet-food-warmer-bulk\/","title":{"rendered":"Calientaplatos Buffet El\u00e9ctrico a Granel Acero Inoxidable con Tapa de Cristal"},"content":{"rendered":"<div class=\"wp-block-columns is-layout-flex wp-container-core-columns-is-layout-9d6595d7 wp-block-columns-is-layout-flex\">\n<div class=\"wp-block-column is-layout-flow wp-block-column-is-layout-flow\">\n<h2 class=\"wp-block-heading\">Par\u00e1metros del calentador el\u00e9ctrico de alimentos para buffets<\/h2>\n\n\n\n<figure class=\"wp-block-table\"><table class=\"has-fixed-layout\"><tbody><tr><td>Modelo<\/td><td>Forma<\/td><td>Longitud * Anchura * Altura (cm)<\/td><td>Peso (kg)<\/td><td>MOQ<\/td><\/tr><tr><td rowspan=\"2\">DY012-CL<\/td><td>Rectangular<\/td><td>57*37*22<\/td><td>10.3<\/td><td rowspan=\"2\">2 PIEZAS<\/td><\/tr><tr><td>cuadrado<\/td><td>40*40*20<\/td><td>8.5<\/td><\/tr><\/tbody><\/table><\/figure>\n<\/div>\n\n\n\n<div class=\"wp-block-column is-layout-flow wp-block-column-is-layout-flow\">\n<h2 class=\"wp-block-heading\">Calentador el\u00e9ctrico de alimentos Buffet Caracter\u00edsticas:<\/h2>\n\n\n\n<p><strong>Dise\u00f1o visual de la tapa de cristal:<\/strong> El dise\u00f1o de la tapa de cristal visual permite ver en todo momento si la comida est\u00e1 bien cocinada o caliente sin necesidad de abrir la tapa. Esto permite una p\u00e9rdida m\u00ednima de calor y mantiene la frescura y el calor en los platos.<\/p>\n\n\n\n<p><strong>Sistema de calefacci\u00f3n el\u00e9ctrica eficiente: <\/strong>El sistema de calentamiento el\u00e9ctrico incorporado de este calientaplatos el\u00e9ctrico para buffet proporciona un calor uniforme y duradero a los alimentos para mantenerlos calientes durante el servicio, adecuado para un uso prolongado.<\/p>\n\n\n\n<p><strong>Material de acero inoxidable duradero: <\/strong>Estructura de alta calidad fabricada en acero inoxidable con peso, durabilidad y resistencia a la corrosi\u00f3n; esta serie de productos es f\u00e1cil de limpiar y capaz de soportar un uso de alta intensidad durante un largo periodo.<\/p>\n\n\n\n<p><strong>Escenarios de aplicaci\u00f3n polivalentes: <\/strong>Los buf\u00e9s de hotel, los banquetes de boda y las reuniones de empresa pueden recurrir a este producto para realzar el efecto de exposici\u00f3n de los alimentos y mejorar la calidad del servicio.<\/p>\n\n\n\n<p><strong>Contenedor de capacidad extragrande: <\/strong>El tama\u00f1o adicional de este calentador el\u00e9ctrico de alimentos para buf\u00e9 puede contener una enorme cantidad de alimentos, lo que resulta id\u00f3neo para grandes banquetes o servicios de buf\u00e9, reduciendo la frecuencia de reposici\u00f3n frecuente y mejorando el efecto del servicio.<\/p>\n<\/div>\n<\/div>\n\n\n\n<div class=\"wp-block-columns is-layout-flex wp-container-core-columns-is-layout-9d6595d7 wp-block-columns-is-layout-flex\">\n<div class=\"wp-block-column is-layout-flow wp-block-column-is-layout-flow\">\n<figure class=\"wp-block-image size-full\"><img decoding=\"async\" width=\"800\" height=\"800\" src=\"https:\/\/www.yongyukitchenware.com\/wp-content\/uploads\/2024\/10\/Wholesale-Electric-Buffet-Food-Warmer-2.webp\" alt=\"Mayorista Calientaplatos El\u00e9ctrico Buffet 2\" class=\"wp-image-1694\" srcset=\"https:\/\/www.yongyukitchenware.com\/wp-content\/uploads\/2024\/10\/Wholesale-Electric-Buffet-Food-Warmer-2.webp 800w, https:\/\/www.yongyukitchenware.com\/wp-content\/uploads\/2024\/10\/Wholesale-Electric-Buffet-Food-Warmer-2-300x300.webp 300w, https:\/\/www.yongyukitchenware.com\/wp-content\/uploads\/2024\/10\/Wholesale-Electric-Buffet-Food-Warmer-2-150x150.webp 150w, https:\/\/www.yongyukitchenware.com\/wp-content\/uploads\/2024\/10\/Wholesale-Electric-Buffet-Food-Warmer-2-768x768.webp 768w, https:\/\/www.yongyukitchenware.com\/wp-content\/uploads\/2024\/10\/Wholesale-Electric-Buffet-Food-Warmer-2-12x12.webp 12w, https:\/\/www.yongyukitchenware.com\/wp-content\/uploads\/2024\/10\/Wholesale-Electric-Buffet-Food-Warmer-2-600x600.webp 600w, https:\/\/www.yongyukitchenware.com\/wp-content\/uploads\/2024\/10\/Wholesale-Electric-Buffet-Food-Warmer-2-100x100.webp 100w\" sizes=\"(max-width: 800px) 100vw, 800px\" \/><\/figure>\n<\/div>\n\n\n\n<div class=\"wp-block-column is-layout-flow wp-block-column-is-layout-flow\">\n<figure class=\"wp-block-image size-full\"><img decoding=\"async\" width=\"800\" height=\"800\" src=\"https:\/\/www.yongyukitchenware.com\/wp-content\/uploads\/2024\/10\/Wholesale-Electric-Buffet-Food-Warmer-4.webp\" alt=\"Mayorista Calientaplatos El\u00e9ctrico Buffet 4\" class=\"wp-image-1696\" srcset=\"https:\/\/www.yongyukitchenware.com\/wp-content\/uploads\/2024\/10\/Wholesale-Electric-Buffet-Food-Warmer-4.webp 800w, https:\/\/www.yongyukitchenware.com\/wp-content\/uploads\/2024\/10\/Wholesale-Electric-Buffet-Food-Warmer-4-300x300.webp 300w, https:\/\/www.yongyukitchenware.com\/wp-content\/uploads\/2024\/10\/Wholesale-Electric-Buffet-Food-Warmer-4-150x150.webp 150w, https:\/\/www.yongyukitchenware.com\/wp-content\/uploads\/2024\/10\/Wholesale-Electric-Buffet-Food-Warmer-4-768x768.webp 768w, https:\/\/www.yongyukitchenware.com\/wp-content\/uploads\/2024\/10\/Wholesale-Electric-Buffet-Food-Warmer-4-12x12.webp 12w, https:\/\/www.yongyukitchenware.com\/wp-content\/uploads\/2024\/10\/Wholesale-Electric-Buffet-Food-Warmer-4-600x600.webp 600w, https:\/\/www.yongyukitchenware.com\/wp-content\/uploads\/2024\/10\/Wholesale-Electric-Buffet-Food-Warmer-4-100x100.webp 100w\" sizes=\"(max-width: 800px) 100vw, 800px\" \/><\/figure>\n<\/div>\n<\/div>\n\n\n\n<p><\/p>","protected":false},"excerpt":{"rendered":"<p>Nuestro calientaplatos el\u00e9ctrico para buffet de acero inoxidable al por mayor, con tapa de cristal transparente, es perfecto para servicios de catering. La tapa de cristal permite controlar f\u00e1cilmente los alimentos a la vez que retiene eficazmente el calor. Ideal para buffets, banquetes de hotel, bodas y grandes eventos.<\/p>\n<h2><!-- wp:heading --><\/h2>\n<h2 class=\"wp-block-heading\">Calentador El\u00e9ctrico de Buffet Atributos :<\/h2>\n<h2><!-- \/wp:heading --><\/p>\n<p><!-- wp:paragraph --><\/h2>\n<p><strong>Material: <\/strong>Acero inoxidable<br \/><strong>Color: <\/strong>Plata, Oro, Color personalizado<br \/><strong>Forma: <\/strong>Rect\u00e1ngulo, cuadrado, redondo<br \/><strong>Calor: <\/strong>Calefacci\u00f3n el\u00e9ctrica<br \/><strong>Chafer Pan: <\/strong>Rejilla simple\/doble<br \/><strong>Embalaje: <\/strong>Bolsa Opp y caja de cart\u00f3n<br \/><strong>OEM\/ODM: <\/strong>Disponible<\/p>\n<h2 class=\"wp-block-heading\">De Yongyu Chafing Dish Fabricante :<\/h2>\n<p>\u00a1Tanto si se trata de un proveedor de servicios de catering, hotel y restaurante, o empresa de planificaci\u00f3n de eventos, proporcionamos soluciones completas de platos para calentar al por mayor personalizados para ayudar a su negocio con precios de f\u00e1brica de alta calidad!<\/p>\n<h2><!-- \/wp:paragraph --><\/h2>","protected":false},"featured_media":1698,"comment_status":"closed","ping_status":"closed","template":"","meta":{"_acf_changed":false},"application":[30],"product_brand":[],"product_cat":[33],"product_tag":[],"class_list":{"0":"post-1683","1":"product","2":"type-product","3":"status-publish","4":"has-post-thumbnail","6":"application-hotel-catering","7":"product_cat-chafing-dishes-wholesale","9":"first","10":"instock","11":"shipping-taxable","12":"product-type-simple"},"acf":[],"_links":{"self":[{"href":"https:\/\/www.yongyukitchenware.com\/es\/wp-json\/wp\/v2\/product\/1683","targetHints":{"allow":["GET"]}}],"collection":[{"href":"https:\/\/www.yongyukitchenware.com\/es\/wp-json\/wp\/v2\/product"}],"about":[{"href":"https:\/\/www.yongyukitchenware.com\/es\/wp-json\/wp\/v2\/types\/product"}],"replies":[{"embeddable":true,"href":"https:\/\/www.yongyukitchenware.com\/es\/wp-json\/wp\/v2\/comments?post=1683"}],"wp:featuredmedia":[{"embeddable":true,"href":"https:\/\/www.yongyukitchenware.com\/es\/wp-json\/wp\/v2\/media\/1698"}],"wp:attachment":[{"href":"https:\/\/www.yongyukitchenware.com\/es\/wp-json\/wp\/v2\/media?parent=1683"}],"wp:term":[{"taxonomy":"application","embeddable":true,"href":"https:\/\/www.yongyukitchenware.com\/es\/wp-json\/wp\/v2\/application?post=1683"},{"taxonomy":"product_brand","embeddable":true,"href":"https:\/\/www.yongyukitchenware.com\/es\/wp-json\/wp\/v2\/product_brand?post=1683"},{"taxonomy":"product_cat","embeddable":true,"href":"https:\/\/www.yongyukitchenware.com\/es\/wp-json\/wp\/v2\/product_cat?post=1683"},{"taxonomy":"product_tag","embeddable":true,"href":"https:\/\/www.yongyukitchenware.com\/es\/wp-json\/wp\/v2\/product_tag?post=1683"}],"curies":[{"name":"wp","href":"https:\/\/api.w.org\/{rel}","templated":true}]}}