{"id":1692,"date":"2024-10-30T08:38:21","date_gmt":"2024-10-30T08:38:21","guid":{"rendered":"https:\/\/www.yongyukitchenware.com\/?post_type=product&#038;p=1692"},"modified":"2025-06-26T06:49:16","modified_gmt":"2025-06-26T06:49:16","slug":"wholesale-stainless-steel-coffee-kettle","status":"publish","type":"product","link":"https:\/\/www.yongyukitchenware.com\/es\/producto\/wholesale-stainless-steel-coffee-kettle\/","title":{"rendered":"Mayorista Hervidor de Caf\u00e9 de Acero Inoxidable Atenas con Filtro"},"content":{"rendered":"<div class=\"wp-block-columns is-layout-flex wp-container-core-columns-is-layout-9d6595d7 wp-block-columns-is-layout-flex\">\n<div class=\"wp-block-column is-layout-flow wp-block-column-is-layout-flow\">\n<h2 class=\"wp-block-heading\">Hervidor de caf\u00e9 de acero inoxidable Caracter\u00edsticas:<\/h2>\n\n\n\n<p><strong>Acero inoxidable de alta calidad: <\/strong>El material de acero inoxidable de calidad alimentaria es resistente a la corrosi\u00f3n y a las altas temperaturas, y no es f\u00e1cil que se oxide.<br><strong>Filtro poroso a juego: <\/strong>el filtro est\u00e1 dise\u00f1ado de forma independiente para filtrar eficazmente los posos de t\u00e9 o caf\u00e9, garantizando la pureza de la bebida<br><strong>Dise\u00f1o de tapa abatible: <\/strong>Presione la tapa para abrir, f\u00e1cil de abrir con una sola mano, operaci\u00f3n conveniente<br><strong>Mango aislado: <\/strong>Mango liso, aislante del calor y antiquemaduras no lastimar\u00e1 sus manos, f\u00e1cil de coger<br><strong>Dise\u00f1o de cuello de cisne:<\/strong> control preciso del caudal de agua, lo que le permite tener un excelente control al preparar la infusi\u00f3n, ideal para preparar caf\u00e9 a mano o t\u00e9<br><strong>Compatibilidad:<\/strong> La circulaci\u00f3n de fondo anular calienta r\u00e1pidamente y hierve con rapidez, apta para todo tipo de cocinas, incluidas las de gas, el\u00e9ctricas y de inducci\u00f3n.<\/p>\n\n\n\n<h2 class=\"wp-block-heading\">Tama\u00f1os de hervidor de caf\u00e9 de acero inoxidable\uff1a<\/h2>\n\n\n\n<figure class=\"wp-block-table\"><table class=\"has-fixed-layout\"><tbody><tr><td>Modelo<\/td><td>Talla<\/td><td>Di\u00e1metro * Altura (cm)<\/td><td>MOQ<\/td><\/tr><tr><td rowspan=\"2\">DY023-SH<\/td><td>1.0L<\/td><td>12,5*10,5 cm<\/td><td rowspan=\"2\">36PCS<\/td><\/tr><tr><td>1.5L<\/td><td>13,5*11,5 cm<\/td><\/tr><\/tbody><\/table><\/figure>\n<\/div>\n\n\n\n<div class=\"wp-block-column is-layout-flow wp-block-column-is-layout-flow\">\n<figure class=\"wp-block-image size-full\"><img decoding=\"async\" width=\"800\" height=\"800\" src=\"https:\/\/www.yongyukitchenware.com\/wp-content\/uploads\/2024\/10\/wholesale-stovetop-kettle-2.webp\" alt=\"mayorista-hornillo (2)\" class=\"wp-image-1704\" srcset=\"https:\/\/www.yongyukitchenware.com\/wp-content\/uploads\/2024\/10\/wholesale-stovetop-kettle-2.webp 800w, https:\/\/www.yongyukitchenware.com\/wp-content\/uploads\/2024\/10\/wholesale-stovetop-kettle-2-300x300.webp 300w, https:\/\/www.yongyukitchenware.com\/wp-content\/uploads\/2024\/10\/wholesale-stovetop-kettle-2-150x150.webp 150w, https:\/\/www.yongyukitchenware.com\/wp-content\/uploads\/2024\/10\/wholesale-stovetop-kettle-2-768x768.webp 768w, https:\/\/www.yongyukitchenware.com\/wp-content\/uploads\/2024\/10\/wholesale-stovetop-kettle-2-12x12.webp 12w, https:\/\/www.yongyukitchenware.com\/wp-content\/uploads\/2024\/10\/wholesale-stovetop-kettle-2-600x600.webp 600w, https:\/\/www.yongyukitchenware.com\/wp-content\/uploads\/2024\/10\/wholesale-stovetop-kettle-2-100x100.webp 100w\" sizes=\"(max-width: 800px) 100vw, 800px\" \/><\/figure>\n<\/div>\n<\/div>\n\n\n\n<p><\/p>","protected":false},"excerpt":{"rendered":"<p>Tetera hervidora de caf\u00e9 de acero inoxidable al por mayor, exquisito dise\u00f1o de boquilla de cuello de cisne, adecuada para la preparaci\u00f3n de caf\u00e9 y t\u00e9 que requiere un control preciso del volumen de agua. F\u00e1cil de usar y limpiar, ideal para cocinas dom\u00e9sticas, cafeter\u00edas u oficinas.<\/p>\n<h2 style=\"text-align: left\">Par\u00e1metros de la cafetera de acero inoxidable<\/h2>\n<p style=\"text-align: left\"><strong>Material:<\/strong> acero inoxidable<br \/><strong>Color:<\/strong> Plata<br \/><strong>Accesorios:<\/strong> Filtro extra\u00edble<br \/><strong>Diferentes tama\u00f1os:<\/strong> 1.0L, 1.5L<br \/><strong>Embalaje:<\/strong> Bolsa OPP y cart\u00f3n<br \/><strong>OEM\/ODM:<\/strong> Disponible<\/p>\n<h2 class=\"wp-block-heading\">De Yongyu Drinkware Fabricante :<\/h2>\n<p>Yongyu Drinkware Manufacturer vende al por mayor y personaliza diversos tipos de bebidas, centr\u00e1ndose en la durabilidad y el rendimiento de conservaci\u00f3n del calor de los productos, proporcionando soluciones de adquisici\u00f3n econ\u00f3micas y de alta calidad para clientes de todo el mundo.<\/p>","protected":false},"featured_media":1703,"comment_status":"closed","ping_status":"closed","template":"","meta":{"_acf_changed":true},"application":[30],"product_brand":[],"product_cat":[20,49],"product_tag":[],"class_list":{"0":"post-1692","1":"product","2":"type-product","3":"status-publish","4":"has-post-thumbnail","6":"application-hotel-catering","7":"product_cat-wholesale-drinkware","8":"product_cat-stainless-steel-kettle-wholesale","10":"first","11":"instock","12":"shipping-taxable","13":"product-type-simple"},"acf":[],"_links":{"self":[{"href":"https:\/\/www.yongyukitchenware.com\/es\/wp-json\/wp\/v2\/product\/1692","targetHints":{"allow":["GET"]}}],"collection":[{"href":"https:\/\/www.yongyukitchenware.com\/es\/wp-json\/wp\/v2\/product"}],"about":[{"href":"https:\/\/www.yongyukitchenware.com\/es\/wp-json\/wp\/v2\/types\/product"}],"replies":[{"embeddable":true,"href":"https:\/\/www.yongyukitchenware.com\/es\/wp-json\/wp\/v2\/comments?post=1692"}],"wp:featuredmedia":[{"embeddable":true,"href":"https:\/\/www.yongyukitchenware.com\/es\/wp-json\/wp\/v2\/media\/1703"}],"wp:attachment":[{"href":"https:\/\/www.yongyukitchenware.com\/es\/wp-json\/wp\/v2\/media?parent=1692"}],"wp:term":[{"taxonomy":"application","embeddable":true,"href":"https:\/\/www.yongyukitchenware.com\/es\/wp-json\/wp\/v2\/application?post=1692"},{"taxonomy":"product_brand","embeddable":true,"href":"https:\/\/www.yongyukitchenware.com\/es\/wp-json\/wp\/v2\/product_brand?post=1692"},{"taxonomy":"product_cat","embeddable":true,"href":"https:\/\/www.yongyukitchenware.com\/es\/wp-json\/wp\/v2\/product_cat?post=1692"},{"taxonomy":"product_tag","embeddable":true,"href":"https:\/\/www.yongyukitchenware.com\/es\/wp-json\/wp\/v2\/product_tag?post=1692"}],"curies":[{"name":"wp","href":"https:\/\/api.w.org\/{rel}","templated":true}]}}