{"id":1700,"date":"2024-10-12T09:11:33","date_gmt":"2024-10-12T09:11:33","guid":{"rendered":"https:\/\/www.yongyukitchenware.com\/?post_type=product&#038;p=1700"},"modified":"2025-06-26T05:56:28","modified_gmt":"2025-06-26T05:56:28","slug":"chafing-food-warmer-wholesale","status":"publish","type":"product","link":"https:\/\/www.yongyukitchenware.com\/es\/producto\/chafing-food-warmer-wholesale\/","title":{"rendered":"Mayorista Calientaplatos El\u00e9ctrico de Acero Inoxidable para Hosteler\u00eda"},"content":{"rendered":"<div class=\"wp-block-columns is-layout-flex wp-container-core-columns-is-layout-9d6595d7 wp-block-columns-is-layout-flex\">\n<div class=\"wp-block-column is-layout-flow wp-block-column-is-layout-flow\">\n<h2 class=\"wp-block-heading\">Par\u00e1metros del calientaplatos<\/h2>\n\n\n\n<figure class=\"wp-block-table\"><table class=\"has-fixed-layout\"><tbody><tr><td>Modelo<\/td><td>Forma<\/td><td>Longitud * Anchura * Altura (cm)<\/td><td>Peso (kg)<\/td><td>MOQ<\/td><\/tr><tr><td rowspan=\"3\">DY018-CL<\/td><td>Rectangular<\/td><td>58*43*23<\/td><td>13.3<\/td><td rowspan=\"3\">2 PIEZAS<\/td><\/tr><tr><td>cuadrado<\/td><td>41*43*23<\/td><td>11.2<\/td><\/tr><tr><td>redondo<\/td><td>52*43*23<\/td><td>10.7<\/td><\/tr><\/tbody><\/table><\/figure>\n<\/div>\n\n\n\n<div class=\"wp-block-column is-layout-flow wp-block-column-is-layout-flow\">\n<div class=\"wp-block-columns is-layout-flex wp-container-core-columns-is-layout-9d6595d7 wp-block-columns-is-layout-flex\">\n<div class=\"wp-block-column is-layout-flow wp-block-column-is-layout-flow\">\n<figure class=\"wp-block-image size-full\"><img decoding=\"async\" width=\"800\" height=\"800\" src=\"https:\/\/www.yongyukitchenware.com\/wp-content\/uploads\/2025\/01\/Wholesale-Chafing-Dish-Large-Stainless-Steel-Rectangular-Electric-Buffet-Dish2.webp\" alt=\"Mayorista Chafing Dish Grande Acero Inoxidable Rectangular El\u00e9ctrico Buffet Dish2\" class=\"wp-image-2752\" srcset=\"https:\/\/www.yongyukitchenware.com\/wp-content\/uploads\/2025\/01\/Wholesale-Chafing-Dish-Large-Stainless-Steel-Rectangular-Electric-Buffet-Dish2.webp 800w, https:\/\/www.yongyukitchenware.com\/wp-content\/uploads\/2025\/01\/Wholesale-Chafing-Dish-Large-Stainless-Steel-Rectangular-Electric-Buffet-Dish2-300x300.webp 300w, https:\/\/www.yongyukitchenware.com\/wp-content\/uploads\/2025\/01\/Wholesale-Chafing-Dish-Large-Stainless-Steel-Rectangular-Electric-Buffet-Dish2-150x150.webp 150w, https:\/\/www.yongyukitchenware.com\/wp-content\/uploads\/2025\/01\/Wholesale-Chafing-Dish-Large-Stainless-Steel-Rectangular-Electric-Buffet-Dish2-768x768.webp 768w, https:\/\/www.yongyukitchenware.com\/wp-content\/uploads\/2025\/01\/Wholesale-Chafing-Dish-Large-Stainless-Steel-Rectangular-Electric-Buffet-Dish2-12x12.webp 12w, https:\/\/www.yongyukitchenware.com\/wp-content\/uploads\/2025\/01\/Wholesale-Chafing-Dish-Large-Stainless-Steel-Rectangular-Electric-Buffet-Dish2-600x600.webp 600w, https:\/\/www.yongyukitchenware.com\/wp-content\/uploads\/2025\/01\/Wholesale-Chafing-Dish-Large-Stainless-Steel-Rectangular-Electric-Buffet-Dish2-100x100.webp 100w\" sizes=\"(max-width: 800px) 100vw, 800px\" \/><\/figure>\n<\/div>\n\n\n\n<div class=\"wp-block-column is-layout-flow wp-block-column-is-layout-flow\">\n<figure class=\"wp-block-image size-full\"><img decoding=\"async\" width=\"800\" height=\"800\" src=\"https:\/\/www.yongyukitchenware.com\/wp-content\/uploads\/2025\/01\/Premium-Chafing-Dishes-with-Lids-Wholesale-Stainless-Steel-Square-6L-2.webp\" alt=\"Premium Chafing Dishes with Lids Wholesale Acero Inoxidable Cuadrado 6L-2\" class=\"wp-image-2751\" srcset=\"https:\/\/www.yongyukitchenware.com\/wp-content\/uploads\/2025\/01\/Premium-Chafing-Dishes-with-Lids-Wholesale-Stainless-Steel-Square-6L-2.webp 800w, https:\/\/www.yongyukitchenware.com\/wp-content\/uploads\/2025\/01\/Premium-Chafing-Dishes-with-Lids-Wholesale-Stainless-Steel-Square-6L-2-300x300.webp 300w, https:\/\/www.yongyukitchenware.com\/wp-content\/uploads\/2025\/01\/Premium-Chafing-Dishes-with-Lids-Wholesale-Stainless-Steel-Square-6L-2-150x150.webp 150w, https:\/\/www.yongyukitchenware.com\/wp-content\/uploads\/2025\/01\/Premium-Chafing-Dishes-with-Lids-Wholesale-Stainless-Steel-Square-6L-2-768x768.webp 768w, https:\/\/www.yongyukitchenware.com\/wp-content\/uploads\/2025\/01\/Premium-Chafing-Dishes-with-Lids-Wholesale-Stainless-Steel-Square-6L-2-12x12.webp 12w, https:\/\/www.yongyukitchenware.com\/wp-content\/uploads\/2025\/01\/Premium-Chafing-Dishes-with-Lids-Wholesale-Stainless-Steel-Square-6L-2-600x600.webp 600w, https:\/\/www.yongyukitchenware.com\/wp-content\/uploads\/2025\/01\/Premium-Chafing-Dishes-with-Lids-Wholesale-Stainless-Steel-Square-6L-2-100x100.webp 100w\" sizes=\"(max-width: 800px) 100vw, 800px\" \/><\/figure>\n<\/div>\n<\/div>\n\n\n\n<div class=\"wp-block-columns is-layout-flex wp-container-core-columns-is-layout-9d6595d7 wp-block-columns-is-layout-flex\">\n<div class=\"wp-block-column is-layout-flow wp-block-column-is-layout-flow\">\n<figure class=\"wp-block-image size-full\"><img decoding=\"async\" width=\"800\" height=\"800\" src=\"https:\/\/www.yongyukitchenware.com\/wp-content\/uploads\/2025\/01\/Wholesale-Electric-Chafer-Stainless-Steel-Round-Electric-Chafing-Dish2.webp\" alt=\"Mayorista Chafing Dish El\u00e9ctrico Redondo de Acero Inoxidable2\" class=\"wp-image-2753\" srcset=\"https:\/\/www.yongyukitchenware.com\/wp-content\/uploads\/2025\/01\/Wholesale-Electric-Chafer-Stainless-Steel-Round-Electric-Chafing-Dish2.webp 800w, https:\/\/www.yongyukitchenware.com\/wp-content\/uploads\/2025\/01\/Wholesale-Electric-Chafer-Stainless-Steel-Round-Electric-Chafing-Dish2-300x300.webp 300w, https:\/\/www.yongyukitchenware.com\/wp-content\/uploads\/2025\/01\/Wholesale-Electric-Chafer-Stainless-Steel-Round-Electric-Chafing-Dish2-150x150.webp 150w, https:\/\/www.yongyukitchenware.com\/wp-content\/uploads\/2025\/01\/Wholesale-Electric-Chafer-Stainless-Steel-Round-Electric-Chafing-Dish2-768x768.webp 768w, https:\/\/www.yongyukitchenware.com\/wp-content\/uploads\/2025\/01\/Wholesale-Electric-Chafer-Stainless-Steel-Round-Electric-Chafing-Dish2-12x12.webp 12w, https:\/\/www.yongyukitchenware.com\/wp-content\/uploads\/2025\/01\/Wholesale-Electric-Chafer-Stainless-Steel-Round-Electric-Chafing-Dish2-600x600.webp 600w, https:\/\/www.yongyukitchenware.com\/wp-content\/uploads\/2025\/01\/Wholesale-Electric-Chafer-Stainless-Steel-Round-Electric-Chafing-Dish2-100x100.webp 100w\" sizes=\"(max-width: 800px) 100vw, 800px\" \/><\/figure>\n<\/div>\n\n\n\n<div class=\"wp-block-column is-layout-flow wp-block-column-is-layout-flow\"><\/div>\n<\/div>\n<\/div>\n<\/div>\n\n\n\n<div class=\"wp-block-columns is-layout-flex wp-container-core-columns-is-layout-9d6595d7 wp-block-columns-is-layout-flex\">\n<div class=\"wp-block-column is-layout-flow wp-block-column-is-layout-flow\">\n<figure class=\"wp-block-image size-full is-resized\"><img decoding=\"async\" width=\"800\" height=\"800\" src=\"https:\/\/www.yongyukitchenware.com\/wp-content\/uploads\/2024\/10\/Wholesale-Stainless-Steel-Chafing-Food-Warmer-Electric-5.webp\" alt=\"Mayorista Calientaplatos Acero Inoxidable El\u00e9ctrico 5\" class=\"wp-image-1773\" style=\"width:416px;height:auto\" srcset=\"https:\/\/www.yongyukitchenware.com\/wp-content\/uploads\/2024\/10\/Wholesale-Stainless-Steel-Chafing-Food-Warmer-Electric-5.webp 800w, https:\/\/www.yongyukitchenware.com\/wp-content\/uploads\/2024\/10\/Wholesale-Stainless-Steel-Chafing-Food-Warmer-Electric-5-300x300.webp 300w, https:\/\/www.yongyukitchenware.com\/wp-content\/uploads\/2024\/10\/Wholesale-Stainless-Steel-Chafing-Food-Warmer-Electric-5-150x150.webp 150w, https:\/\/www.yongyukitchenware.com\/wp-content\/uploads\/2024\/10\/Wholesale-Stainless-Steel-Chafing-Food-Warmer-Electric-5-768x768.webp 768w, https:\/\/www.yongyukitchenware.com\/wp-content\/uploads\/2024\/10\/Wholesale-Stainless-Steel-Chafing-Food-Warmer-Electric-5-12x12.webp 12w, https:\/\/www.yongyukitchenware.com\/wp-content\/uploads\/2024\/10\/Wholesale-Stainless-Steel-Chafing-Food-Warmer-Electric-5-600x600.webp 600w, https:\/\/www.yongyukitchenware.com\/wp-content\/uploads\/2024\/10\/Wholesale-Stainless-Steel-Chafing-Food-Warmer-Electric-5-100x100.webp 100w\" sizes=\"(max-width: 800px) 100vw, 800px\" \/><\/figure>\n<\/div>\n\n\n\n<div class=\"wp-block-column is-layout-flow wp-block-column-is-layout-flow\">\n<h2 class=\"wp-block-heading\">Calientaplatos Caracter\u00edsticas:<\/h2>\n\n\n\n<p><strong>Puerto de alimentaci\u00f3n independiente: <\/strong>Puerto de alimentaci\u00f3n duradero de alta calidad, f\u00e1cil de usar, sin arrastre.<\/p>\n\n\n\n<p><strong>Material de acero inoxidable engrosado:<\/strong> La selecci\u00f3n de acero de grado alimenticio de alta calidad, seguridad del material, durable.<\/p>\n\n\n\n<p><strong>Tapa de amortiguaci\u00f3n hidr\u00e1ulica reforzada\uff1a<\/strong> Cierre silencioso y lento, f\u00e1cil de abrir y cerrar.<\/p>\n\n\n\n<p><strong>Dise\u00f1o dividido\uff1a<\/strong> La cubeta y el cuerpo del horno de nuestro calientaplatos al por mayor pueden separarse para facilitar su limpieza.<\/p>\n\n\n\n<p><strong>Temperatura de control num\u00e9rico: <\/strong>Nuestro calientaplatos al por mayor tiene un control de temperatura por contacto y un indicador de temperatura preciso.<\/p>\n<\/div>\n<\/div>\n\n\n\n<p><\/p>","protected":false},"excerpt":{"rendered":"<p>Calentador de alimentos al por mayor para catering comercial. Hecho de acero inoxidable, calefacci\u00f3n el\u00e9ctrica, una pantalla t\u00e1ctil precisa para controlar la temperatura, calentamiento r\u00e1pido y conservaci\u00f3n del calor a largo plazo. \u00a1OEM y ODM opciones de precios de f\u00e1brica est\u00e1n disponibles, p\u00f3ngase en contacto con Yongyu para m\u00e1s informaci\u00f3n!<\/p>\n<h2><!-- wp:heading --><\/h2>\n<h2 class=\"wp-block-heading\">Calentador de alimentos Chafing Atributos :<\/h2>\n<h2><!-- \/wp:heading --><\/p>\n<p><!-- wp:paragraph --><\/h2>\n<p><strong>Material: <\/strong>Acero inoxidable<br \/><strong>Color: <\/strong>Plata, oro, impresi\u00f3n en color personalizado<br \/><strong>Forma: <\/strong>Rect\u00e1ngulo, cuadrado, redondo<br \/><strong>Calor: <\/strong>Alcohol y calefacci\u00f3n el\u00e9ctrica<br \/><strong>Chafer Pan: <\/strong>Rejilla individual\/doble\/triple<br \/><strong>Embalaje: <\/strong>Bolsa Opp y caja de cart\u00f3n<br \/><strong>OEM\/ODM: <\/strong>Disponible<\/p>\n<h2 class=\"wp-block-heading\">De Yongyu Chafing Dish Fabricante :<\/h2>\n<p>\u00a1Tanto si se trata de un proveedor de servicios de catering, hotel y restaurante, o empresa de planificaci\u00f3n de eventos, proporcionamos soluciones completas de platos para calentar al por mayor personalizados para ayudar a su negocio con precios de f\u00e1brica de alta calidad!<\/p>\n<h2><!-- \/wp:paragraph --><\/h2>","protected":false},"featured_media":1769,"comment_status":"closed","ping_status":"closed","template":"","meta":{"_acf_changed":false},"application":[30],"product_brand":[],"product_cat":[33],"product_tag":[43],"class_list":{"0":"post-1700","1":"product","2":"type-product","3":"status-publish","4":"has-post-thumbnail","6":"application-hotel-catering","7":"product_cat-chafing-dishes-wholesale","8":"product_tag-recommend","10":"first","11":"instock","12":"shipping-taxable","13":"product-type-simple"},"acf":[],"_links":{"self":[{"href":"https:\/\/www.yongyukitchenware.com\/es\/wp-json\/wp\/v2\/product\/1700","targetHints":{"allow":["GET"]}}],"collection":[{"href":"https:\/\/www.yongyukitchenware.com\/es\/wp-json\/wp\/v2\/product"}],"about":[{"href":"https:\/\/www.yongyukitchenware.com\/es\/wp-json\/wp\/v2\/types\/product"}],"replies":[{"embeddable":true,"href":"https:\/\/www.yongyukitchenware.com\/es\/wp-json\/wp\/v2\/comments?post=1700"}],"wp:featuredmedia":[{"embeddable":true,"href":"https:\/\/www.yongyukitchenware.com\/es\/wp-json\/wp\/v2\/media\/1769"}],"wp:attachment":[{"href":"https:\/\/www.yongyukitchenware.com\/es\/wp-json\/wp\/v2\/media?parent=1700"}],"wp:term":[{"taxonomy":"application","embeddable":true,"href":"https:\/\/www.yongyukitchenware.com\/es\/wp-json\/wp\/v2\/application?post=1700"},{"taxonomy":"product_brand","embeddable":true,"href":"https:\/\/www.yongyukitchenware.com\/es\/wp-json\/wp\/v2\/product_brand?post=1700"},{"taxonomy":"product_cat","embeddable":true,"href":"https:\/\/www.yongyukitchenware.com\/es\/wp-json\/wp\/v2\/product_cat?post=1700"},{"taxonomy":"product_tag","embeddable":true,"href":"https:\/\/www.yongyukitchenware.com\/es\/wp-json\/wp\/v2\/product_tag?post=1700"}],"curies":[{"name":"wp","href":"https:\/\/api.w.org\/{rel}","templated":true}]}}