{"id":1715,"date":"2024-10-14T06:41:09","date_gmt":"2024-10-14T06:41:09","guid":{"rendered":"https:\/\/www.yongyukitchenware.com\/?post_type=product&#038;p=1715"},"modified":"2025-06-26T05:59:11","modified_gmt":"2025-06-26T05:59:11","slug":"electric-chafing-dish-buffet-set-wholesale","status":"publish","type":"product","link":"https:\/\/www.yongyukitchenware.com\/es\/producto\/electric-chafing-dish-buffet-set-wholesale\/","title":{"rendered":"Plato el\u00e9ctrico a granel Set Buffet Acero inoxidable 6L 9L"},"content":{"rendered":"<div class=\"wp-block-columns is-layout-flex wp-container-core-columns-is-layout-9d6595d7 wp-block-columns-is-layout-flex\">\n<div class=\"wp-block-column is-layout-flow wp-block-column-is-layout-flow\">\n<h2 class=\"wp-block-heading\">Plato hondo el\u00e9ctrico Buffet Set Par\u00e1metros:<\/h2>\n\n\n\n<figure class=\"wp-block-table\"><table class=\"has-fixed-layout\"><tbody><tr><td>Modelo<\/td><td>Forma<\/td><td>Longitud * Anchura * Altura (cm)<\/td><td>Peso (kg)<\/td><td>MOQ<\/td><\/tr><tr><td rowspan=\"3\">DY014-CL<\/td><td>Rectangular<\/td><td>57*37*24<\/td><td>10<\/td><td rowspan=\"3\">2 PIEZAS<\/td><\/tr><tr><td>cuadrado<\/td><td>40*40*24<\/td><td>7.8<\/td><\/tr><tr><td>redondo<\/td><td>47*44*24<\/td><td>8.2<\/td><\/tr><\/tbody><\/table><\/figure>\n<\/div>\n\n\n\n<div class=\"wp-block-column is-layout-flow wp-block-column-is-layout-flow\"><div class=\"wp-block-image\">\n<figure class=\"aligncenter size-full is-resized\"><img decoding=\"async\" width=\"750\" height=\"921\" src=\"https:\/\/www.yongyukitchenware.com\/wp-content\/uploads\/2024\/10\/Electric-Chafing-Dish-Buffet-Set-1.jpg\" alt=\"Plato hondo el\u00e9ctrico Juego Buffet\" class=\"wp-image-2924\" style=\"width:358px;height:auto\" srcset=\"https:\/\/www.yongyukitchenware.com\/wp-content\/uploads\/2024\/10\/Electric-Chafing-Dish-Buffet-Set-1.jpg 750w, https:\/\/www.yongyukitchenware.com\/wp-content\/uploads\/2024\/10\/Electric-Chafing-Dish-Buffet-Set-1-244x300.jpg 244w, https:\/\/www.yongyukitchenware.com\/wp-content\/uploads\/2024\/10\/Electric-Chafing-Dish-Buffet-Set-1-10x12.jpg 10w, https:\/\/www.yongyukitchenware.com\/wp-content\/uploads\/2024\/10\/Electric-Chafing-Dish-Buffet-Set-1-600x737.jpg 600w\" sizes=\"(max-width: 750px) 100vw, 750px\" \/><\/figure>\n<\/div><\/div>\n<\/div>\n\n\n\n<div class=\"wp-block-columns is-layout-flex wp-container-core-columns-is-layout-9d6595d7 wp-block-columns-is-layout-flex\">\n<div class=\"wp-block-column is-layout-flow wp-block-column-is-layout-flow\">\n<figure class=\"wp-block-image size-full\"><img decoding=\"async\" width=\"800\" height=\"800\" src=\"https:\/\/www.yongyukitchenware.com\/wp-content\/uploads\/2024\/10\/Bulk-Electric-Chafing-Dish-Buffet-Set-2.webp\" alt=\"Plato el\u00e9ctrico a granel Buffet Set 2\" class=\"wp-image-1717\" srcset=\"https:\/\/www.yongyukitchenware.com\/wp-content\/uploads\/2024\/10\/Bulk-Electric-Chafing-Dish-Buffet-Set-2.webp 800w, https:\/\/www.yongyukitchenware.com\/wp-content\/uploads\/2024\/10\/Bulk-Electric-Chafing-Dish-Buffet-Set-2-300x300.webp 300w, https:\/\/www.yongyukitchenware.com\/wp-content\/uploads\/2024\/10\/Bulk-Electric-Chafing-Dish-Buffet-Set-2-150x150.webp 150w, https:\/\/www.yongyukitchenware.com\/wp-content\/uploads\/2024\/10\/Bulk-Electric-Chafing-Dish-Buffet-Set-2-768x768.webp 768w, https:\/\/www.yongyukitchenware.com\/wp-content\/uploads\/2024\/10\/Bulk-Electric-Chafing-Dish-Buffet-Set-2-12x12.webp 12w, https:\/\/www.yongyukitchenware.com\/wp-content\/uploads\/2024\/10\/Bulk-Electric-Chafing-Dish-Buffet-Set-2-600x600.webp 600w, https:\/\/www.yongyukitchenware.com\/wp-content\/uploads\/2024\/10\/Bulk-Electric-Chafing-Dish-Buffet-Set-2-100x100.webp 100w\" sizes=\"(max-width: 800px) 100vw, 800px\" \/><\/figure>\n<\/div>\n\n\n\n<div class=\"wp-block-column is-layout-flow wp-block-column-is-layout-flow\">\n<h2 class=\"wp-block-heading\">Plato el\u00e9ctrico Buffet Caracter\u00edsticas:<\/h2>\n\n\n\n<p><strong>Robusto dise\u00f1o de pie tubular:<\/strong> El pesado soporte tubular a\u00f1ade peso extra para una mayor estabilidad y durabilidad, asegurando que el dispositivo se mantenga firme en entornos ajetreados.<\/p>\n\n\n\n<p><strong>Sistema de calefacci\u00f3n el\u00e9ctrica eficiente: <\/strong>Con la funci\u00f3n de calentamiento el\u00e9ctrico en su interior, se calienta r\u00e1pidamente y mantiene una temperatura constante para que los alimentos se mantengan a una temperatura ideal durante bastante tiempo.<\/p>\n\n\n\n<p><strong>Material de acero inoxidable de alta calidad: <\/strong>Fabricada en acero inoxidable de alta calidad, es resistente a la corrosi\u00f3n, duradera y f\u00e1cil de limpiar. Es adecuado para un uso intensivo en hosteler\u00eda.<\/p>\n\n\n\n<p><strong>Contenedor de gran capacidad: <\/strong>Est\u00e1 dise\u00f1ado para grandes capacidades y satisface las necesidades de distintos eventos a gran escala. Adem\u00e1s, puede reducir la molestia de reponer la comida con frecuencia y mejorar la eficiencia del servicio.<\/p>\n\n\n\n<p><strong>Dise\u00f1o del m\u00f3dulo: <\/strong>Hay muchos platos dentro del juego para contener varios platos simult\u00e1neamente, lo que facilita la clasificaci\u00f3n y satisface las necesidades de diferentes ocasiones.<\/p>\n<\/div>\n<\/div>\n\n\n\n<div class=\"wp-block-columns is-layout-flex wp-container-core-columns-is-layout-9d6595d7 wp-block-columns-is-layout-flex\">\n<div class=\"wp-block-column is-layout-flow wp-block-column-is-layout-flow\"><\/div>\n\n\n\n<div class=\"wp-block-column is-layout-flow wp-block-column-is-layout-flow\"><\/div>\n<\/div>\n\n\n\n<div class=\"wp-block-columns is-layout-flex wp-container-core-columns-is-layout-9d6595d7 wp-block-columns-is-layout-flex\">\n<div class=\"wp-block-column is-layout-flow wp-block-column-is-layout-flow\"><\/div>\n\n\n\n<div class=\"wp-block-column is-layout-flow wp-block-column-is-layout-flow\"><\/div>\n<\/div>","protected":false},"excerpt":{"rendered":"<p>Set de buffet el\u00e9ctrico con tapa de cristal abatible, varias formas incluyendo rectangular, redondo, cuadrado, equipado con sistema electr\u00f3nico de control de temperatura de pantalla t\u00e1ctil, f\u00e1cil de operar, puede mantener el calor durante mucho tiempo. \u00a1El mejor descuento para la personalizaci\u00f3n a granel, bienvenido a preguntar!<\/p>\n<h2><!-- wp:heading --><\/h2>\n<h2 class=\"wp-block-heading\">Plato el\u00e9ctrico Buffet Set Atributos :<\/h2>\n<h2><!-- \/wp:heading --><\/p>\n<p><!-- wp:paragraph --><\/h2>\n<p><strong>Material: <\/strong>Acero inoxidable<br \/><strong>Color: <\/strong>Plata, Oro, Color personalizado<br \/><strong>Forma: <\/strong>Rect\u00e1ngulo, cuadrado, redondo<br \/><strong>Calor: <\/strong>Calefacci\u00f3n el\u00e9ctrica<br \/><strong>Chafer Pan: <\/strong>Rejilla simple\/doble<br \/><strong>Embalaje: <\/strong>Bolsa Opp y caja de cart\u00f3n<br \/><strong>OEM\/ODM: <\/strong>Disponible<\/p>\n<h2 class=\"wp-block-heading\">De Yongyu Chafing Dish Fabricante :<\/h2>\n<p>\u00a1Tanto si se trata de un proveedor de servicios de catering, hotel y restaurante, o empresa de planificaci\u00f3n de eventos, proporcionamos soluciones completas de platos para calentar al por mayor personalizados para ayudar a su negocio con precios de f\u00e1brica de alta calidad!<\/p>\n<h2><!-- \/wp:paragraph --><\/h2>","protected":false},"featured_media":2925,"comment_status":"closed","ping_status":"closed","template":"","meta":{"_acf_changed":false},"application":[30],"product_brand":[],"product_cat":[33],"product_tag":[],"class_list":{"0":"post-1715","1":"product","2":"type-product","3":"status-publish","4":"has-post-thumbnail","6":"application-hotel-catering","7":"product_cat-chafing-dishes-wholesale","9":"first","10":"instock","11":"shipping-taxable","12":"product-type-simple"},"acf":[],"_links":{"self":[{"href":"https:\/\/www.yongyukitchenware.com\/es\/wp-json\/wp\/v2\/product\/1715","targetHints":{"allow":["GET"]}}],"collection":[{"href":"https:\/\/www.yongyukitchenware.com\/es\/wp-json\/wp\/v2\/product"}],"about":[{"href":"https:\/\/www.yongyukitchenware.com\/es\/wp-json\/wp\/v2\/types\/product"}],"replies":[{"embeddable":true,"href":"https:\/\/www.yongyukitchenware.com\/es\/wp-json\/wp\/v2\/comments?post=1715"}],"wp:featuredmedia":[{"embeddable":true,"href":"https:\/\/www.yongyukitchenware.com\/es\/wp-json\/wp\/v2\/media\/2925"}],"wp:attachment":[{"href":"https:\/\/www.yongyukitchenware.com\/es\/wp-json\/wp\/v2\/media?parent=1715"}],"wp:term":[{"taxonomy":"application","embeddable":true,"href":"https:\/\/www.yongyukitchenware.com\/es\/wp-json\/wp\/v2\/application?post=1715"},{"taxonomy":"product_brand","embeddable":true,"href":"https:\/\/www.yongyukitchenware.com\/es\/wp-json\/wp\/v2\/product_brand?post=1715"},{"taxonomy":"product_cat","embeddable":true,"href":"https:\/\/www.yongyukitchenware.com\/es\/wp-json\/wp\/v2\/product_cat?post=1715"},{"taxonomy":"product_tag","embeddable":true,"href":"https:\/\/www.yongyukitchenware.com\/es\/wp-json\/wp\/v2\/product_tag?post=1715"}],"curies":[{"name":"wp","href":"https:\/\/api.w.org\/{rel}","templated":true}]}}