{"id":1728,"date":"2024-11-05T11:26:03","date_gmt":"2024-11-05T11:26:03","guid":{"rendered":"https:\/\/www.yongyukitchenware.com\/?post_type=product&#038;p=1728"},"modified":"2025-06-26T06:55:59","modified_gmt":"2025-06-26T06:55:59","slug":"custom-coffee-kettle","status":"publish","type":"product","link":"https:\/\/www.yongyukitchenware.com\/es\/producto\/custom-coffee-kettle\/","title":{"rendered":"Hervidor de agua de acero inoxidable personalizado 1,2L 1,5L con filtro"},"content":{"rendered":"<div class=\"wp-block-columns is-layout-flex wp-container-core-columns-is-layout-9d6595d7 wp-block-columns-is-layout-flex\">\n<div class=\"wp-block-column is-layout-flow wp-block-column-is-layout-flow\">\n<h2 class=\"wp-block-heading\">Tama\u00f1os de hervidor de agua de acero inoxidable\uff1a<\/h2>\n\n\n\n<figure class=\"wp-block-table\"><table class=\"has-fixed-layout\"><tbody><tr><td>Modelo<\/td><td>Talla<\/td><td>Di\u00e1metro * Altura (cm)<\/td><td>MOQ<\/td><\/tr><tr><td rowspan=\"2\">DY026-SH<\/td><td>1.2L<\/td><td>14*13cm<\/td><td rowspan=\"2\">36PCS<\/td><\/tr><tr><td>1.5L<\/td><td>14*16cm<\/td><\/tr><\/tbody><\/table><\/figure>\n\n\n\n<h2 class=\"wp-block-heading\">Hervidor de agua de acero inoxidable Caracter\u00edsticas:<\/h2>\n\n\n\n<p><strong>Acero inoxidable de primera calidad: <\/strong>Material de acero inoxidable de calidad alimentaria, resistente y duradero, capacidad antioxidante<br><strong>Filtro poroso a juego: <\/strong>El filtro est\u00e1 dise\u00f1ado de forma independiente para filtrar eficazmente los posos de caf\u00e9 o las hojas de t\u00e9, lo que resulta m\u00e1s c\u00f3modo para beber<br><strong>Dos tipos de ca\u00f1o: <\/strong>La boquilla de gancho de \u00e1guila vierte el agua suavemente, y la boquilla no cuelga el agua; el flujo de agua de la boquilla c\u00f3nica es m\u00e1s concentrado y f\u00e1cil de controlar<strong><br>Calentamiento r\u00e1pido: <\/strong>el anillo de circulaci\u00f3n inferior calienta r\u00e1pido, hierve r\u00e1pido, ahorrando tiempo<strong><br>Amplia aplicabilidad: <\/strong>Esta tetera puede utilizarse en cocinas de inducci\u00f3n, gas, el\u00e9ctricas y vitrocer\u00e1micas.<br><strong>Ligero y seguro: <\/strong>el dise\u00f1o de la tapa abatible es pr\u00e1ctico para recoger el agua, y el asa aislante es antiquemaduras y f\u00e1cil de sujetar.<\/p>\n<\/div>\n\n\n\n<div class=\"wp-block-column is-layout-flow wp-block-column-is-layout-flow\">\n<figure class=\"wp-block-image size-full\"><img decoding=\"async\" width=\"800\" height=\"800\" src=\"https:\/\/www.yongyukitchenware.com\/wp-content\/uploads\/2024\/10\/custom-coffee-kettle-8.webp\" alt=\"tetera-cafetera a medida (8)\" class=\"wp-image-1744\" srcset=\"https:\/\/www.yongyukitchenware.com\/wp-content\/uploads\/2024\/10\/custom-coffee-kettle-8.webp 800w, https:\/\/www.yongyukitchenware.com\/wp-content\/uploads\/2024\/10\/custom-coffee-kettle-8-300x300.webp 300w, https:\/\/www.yongyukitchenware.com\/wp-content\/uploads\/2024\/10\/custom-coffee-kettle-8-150x150.webp 150w, https:\/\/www.yongyukitchenware.com\/wp-content\/uploads\/2024\/10\/custom-coffee-kettle-8-768x768.webp 768w, https:\/\/www.yongyukitchenware.com\/wp-content\/uploads\/2024\/10\/custom-coffee-kettle-8-12x12.webp 12w, https:\/\/www.yongyukitchenware.com\/wp-content\/uploads\/2024\/10\/custom-coffee-kettle-8-600x600.webp 600w, https:\/\/www.yongyukitchenware.com\/wp-content\/uploads\/2024\/10\/custom-coffee-kettle-8-100x100.webp 100w\" sizes=\"(max-width: 800px) 100vw, 800px\" \/><\/figure>\n<\/div>\n<\/div>\n\n\n\n<p><\/p>","protected":false},"excerpt":{"rendered":"<p>Este hervidor de caf\u00e9 personalizado est\u00e1 fabricado en acero inoxidable de alta calidad y se ofrece en dos estilos diferentes, combinando practicidad con un aspecto elegante. Ideal para la preparaci\u00f3n diaria de caf\u00e9 o t\u00e9, es ideal para los amantes del caf\u00e9 y los entusiastas del t\u00e9.<\/p>\n<h2 style=\"text-align: left\">Par\u00e1metros del hervidor de agua de acero inoxidable<\/h2>\n<p style=\"text-align: left\"><strong>Material:<\/strong> acero inoxidable<br \/><strong>Dos estilos:<\/strong> Boquilla de gancho de \u00e1guila, ca\u00f1o c\u00f3nico<br \/><strong>Accesorios:<\/strong> Filtro extra\u00edble<br \/><strong>Tallas:<\/strong> 1,2 L, 1,5 L<br \/><strong>Embalaje:<\/strong> Bolsa OPP y cart\u00f3n<br \/><strong>OEM\/ODM:<\/strong> Opcional<\/p>\n<h2 class=\"wp-block-heading\">De Yongyu Drinkware Fabricante :<\/h2>\n<p>Yongyu Drinkware Manufacturer vende al por mayor y personaliza diversos tipos de bebidas, centr\u00e1ndose en la durabilidad y el rendimiento de conservaci\u00f3n del calor de los productos, proporcionando soluciones de adquisici\u00f3n econ\u00f3micas y de alta calidad para clientes de todo el mundo.<\/p>","protected":false},"featured_media":1737,"comment_status":"closed","ping_status":"closed","template":"","meta":{"_acf_changed":true},"application":[30],"product_brand":[],"product_cat":[20,49],"product_tag":[],"class_list":{"0":"post-1728","1":"product","2":"type-product","3":"status-publish","4":"has-post-thumbnail","6":"application-hotel-catering","7":"product_cat-wholesale-drinkware","8":"product_cat-stainless-steel-kettle-wholesale","10":"first","11":"instock","12":"shipping-taxable","13":"product-type-simple"},"acf":[],"_links":{"self":[{"href":"https:\/\/www.yongyukitchenware.com\/es\/wp-json\/wp\/v2\/product\/1728","targetHints":{"allow":["GET"]}}],"collection":[{"href":"https:\/\/www.yongyukitchenware.com\/es\/wp-json\/wp\/v2\/product"}],"about":[{"href":"https:\/\/www.yongyukitchenware.com\/es\/wp-json\/wp\/v2\/types\/product"}],"replies":[{"embeddable":true,"href":"https:\/\/www.yongyukitchenware.com\/es\/wp-json\/wp\/v2\/comments?post=1728"}],"wp:featuredmedia":[{"embeddable":true,"href":"https:\/\/www.yongyukitchenware.com\/es\/wp-json\/wp\/v2\/media\/1737"}],"wp:attachment":[{"href":"https:\/\/www.yongyukitchenware.com\/es\/wp-json\/wp\/v2\/media?parent=1728"}],"wp:term":[{"taxonomy":"application","embeddable":true,"href":"https:\/\/www.yongyukitchenware.com\/es\/wp-json\/wp\/v2\/application?post=1728"},{"taxonomy":"product_brand","embeddable":true,"href":"https:\/\/www.yongyukitchenware.com\/es\/wp-json\/wp\/v2\/product_brand?post=1728"},{"taxonomy":"product_cat","embeddable":true,"href":"https:\/\/www.yongyukitchenware.com\/es\/wp-json\/wp\/v2\/product_cat?post=1728"},{"taxonomy":"product_tag","embeddable":true,"href":"https:\/\/www.yongyukitchenware.com\/es\/wp-json\/wp\/v2\/product_tag?post=1728"}],"curies":[{"name":"wp","href":"https:\/\/api.w.org\/{rel}","templated":true}]}}