{"id":1745,"date":"2024-11-05T06:54:29","date_gmt":"2024-11-05T06:54:29","guid":{"rendered":"https:\/\/www.yongyukitchenware.com\/?post_type=product&#038;p=1745"},"modified":"2025-04-27T01:43:51","modified_gmt":"2025-04-27T01:43:51","slug":"whistling-kettle-wholesale","status":"publish","type":"product","link":"https:\/\/www.yongyukitchenware.com\/es\/producto\/whistling-kettle-wholesale\/","title":{"rendered":"Hervidor silbante directo de f\u00e1brica Tetera grande de acero inoxidable para estufa"},"content":{"rendered":"<div class=\"wp-block-columns is-layout-flex wp-container-core-columns-is-layout-9d6595d7 wp-block-columns-is-layout-flex\">\n<div class=\"wp-block-column is-layout-flow wp-block-column-is-layout-flow\">\n<h2 class=\"wp-block-heading\">Hervidor silbante Caracter\u00edsticas:<\/h2>\n\n\n\n<p><strong>Acero inoxidable de alta calidad: <\/strong>Material de acero inoxidable de calidad alimentaria, resistente al \u00f3xido y la corrosi\u00f3n, duradero<br><strong>Detector de agua:<\/strong> Cuando el agua alcanza el punto de ebullici\u00f3n, la tetera emite un sonido similar a un silbido para indicarlo.<br><strong>Dise\u00f1o de gran calibre:<\/strong> Gran capacidad, gran calibre, f\u00e1cil de rellenar. Satisfacer las necesidades de uso diario o entretener a los invitados.<br><strong>Mango de madera de caucho: <\/strong>Dise\u00f1o curvado. El mango de Gumwood es c\u00f3modo de sujetar. Aislamiento t\u00e9rmico y antical.<br><strong>Dise\u00f1o del orificio interior del filtro: <\/strong>f\u00e1cil de filtrar el residuo, m\u00e1s conveniente para beber.<br><strong>Fondo antideslizante:<\/strong> El fondo antideslizante c\u00f3ncavo-convexo permite una colocaci\u00f3n suave y una mayor durabilidad.<\/p>\n<\/div>\n\n\n\n<div class=\"wp-block-column is-layout-flow wp-block-column-is-layout-flow\">\n<figure class=\"wp-block-image size-full\"><img decoding=\"async\" width=\"800\" height=\"800\" src=\"https:\/\/www.yongyukitchenware.com\/wp-content\/uploads\/2024\/10\/factory-direct-whistling-kettle-2.webp\" alt=\"tetera para silbidos directa de f\u00e1brica (2)\" class=\"wp-image-1747\" srcset=\"https:\/\/www.yongyukitchenware.com\/wp-content\/uploads\/2024\/10\/factory-direct-whistling-kettle-2.webp 800w, https:\/\/www.yongyukitchenware.com\/wp-content\/uploads\/2024\/10\/factory-direct-whistling-kettle-2-300x300.webp 300w, https:\/\/www.yongyukitchenware.com\/wp-content\/uploads\/2024\/10\/factory-direct-whistling-kettle-2-150x150.webp 150w, https:\/\/www.yongyukitchenware.com\/wp-content\/uploads\/2024\/10\/factory-direct-whistling-kettle-2-768x768.webp 768w, https:\/\/www.yongyukitchenware.com\/wp-content\/uploads\/2024\/10\/factory-direct-whistling-kettle-2-12x12.webp 12w, https:\/\/www.yongyukitchenware.com\/wp-content\/uploads\/2024\/10\/factory-direct-whistling-kettle-2-600x600.webp 600w, https:\/\/www.yongyukitchenware.com\/wp-content\/uploads\/2024\/10\/factory-direct-whistling-kettle-2-100x100.webp 100w\" sizes=\"(max-width: 800px) 100vw, 800px\" \/><\/figure>\n<\/div>\n<\/div>\n\n\n\n<p><\/p>","protected":false},"excerpt":{"rendered":"<p>Hervidor de agua silbante de acero inoxidable al por mayor de f\u00e1brica, gran capacidad 4,8L, 5,8L y 6,8L, apto para estufa y cocina de inducci\u00f3n. \u00a1Yongyu proveedor de hervidor de acero inoxidable ofrece la soluci\u00f3n personalizada m\u00e1s rentable, bienvenido a preguntar!<\/p>\n<h2 style=\"text-align: left;\">Par\u00e1metros de la tetera silbante<\/h2>\n<p style=\"text-align: left;\"><strong>Material:<\/strong> Acero inoxidable<br \/><strong>Forma:<\/strong> En forma de manzana<br \/><strong>Asa:<\/strong> Mango de madera de caucho<br \/><strong>Tallas:<\/strong> 4.8L 5.8L 6.8L<br \/><strong>Embalaje:<\/strong> Bolsa OPP y cart\u00f3n<br \/><strong>OEM\/ODM:<\/strong> Opcional<\/p>\n<h2 class=\"wp-block-heading\">De Yongyu Drinkware Fabricante :<\/h2>\n<p>Yongyu Drinkware Manufacturer vende al por mayor y personaliza diversos tipos de bebidas, centr\u00e1ndose en la durabilidad y el rendimiento de conservaci\u00f3n del calor de los productos, proporcionando soluciones de adquisici\u00f3n econ\u00f3micas y de alta calidad para clientes de todo el mundo.<\/p>","protected":false},"featured_media":1746,"comment_status":"closed","ping_status":"closed","template":"","meta":{"_acf_changed":true},"application":[30],"product_brand":[],"product_cat":[20,49],"product_tag":[],"class_list":{"0":"post-1745","1":"product","2":"type-product","3":"status-publish","4":"has-post-thumbnail","6":"application-hotel-catering","7":"product_cat-wholesale-drinkware","8":"product_cat-stainless-steel-kettle-wholesale","10":"first","11":"instock","12":"shipping-taxable","13":"product-type-simple"},"acf":[],"_links":{"self":[{"href":"https:\/\/www.yongyukitchenware.com\/es\/wp-json\/wp\/v2\/product\/1745","targetHints":{"allow":["GET"]}}],"collection":[{"href":"https:\/\/www.yongyukitchenware.com\/es\/wp-json\/wp\/v2\/product"}],"about":[{"href":"https:\/\/www.yongyukitchenware.com\/es\/wp-json\/wp\/v2\/types\/product"}],"replies":[{"embeddable":true,"href":"https:\/\/www.yongyukitchenware.com\/es\/wp-json\/wp\/v2\/comments?post=1745"}],"wp:featuredmedia":[{"embeddable":true,"href":"https:\/\/www.yongyukitchenware.com\/es\/wp-json\/wp\/v2\/media\/1746"}],"wp:attachment":[{"href":"https:\/\/www.yongyukitchenware.com\/es\/wp-json\/wp\/v2\/media?parent=1745"}],"wp:term":[{"taxonomy":"application","embeddable":true,"href":"https:\/\/www.yongyukitchenware.com\/es\/wp-json\/wp\/v2\/application?post=1745"},{"taxonomy":"product_brand","embeddable":true,"href":"https:\/\/www.yongyukitchenware.com\/es\/wp-json\/wp\/v2\/product_brand?post=1745"},{"taxonomy":"product_cat","embeddable":true,"href":"https:\/\/www.yongyukitchenware.com\/es\/wp-json\/wp\/v2\/product_cat?post=1745"},{"taxonomy":"product_tag","embeddable":true,"href":"https:\/\/www.yongyukitchenware.com\/es\/wp-json\/wp\/v2\/product_tag?post=1745"}],"curies":[{"name":"wp","href":"https:\/\/api.w.org\/{rel}","templated":true}]}}