{"id":1752,"date":"2024-11-05T07:32:22","date_gmt":"2024-11-05T07:32:22","guid":{"rendered":"https:\/\/www.yongyukitchenware.com\/?post_type=product&#038;p=1752"},"modified":"2025-04-27T01:42:57","modified_gmt":"2025-04-27T01:42:57","slug":"whistling-tea-kettle-wholesale","status":"publish","type":"product","link":"https:\/\/www.yongyukitchenware.com\/es\/producto\/whistling-tea-kettle-wholesale\/","title":{"rendered":"Mayorista Hervidor de T\u00e9 Silbador Hervidor de Acero Inoxidable con Colador"},"content":{"rendered":"<div class=\"wp-block-columns is-layout-flex wp-container-core-columns-is-layout-9d6595d7 wp-block-columns-is-layout-flex\">\n<div class=\"wp-block-column is-layout-flow wp-block-column-is-layout-flow\">\n<h2 class=\"wp-block-heading\">Tetera silbante Caracter\u00edsticas:<\/h2>\n\n\n\n<p><strong>Acero inoxidable de alta calidad: <\/strong>El material de acero inoxidable de calidad alimentaria garantiza la durabilidad y seguridad de la tetera.<br><strong>Compatible con muchos tipos de estufas:<\/strong> puede utilizarse en cocinas de gas, inducci\u00f3n, vitrocer\u00e1micas y el\u00e9ctricas.<br><strong>Alerta sonora: <\/strong>Avisador ac\u00fastico incorporado que le avisa cuando el agua ha alcanzado el punto de ebullici\u00f3n y debe retirarse para evitar desbordamientos y el consumo excesivo de energ\u00eda.<br><strong>Colador extra\u00edble:<\/strong> Ideal para preparar t\u00e9 a granel o filtrar las impurezas para obtener la mejor experiencia flexible al preparar t\u00e9 o hervir agua.<br><strong>Operar con seguridad:<\/strong> Tiene un mango ergon\u00f3mico de madera de chicle, aislado t\u00e9rmicamente y antiescaldamiento; su parte inferior es antideslizante para una colocaci\u00f3n suave.<\/p>\n<\/div>\n\n\n\n<div class=\"wp-block-column is-layout-flow wp-block-column-is-layout-flow\">\n<figure class=\"wp-block-image size-full\"><img decoding=\"async\" width=\"800\" height=\"800\" src=\"https:\/\/www.yongyukitchenware.com\/wp-content\/uploads\/2024\/10\/wholesale-whistling-tea-kettle-6.webp\" alt=\"mayorista-silbato-tetera (6)\" class=\"wp-image-1758\" srcset=\"https:\/\/www.yongyukitchenware.com\/wp-content\/uploads\/2024\/10\/wholesale-whistling-tea-kettle-6.webp 800w, https:\/\/www.yongyukitchenware.com\/wp-content\/uploads\/2024\/10\/wholesale-whistling-tea-kettle-6-300x300.webp 300w, https:\/\/www.yongyukitchenware.com\/wp-content\/uploads\/2024\/10\/wholesale-whistling-tea-kettle-6-150x150.webp 150w, https:\/\/www.yongyukitchenware.com\/wp-content\/uploads\/2024\/10\/wholesale-whistling-tea-kettle-6-768x768.webp 768w, https:\/\/www.yongyukitchenware.com\/wp-content\/uploads\/2024\/10\/wholesale-whistling-tea-kettle-6-12x12.webp 12w, https:\/\/www.yongyukitchenware.com\/wp-content\/uploads\/2024\/10\/wholesale-whistling-tea-kettle-6-600x600.webp 600w, https:\/\/www.yongyukitchenware.com\/wp-content\/uploads\/2024\/10\/wholesale-whistling-tea-kettle-6-100x100.webp 100w\" sizes=\"(max-width: 800px) 100vw, 800px\" \/><\/figure>\n<\/div>\n<\/div>\n\n\n\n<p><\/p>","protected":false},"excerpt":{"rendered":"<p>La tetera silbante al por mayor de Yongyu est\u00e1 dise\u00f1ada para hervir agua de forma eficiente en una gran variedad de cocinas con una durabilidad y un rendimiento excelentes. Dise\u00f1ada para uso dom\u00e9stico y comercial, es perfecta para preparar t\u00e9 suelto o hervir agua para m\u00faltiples bebidas.<\/p>\n<h2 style=\"text-align: left;\">Par\u00e1metro de la tetera silbante\u00a0\u00a0<\/h2>\n<p style=\"text-align: left;\"><strong>Material:<\/strong> Acero inoxidable<br \/><strong>Accesorios:<\/strong> Red de fugas extra\u00edble<br \/><strong>Asa:<\/strong> Mango de madera de caucho<br \/><strong>Diferentes tama\u00f1os:<\/strong> 1.0L, 1.5L, 2L, 3L, 4L, 5L, 6L<br \/><strong>Embalaje:<\/strong> Bolsa OPP y cart\u00f3n<br \/><strong>OEM\/ODM:<\/strong> Opcional<\/p>\n<h2 class=\"wp-block-heading\">De Yongyu Drinkware Fabricante :<\/h2>\n<p>Yongyu Drinkware Manufacturer vende al por mayor y personaliza diversos tipos de bebidas, centr\u00e1ndose en la durabilidad y el rendimiento de conservaci\u00f3n del calor de los productos, proporcionando soluciones de adquisici\u00f3n econ\u00f3micas y de alta calidad para clientes de todo el mundo.<\/p>","protected":false},"featured_media":1753,"comment_status":"closed","ping_status":"closed","template":"","meta":{"_acf_changed":true},"application":[30],"product_brand":[],"product_cat":[20,49],"product_tag":[],"class_list":{"0":"post-1752","1":"product","2":"type-product","3":"status-publish","4":"has-post-thumbnail","6":"application-hotel-catering","7":"product_cat-wholesale-drinkware","8":"product_cat-stainless-steel-kettle-wholesale","10":"first","11":"instock","12":"shipping-taxable","13":"product-type-simple"},"acf":[],"_links":{"self":[{"href":"https:\/\/www.yongyukitchenware.com\/es\/wp-json\/wp\/v2\/product\/1752","targetHints":{"allow":["GET"]}}],"collection":[{"href":"https:\/\/www.yongyukitchenware.com\/es\/wp-json\/wp\/v2\/product"}],"about":[{"href":"https:\/\/www.yongyukitchenware.com\/es\/wp-json\/wp\/v2\/types\/product"}],"replies":[{"embeddable":true,"href":"https:\/\/www.yongyukitchenware.com\/es\/wp-json\/wp\/v2\/comments?post=1752"}],"wp:featuredmedia":[{"embeddable":true,"href":"https:\/\/www.yongyukitchenware.com\/es\/wp-json\/wp\/v2\/media\/1753"}],"wp:attachment":[{"href":"https:\/\/www.yongyukitchenware.com\/es\/wp-json\/wp\/v2\/media?parent=1752"}],"wp:term":[{"taxonomy":"application","embeddable":true,"href":"https:\/\/www.yongyukitchenware.com\/es\/wp-json\/wp\/v2\/application?post=1752"},{"taxonomy":"product_brand","embeddable":true,"href":"https:\/\/www.yongyukitchenware.com\/es\/wp-json\/wp\/v2\/product_brand?post=1752"},{"taxonomy":"product_cat","embeddable":true,"href":"https:\/\/www.yongyukitchenware.com\/es\/wp-json\/wp\/v2\/product_cat?post=1752"},{"taxonomy":"product_tag","embeddable":true,"href":"https:\/\/www.yongyukitchenware.com\/es\/wp-json\/wp\/v2\/product_tag?post=1752"}],"curies":[{"name":"wp","href":"https:\/\/api.w.org\/{rel}","templated":true}]}}