{"id":1784,"date":"2024-11-16T09:15:24","date_gmt":"2024-11-16T09:15:24","guid":{"rendered":"https:\/\/www.yongyukitchenware.com\/?post_type=product&#038;p=1784"},"modified":"2025-06-26T07:41:12","modified_gmt":"2025-06-26T07:41:12","slug":"wholesale-kitchen-funnel","status":"publish","type":"product","link":"https:\/\/www.yongyukitchenware.com\/es\/producto\/wholesale-kitchen-funnel\/","title":{"rendered":"Mayorista Embudo de Cocina de Acero Inoxidable Grande a Peque\u00f1o con Malla"},"content":{"rendered":"<div class=\"wp-block-columns is-layout-flex wp-container-core-columns-is-layout-9d6595d7 wp-block-columns-is-layout-flex\">\n<div class=\"wp-block-column is-layout-flow wp-block-column-is-layout-flow\">\n<h2 class=\"wp-block-heading\">Embudo de cocina Caracter\u00edsticas:<\/h2>\n\n\n\n<p><strong>Acero inoxidable de alta calidad: <\/strong>Acero inoxidable 304\/316 de calidad alimentaria, resistente a la corrosi\u00f3n, inodoro y duradero<br><strong>Dos estilos de asas: <\/strong>asa en forma de v para colgarla f\u00e1cilmente, asa en forma de c engrosada para sujetarla f\u00e1cilmente<br><strong>Tamiz de malla fina: <\/strong>Equipado con un tamiz de malla fina incorporado para filtrar eficazmente part\u00edculas finas, perfecto para filtrar l\u00edquidos y salsas.<br><strong>M\u00faltiples tama\u00f1os:<\/strong> disponibles en varios tama\u00f1os para adaptarse a las distintas tareas de la cocina, desde transferencias de peque\u00f1a a gran capacidad.<br><strong>F\u00e1cil de limpiar: <\/strong>dise\u00f1o con bordes redondeados y lisos, f\u00e1cil de manejar, f\u00e1cil de lavar a mano o en el lavavajillas<\/p>\n<\/div>\n\n\n\n<div class=\"wp-block-column is-layout-flow wp-block-column-is-layout-flow\">\n<div class=\"wp-block-columns is-layout-flex wp-container-core-columns-is-layout-9d6595d7 wp-block-columns-is-layout-flex\">\n<div class=\"wp-block-column is-layout-flow wp-block-column-is-layout-flow\">\n<figure class=\"wp-block-image size-full\"><img decoding=\"async\" width=\"800\" height=\"800\" src=\"https:\/\/www.yongyukitchenware.com\/wp-content\/uploads\/2024\/10\/wholesale-kitchen-funnel-2.webp\" alt=\"mayorista-cocina-funnel (2)\" class=\"wp-image-1807\" srcset=\"https:\/\/www.yongyukitchenware.com\/wp-content\/uploads\/2024\/10\/wholesale-kitchen-funnel-2.webp 800w, https:\/\/www.yongyukitchenware.com\/wp-content\/uploads\/2024\/10\/wholesale-kitchen-funnel-2-300x300.webp 300w, https:\/\/www.yongyukitchenware.com\/wp-content\/uploads\/2024\/10\/wholesale-kitchen-funnel-2-150x150.webp 150w, https:\/\/www.yongyukitchenware.com\/wp-content\/uploads\/2024\/10\/wholesale-kitchen-funnel-2-768x768.webp 768w, https:\/\/www.yongyukitchenware.com\/wp-content\/uploads\/2024\/10\/wholesale-kitchen-funnel-2-12x12.webp 12w, https:\/\/www.yongyukitchenware.com\/wp-content\/uploads\/2024\/10\/wholesale-kitchen-funnel-2-600x600.webp 600w, https:\/\/www.yongyukitchenware.com\/wp-content\/uploads\/2024\/10\/wholesale-kitchen-funnel-2-100x100.webp 100w\" sizes=\"(max-width: 800px) 100vw, 800px\" \/><\/figure>\n<\/div>\n\n\n\n<div class=\"wp-block-column is-layout-flow wp-block-column-is-layout-flow\">\n<figure class=\"wp-block-image size-full\"><img decoding=\"async\" width=\"800\" height=\"800\" src=\"https:\/\/www.yongyukitchenware.com\/wp-content\/uploads\/2024\/10\/wholesale-kitchen-funnel-5.webp\" alt=\"mayorista-cocina-funnel (5)\" class=\"wp-image-1810\" srcset=\"https:\/\/www.yongyukitchenware.com\/wp-content\/uploads\/2024\/10\/wholesale-kitchen-funnel-5.webp 800w, https:\/\/www.yongyukitchenware.com\/wp-content\/uploads\/2024\/10\/wholesale-kitchen-funnel-5-300x300.webp 300w, https:\/\/www.yongyukitchenware.com\/wp-content\/uploads\/2024\/10\/wholesale-kitchen-funnel-5-150x150.webp 150w, https:\/\/www.yongyukitchenware.com\/wp-content\/uploads\/2024\/10\/wholesale-kitchen-funnel-5-768x768.webp 768w, https:\/\/www.yongyukitchenware.com\/wp-content\/uploads\/2024\/10\/wholesale-kitchen-funnel-5-12x12.webp 12w, https:\/\/www.yongyukitchenware.com\/wp-content\/uploads\/2024\/10\/wholesale-kitchen-funnel-5-600x600.webp 600w, https:\/\/www.yongyukitchenware.com\/wp-content\/uploads\/2024\/10\/wholesale-kitchen-funnel-5-100x100.webp 100w\" sizes=\"(max-width: 800px) 100vw, 800px\" \/><\/figure>\n<\/div>\n<\/div>\n<\/div>\n<\/div>\n\n\n\n<h2 class=\"wp-block-heading\">Tama\u00f1os de embudos de cocina\uff1a<\/h2>\n\n\n\n<figure class=\"wp-block-table\"><table class=\"has-fixed-layout\"><tbody><tr><td>Modelo<\/td><td>materiale&nbsp;<\/td><td>Talla<\/td><td>Di\u00e1metro inferior&nbsp;<\/td><td>MOQ<\/td><\/tr><tr><td rowspan=\"8\">DY080-Z<\/td><td>304<\/td><td>mini<\/td><td>0,9 cm<\/td><td rowspan=\"8\">400PCS<\/td><\/tr><tr><td rowspan=\"3\">304 316<\/td><td>11CM<\/td><td>1,6 cm<\/td><\/tr><tr><td>13CM<\/td><td>1,6 cm<\/td><\/tr><tr><td>15CM<\/td><td>1,6 cm<\/td><\/tr><tr><td rowspan=\"4\">304<\/td><td>18CM<\/td><td>2,2 cm<\/td><\/tr><tr><td>21CM(Tubo recto3,2cm)<\/td><td>3,2 cm<\/td><\/tr><tr><td>21CM\uff08Tubo c\u00f3nico2,2cm)<\/td><td>3,8 cm<\/td><\/tr><tr><td>27CM(Tubo recto3,8cm)<\/td><td>3,8 cm<\/td><\/tr><\/tbody><\/table><\/figure>\n\n\n\n<p><\/p>","protected":false},"excerpt":{"rendered":"<p>La f\u00e1brica de Yongyu ofrece embudos de cocina de acero inoxidable de primera calidad al por mayor, que est\u00e1n hechos de acero inoxidable 304 y 316 para una mayor durabilidad y resistencia a la corrosi\u00f3n. \u00a1Cada embudo est\u00e1 equipado con una pantalla de malla fina, m\u00faltiples tama\u00f1os disponibles para diferentes tareas, y un ayudante indispensable en la preparaci\u00f3n de la cocina!<\/p>\n<h2>Embudo de cocina Par\u00e1metro :<\/h2>\n<p><strong>Material:<\/strong> Acero inoxidable 304\/316<br \/><strong>Asas:<\/strong> Mango en forma de V, mango en forma de C engrosado<br \/><strong>Accesorios:<\/strong> Colador extra\u00edble<br \/><strong>Especificaciones: <\/strong>11 cm, 13 cm, 15 cm, 18 cm, 21 cm, 27 cm<br \/><strong>Embalaje:<\/strong> Bolsa\/granel\/cart\u00f3n o personalizado<br \/><strong>OEM\/ODM:<\/strong> Opcional<\/p>\n<h2 class=\"wp-block-heading\">Del fabricante de utensilios de cocina Yongyu:<\/h2>\n<p>Yongyu es un fabricante profesional de utensilios de cocina. Nuestros productos incluyen todo tipo de utensilios de cocina de acero inoxidable y accesorios de cocina. Ofrecemos soluciones personalizadas con productos de alta calidad a precios de f\u00e1brica.<\/p>","protected":false},"featured_media":4243,"comment_status":"closed","ping_status":"closed","template":"","meta":{"_acf_changed":true},"application":[29],"product_brand":[],"product_cat":[23,36],"product_tag":[],"class_list":{"0":"post-1784","1":"product","2":"type-product","3":"status-publish","4":"has-post-thumbnail","6":"application-home-kitchen","7":"product_cat-kitchenware-wholesale","8":"product_cat-custom-kitchen-tools-utensils","10":"first","11":"instock","12":"shipping-taxable","13":"product-type-simple"},"acf":[],"_links":{"self":[{"href":"https:\/\/www.yongyukitchenware.com\/es\/wp-json\/wp\/v2\/product\/1784","targetHints":{"allow":["GET"]}}],"collection":[{"href":"https:\/\/www.yongyukitchenware.com\/es\/wp-json\/wp\/v2\/product"}],"about":[{"href":"https:\/\/www.yongyukitchenware.com\/es\/wp-json\/wp\/v2\/types\/product"}],"replies":[{"embeddable":true,"href":"https:\/\/www.yongyukitchenware.com\/es\/wp-json\/wp\/v2\/comments?post=1784"}],"wp:featuredmedia":[{"embeddable":true,"href":"https:\/\/www.yongyukitchenware.com\/es\/wp-json\/wp\/v2\/media\/4243"}],"wp:attachment":[{"href":"https:\/\/www.yongyukitchenware.com\/es\/wp-json\/wp\/v2\/media?parent=1784"}],"wp:term":[{"taxonomy":"application","embeddable":true,"href":"https:\/\/www.yongyukitchenware.com\/es\/wp-json\/wp\/v2\/application?post=1784"},{"taxonomy":"product_brand","embeddable":true,"href":"https:\/\/www.yongyukitchenware.com\/es\/wp-json\/wp\/v2\/product_brand?post=1784"},{"taxonomy":"product_cat","embeddable":true,"href":"https:\/\/www.yongyukitchenware.com\/es\/wp-json\/wp\/v2\/product_cat?post=1784"},{"taxonomy":"product_tag","embeddable":true,"href":"https:\/\/www.yongyukitchenware.com\/es\/wp-json\/wp\/v2\/product_tag?post=1784"}],"curies":[{"name":"wp","href":"https:\/\/api.w.org\/{rel}","templated":true}]}}