{"id":1813,"date":"2024-10-21T01:57:02","date_gmt":"2024-10-21T01:57:02","guid":{"rendered":"https:\/\/www.yongyukitchenware.com\/?post_type=product&#038;p=1813"},"modified":"2025-06-26T06:13:11","modified_gmt":"2025-06-26T06:13:11","slug":"round-chafing-dish-wholesale","status":"publish","type":"product","link":"https:\/\/www.yongyukitchenware.com\/es\/producto\/round-chafing-dish-wholesale\/","title":{"rendered":"Mayorista Chafing Dish Redondo Acero Inoxidable 6L con Tapa Enrollable"},"content":{"rendered":"<div class=\"wp-block-columns is-layout-flex wp-container-core-columns-is-layout-9d6595d7 wp-block-columns-is-layout-flex\">\n<div class=\"wp-block-column is-layout-flow wp-block-column-is-layout-flow\">\n<h2 class=\"wp-block-heading\">Par\u00e1metro del plato redondo:<\/h2>\n\n\n\n<figure class=\"wp-block-table\"><table class=\"has-fixed-layout\"><tbody><tr><td>Modelo<\/td><td>Di\u00e1metro* Altura (cm)<\/td><td>Capacidad (l)<\/td><td>MOQ<\/td><\/tr><tr><td>DY023-CL<\/td><td>48*47<\/td><td>9L<\/td><td>2 PIEZAS<\/td><\/tr><\/tbody><\/table><\/figure>\n\n\n\n<h2 class=\"wp-block-heading\">Caracter\u00edsticas:<\/h2>\n\n\n\n<p><strong>6L Dise\u00f1o de gran capacidad:<\/strong> Puede utilizarse para grandes fiestas y buffets y ofrece espacio suficiente para la comida.<\/p>\n\n\n\n<p><strong>Material de acero inoxidable de primera calidad:<\/strong> Anticorrosi\u00f3n, duradero para un uso prolongado, f\u00e1cil de limpiar.<\/p>\n\n\n\n<p><strong>Dise\u00f1o Full Roll-Top: <\/strong>F\u00e1cil operaci\u00f3n, conveniente para que los hu\u00e9spedes tomen la comida por s\u00ed mismos y mantengan la temperatura de los alimentos.<\/p>\n\n\n\n<p><strong>Calentamiento uniforme y conservaci\u00f3n del calor: <\/strong>El fondo puede dise\u00f1arse a juego con un dep\u00f3sito de combustible, manteniendo la comida caliente durante mucho tiempo.<\/p>\n\n\n\n<p><strong>Contorno redondo cl\u00e1sico:<\/strong> de moda y atmosf\u00e9rica, adecuada para muchas ocasiones y estilos de decoraci\u00f3n diferentes, realza la cena.<\/p>\n<\/div>\n\n\n\n<div class=\"wp-block-column is-layout-flow wp-block-column-is-layout-flow\">\n<figure class=\"wp-block-image size-full\"><img decoding=\"async\" width=\"1600\" height=\"1600\" src=\"https:\/\/www.yongyukitchenware.com\/wp-content\/uploads\/2024\/10\/round-chafing-dish-wholesale-3.webp\" alt=\"chafing dish redondo al por mayor\" class=\"wp-image-2729\" srcset=\"https:\/\/www.yongyukitchenware.com\/wp-content\/uploads\/2024\/10\/round-chafing-dish-wholesale-3.webp 1600w, https:\/\/www.yongyukitchenware.com\/wp-content\/uploads\/2024\/10\/round-chafing-dish-wholesale-3-300x300.webp 300w, https:\/\/www.yongyukitchenware.com\/wp-content\/uploads\/2024\/10\/round-chafing-dish-wholesale-3-150x150.webp 150w, https:\/\/www.yongyukitchenware.com\/wp-content\/uploads\/2024\/10\/round-chafing-dish-wholesale-3-768x768.webp 768w, https:\/\/www.yongyukitchenware.com\/wp-content\/uploads\/2024\/10\/round-chafing-dish-wholesale-3-12x12.webp 12w, https:\/\/www.yongyukitchenware.com\/wp-content\/uploads\/2024\/10\/round-chafing-dish-wholesale-3-1200x1200.webp 1200w, https:\/\/www.yongyukitchenware.com\/wp-content\/uploads\/2024\/10\/round-chafing-dish-wholesale-3-600x600.webp 600w, https:\/\/www.yongyukitchenware.com\/wp-content\/uploads\/2024\/10\/round-chafing-dish-wholesale-3-100x100.webp 100w\" sizes=\"(max-width: 1600px) 100vw, 1600px\" \/><\/figure>\n\n\n\n<figure class=\"wp-block-image size-full\"><img decoding=\"async\" width=\"800\" height=\"800\" src=\"https:\/\/www.yongyukitchenware.com\/wp-content\/uploads\/2024\/10\/round-chafing-dish-wholesale-5.webp\" alt=\"chafing dish redondo al por mayor\" class=\"wp-image-2731\" srcset=\"https:\/\/www.yongyukitchenware.com\/wp-content\/uploads\/2024\/10\/round-chafing-dish-wholesale-5.webp 800w, https:\/\/www.yongyukitchenware.com\/wp-content\/uploads\/2024\/10\/round-chafing-dish-wholesale-5-300x300.webp 300w, https:\/\/www.yongyukitchenware.com\/wp-content\/uploads\/2024\/10\/round-chafing-dish-wholesale-5-150x150.webp 150w, https:\/\/www.yongyukitchenware.com\/wp-content\/uploads\/2024\/10\/round-chafing-dish-wholesale-5-768x768.webp 768w, https:\/\/www.yongyukitchenware.com\/wp-content\/uploads\/2024\/10\/round-chafing-dish-wholesale-5-12x12.webp 12w, https:\/\/www.yongyukitchenware.com\/wp-content\/uploads\/2024\/10\/round-chafing-dish-wholesale-5-600x600.webp 600w, https:\/\/www.yongyukitchenware.com\/wp-content\/uploads\/2024\/10\/round-chafing-dish-wholesale-5-100x100.webp 100w\" sizes=\"(max-width: 800px) 100vw, 800px\" \/><\/figure>\n<\/div>\n<\/div>","protected":false},"excerpt":{"rendered":"<p>F\u00e1brica directa redonda chafing plato con tapa de rollo, espejo moderno, conveniente para el hotel restaurante catering eventos. Tama\u00f1o de empaquetado del logotipo personalizable, m\u00e1s rentable venta por mayor chafing dish soluciones, recepci\u00f3n para entrar en contacto con el proveedor de Yongyu.<\/p>\n<h2><!-- wp:heading --><\/h2>\n<h2 class=\"wp-block-heading\">Chafing Dish Redondo Atributos :<\/h2>\n<h2><!-- \/wp:heading --><\/p>\n<p><!-- wp:paragraph --><\/h2>\n<p><strong>Material: <\/strong>Acero inoxidable<br \/><strong>Color: <\/strong>Plata\/Oro<br \/><strong>Forma: <\/strong>Redondo con tapa enrollable<br \/><strong>Calor: <\/strong>Calefacci\u00f3n de combustible o el\u00e9ctrica<br \/><strong>Chafer Pan: <\/strong>Rejilla individual\/doble\/triple<br \/><strong>Embalaje: <\/strong>Bolsa Opp y caja de cart\u00f3n<br \/><strong>OEM\/ODM: <\/strong>Disponible<\/p>\n<h2 class=\"wp-block-heading\">De Yongyu Chafing Dish Fabricante :<\/h2>\n<p>\u00a1Tanto si se trata de un proveedor de servicios de catering, hotel y restaurante, o empresa de planificaci\u00f3n de eventos, proporcionamos soluciones completas de platos para calentar al por mayor personalizados para ayudar a su negocio con precios de f\u00e1brica de alta calidad!<\/p>\n<h2><!-- \/wp:paragraph --><\/h2>","protected":false},"featured_media":2727,"comment_status":"closed","ping_status":"closed","template":"","meta":{"_acf_changed":false},"application":[30],"product_brand":[],"product_cat":[33],"product_tag":[],"class_list":{"0":"post-1813","1":"product","2":"type-product","3":"status-publish","4":"has-post-thumbnail","6":"application-hotel-catering","7":"product_cat-chafing-dishes-wholesale","9":"first","10":"instock","11":"shipping-taxable","12":"product-type-simple"},"acf":[],"_links":{"self":[{"href":"https:\/\/www.yongyukitchenware.com\/es\/wp-json\/wp\/v2\/product\/1813","targetHints":{"allow":["GET"]}}],"collection":[{"href":"https:\/\/www.yongyukitchenware.com\/es\/wp-json\/wp\/v2\/product"}],"about":[{"href":"https:\/\/www.yongyukitchenware.com\/es\/wp-json\/wp\/v2\/types\/product"}],"replies":[{"embeddable":true,"href":"https:\/\/www.yongyukitchenware.com\/es\/wp-json\/wp\/v2\/comments?post=1813"}],"wp:featuredmedia":[{"embeddable":true,"href":"https:\/\/www.yongyukitchenware.com\/es\/wp-json\/wp\/v2\/media\/2727"}],"wp:attachment":[{"href":"https:\/\/www.yongyukitchenware.com\/es\/wp-json\/wp\/v2\/media?parent=1813"}],"wp:term":[{"taxonomy":"application","embeddable":true,"href":"https:\/\/www.yongyukitchenware.com\/es\/wp-json\/wp\/v2\/application?post=1813"},{"taxonomy":"product_brand","embeddable":true,"href":"https:\/\/www.yongyukitchenware.com\/es\/wp-json\/wp\/v2\/product_brand?post=1813"},{"taxonomy":"product_cat","embeddable":true,"href":"https:\/\/www.yongyukitchenware.com\/es\/wp-json\/wp\/v2\/product_cat?post=1813"},{"taxonomy":"product_tag","embeddable":true,"href":"https:\/\/www.yongyukitchenware.com\/es\/wp-json\/wp\/v2\/product_tag?post=1813"}],"curies":[{"name":"wp","href":"https:\/\/api.w.org\/{rel}","templated":true}]}}