{"id":1827,"date":"2024-10-21T02:05:53","date_gmt":"2024-10-21T02:05:53","guid":{"rendered":"https:\/\/www.yongyukitchenware.com\/?post_type=product&#038;p=1827"},"modified":"2025-06-26T06:13:57","modified_gmt":"2025-06-26T06:13:57","slug":"electric-steamer-wholesale","status":"publish","type":"product","link":"https:\/\/www.yongyukitchenware.com\/es\/producto\/electric-steamer-wholesale\/","title":{"rendered":"Mayorista Vaporera El\u00e9ctrica Doble 6 Niveles Acero Inoxidable para Hotel Buffet Calefacci\u00f3n"},"content":{"rendered":"<div class=\"wp-block-columns is-layout-flex wp-container-core-columns-is-layout-9d6595d7 wp-block-columns-is-layout-flex\">\n<div class=\"wp-block-column is-layout-flow wp-block-column-is-layout-flow\">\n<h2 class=\"wp-block-heading\">Par\u00e1metros de la vaporera el\u00e9ctrica<\/h2>\n\n\n\n<figure class=\"wp-block-table\"><table class=\"has-fixed-layout\"><tbody><tr><td>Modelo<\/td><td>Longitud * Anchura * Altura (cm)<\/td><td>Peso (kg)<\/td><td>MOQ<\/td><\/tr><tr><td>DY016-CL<\/td><td>57*37*38<\/td><td>7.2<\/td><td>2 PIEZAS<\/td><\/tr><\/tbody><\/table><\/figure>\n<\/div>\n\n\n\n<div class=\"wp-block-column is-layout-flow wp-block-column-is-layout-flow\">\n<h2 class=\"wp-block-heading\">Vaporera el\u00e9ctrica Caracter\u00edsticas:<\/h2>\n\n\n\n<p><strong>Puerto de alimentaci\u00f3n independiente: <\/strong>puerto de alimentaci\u00f3n duradera de alta calidad, f\u00e1cil de usar, sin arrastre.<\/p>\n\n\n\n<p><strong>Material de acero inoxidable engrosado: <\/strong>la selecci\u00f3n de acero de grado alimenticio de alta calidad, seguridad del material, durable.<\/p>\n\n\n\n<p><strong>Temperatura de control num\u00e9rico: <\/strong>temperatura de control de punto de contacto, visualizaci\u00f3n precisa de la temperatura<br>Vaporera de orificios grandes: poros distribuidos uniformemente, cocci\u00f3n r\u00e1pida de los alimentos.<\/p>\n\n\n\n<p><strong>Doble protecci\u00f3n contra la combusti\u00f3n en seco: <\/strong>Cuando la placa de calentamiento se sobrecalienta a 118 \u00b0 C, el interior se desconectar\u00e1 autom\u00e1ticamente, y el trabajo se reanudar\u00e1 despu\u00e9s de que la temperatura del agua desciende.<\/p>\n<\/div>\n<\/div>\n\n\n\n<div class=\"wp-block-columns is-layout-flex wp-container-core-columns-is-layout-9d6595d7 wp-block-columns-is-layout-flex\">\n<div class=\"wp-block-column is-layout-flow wp-block-column-is-layout-flow\">\n<figure class=\"wp-block-image size-full\"><img decoding=\"async\" width=\"800\" height=\"800\" src=\"https:\/\/www.yongyukitchenware.com\/wp-content\/uploads\/2024\/10\/Wholesale-Electric-Steamer-3.webp\" alt=\"Mayorista Vaporera el\u00e9ctrica 3\" class=\"wp-image-1835\" srcset=\"https:\/\/www.yongyukitchenware.com\/wp-content\/uploads\/2024\/10\/Wholesale-Electric-Steamer-3.webp 800w, https:\/\/www.yongyukitchenware.com\/wp-content\/uploads\/2024\/10\/Wholesale-Electric-Steamer-3-300x300.webp 300w, https:\/\/www.yongyukitchenware.com\/wp-content\/uploads\/2024\/10\/Wholesale-Electric-Steamer-3-150x150.webp 150w, https:\/\/www.yongyukitchenware.com\/wp-content\/uploads\/2024\/10\/Wholesale-Electric-Steamer-3-768x768.webp 768w, https:\/\/www.yongyukitchenware.com\/wp-content\/uploads\/2024\/10\/Wholesale-Electric-Steamer-3-12x12.webp 12w, https:\/\/www.yongyukitchenware.com\/wp-content\/uploads\/2024\/10\/Wholesale-Electric-Steamer-3-600x600.webp 600w, https:\/\/www.yongyukitchenware.com\/wp-content\/uploads\/2024\/10\/Wholesale-Electric-Steamer-3-100x100.webp 100w\" sizes=\"(max-width: 800px) 100vw, 800px\" \/><\/figure>\n<\/div>\n\n\n\n<div class=\"wp-block-column is-layout-flow wp-block-column-is-layout-flow\">\n<figure class=\"wp-block-image size-full\"><img decoding=\"async\" width=\"800\" height=\"800\" src=\"https:\/\/www.yongyukitchenware.com\/wp-content\/uploads\/2024\/10\/Wholesale-Electric-Steamer-5.webp\" alt=\"Mayorista Vaporera el\u00e9ctrica 5\" class=\"wp-image-1837\" srcset=\"https:\/\/www.yongyukitchenware.com\/wp-content\/uploads\/2024\/10\/Wholesale-Electric-Steamer-5.webp 800w, https:\/\/www.yongyukitchenware.com\/wp-content\/uploads\/2024\/10\/Wholesale-Electric-Steamer-5-300x300.webp 300w, https:\/\/www.yongyukitchenware.com\/wp-content\/uploads\/2024\/10\/Wholesale-Electric-Steamer-5-150x150.webp 150w, https:\/\/www.yongyukitchenware.com\/wp-content\/uploads\/2024\/10\/Wholesale-Electric-Steamer-5-768x768.webp 768w, https:\/\/www.yongyukitchenware.com\/wp-content\/uploads\/2024\/10\/Wholesale-Electric-Steamer-5-12x12.webp 12w, https:\/\/www.yongyukitchenware.com\/wp-content\/uploads\/2024\/10\/Wholesale-Electric-Steamer-5-600x600.webp 600w, https:\/\/www.yongyukitchenware.com\/wp-content\/uploads\/2024\/10\/Wholesale-Electric-Steamer-5-100x100.webp 100w\" sizes=\"(max-width: 800px) 100vw, 800px\" \/><\/figure>\n<\/div>\n<\/div>","protected":false},"excerpt":{"rendered":"<p>Nuestra vaporera el\u00e9ctrica al por mayor es del tipo de 6 capas de acero inoxidable de alta calidad, dise\u00f1ada para uso en hosteler\u00eda. Su estructura multicapa y su sistema inteligente de control de temperatura mantienen los platos a la temperatura adecuada durante mucho tiempo, por lo que es ideal para hosteler\u00eda y banquetes.<\/p>\n<h2><!-- wp:heading --><\/h2>\n<h2 class=\"wp-block-heading\">Vaporera el\u00e9ctrica Atributos :<\/h2>\n<h2><!-- \/wp:heading --><\/p>\n<p><!-- wp:paragraph --><\/h2>\n<p><strong>Material: <\/strong>Acero inoxidable<br \/><strong>Color: <\/strong>Plata<br \/><strong>Forma: <\/strong>Rect\u00e1ngulo<br \/><strong>Calor: <\/strong>Calefacci\u00f3n el\u00e9ctrica<br \/><strong>Chafer Pan: <\/strong>Rejilla simple\/doble<br \/><strong>Embalaje: <\/strong>Bolsa Opp y caja de cart\u00f3n<br \/><strong>OEM\/ODM: <\/strong>Disponible<\/p>\n<h2><!-- \/wp:paragraph --><\/h2>","protected":false},"featured_media":1833,"comment_status":"closed","ping_status":"closed","template":"","meta":{"_acf_changed":true},"application":[30],"product_brand":[],"product_cat":[33],"product_tag":[],"class_list":{"0":"post-1827","1":"product","2":"type-product","3":"status-publish","4":"has-post-thumbnail","6":"application-hotel-catering","7":"product_cat-chafing-dishes-wholesale","9":"first","10":"instock","11":"shipping-taxable","12":"product-type-simple"},"acf":[],"_links":{"self":[{"href":"https:\/\/www.yongyukitchenware.com\/es\/wp-json\/wp\/v2\/product\/1827","targetHints":{"allow":["GET"]}}],"collection":[{"href":"https:\/\/www.yongyukitchenware.com\/es\/wp-json\/wp\/v2\/product"}],"about":[{"href":"https:\/\/www.yongyukitchenware.com\/es\/wp-json\/wp\/v2\/types\/product"}],"replies":[{"embeddable":true,"href":"https:\/\/www.yongyukitchenware.com\/es\/wp-json\/wp\/v2\/comments?post=1827"}],"wp:featuredmedia":[{"embeddable":true,"href":"https:\/\/www.yongyukitchenware.com\/es\/wp-json\/wp\/v2\/media\/1833"}],"wp:attachment":[{"href":"https:\/\/www.yongyukitchenware.com\/es\/wp-json\/wp\/v2\/media?parent=1827"}],"wp:term":[{"taxonomy":"application","embeddable":true,"href":"https:\/\/www.yongyukitchenware.com\/es\/wp-json\/wp\/v2\/application?post=1827"},{"taxonomy":"product_brand","embeddable":true,"href":"https:\/\/www.yongyukitchenware.com\/es\/wp-json\/wp\/v2\/product_brand?post=1827"},{"taxonomy":"product_cat","embeddable":true,"href":"https:\/\/www.yongyukitchenware.com\/es\/wp-json\/wp\/v2\/product_cat?post=1827"},{"taxonomy":"product_tag","embeddable":true,"href":"https:\/\/www.yongyukitchenware.com\/es\/wp-json\/wp\/v2\/product_tag?post=1827"}],"curies":[{"name":"wp","href":"https:\/\/api.w.org\/{rel}","templated":true}]}}