{"id":1851,"date":"2024-10-21T03:50:15","date_gmt":"2024-10-21T03:50:15","guid":{"rendered":"https:\/\/www.yongyukitchenware.com\/?post_type=product&#038;p=1851"},"modified":"2025-06-26T06:16:05","modified_gmt":"2025-06-26T06:16:05","slug":"chafing-dish-with-lid-whoelsale","status":"publish","type":"product","link":"https:\/\/www.yongyukitchenware.com\/es\/producto\/chafing-dish-with-lid-whoelsale\/","title":{"rendered":"Chafing Dish Personalizado con Tapa Acero Inoxidable Rect\u00e1ngulo para Catering"},"content":{"rendered":"<div class=\"wp-block-columns is-layout-flex wp-container-core-columns-is-layout-9d6595d7 wp-block-columns-is-layout-flex\">\n<div class=\"wp-block-column is-layout-flow wp-block-column-is-layout-flow\">\n<h2 class=\"wp-block-heading\">Caracter\u00edsticas de Chafing Dish with Lid\uff1a (Plato hondo con tapa)<\/h2>\n\n\n\n<p><strong>Material de acero inoxidable engrosado: <\/strong>la selecci\u00f3n de acero de grado alimenticio de alta calidad, seguridad del material, durable.<\/p>\n\n\n\n<p><strong>Dise\u00f1o dividido\uff1a <\/strong>La cubeta de este chafing dish y el cuerpo del horno con tapa se pueden separar para facilitar su limpieza.<\/p>\n\n\n\n<p><strong>Con tres tipos de cubetas para alimentos:<\/strong> Uno, dos o tres recipientes de acero inoxidable opcionales, para satisfacer diferentes necesidades.<\/p>\n\n\n\n<p><strong>Calentamiento de la l\u00e1mpara de alcohol: <\/strong>Calentamiento f\u00edsico, largo tiempo de combusti\u00f3n, con tapa de fuego, uso seguro.<\/p>\n\n\n\n<p><strong>Equipado con una tapa a prueba de derrames: <\/strong>La tapa a prueba de derrames permite mantener la comida caliente sin que se derrame y proporciona alimentos frescos sin ensuciar en el comedor.<\/p>\n<\/div>\n\n\n\n<div class=\"wp-block-column is-layout-flow wp-block-column-is-layout-flow\">\n<h2 class=\"wp-block-heading\">Par\u00e1metros de Chafing Dish with Lid\uff1a (Plato hondo con tapa)<\/h2>\n\n\n\n<figure class=\"wp-block-table\"><table class=\"has-fixed-layout\"><tbody><tr><td>Modelo<\/td><td>talla<\/td><td>tapa<\/td><td>Longitud * Anchura * Altura (cm)<\/td><td>MOQ<\/td><\/tr><tr><td rowspan=\"4\">DY025-CL<\/td><td>versi\u00f3n antigua\/grande<\/td><td>\/<\/td><td>64*36*34<\/td><td rowspan=\"4\">2 PIEZAS<\/td><\/tr><tr><td>grande<\/td><td>\/<\/td><td>64*36*34<\/td><\/tr><tr><td>grande<\/td><td>tapa de doble rollo<\/td><td>64*36*34<\/td><\/tr><tr><td>peque\u00f1o<\/td><td>\/<\/td><td>42*29*32<\/td><\/tr><\/tbody><\/table><\/figure>\n<\/div>\n<\/div>\n\n\n\n<div class=\"wp-block-columns is-layout-flex wp-container-core-columns-is-layout-9d6595d7 wp-block-columns-is-layout-flex\">\n<div class=\"wp-block-column is-layout-flow wp-block-column-is-layout-flow\">\n<figure class=\"wp-block-image size-full\"><img decoding=\"async\" width=\"800\" height=\"800\" src=\"https:\/\/www.yongyukitchenware.com\/wp-content\/uploads\/2024\/10\/Bulk-Rectangle-Chafing-Dish-with-Lid-4.webp\" alt=\"Granel Plato Rectangular con Tapa 4\" class=\"wp-image-1860\" srcset=\"https:\/\/www.yongyukitchenware.com\/wp-content\/uploads\/2024\/10\/Bulk-Rectangle-Chafing-Dish-with-Lid-4.webp 800w, https:\/\/www.yongyukitchenware.com\/wp-content\/uploads\/2024\/10\/Bulk-Rectangle-Chafing-Dish-with-Lid-4-300x300.webp 300w, https:\/\/www.yongyukitchenware.com\/wp-content\/uploads\/2024\/10\/Bulk-Rectangle-Chafing-Dish-with-Lid-4-150x150.webp 150w, https:\/\/www.yongyukitchenware.com\/wp-content\/uploads\/2024\/10\/Bulk-Rectangle-Chafing-Dish-with-Lid-4-768x768.webp 768w, https:\/\/www.yongyukitchenware.com\/wp-content\/uploads\/2024\/10\/Bulk-Rectangle-Chafing-Dish-with-Lid-4-12x12.webp 12w, https:\/\/www.yongyukitchenware.com\/wp-content\/uploads\/2024\/10\/Bulk-Rectangle-Chafing-Dish-with-Lid-4-600x600.webp 600w, https:\/\/www.yongyukitchenware.com\/wp-content\/uploads\/2024\/10\/Bulk-Rectangle-Chafing-Dish-with-Lid-4-100x100.webp 100w\" sizes=\"(max-width: 800px) 100vw, 800px\" \/><\/figure>\n<\/div>\n\n\n\n<div class=\"wp-block-column is-layout-flow wp-block-column-is-layout-flow\">\n<figure class=\"wp-block-image size-full\"><img decoding=\"async\" width=\"800\" height=\"800\" src=\"https:\/\/www.yongyukitchenware.com\/wp-content\/uploads\/2024\/10\/Bulk-Rectangle-Chafing-Dish-with-Lid-6.webp\" alt=\"Recipiente rectangular a granel con tapa 6\" class=\"wp-image-1862\" srcset=\"https:\/\/www.yongyukitchenware.com\/wp-content\/uploads\/2024\/10\/Bulk-Rectangle-Chafing-Dish-with-Lid-6.webp 800w, https:\/\/www.yongyukitchenware.com\/wp-content\/uploads\/2024\/10\/Bulk-Rectangle-Chafing-Dish-with-Lid-6-300x300.webp 300w, https:\/\/www.yongyukitchenware.com\/wp-content\/uploads\/2024\/10\/Bulk-Rectangle-Chafing-Dish-with-Lid-6-150x150.webp 150w, https:\/\/www.yongyukitchenware.com\/wp-content\/uploads\/2024\/10\/Bulk-Rectangle-Chafing-Dish-with-Lid-6-768x768.webp 768w, https:\/\/www.yongyukitchenware.com\/wp-content\/uploads\/2024\/10\/Bulk-Rectangle-Chafing-Dish-with-Lid-6-12x12.webp 12w, https:\/\/www.yongyukitchenware.com\/wp-content\/uploads\/2024\/10\/Bulk-Rectangle-Chafing-Dish-with-Lid-6-600x600.webp 600w, https:\/\/www.yongyukitchenware.com\/wp-content\/uploads\/2024\/10\/Bulk-Rectangle-Chafing-Dish-with-Lid-6-100x100.webp 100w\" sizes=\"(max-width: 800px) 100vw, 800px\" \/><\/figure>\n<\/div>\n\n\n\n<div class=\"wp-block-column is-layout-flow wp-block-column-is-layout-flow\">\n<figure class=\"wp-block-image size-full\"><img decoding=\"async\" width=\"800\" height=\"800\" src=\"https:\/\/www.yongyukitchenware.com\/wp-content\/uploads\/2024\/10\/Bulk-Rectangle-Chafing-Dish-with-Lid-3.webp\" alt=\"Granel Plato Rectangular con Tapa 3\" class=\"wp-image-1859\" srcset=\"https:\/\/www.yongyukitchenware.com\/wp-content\/uploads\/2024\/10\/Bulk-Rectangle-Chafing-Dish-with-Lid-3.webp 800w, https:\/\/www.yongyukitchenware.com\/wp-content\/uploads\/2024\/10\/Bulk-Rectangle-Chafing-Dish-with-Lid-3-300x300.webp 300w, https:\/\/www.yongyukitchenware.com\/wp-content\/uploads\/2024\/10\/Bulk-Rectangle-Chafing-Dish-with-Lid-3-150x150.webp 150w, https:\/\/www.yongyukitchenware.com\/wp-content\/uploads\/2024\/10\/Bulk-Rectangle-Chafing-Dish-with-Lid-3-768x768.webp 768w, https:\/\/www.yongyukitchenware.com\/wp-content\/uploads\/2024\/10\/Bulk-Rectangle-Chafing-Dish-with-Lid-3-12x12.webp 12w, https:\/\/www.yongyukitchenware.com\/wp-content\/uploads\/2024\/10\/Bulk-Rectangle-Chafing-Dish-with-Lid-3-600x600.webp 600w, https:\/\/www.yongyukitchenware.com\/wp-content\/uploads\/2024\/10\/Bulk-Rectangle-Chafing-Dish-with-Lid-3-100x100.webp 100w\" sizes=\"(max-width: 800px) 100vw, 800px\" \/><\/figure>\n<\/div>\n<\/div>","protected":false},"excerpt":{"rendered":"<p>Chafing dish al por mayor con tapa, estructura dividida con 1\/2\/3 chafing pan opcional. El acero inoxidable de alta calidad es duradero y adecuado para cualquier ocasi\u00f3n. \u00a1Soluciones personalizadas con precios de f\u00e1brica est\u00e1n disponibles, p\u00f3ngase en contacto con nosotros!<\/p>\n<h2><!-- wp:heading --><\/h2>\n<h2 class=\"wp-block-heading\">Atributos de Chafing Dish with Lid:<\/h2>\n<h2><!-- \/wp:heading --><\/p>\n<p><!-- wp:paragraph --><\/h2>\n<p><strong>Material: <\/strong>Acero inoxidable<br \/><strong>Color: <\/strong>Plata<br \/><strong>Forma: <\/strong>Rect\u00e1ngulo<br \/><strong>Calor: <\/strong>Alcohol o calefacci\u00f3n<br \/><strong>Chafer Pan: <\/strong>Individual\/Doble\/Tres rejillas<br \/><strong>Embalaje: <\/strong>Bolsa Opp y caja de cart\u00f3n<br \/><strong>OEM\/ODM: <\/strong>Disponible<\/p>\n<h2 class=\"wp-block-heading\">De Yongyu Chafing Dish Fabricante :<\/h2>\n<p>\u00a1Tanto si se trata de un proveedor de servicios de catering, hotel y restaurante, o empresa de planificaci\u00f3n de eventos, proporcionamos soluciones completas de platos para calentar al por mayor personalizados para ayudar a su negocio con precios de f\u00e1brica de alta calidad!<\/p>\n<h2><!-- \/wp:paragraph --><\/h2>","protected":false},"featured_media":1860,"comment_status":"closed","ping_status":"closed","template":"","meta":{"_acf_changed":true},"application":[30],"product_brand":[],"product_cat":[33],"product_tag":[],"class_list":{"0":"post-1851","1":"product","2":"type-product","3":"status-publish","4":"has-post-thumbnail","6":"application-hotel-catering","7":"product_cat-chafing-dishes-wholesale","9":"first","10":"instock","11":"shipping-taxable","12":"product-type-simple"},"acf":[],"_links":{"self":[{"href":"https:\/\/www.yongyukitchenware.com\/es\/wp-json\/wp\/v2\/product\/1851","targetHints":{"allow":["GET"]}}],"collection":[{"href":"https:\/\/www.yongyukitchenware.com\/es\/wp-json\/wp\/v2\/product"}],"about":[{"href":"https:\/\/www.yongyukitchenware.com\/es\/wp-json\/wp\/v2\/types\/product"}],"replies":[{"embeddable":true,"href":"https:\/\/www.yongyukitchenware.com\/es\/wp-json\/wp\/v2\/comments?post=1851"}],"wp:featuredmedia":[{"embeddable":true,"href":"https:\/\/www.yongyukitchenware.com\/es\/wp-json\/wp\/v2\/media\/1860"}],"wp:attachment":[{"href":"https:\/\/www.yongyukitchenware.com\/es\/wp-json\/wp\/v2\/media?parent=1851"}],"wp:term":[{"taxonomy":"application","embeddable":true,"href":"https:\/\/www.yongyukitchenware.com\/es\/wp-json\/wp\/v2\/application?post=1851"},{"taxonomy":"product_brand","embeddable":true,"href":"https:\/\/www.yongyukitchenware.com\/es\/wp-json\/wp\/v2\/product_brand?post=1851"},{"taxonomy":"product_cat","embeddable":true,"href":"https:\/\/www.yongyukitchenware.com\/es\/wp-json\/wp\/v2\/product_cat?post=1851"},{"taxonomy":"product_tag","embeddable":true,"href":"https:\/\/www.yongyukitchenware.com\/es\/wp-json\/wp\/v2\/product_tag?post=1851"}],"curies":[{"name":"wp","href":"https:\/\/api.w.org\/{rel}","templated":true}]}}