{"id":1892,"date":"2024-11-10T05:11:35","date_gmt":"2024-11-10T05:11:35","guid":{"rendered":"https:\/\/www.yongyukitchenware.com\/?post_type=product&#038;p=1892"},"modified":"2025-07-10T09:43:13","modified_gmt":"2025-07-10T09:43:13","slug":"spice-box-wholesale","status":"publish","type":"product","link":"https:\/\/www.yongyukitchenware.com\/es\/producto\/spice-box-wholesale\/","title":{"rendered":"Mayorista Especiero Acero Inoxidable Western 2-6 Celosia"},"content":{"rendered":"<div class=\"wp-block-columns is-layout-flex wp-container-core-columns-is-layout-9d6595d7 wp-block-columns-is-layout-flex\">\n<div class=\"wp-block-column is-layout-flow wp-block-column-is-layout-flow\">\n<h2 class=\"wp-block-heading\">Par\u00e1metros del especiero<\/h2>\n\n\n\n<figure class=\"wp-block-table\"><table class=\"has-fixed-layout\"><tbody><tr><td>Modelo<\/td><td>talla<\/td><td>Celos\u00eda<\/td><td>Longitud * Anchura * Altura (cm)<\/td><td>MOQ<\/td><\/tr><tr><td rowspan=\"10\">DY002-TWH<\/td><td rowspan=\"5\">peque\u00f1o<\/td><td>2<\/td><td>15.5*15*9cm<\/td><td rowspan=\"10\">60PCS<\/td><\/tr><tr><td>3<\/td><td>23*15*9cm<\/td><\/tr><tr><td>4<\/td><td>30,5*15*9cm<\/td><\/tr><tr><td>5<\/td><td>38.5*15*9cm<\/td><\/tr><tr><td>6<\/td><td>45,5*15*9cm<\/td><\/tr><tr><td rowspan=\"5\">grande<\/td><td>2<\/td><td>19*16.5*9cm<\/td><\/tr><tr><td>3<\/td><td>28*16,5*9cm<\/td><\/tr><tr><td>4<\/td><td>37*16,5*9cm<\/td><\/tr><tr><td>5<\/td><td>46*16.5*9cm<\/td><\/tr><tr><td>6<\/td><td>56*16,5*9cm<\/td><\/tr><\/tbody><\/table><\/figure>\n<\/div>\n\n\n\n<div class=\"wp-block-column is-layout-flow wp-block-column-is-layout-flow\">\n<h2 class=\"wp-block-heading\">Caja de especias Caracter\u00edsticas:<\/h2>\n\n\n\n<p><strong>Acero inoxidable de alta calidad: <\/strong>El acero inoxidable est\u00e1 disponible 201\/304\uff0c Material grueso, garantiza la calidad.<\/p>\n\n\n\n<p><strong>Hay varias especificaciones disponibles:<\/strong> Hay 2 celos\u00edas, 3 celos\u00edas, 4 celos\u00edas, 5 celos\u00edas y 6 celos\u00edas\uff0c Est\u00e1n disponibles en tama\u00f1os peque\u00f1os y grandes.<\/p>\n\n\n\n<p><strong>Caja interior independiente: <\/strong>El condimento se envasa por separado para aislar el sabor y que no se mezcle.<\/p>\n\n\n\n<p><strong>La caja interior se puede mover: <\/strong>La caja interior de acero inoxidable se puede coger f\u00e1cilmente, y es m\u00e1s c\u00f3moda de limpiar sin ocultar la suciedad.<\/p>\n\n\n\n<p><strong>Tapa de acero antipolvo:<\/strong> A prueba de polvo sanitario, puede colocarse en superposici\u00f3n.<\/p>\n\n\n\n<p><strong>Dise\u00f1o de la llanta: <\/strong>Los bordes son redondeados y lisos, f\u00e1ciles de manejar y evitan lesiones en las manos.<\/p>\n<\/div>\n<\/div>\n\n\n\n<div class=\"wp-block-columns is-layout-flex wp-container-core-columns-is-layout-9d6595d7 wp-block-columns-is-layout-flex\">\n<div class=\"wp-block-column is-layout-flow wp-block-column-is-layout-flow\">\n<figure class=\"wp-block-image size-full\"><img decoding=\"async\" width=\"800\" height=\"800\" src=\"https:\/\/www.yongyukitchenware.com\/wp-content\/uploads\/2024\/10\/Wholesale-Western-Spice-Box-4.webp\" alt=\"Mayorista Western Spice Box 4\" class=\"wp-image-1896\" srcset=\"https:\/\/www.yongyukitchenware.com\/wp-content\/uploads\/2024\/10\/Wholesale-Western-Spice-Box-4.webp 800w, https:\/\/www.yongyukitchenware.com\/wp-content\/uploads\/2024\/10\/Wholesale-Western-Spice-Box-4-300x300.webp 300w, https:\/\/www.yongyukitchenware.com\/wp-content\/uploads\/2024\/10\/Wholesale-Western-Spice-Box-4-150x150.webp 150w, https:\/\/www.yongyukitchenware.com\/wp-content\/uploads\/2024\/10\/Wholesale-Western-Spice-Box-4-768x768.webp 768w, https:\/\/www.yongyukitchenware.com\/wp-content\/uploads\/2024\/10\/Wholesale-Western-Spice-Box-4-12x12.webp 12w, https:\/\/www.yongyukitchenware.com\/wp-content\/uploads\/2024\/10\/Wholesale-Western-Spice-Box-4-600x600.webp 600w, https:\/\/www.yongyukitchenware.com\/wp-content\/uploads\/2024\/10\/Wholesale-Western-Spice-Box-4-100x100.webp 100w\" sizes=\"(max-width: 800px) 100vw, 800px\" \/><\/figure>\n<\/div>\n\n\n\n<div class=\"wp-block-column is-layout-flow wp-block-column-is-layout-flow\">\n<figure class=\"wp-block-image size-full\"><img decoding=\"async\" width=\"800\" height=\"800\" src=\"https:\/\/www.yongyukitchenware.com\/wp-content\/uploads\/2024\/10\/Wholesale-Western-Spice-Box-5.webp\" alt=\"Mayorista Western Spice Box 5\" class=\"wp-image-1897\" srcset=\"https:\/\/www.yongyukitchenware.com\/wp-content\/uploads\/2024\/10\/Wholesale-Western-Spice-Box-5.webp 800w, https:\/\/www.yongyukitchenware.com\/wp-content\/uploads\/2024\/10\/Wholesale-Western-Spice-Box-5-300x300.webp 300w, https:\/\/www.yongyukitchenware.com\/wp-content\/uploads\/2024\/10\/Wholesale-Western-Spice-Box-5-150x150.webp 150w, https:\/\/www.yongyukitchenware.com\/wp-content\/uploads\/2024\/10\/Wholesale-Western-Spice-Box-5-768x768.webp 768w, https:\/\/www.yongyukitchenware.com\/wp-content\/uploads\/2024\/10\/Wholesale-Western-Spice-Box-5-12x12.webp 12w, https:\/\/www.yongyukitchenware.com\/wp-content\/uploads\/2024\/10\/Wholesale-Western-Spice-Box-5-600x600.webp 600w, https:\/\/www.yongyukitchenware.com\/wp-content\/uploads\/2024\/10\/Wholesale-Western-Spice-Box-5-100x100.webp 100w\" sizes=\"(max-width: 800px) 100vw, 800px\" \/><\/figure>\n<\/div>\n<\/div>","protected":false},"excerpt":{"rendered":"<p>Nuestro especiero occidental al por mayor est\u00e1 dise\u00f1ado para hoteles. Es duradero y pr\u00e1ctico para almacenar diversas especias y condimentos. Su dise\u00f1o sencillo y elegante garantiza un f\u00e1cil acceso a las especias, por lo que es muy adecuado para su uso en hosteler\u00eda.<\/p>\n<h2><!-- wp:heading --><\/h2>\n<h2 class=\"wp-block-heading\">Caja de especias Atributos :<\/h2>\n<h2><!-- \/wp:heading --><\/p>\n<p><!-- wp:paragraph --><\/h2>\n<p><strong>Material: <\/strong>Acero inoxidable<br \/><strong>Color: <\/strong>Color plata<br \/><strong>Forma: <\/strong>Rect\u00e1ngulo<br \/><strong>Celos\u00eda:<\/strong>2 celos\u00eda,3 celos\u00eda,4 celos\u00eda,5 celos\u00eda,6 celos\u00eda<br \/><strong>Embalaje: <\/strong>Bolsa Opp y caja de cart\u00f3n<br \/><strong>OEM\/ODM: <\/strong>Disponible<\/p>\n<h2 class=\"wp-block-heading\">De Yongyu Catering Suministros Fabricante :<\/h2>\n<p>Ya sea un proveedor de servicios de catering, un hotel y restaurante o una empresa de organizaci\u00f3n de eventos, ofrecemos soluciones personalizadas completas de cajas de condimentos al por mayor para ayudar a su negocio con precios de f\u00e1brica de alta calidad.<\/p>\n<h2><!-- \/wp:paragraph --><\/h2>","protected":false},"featured_media":1894,"comment_status":"closed","ping_status":"closed","template":"","meta":{"_acf_changed":true},"application":[29],"product_brand":[],"product_cat":[22,38],"product_tag":[],"class_list":{"0":"post-1892","1":"product","2":"type-product","3":"status-publish","4":"has-post-thumbnail","6":"application-home-kitchen","7":"product_cat-catering-supplies-wholesale","8":"product_cat-seasoning-box-wholesale","10":"first","11":"instock","12":"shipping-taxable","13":"product-type-simple"},"acf":[],"_links":{"self":[{"href":"https:\/\/www.yongyukitchenware.com\/es\/wp-json\/wp\/v2\/product\/1892","targetHints":{"allow":["GET"]}}],"collection":[{"href":"https:\/\/www.yongyukitchenware.com\/es\/wp-json\/wp\/v2\/product"}],"about":[{"href":"https:\/\/www.yongyukitchenware.com\/es\/wp-json\/wp\/v2\/types\/product"}],"replies":[{"embeddable":true,"href":"https:\/\/www.yongyukitchenware.com\/es\/wp-json\/wp\/v2\/comments?post=1892"}],"wp:featuredmedia":[{"embeddable":true,"href":"https:\/\/www.yongyukitchenware.com\/es\/wp-json\/wp\/v2\/media\/1894"}],"wp:attachment":[{"href":"https:\/\/www.yongyukitchenware.com\/es\/wp-json\/wp\/v2\/media?parent=1892"}],"wp:term":[{"taxonomy":"application","embeddable":true,"href":"https:\/\/www.yongyukitchenware.com\/es\/wp-json\/wp\/v2\/application?post=1892"},{"taxonomy":"product_brand","embeddable":true,"href":"https:\/\/www.yongyukitchenware.com\/es\/wp-json\/wp\/v2\/product_brand?post=1892"},{"taxonomy":"product_cat","embeddable":true,"href":"https:\/\/www.yongyukitchenware.com\/es\/wp-json\/wp\/v2\/product_cat?post=1892"},{"taxonomy":"product_tag","embeddable":true,"href":"https:\/\/www.yongyukitchenware.com\/es\/wp-json\/wp\/v2\/product_tag?post=1892"}],"curies":[{"name":"wp","href":"https:\/\/api.w.org\/{rel}","templated":true}]}}