{"id":1952,"date":"2024-11-16T07:57:01","date_gmt":"2024-11-16T07:57:01","guid":{"rendered":"https:\/\/www.yongyukitchenware.com\/?post_type=product&#038;p=1952"},"modified":"2025-07-10T09:42:12","modified_gmt":"2025-07-10T09:42:12","slug":"wholesale-soup-pot","status":"publish","type":"product","link":"https:\/\/www.yongyukitchenware.com\/es\/producto\/wholesale-soup-pot\/","title":{"rendered":"Olla Sopa a Granel Acero Inoxidable 12-19L Cubo Comercial"},"content":{"rendered":"<div class=\"wp-block-columns is-layout-flex wp-container-core-columns-is-layout-9d6595d7 wp-block-columns-is-layout-flex\">\n<div class=\"wp-block-column is-layout-flow wp-block-column-is-layout-flow\">\n<h2 class=\"wp-block-heading\">Caracter\u00edsticas:<\/h2>\n\n\n\n<p><strong>Material de acero inoxidable de alta calidad<\/strong><br>Acero inoxidable de calidad alimentaria, resistente al desgaste, f\u00e1cil de limpiar, material seguro<\/p>\n\n\n\n<p><strong>Uso multifuncional<\/strong><br>12-19L de gran capacidad, adecuado para varias personas, se puede utilizar en cocinas comerciales para hervir agua, hacer sopa y estofado<\/p>\n\n\n\n<p><strong>Tapa hundida<\/strong><br>La tapa est\u00e1 dise\u00f1ada de forma hundida para evitar que el l\u00edquido hirviendo rebose, y puede colgarse al mismo tiempo, lo que resulta c\u00f3modo e higi\u00e9nico de usar<\/p>\n\n\n\n<p><strong>Escala interna clara<\/strong><br>La olla sopera tiene una escala de capacidad clara en su interior, y se puede a\u00f1adir el l\u00edquido adecuado seg\u00fan las necesidades.<\/p>\n\n\n\n<h2 class=\"wp-block-heading\">Tama\u00f1o de la olla para sopa:<\/h2>\n\n\n\n<figure class=\"wp-block-table\"><table class=\"has-fixed-layout\"><tbody><tr><td>Modelo<\/td><td>Especificaci\u00f3n<\/td><td>talla<\/td><td>peso\uff08kg\uff09<\/td><td>MOQ<\/td><\/tr><tr><td rowspan=\"16\">DY020-T<\/td><td rowspan=\"7\">Cubo de sopa<\/td><td>25*26cm<\/td><td>1,6 kg<\/td><td rowspan=\"16\">20PCS<\/td><\/tr><tr><td>30*31cm<\/td><td>2,75 kg<\/td><\/tr><tr><td>35*36cm<\/td><td>3,5 kg<\/td><\/tr><tr><td>40*41cm<\/td><td>5 kg<\/td><\/tr><tr><td>45*46cm<\/td><td>6 kg<\/td><\/tr><tr><td>50*51cm<\/td><td>7,5 kg<\/td><\/tr><tr><td>60*61cm<\/td><td>10,4 kg<\/td><\/tr><tr><td rowspan=\"6\">Olla sopera<\/td><td>30*23cm<\/td><td>2,2 kg<\/td><\/tr><tr><td>35*25cm<\/td><td>2,65 kg<\/td><\/tr><tr><td>40*27cm<\/td><td>3,6 kg<\/td><\/tr><tr><td>45*29cm<\/td><td>4,5 kg<\/td><\/tr><tr><td>50*31cm<\/td><td>5,25 kg<\/td><\/tr><tr><td>60*35cm<\/td><td>7,75 kg<\/td><\/tr><tr><td rowspan=\"3\">Cubo (con escala)<\/td><td>25*26cm<\/td><td>1,6 kg<\/td><\/tr><tr><td>30*31cm<\/td><td>2,75 kg<\/td><\/tr><tr><td>35*36cm<\/td><td>3,5 kg<\/td><\/tr><\/tbody><\/table><\/figure>\n<\/div>\n\n\n\n<div class=\"wp-block-column is-layout-flow wp-block-column-is-layout-flow\">\n<figure class=\"wp-block-image size-full\"><img decoding=\"async\" width=\"1280\" height=\"1280\" src=\"https:\/\/www.yongyukitchenware.com\/wp-content\/uploads\/2024\/10\/soup-pot-6.webp\" alt=\"olla-6\" class=\"wp-image-1957\" srcset=\"https:\/\/www.yongyukitchenware.com\/wp-content\/uploads\/2024\/10\/soup-pot-6.webp 1280w, https:\/\/www.yongyukitchenware.com\/wp-content\/uploads\/2024\/10\/soup-pot-6-300x300.webp 300w, https:\/\/www.yongyukitchenware.com\/wp-content\/uploads\/2024\/10\/soup-pot-6-150x150.webp 150w, https:\/\/www.yongyukitchenware.com\/wp-content\/uploads\/2024\/10\/soup-pot-6-768x768.webp 768w, https:\/\/www.yongyukitchenware.com\/wp-content\/uploads\/2024\/10\/soup-pot-6-12x12.webp 12w, https:\/\/www.yongyukitchenware.com\/wp-content\/uploads\/2024\/10\/soup-pot-6-1200x1200.webp 1200w, https:\/\/www.yongyukitchenware.com\/wp-content\/uploads\/2024\/10\/soup-pot-6-600x600.webp 600w, https:\/\/www.yongyukitchenware.com\/wp-content\/uploads\/2024\/10\/soup-pot-6-100x100.webp 100w\" sizes=\"(max-width: 1280px) 100vw, 1280px\" \/><\/figure>\n\n\n\n<figure class=\"wp-block-image size-full is-style-rounded\"><img decoding=\"async\" width=\"1280\" height=\"1280\" src=\"https:\/\/www.yongyukitchenware.com\/wp-content\/uploads\/2024\/10\/soup-pot-11.webp\" alt=\"sopera-11\" class=\"wp-image-1958\" style=\"aspect-ratio:1;object-fit:cover\" srcset=\"https:\/\/www.yongyukitchenware.com\/wp-content\/uploads\/2024\/10\/soup-pot-11.webp 1280w, https:\/\/www.yongyukitchenware.com\/wp-content\/uploads\/2024\/10\/soup-pot-11-300x300.webp 300w, https:\/\/www.yongyukitchenware.com\/wp-content\/uploads\/2024\/10\/soup-pot-11-150x150.webp 150w, https:\/\/www.yongyukitchenware.com\/wp-content\/uploads\/2024\/10\/soup-pot-11-768x768.webp 768w, https:\/\/www.yongyukitchenware.com\/wp-content\/uploads\/2024\/10\/soup-pot-11-12x12.webp 12w, https:\/\/www.yongyukitchenware.com\/wp-content\/uploads\/2024\/10\/soup-pot-11-1200x1200.webp 1200w, https:\/\/www.yongyukitchenware.com\/wp-content\/uploads\/2024\/10\/soup-pot-11-600x600.webp 600w, https:\/\/www.yongyukitchenware.com\/wp-content\/uploads\/2024\/10\/soup-pot-11-100x100.webp 100w\" sizes=\"(max-width: 1280px) 100vw, 1280px\" \/><\/figure>\n<\/div>\n<\/div>\n\n\n\n<p><\/p>","protected":false},"excerpt":{"rendered":"<p>Precio de f\u00e1brica al por mayor olla de sopa, material de acero inoxidable, 12-19L gran capacidad, herramientas de la olla de sopa de comercio. El mejor descuento es para la costumbre a granel, proporcionando servicio de Amazon FBA y otros servicios de comercio electr\u00f3nico. Bienvenido a consultarnos.<\/p>\n<h2>Atributo de la olla sopera:<\/h2>\n<p><strong>Material:<\/strong> acero inoxidable<br \/><strong>Asa:<\/strong> mango grueso<br \/><strong>Tallas:<\/strong> 12-16 L<br \/><strong>Dise\u00f1o del cubo:<\/strong> pulido espejo y fondo plano engrosado<br \/><strong>Embalaje:<\/strong> bolsa\/granel\/cart\u00f3n o personalizado<br \/><strong>OEM\/ODM:<\/strong> opcional<\/p>\n<h2 class=\"wp-block-heading\">Del fabricante de utensilios de cocina Yongyu:<\/h2>\n<p>Yongyu es un fabricante profesional de utensilios de cocina. Nuestros productos incluyen todo tipo de utensilios de cocina de acero inoxidable y accesorios de cocina. Ofrecemos soluciones personalizadas con productos de alta calidad a precios de f\u00e1brica.<\/p>","protected":false},"featured_media":1953,"comment_status":"closed","ping_status":"closed","template":"","meta":{"_acf_changed":true},"application":[29,30],"product_brand":[],"product_cat":[22,41],"product_tag":[],"class_list":{"0":"post-1952","1":"product","2":"type-product","3":"status-publish","4":"has-post-thumbnail","6":"application-home-kitchen","7":"application-hotel-catering","8":"product_cat-catering-supplies-wholesale","9":"product_cat-soup-pot-wholesale","11":"first","12":"instock","13":"shipping-taxable","14":"product-type-simple"},"acf":[],"_links":{"self":[{"href":"https:\/\/www.yongyukitchenware.com\/es\/wp-json\/wp\/v2\/product\/1952","targetHints":{"allow":["GET"]}}],"collection":[{"href":"https:\/\/www.yongyukitchenware.com\/es\/wp-json\/wp\/v2\/product"}],"about":[{"href":"https:\/\/www.yongyukitchenware.com\/es\/wp-json\/wp\/v2\/types\/product"}],"replies":[{"embeddable":true,"href":"https:\/\/www.yongyukitchenware.com\/es\/wp-json\/wp\/v2\/comments?post=1952"}],"wp:featuredmedia":[{"embeddable":true,"href":"https:\/\/www.yongyukitchenware.com\/es\/wp-json\/wp\/v2\/media\/1953"}],"wp:attachment":[{"href":"https:\/\/www.yongyukitchenware.com\/es\/wp-json\/wp\/v2\/media?parent=1952"}],"wp:term":[{"taxonomy":"application","embeddable":true,"href":"https:\/\/www.yongyukitchenware.com\/es\/wp-json\/wp\/v2\/application?post=1952"},{"taxonomy":"product_brand","embeddable":true,"href":"https:\/\/www.yongyukitchenware.com\/es\/wp-json\/wp\/v2\/product_brand?post=1952"},{"taxonomy":"product_cat","embeddable":true,"href":"https:\/\/www.yongyukitchenware.com\/es\/wp-json\/wp\/v2\/product_cat?post=1952"},{"taxonomy":"product_tag","embeddable":true,"href":"https:\/\/www.yongyukitchenware.com\/es\/wp-json\/wp\/v2\/product_tag?post=1952"}],"curies":[{"name":"wp","href":"https:\/\/api.w.org\/{rel}","templated":true}]}}