{"id":1984,"date":"2024-11-16T07:11:17","date_gmt":"2024-11-16T07:11:17","guid":{"rendered":"https:\/\/www.yongyukitchenware.com\/?post_type=product&#038;p=1984"},"modified":"2025-06-26T07:45:25","modified_gmt":"2025-06-26T07:45:25","slug":"wholesale-soup-bucket","status":"publish","type":"product","link":"https:\/\/www.yongyukitchenware.com\/es\/producto\/wholesale-soup-bucket\/","title":{"rendered":"Cuchar\u00f3n de sopa directo de f\u00e1brica de acero inoxidable grande con fondo de ahorro de energ\u00eda Comercial"},"content":{"rendered":"<div class=\"wp-block-columns is-layout-flex wp-container-core-columns-is-layout-9d6595d7 wp-block-columns-is-layout-flex\">\n<div class=\"wp-block-column is-layout-flow wp-block-column-is-layout-flow\">\n<h2 class=\"wp-block-heading\">Cubo de sopa Caracter\u00edsticas:<\/h2>\n\n\n\n<p><strong>Material de acero inoxidable engrosado: <\/strong>la selecci\u00f3n de acero alimentario de alta calidad, seguridad del material, duradero<br><strong>Dise\u00f1o de gran capacidad: <\/strong>adecuado para la cocina comercial de agua hirviendo, sopa, estofado una vez hecho, muchas personas utilizan al mismo tiempo<br><strong>Dise\u00f1o de la tapa: <\/strong>Tapa hundida para evitar que el l\u00edquido se derrame, La tapa se puede colgar, se puede colgar en el borde del cubo cuando est\u00e1 inactivo, ahorrando espacio y no tocar el escritorio<br><strong>Dise\u00f1o a escala: <\/strong>Escala de capacidad interna grabada, capta claramente la capacidad, m\u00e1s c\u00f3modo de usar<br><strong>Tratamiento de pulido espejo:<\/strong> la superficie es brillante como un espejo, f\u00e1cil de limpiar<\/p>\n\n\n\n<figure class=\"wp-block-image size-full is-style-default\"><img decoding=\"async\" width=\"800\" height=\"800\" src=\"https:\/\/www.yongyukitchenware.com\/wp-content\/uploads\/2024\/10\/soup-bucket-wholesale-5.webp\" alt=\"cubo de sopa al por mayor\" class=\"wp-image-2266\" style=\"aspect-ratio:1;object-fit:cover\" srcset=\"https:\/\/www.yongyukitchenware.com\/wp-content\/uploads\/2024\/10\/soup-bucket-wholesale-5.webp 800w, https:\/\/www.yongyukitchenware.com\/wp-content\/uploads\/2024\/10\/soup-bucket-wholesale-5-300x300.webp 300w, https:\/\/www.yongyukitchenware.com\/wp-content\/uploads\/2024\/10\/soup-bucket-wholesale-5-150x150.webp 150w, https:\/\/www.yongyukitchenware.com\/wp-content\/uploads\/2024\/10\/soup-bucket-wholesale-5-768x768.webp 768w, https:\/\/www.yongyukitchenware.com\/wp-content\/uploads\/2024\/10\/soup-bucket-wholesale-5-12x12.webp 12w, https:\/\/www.yongyukitchenware.com\/wp-content\/uploads\/2024\/10\/soup-bucket-wholesale-5-600x600.webp 600w, https:\/\/www.yongyukitchenware.com\/wp-content\/uploads\/2024\/10\/soup-bucket-wholesale-5-100x100.webp 100w\" sizes=\"(max-width: 800px) 100vw, 800px\" \/><\/figure>\n<\/div>\n\n\n\n<div class=\"wp-block-column is-layout-flow wp-block-column-is-layout-flow\">\n<figure class=\"wp-block-image size-full is-style-default\"><img decoding=\"async\" width=\"800\" height=\"800\" src=\"https:\/\/www.yongyukitchenware.com\/wp-content\/uploads\/2024\/10\/soup-bucket-wholesale-4.webp\" alt=\"cubo de sopa al por mayor\" class=\"wp-image-2265\" srcset=\"https:\/\/www.yongyukitchenware.com\/wp-content\/uploads\/2024\/10\/soup-bucket-wholesale-4.webp 800w, https:\/\/www.yongyukitchenware.com\/wp-content\/uploads\/2024\/10\/soup-bucket-wholesale-4-300x300.webp 300w, https:\/\/www.yongyukitchenware.com\/wp-content\/uploads\/2024\/10\/soup-bucket-wholesale-4-150x150.webp 150w, https:\/\/www.yongyukitchenware.com\/wp-content\/uploads\/2024\/10\/soup-bucket-wholesale-4-768x768.webp 768w, https:\/\/www.yongyukitchenware.com\/wp-content\/uploads\/2024\/10\/soup-bucket-wholesale-4-12x12.webp 12w, https:\/\/www.yongyukitchenware.com\/wp-content\/uploads\/2024\/10\/soup-bucket-wholesale-4-600x600.webp 600w, https:\/\/www.yongyukitchenware.com\/wp-content\/uploads\/2024\/10\/soup-bucket-wholesale-4-100x100.webp 100w\" sizes=\"(max-width: 800px) 100vw, 800px\" \/><\/figure>\n\n\n\n<h2 class=\"wp-block-heading\">Tama\u00f1o del cubo de sopa:<\/h2>\n\n\n\n<figure class=\"wp-block-table\"><table class=\"has-fixed-layout\"><tbody><tr><td>Modelo<\/td><td>Especificaci\u00f3n<\/td><td>Talla<\/td><td>Peso\uff08kg\uff09<\/td><td>MOQ<\/td><\/tr><tr><td rowspan=\"15\">DY019-T<\/td><td rowspan=\"5\">5,0 Cubo de sopa (con escala)<\/td><td>30*31cm<\/td><td>2,6 kg<\/td><td rowspan=\"15\">10 PIEZAS<\/td><\/tr><tr><td>35*36cm<\/td><td>3,5 kg<\/td><\/tr><tr><td>40*42cm<\/td><td>4,35 kg<\/td><\/tr><tr><td>45*46cm<\/td><td>5,4 kg<\/td><\/tr><tr><td>50*51cm<\/td><td>6,6 kg<\/td><\/tr><tr><td rowspan=\"5\">6,0 Cubo de sopa (con escala)<\/td><td>35*36cm<\/td><td>3,9 kg<\/td><\/tr><tr><td>40*42cm<\/td><td>4,9 kg<\/td><\/tr><tr><td>45*46cm<\/td><td>6,4 kg<\/td><\/tr><tr><td>50*51cm<\/td><td>8 kg<\/td><\/tr><tr><td>60*61cm<\/td><td>11 kg<\/td><\/tr><tr><td rowspan=\"5\">6,0 Olla de sopa (con escala)<\/td><td>35*26cm<\/td><td>3,1 kg<\/td><\/tr><tr><td>40*28cm<\/td><td>3,9 kg<\/td><\/tr><tr><td>45*30cm<\/td><td>5,1 kg<\/td><\/tr><tr><td>50*32cm<\/td><td>6 kg<\/td><\/tr><tr><td>60*37cm<\/td><td>8,4 kg<\/td><\/tr><\/tbody><\/table><\/figure>\n<\/div>\n<\/div>\n\n\n\n<p><\/p>","protected":false},"excerpt":{"rendered":"<p>Yongyu es un proveedor fiable de cubos de sopa de acero inoxidable, nuestros cubos dom\u00e9sticos y comerciales tienen una construcci\u00f3n duradera y asas robustas, gran capacidad y fuerte soporte de carga, \u00a1y apoyamos las ventas de Amazon!<\/p>\n<h2>Atributo del cubo de sopa:<\/h2>\n<p><strong>Material:<\/strong> acero inoxidable<br \/><strong>Asa:<\/strong> mango grueso<br \/><strong>Tallas:<\/strong> 12-16 L<br \/><strong>Dise\u00f1o del cubo:<\/strong> pulido espejo y fondo plano engrosado<br \/><strong>Embalaje:<\/strong> bolsa\/granel\/cart\u00f3n o personalizado<br \/><strong>OEM\/ODM:<\/strong> opcional<\/p>\n<h2 class=\"wp-block-heading\">Del fabricante de utensilios de cocina Yongyu:<\/h2>\n<p>Yongyu es un fabricante profesional de utensilios de cocina. Nuestros productos incluyen todo tipo de utensilios de cocina de acero inoxidable y accesorios de cocina. Ofrecemos soluciones personalizadas con productos de alta calidad a precios de f\u00e1brica.<\/p>","protected":false},"featured_media":2264,"comment_status":"closed","ping_status":"closed","template":"","meta":{"_acf_changed":true},"application":[29,30],"product_brand":[],"product_cat":[22,41],"product_tag":[],"class_list":{"0":"post-1984","1":"product","2":"type-product","3":"status-publish","4":"has-post-thumbnail","6":"application-home-kitchen","7":"application-hotel-catering","8":"product_cat-catering-supplies-wholesale","9":"product_cat-soup-pot-wholesale","11":"first","12":"instock","13":"shipping-taxable","14":"product-type-simple"},"acf":[],"_links":{"self":[{"href":"https:\/\/www.yongyukitchenware.com\/es\/wp-json\/wp\/v2\/product\/1984","targetHints":{"allow":["GET"]}}],"collection":[{"href":"https:\/\/www.yongyukitchenware.com\/es\/wp-json\/wp\/v2\/product"}],"about":[{"href":"https:\/\/www.yongyukitchenware.com\/es\/wp-json\/wp\/v2\/types\/product"}],"replies":[{"embeddable":true,"href":"https:\/\/www.yongyukitchenware.com\/es\/wp-json\/wp\/v2\/comments?post=1984"}],"wp:featuredmedia":[{"embeddable":true,"href":"https:\/\/www.yongyukitchenware.com\/es\/wp-json\/wp\/v2\/media\/2264"}],"wp:attachment":[{"href":"https:\/\/www.yongyukitchenware.com\/es\/wp-json\/wp\/v2\/media?parent=1984"}],"wp:term":[{"taxonomy":"application","embeddable":true,"href":"https:\/\/www.yongyukitchenware.com\/es\/wp-json\/wp\/v2\/application?post=1984"},{"taxonomy":"product_brand","embeddable":true,"href":"https:\/\/www.yongyukitchenware.com\/es\/wp-json\/wp\/v2\/product_brand?post=1984"},{"taxonomy":"product_cat","embeddable":true,"href":"https:\/\/www.yongyukitchenware.com\/es\/wp-json\/wp\/v2\/product_cat?post=1984"},{"taxonomy":"product_tag","embeddable":true,"href":"https:\/\/www.yongyukitchenware.com\/es\/wp-json\/wp\/v2\/product_tag?post=1984"}],"curies":[{"name":"wp","href":"https:\/\/api.w.org\/{rel}","templated":true}]}}