{"id":2000,"date":"2024-11-16T08:29:48","date_gmt":"2024-11-16T08:29:48","guid":{"rendered":"https:\/\/www.yongyukitchenware.com\/?post_type=product&#038;p=2000"},"modified":"2025-06-26T07:43:01","modified_gmt":"2025-06-26T07:43:01","slug":"wholesale-stainless-steel-stock-pot","status":"publish","type":"product","link":"https:\/\/www.yongyukitchenware.com\/es\/producto\/wholesale-stainless-steel-stock-pot\/","title":{"rendered":"Mayorista Olla de Acero Inoxidable Grande 12-16L para Cocinar Sopa"},"content":{"rendered":"<div class=\"wp-block-columns is-layout-flex wp-container-core-columns-is-layout-9d6595d7 wp-block-columns-is-layout-flex\">\n<div class=\"wp-block-column is-layout-flow wp-block-column-is-layout-flow\">\n<h2 class=\"wp-block-heading\">Olla de acero inoxidable Caracter\u00edsticas:<\/h2>\n\n\n\n<p><strong>Materiales de alta calidad<\/strong><br>Fabricado en acero inoxidable de calidad alimentaria, seguro, duradero y apto para el contacto prolongado con alimentos.<\/p>\n\n\n\n<p><strong>Conservaci\u00f3n eficaz del calor<\/strong><br>El dise\u00f1o de doble capa y el material de paredes gruesas pueden mantener la temperatura de la sopa durante mucho tiempo.<\/p>\n\n\n\n<p><strong>Dise\u00f1o duradero<\/strong><br>El grueso ca\u00f1\u00f3n y el firme mango garantizan que no se deforme f\u00e1cilmente durante su uso y soporta un uso intensivo.<\/p>\n\n\n\n<p><strong>Equipado con tapa antidesbordamiento<\/strong><br>Evitan las fugas de l\u00edquidos y garantizan un transporte y almacenamiento seguros.<\/p>\n\n\n\n<p><strong>Polivalente<\/strong><br>Puede utilizarse para contener sopas, guisos, bebidas, etc., adecuado para restaurantes, buffets, reuniones al aire libre y otros escenarios.<\/p>\n\n\n\n<p><strong>Servicio personalizado<\/strong><br>Se puede personalizar el logotipo, el tama\u00f1o o el dise\u00f1o de funciones especiales para satisfacer las necesidades de la marca o la empresa.<\/p>\n<\/div>\n\n\n\n<div class=\"wp-block-column is-layout-flow wp-block-column-is-layout-flow\">\n<figure class=\"wp-block-image size-full is-style-default\"><img decoding=\"async\" width=\"800\" height=\"800\" src=\"https:\/\/www.yongyukitchenware.com\/wp-content\/uploads\/2024\/10\/Stainless-Steel-Stock-Pot-Wholesale-5.webp\" alt=\"Olla de acero inoxidable al por mayor\" class=\"wp-image-2281\" srcset=\"https:\/\/www.yongyukitchenware.com\/wp-content\/uploads\/2024\/10\/Stainless-Steel-Stock-Pot-Wholesale-5.webp 800w, https:\/\/www.yongyukitchenware.com\/wp-content\/uploads\/2024\/10\/Stainless-Steel-Stock-Pot-Wholesale-5-300x300.webp 300w, https:\/\/www.yongyukitchenware.com\/wp-content\/uploads\/2024\/10\/Stainless-Steel-Stock-Pot-Wholesale-5-150x150.webp 150w, https:\/\/www.yongyukitchenware.com\/wp-content\/uploads\/2024\/10\/Stainless-Steel-Stock-Pot-Wholesale-5-768x768.webp 768w, https:\/\/www.yongyukitchenware.com\/wp-content\/uploads\/2024\/10\/Stainless-Steel-Stock-Pot-Wholesale-5-12x12.webp 12w, https:\/\/www.yongyukitchenware.com\/wp-content\/uploads\/2024\/10\/Stainless-Steel-Stock-Pot-Wholesale-5-600x600.webp 600w, https:\/\/www.yongyukitchenware.com\/wp-content\/uploads\/2024\/10\/Stainless-Steel-Stock-Pot-Wholesale-5-100x100.webp 100w\" sizes=\"(max-width: 800px) 100vw, 800px\" \/><\/figure>\n<\/div>\n<\/div>\n\n\n\n<div class=\"wp-block-columns is-layout-flex wp-container-core-columns-is-layout-9d6595d7 wp-block-columns-is-layout-flex\">\n<div class=\"wp-block-column is-layout-flow wp-block-column-is-layout-flow\">\n<figure class=\"wp-block-image size-full is-style-default\"><img decoding=\"async\" width=\"800\" height=\"800\" src=\"https:\/\/www.yongyukitchenware.com\/wp-content\/uploads\/2024\/10\/Stainless-Steel-Stock-Pot-Wholesale-1.webp\" alt=\"Olla de acero inoxidable al por mayor\" class=\"wp-image-2277\" style=\"aspect-ratio:1;object-fit:cover\" srcset=\"https:\/\/www.yongyukitchenware.com\/wp-content\/uploads\/2024\/10\/Stainless-Steel-Stock-Pot-Wholesale-1.webp 800w, https:\/\/www.yongyukitchenware.com\/wp-content\/uploads\/2024\/10\/Stainless-Steel-Stock-Pot-Wholesale-1-300x300.webp 300w, https:\/\/www.yongyukitchenware.com\/wp-content\/uploads\/2024\/10\/Stainless-Steel-Stock-Pot-Wholesale-1-150x150.webp 150w, https:\/\/www.yongyukitchenware.com\/wp-content\/uploads\/2024\/10\/Stainless-Steel-Stock-Pot-Wholesale-1-768x768.webp 768w, https:\/\/www.yongyukitchenware.com\/wp-content\/uploads\/2024\/10\/Stainless-Steel-Stock-Pot-Wholesale-1-12x12.webp 12w, https:\/\/www.yongyukitchenware.com\/wp-content\/uploads\/2024\/10\/Stainless-Steel-Stock-Pot-Wholesale-1-600x600.webp 600w, https:\/\/www.yongyukitchenware.com\/wp-content\/uploads\/2024\/10\/Stainless-Steel-Stock-Pot-Wholesale-1-100x100.webp 100w\" sizes=\"(max-width: 800px) 100vw, 800px\" \/><\/figure>\n<\/div>\n\n\n\n<div class=\"wp-block-column is-layout-flow wp-block-column-is-layout-flow\">\n<h2 class=\"wp-block-heading\">Olla de acero inoxidable Tama\u00f1o:<\/h2>\n\n\n\n<figure class=\"wp-block-table\"><table class=\"has-fixed-layout\"><tbody><tr><td>Modelo<\/td><td>Especificaci\u00f3n<\/td><td>Talla<\/td><td>Peso\uff08kg\uff09<\/td><td>MOQ<\/td><\/tr><tr><td rowspan=\"12\">DY016-T<\/td><td rowspan=\"6\">3.8 Cubo de sopa (con escala)<\/td><td>30*31cm<\/td><td>2,5 kg<\/td><td rowspan=\"12\">12PCS<\/td><\/tr><tr><td>35*36cm<\/td><td>3,3 kg<\/td><\/tr><tr><td>40*41cm<\/td><td>4,1 kg<\/td><\/tr><tr><td>45*46cm<\/td><td>5,5 kg<\/td><\/tr><tr><td>50*51cm<\/td><td>6,5 kg<\/td><\/tr><tr><td>60*61cm<\/td><td>9 kg<\/td><\/tr><tr><td rowspan=\"6\">3.8 Olla de sopa (con escala)<\/td><td>30*23cm<\/td><td>2,05 kg<\/td><\/tr><tr><td>35*25cm<\/td><td>2,6 kg<\/td><\/tr><tr><td>40*27cm<\/td><td>3,15 kg<\/td><\/tr><tr><td>45*29cm<\/td><td>4 kg<\/td><\/tr><tr><td>50*31cm<\/td><td>4,6 kg<\/td><\/tr><tr><td>60*35cm<\/td><td>6,4 kg<\/td><\/tr><\/tbody><\/table><\/figure>\n<\/div>\n<\/div>\n\n\n\n<p><\/p>","protected":false},"excerpt":{"rendered":"<p>Ollas de acero inoxidable al por mayor y personalizadas, de gran capacidad aptas para cocinas comerciales o restaurantes. Apoyo logotipo personalizado, embalaje y otros servicios para ayudarle a vender productos r\u00e1pidamente.<\/p>\n<h2>Olla de acero inoxidable Atributo:<\/h2>\n<p><strong>Material:<\/strong> acero inoxidable<br \/><strong>Asa:<\/strong> mango grueso<br \/><strong>Tallas:<\/strong> 12-19L<br \/><strong>Dise\u00f1o del cubo:<\/strong> pulido espejo y fondo plano engrosado<br \/><strong>Embalaje:<\/strong> bolsa\/granel\/cart\u00f3n o personalizado<br \/><strong>OEM\/ODM:<\/strong> opcional<\/p>\n<h2 class=\"wp-block-heading\">Del fabricante de utensilios de cocina Yongyu:<\/h2>\n<p>Yongyu es un fabricante profesional de utensilios de cocina. Nuestros productos incluyen todo tipo de utensilios de cocina de acero inoxidable y accesorios de cocina. Ofrecemos soluciones personalizadas con productos de alta calidad a precios de f\u00e1brica.<\/p>","protected":false},"featured_media":2282,"comment_status":"closed","ping_status":"closed","template":"","meta":{"_acf_changed":true},"application":[29,30],"product_brand":[],"product_cat":[22,41],"product_tag":[],"class_list":{"0":"post-2000","1":"product","2":"type-product","3":"status-publish","4":"has-post-thumbnail","6":"application-home-kitchen","7":"application-hotel-catering","8":"product_cat-catering-supplies-wholesale","9":"product_cat-soup-pot-wholesale","11":"first","12":"instock","13":"shipping-taxable","14":"product-type-simple"},"acf":[],"_links":{"self":[{"href":"https:\/\/www.yongyukitchenware.com\/es\/wp-json\/wp\/v2\/product\/2000","targetHints":{"allow":["GET"]}}],"collection":[{"href":"https:\/\/www.yongyukitchenware.com\/es\/wp-json\/wp\/v2\/product"}],"about":[{"href":"https:\/\/www.yongyukitchenware.com\/es\/wp-json\/wp\/v2\/types\/product"}],"replies":[{"embeddable":true,"href":"https:\/\/www.yongyukitchenware.com\/es\/wp-json\/wp\/v2\/comments?post=2000"}],"wp:featuredmedia":[{"embeddable":true,"href":"https:\/\/www.yongyukitchenware.com\/es\/wp-json\/wp\/v2\/media\/2282"}],"wp:attachment":[{"href":"https:\/\/www.yongyukitchenware.com\/es\/wp-json\/wp\/v2\/media?parent=2000"}],"wp:term":[{"taxonomy":"application","embeddable":true,"href":"https:\/\/www.yongyukitchenware.com\/es\/wp-json\/wp\/v2\/application?post=2000"},{"taxonomy":"product_brand","embeddable":true,"href":"https:\/\/www.yongyukitchenware.com\/es\/wp-json\/wp\/v2\/product_brand?post=2000"},{"taxonomy":"product_cat","embeddable":true,"href":"https:\/\/www.yongyukitchenware.com\/es\/wp-json\/wp\/v2\/product_cat?post=2000"},{"taxonomy":"product_tag","embeddable":true,"href":"https:\/\/www.yongyukitchenware.com\/es\/wp-json\/wp\/v2\/product_tag?post=2000"}],"curies":[{"name":"wp","href":"https:\/\/api.w.org\/{rel}","templated":true}]}}