{"id":2007,"date":"2024-11-16T08:52:59","date_gmt":"2024-11-16T08:52:59","guid":{"rendered":"https:\/\/www.yongyukitchenware.com\/?post_type=product&#038;p=2007"},"modified":"2025-06-26T07:42:15","modified_gmt":"2025-06-26T07:42:15","slug":"stainless-steel-soup-bucket-bulk","status":"publish","type":"product","link":"https:\/\/www.yongyukitchenware.com\/es\/producto\/stainless-steel-soup-bucket-bulk\/","title":{"rendered":"Cubo de sopa a granel de acero inoxidable con tapa y asa"},"content":{"rendered":"<div class=\"wp-block-columns is-layout-flex wp-container-core-columns-is-layout-9d6595d7 wp-block-columns-is-layout-flex\">\n<div class=\"wp-block-column is-layout-flow wp-block-column-is-layout-flow\">\n<h2 class=\"wp-block-heading\">Cubo de sopa de acero inoxidable Caracter\u00edsticas:<\/h2>\n\n\n\n<p><strong>Materiales de alta calidad<\/strong><br>El uso de acero inoxidable 304 de alta calidad para uso alimentario garantiza la seguridad y durabilidad del producto.<\/p>\n\n\n\n<p><strong>F\u00e1cil de limpiar<\/strong><br>La superficie de acero inoxidable es lisa y f\u00e1cil de limpiar tras su uso, lo que resulta muy adecuado para los requisitos de higiene del sector de la restauraci\u00f3n.<\/p>\n\n\n\n<p><strong>Resistencia a altas temperaturas<\/strong><br>El cubo de sopa de acero inoxidable puede soportar altos cambios de temperatura, ya sea para almacenamiento en fr\u00edo o calentamiento, puede mantener un buen rendimiento, adecuado para diversas necesidades de cocci\u00f3n y almacenamiento.<\/p>\n\n\n\n<p><strong>Dise\u00f1o razonable<\/strong><br>Hay disponibles opciones de 12-19L para satisfacer las necesidades de diferentes capacidades. Las asas y la anilla de transporte facilitan el transporte y la tapa est\u00e1 sellada para evitar el derrame de l\u00edquidos.<\/p>\n\n\n\n<p><strong>Uso multifuncional<\/strong><br>Puede utilizarse para preparar otros alimentos, como guisos, gachas, etc.<\/p>\n\n\n\n<p><strong>Opciones personalizadas<\/strong><br>Proporcionar servicios personalizados, como grabado, impresi\u00f3n de logotipos, etc., para satisfacer las necesidades de los clientes corporativos y mejorar la imagen de marca.<\/p>\n<\/div>\n\n\n\n<div class=\"wp-block-column is-layout-flow wp-block-column-is-layout-flow\">\n<figure class=\"wp-block-image size-full is-style-default\"><img decoding=\"async\" width=\"800\" height=\"800\" src=\"https:\/\/www.yongyukitchenware.com\/wp-content\/uploads\/2024\/10\/bulk-Stainless-Steel-Soup-Bucket-4.webp\" alt=\"Cubo de sopa de acero inoxidable a granel \" class=\"wp-image-2287\" srcset=\"https:\/\/www.yongyukitchenware.com\/wp-content\/uploads\/2024\/10\/bulk-Stainless-Steel-Soup-Bucket-4.webp 800w, https:\/\/www.yongyukitchenware.com\/wp-content\/uploads\/2024\/10\/bulk-Stainless-Steel-Soup-Bucket-4-300x300.webp 300w, https:\/\/www.yongyukitchenware.com\/wp-content\/uploads\/2024\/10\/bulk-Stainless-Steel-Soup-Bucket-4-150x150.webp 150w, https:\/\/www.yongyukitchenware.com\/wp-content\/uploads\/2024\/10\/bulk-Stainless-Steel-Soup-Bucket-4-768x768.webp 768w, https:\/\/www.yongyukitchenware.com\/wp-content\/uploads\/2024\/10\/bulk-Stainless-Steel-Soup-Bucket-4-12x12.webp 12w, https:\/\/www.yongyukitchenware.com\/wp-content\/uploads\/2024\/10\/bulk-Stainless-Steel-Soup-Bucket-4-600x600.webp 600w, https:\/\/www.yongyukitchenware.com\/wp-content\/uploads\/2024\/10\/bulk-Stainless-Steel-Soup-Bucket-4-100x100.webp 100w\" sizes=\"(max-width: 800px) 100vw, 800px\" \/><\/figure>\n<\/div>\n<\/div>\n\n\n\n<div class=\"wp-block-columns is-layout-flex wp-container-core-columns-is-layout-9d6595d7 wp-block-columns-is-layout-flex\">\n<div class=\"wp-block-column is-layout-flow wp-block-column-is-layout-flow\"><div class=\"wp-block-image is-style-default\">\n<figure class=\"aligncenter size-full\"><img decoding=\"async\" width=\"800\" height=\"800\" src=\"https:\/\/www.yongyukitchenware.com\/wp-content\/uploads\/2024\/10\/bulk-Stainless-Steel-Soup-Bucket-5.webp\" alt=\"Cubo de sopa de acero inoxidable a granel\" class=\"wp-image-2288\" style=\"aspect-ratio:1;object-fit:cover\" srcset=\"https:\/\/www.yongyukitchenware.com\/wp-content\/uploads\/2024\/10\/bulk-Stainless-Steel-Soup-Bucket-5.webp 800w, https:\/\/www.yongyukitchenware.com\/wp-content\/uploads\/2024\/10\/bulk-Stainless-Steel-Soup-Bucket-5-300x300.webp 300w, https:\/\/www.yongyukitchenware.com\/wp-content\/uploads\/2024\/10\/bulk-Stainless-Steel-Soup-Bucket-5-150x150.webp 150w, https:\/\/www.yongyukitchenware.com\/wp-content\/uploads\/2024\/10\/bulk-Stainless-Steel-Soup-Bucket-5-768x768.webp 768w, https:\/\/www.yongyukitchenware.com\/wp-content\/uploads\/2024\/10\/bulk-Stainless-Steel-Soup-Bucket-5-12x12.webp 12w, https:\/\/www.yongyukitchenware.com\/wp-content\/uploads\/2024\/10\/bulk-Stainless-Steel-Soup-Bucket-5-600x600.webp 600w, https:\/\/www.yongyukitchenware.com\/wp-content\/uploads\/2024\/10\/bulk-Stainless-Steel-Soup-Bucket-5-100x100.webp 100w\" sizes=\"(max-width: 800px) 100vw, 800px\" \/><\/figure>\n<\/div><\/div>\n\n\n\n<div class=\"wp-block-column is-layout-flow wp-block-column-is-layout-flow\">\n<h2 class=\"wp-block-heading\">Cubo de sopa de acero inoxidable Tama\u00f1o:<\/h2>\n\n\n\n<figure class=\"wp-block-table\"><table class=\"has-fixed-layout\"><tbody><tr><td>Modelo<\/td><td>Especificaci\u00f3n<\/td><td>Talla<\/td><td>Peso\uff08kg\uff09<\/td><td>MOQ<\/td><\/tr><tr><td rowspan=\"14\">DY015-T<\/td><td rowspan=\"6\">2.8 Cubo de sopa (con escala)<\/td><td>25*26cm<\/td><td>1,2 kg<\/td><td rowspan=\"14\">28PCS<\/td><\/tr><tr><td>30*31cm<\/td><td>2kg<\/td><\/tr><tr><td>35*36cm<\/td><td>2,7 kg<\/td><\/tr><tr><td>40*41cm<\/td><td>3,5 kg<\/td><\/tr><tr><td>45*46cm<\/td><td>4,5 kg<\/td><\/tr><tr><td>50*51cm<\/td><td>5,4 kg<\/td><\/tr><tr><td rowspan=\"5\">2.8 Olla para sopa (con escala)<\/td><td>30*23cm<\/td><td>1,6 kg<\/td><\/tr><tr><td>35*25cm<\/td><td>2,1 kg<\/td><\/tr><tr><td>40*27cm<\/td><td>2,6 kg<\/td><\/tr><tr><td>45*29cm<\/td><td>3,4 kg<\/td><\/tr><tr><td>50*31cm<\/td><td>3,95 kg<\/td><\/tr><tr><td rowspan=\"3\">2,8 Cubo (con escala)<\/td><td>25*25cm<\/td><td>1,2 kg<\/td><\/tr><tr><td>30*30cm<\/td><td>2kg<\/td><\/tr><tr><td>35*35cm<\/td><td>2,75 kg<\/td><\/tr><\/tbody><\/table><\/figure>\n<\/div>\n<\/div>\n\n\n\n<div class=\"wp-block-columns is-layout-flex wp-container-core-columns-is-layout-9d6595d7 wp-block-columns-is-layout-flex\">\n<div class=\"wp-block-column is-layout-flow wp-block-column-is-layout-flow\"><\/div>\n\n\n\n<div class=\"wp-block-column is-layout-flow wp-block-column-is-layout-flow\"><\/div>\n<\/div>\n\n\n\n<p><\/p>","protected":false},"excerpt":{"rendered":"<p>De Yongyu proveedor de acero inoxidable cubo de sopa, venta al por mayor de una sola parada y ollas de sopa de encargo con varios tama\u00f1os, adecuados para cocinas comerciales, hoteles, restaurantes, etc. \u00a1Seguridad y garant\u00eda de calidad, entrega r\u00e1pida, recepci\u00f3n para entrarnos en contacto con para la investigaci\u00f3n libre!<\/p>\n<h2>Cubo de sopa de acero inoxidable Atributo:<\/h2>\n<p><strong>Material:<\/strong> acero inoxidable<br \/><strong>Asa:<\/strong> mango grueso<br \/><strong>Tallas:<\/strong> 12-19L<br \/><strong>Dise\u00f1o del cubo:<\/strong> pulido espejo y fondo plano engrosado<br \/><strong>Embalaje:<\/strong> bolsa\/granel\/cart\u00f3n o personalizado<br \/><strong>OEM\/ODM:<\/strong> opcional<\/p>\n<h2 class=\"wp-block-heading\">Del fabricante de utensilios de cocina Yongyu:<\/h2>\n<p>Yongyu es un fabricante profesional de utensilios de cocina. Nuestros productos incluyen todo tipo de utensilios de cocina de acero inoxidable y accesorios de cocina. Ofrecemos soluciones personalizadas con productos de alta calidad a precios de f\u00e1brica.<\/p>","protected":false},"featured_media":2284,"comment_status":"closed","ping_status":"closed","template":"","meta":{"_acf_changed":true},"application":[29,30],"product_brand":[],"product_cat":[22,41],"product_tag":[],"class_list":{"0":"post-2007","1":"product","2":"type-product","3":"status-publish","4":"has-post-thumbnail","6":"application-home-kitchen","7":"application-hotel-catering","8":"product_cat-catering-supplies-wholesale","9":"product_cat-soup-pot-wholesale","11":"first","12":"instock","13":"shipping-taxable","14":"product-type-simple"},"acf":[],"_links":{"self":[{"href":"https:\/\/www.yongyukitchenware.com\/es\/wp-json\/wp\/v2\/product\/2007","targetHints":{"allow":["GET"]}}],"collection":[{"href":"https:\/\/www.yongyukitchenware.com\/es\/wp-json\/wp\/v2\/product"}],"about":[{"href":"https:\/\/www.yongyukitchenware.com\/es\/wp-json\/wp\/v2\/types\/product"}],"replies":[{"embeddable":true,"href":"https:\/\/www.yongyukitchenware.com\/es\/wp-json\/wp\/v2\/comments?post=2007"}],"wp:featuredmedia":[{"embeddable":true,"href":"https:\/\/www.yongyukitchenware.com\/es\/wp-json\/wp\/v2\/media\/2284"}],"wp:attachment":[{"href":"https:\/\/www.yongyukitchenware.com\/es\/wp-json\/wp\/v2\/media?parent=2007"}],"wp:term":[{"taxonomy":"application","embeddable":true,"href":"https:\/\/www.yongyukitchenware.com\/es\/wp-json\/wp\/v2\/application?post=2007"},{"taxonomy":"product_brand","embeddable":true,"href":"https:\/\/www.yongyukitchenware.com\/es\/wp-json\/wp\/v2\/product_brand?post=2007"},{"taxonomy":"product_cat","embeddable":true,"href":"https:\/\/www.yongyukitchenware.com\/es\/wp-json\/wp\/v2\/product_cat?post=2007"},{"taxonomy":"product_tag","embeddable":true,"href":"https:\/\/www.yongyukitchenware.com\/es\/wp-json\/wp\/v2\/product_tag?post=2007"}],"curies":[{"name":"wp","href":"https:\/\/api.w.org\/{rel}","templated":true}]}}