{"id":2031,"date":"2024-11-16T10:06:49","date_gmt":"2024-11-16T10:06:49","guid":{"rendered":"https:\/\/www.yongyukitchenware.com\/?post_type=product&#038;p=2031"},"modified":"2025-06-26T07:40:16","modified_gmt":"2025-06-26T07:40:16","slug":"bulk-insulated-barrel","status":"publish","type":"product","link":"https:\/\/www.yongyukitchenware.com\/es\/producto\/bulk-insulated-barrel\/","title":{"rendered":"Barril aislado a granel Acero inoxidable 10-60L Barril de agua helada"},"content":{"rendered":"<div class=\"wp-block-columns is-layout-flex wp-container-core-columns-is-layout-9d6595d7 wp-block-columns-is-layout-flex\">\n<div class=\"wp-block-column is-layout-flow wp-block-column-is-layout-flow\">\n<h2 class=\"wp-block-heading\">Barril aislado Caracter\u00edsticas:<\/h2>\n\n\n\n<p><strong>Tres capas de estructura de bloqueo de temperatura: <\/strong>capa interior de acero inoxidable de calidad alimentaria, capa intermedia de espuma de poliuretano, capa exterior de pl\u00e1stico PE, aislamiento t\u00e9rmico a largo plazo y protecci\u00f3n contra el fr\u00edo<\/p>\n\n\n\n<p><strong>Revestimiento de acero inoxidable espesado: <\/strong>El revestimiento est\u00e1 hecho de acero inoxidable de alta calidad para uso alimentario, que es seguro y duradero<\/p>\n\n\n\n<p><strong>Dise\u00f1o de gran capacidad:<\/strong> La capacidad de 10-60L es opcional para satisfacer diversas necesidades<\/p>\n\n\n\n<p><strong>Dise\u00f1o de doble sellado: <\/strong>la tapa tiene un anillo de sellado de silicona incorporado, y ambos lados de la cerradura est\u00e1n reforzados, buen sellado, adem\u00e1s de la tapa con un dise\u00f1o de la v\u00e1lvula de ventilaci\u00f3n de aire, para evitar el problema de la fuerte presi\u00f3n no abrir la tapa<\/p>\n\n\n\n<p><strong>Mango m\u00e1s grueso:<\/strong> Mango m\u00e1s grueso con capacidad de carga duradera y resistente<\/p>\n<\/div>\n\n\n\n<div class=\"wp-block-column is-layout-flow wp-block-column-is-layout-flow\">\n<figure class=\"wp-block-image size-full is-style-default\"><img decoding=\"async\" width=\"800\" height=\"800\" src=\"https:\/\/www.yongyukitchenware.com\/wp-content\/uploads\/2024\/10\/Insulated-Barrel-bulk-4.webp\" alt=\"Barril aislado a granel\" class=\"wp-image-2294\" srcset=\"https:\/\/www.yongyukitchenware.com\/wp-content\/uploads\/2024\/10\/Insulated-Barrel-bulk-4.webp 800w, https:\/\/www.yongyukitchenware.com\/wp-content\/uploads\/2024\/10\/Insulated-Barrel-bulk-4-300x300.webp 300w, https:\/\/www.yongyukitchenware.com\/wp-content\/uploads\/2024\/10\/Insulated-Barrel-bulk-4-150x150.webp 150w, https:\/\/www.yongyukitchenware.com\/wp-content\/uploads\/2024\/10\/Insulated-Barrel-bulk-4-768x768.webp 768w, https:\/\/www.yongyukitchenware.com\/wp-content\/uploads\/2024\/10\/Insulated-Barrel-bulk-4-12x12.webp 12w, https:\/\/www.yongyukitchenware.com\/wp-content\/uploads\/2024\/10\/Insulated-Barrel-bulk-4-600x600.webp 600w, https:\/\/www.yongyukitchenware.com\/wp-content\/uploads\/2024\/10\/Insulated-Barrel-bulk-4-100x100.webp 100w\" sizes=\"(max-width: 800px) 100vw, 800px\" \/><\/figure>\n<\/div>\n<\/div>\n\n\n\n<div class=\"wp-block-columns is-layout-flex wp-container-core-columns-is-layout-9d6595d7 wp-block-columns-is-layout-flex\">\n<div class=\"wp-block-column is-layout-flow wp-block-column-is-layout-flow\">\n<div class=\"wp-block-group is-nowrap is-layout-flex wp-container-core-group-is-layout-ad2f72ca wp-block-group-is-layout-flex\"><div class=\"wp-block-image\">\n<figure class=\"aligncenter size-full\"><img decoding=\"async\" width=\"800\" height=\"800\" src=\"https:\/\/www.yongyukitchenware.com\/wp-content\/uploads\/2024\/10\/Insulated-Barrel-bulk-1.webp\" alt=\"Barril aislado a granel\" class=\"wp-image-2291\" srcset=\"https:\/\/www.yongyukitchenware.com\/wp-content\/uploads\/2024\/10\/Insulated-Barrel-bulk-1.webp 800w, https:\/\/www.yongyukitchenware.com\/wp-content\/uploads\/2024\/10\/Insulated-Barrel-bulk-1-300x300.webp 300w, https:\/\/www.yongyukitchenware.com\/wp-content\/uploads\/2024\/10\/Insulated-Barrel-bulk-1-150x150.webp 150w, https:\/\/www.yongyukitchenware.com\/wp-content\/uploads\/2024\/10\/Insulated-Barrel-bulk-1-768x768.webp 768w, https:\/\/www.yongyukitchenware.com\/wp-content\/uploads\/2024\/10\/Insulated-Barrel-bulk-1-12x12.webp 12w, https:\/\/www.yongyukitchenware.com\/wp-content\/uploads\/2024\/10\/Insulated-Barrel-bulk-1-600x600.webp 600w, https:\/\/www.yongyukitchenware.com\/wp-content\/uploads\/2024\/10\/Insulated-Barrel-bulk-1-100x100.webp 100w\" sizes=\"(max-width: 800px) 100vw, 800px\" \/><\/figure>\n<\/div><\/div>\n<\/div>\n\n\n\n<div class=\"wp-block-column is-layout-flow wp-block-column-is-layout-flow\">\n<h2 class=\"wp-block-heading\">Tama\u00f1o del barril aislado:<\/h2>\n\n\n\n<figure class=\"wp-block-table\"><table class=\"has-fixed-layout\"><tbody><tr><td>Modelo<\/td><td>Talla<\/td><td>Di\u00e1metro * Altura (cm)<\/td><td>MOQ<\/td><\/tr><tr><td rowspan=\"8\">DY012-T<\/td><td>10L<\/td><td>27*30cm<\/td><td rowspan=\"8\">12PCS<\/td><\/tr><tr><td>15L<\/td><td>30,5*30,5 cm<\/td><\/tr><tr><td>20L<\/td><td>36*30cm<\/td><\/tr><tr><td>30L<\/td><td>36*39cm<\/td><\/tr><tr><td>36L<\/td><td>45,5*31,5 cm<\/td><\/tr><tr><td>40L<\/td><td>36*52cm<\/td><\/tr><tr><td>50L<\/td><td>45*46cm<\/td><\/tr><tr><td>60L<\/td><td>45*53,2 cm<\/td><\/tr><\/tbody><\/table><\/figure>\n<\/div>\n<\/div>\n\n\n\n<p><\/p>","protected":false},"excerpt":{"rendered":"<p>Barril aislado al por mayor con tapa de cierre de grifo, adecuado para almacenar hielo, bebidas fr\u00edas, agua caliente, etc. Es una opci\u00f3n ideal para catering, camping y neveras de coche. Proporcionar soluciones personalizadas de alta calidad y rentables, y apoyar las ventas de Amazon.<\/p>\n<h2>Barril aislado Atributo:<\/h2>\n<p><strong>Material:<\/strong> Acero inoxidable<br \/><strong>Dise\u00f1o:<\/strong> Estructura de tres capas, cubierta sellada, mango resistente<br \/><strong>Color:<\/strong> Rojo, marr\u00f3n, azul<br \/><strong>Tallas:<\/strong> 10-60L<br \/><strong>Embalaje:<\/strong> Bolsa\/granel\/cart\u00f3n o personalizado<br \/><strong>OEM\/ODM:<\/strong>\u00a0 Disponible<\/p>\n<h2 class=\"wp-block-heading\">De Yongyu Catering Suministros Fabricante :<\/h2>\n<p>Ya sea un proveedor de servicios de catering, un hotel o restaurante, o una empresa de organizaci\u00f3n de eventos, le ofrecemos soluciones completas de suministros de catering al por mayor con precios de f\u00e1brica de alta calidad.<\/p>","protected":false},"featured_media":2292,"comment_status":"closed","ping_status":"closed","template":"","meta":{"_acf_changed":false},"application":[30],"product_brand":[],"product_cat":[22,34],"product_tag":[],"class_list":{"0":"post-2031","1":"product","2":"type-product","3":"status-publish","4":"has-post-thumbnail","6":"application-hotel-catering","7":"product_cat-catering-supplies-wholesale","8":"product_cat-wholesale-drink-dispenser","10":"first","11":"instock","12":"shipping-taxable","13":"product-type-simple"},"acf":[],"_links":{"self":[{"href":"https:\/\/www.yongyukitchenware.com\/es\/wp-json\/wp\/v2\/product\/2031","targetHints":{"allow":["GET"]}}],"collection":[{"href":"https:\/\/www.yongyukitchenware.com\/es\/wp-json\/wp\/v2\/product"}],"about":[{"href":"https:\/\/www.yongyukitchenware.com\/es\/wp-json\/wp\/v2\/types\/product"}],"replies":[{"embeddable":true,"href":"https:\/\/www.yongyukitchenware.com\/es\/wp-json\/wp\/v2\/comments?post=2031"}],"wp:featuredmedia":[{"embeddable":true,"href":"https:\/\/www.yongyukitchenware.com\/es\/wp-json\/wp\/v2\/media\/2292"}],"wp:attachment":[{"href":"https:\/\/www.yongyukitchenware.com\/es\/wp-json\/wp\/v2\/media?parent=2031"}],"wp:term":[{"taxonomy":"application","embeddable":true,"href":"https:\/\/www.yongyukitchenware.com\/es\/wp-json\/wp\/v2\/application?post=2031"},{"taxonomy":"product_brand","embeddable":true,"href":"https:\/\/www.yongyukitchenware.com\/es\/wp-json\/wp\/v2\/product_brand?post=2031"},{"taxonomy":"product_cat","embeddable":true,"href":"https:\/\/www.yongyukitchenware.com\/es\/wp-json\/wp\/v2\/product_cat?post=2031"},{"taxonomy":"product_tag","embeddable":true,"href":"https:\/\/www.yongyukitchenware.com\/es\/wp-json\/wp\/v2\/product_tag?post=2031"}],"curies":[{"name":"wp","href":"https:\/\/api.w.org\/{rel}","templated":true}]}}