{"id":2041,"date":"2024-11-16T10:33:01","date_gmt":"2024-11-16T10:33:01","guid":{"rendered":"https:\/\/www.yongyukitchenware.com\/?post_type=product&#038;p=2041"},"modified":"2024-11-16T10:33:02","modified_gmt":"2024-11-16T10:33:02","slug":"small-stainless-steel-bucket-wholesale","status":"publish","type":"product","link":"https:\/\/www.yongyukitchenware.com\/es\/producto\/small-stainless-steel-bucket-wholesale\/","title":{"rendered":"Mayorista Peque\u00f1o Cubo de Acero Inoxidable 1L Port\u00e1til para Hielo Snack Agua"},"content":{"rendered":"<div class=\"wp-block-columns is-layout-flex wp-container-core-columns-is-layout-9d6595d7 wp-block-columns-is-layout-flex\">\n<div class=\"wp-block-column is-layout-flow wp-block-column-is-layout-flow\">\n<h2 class=\"wp-block-heading\">Cubo peque\u00f1o de acero inoxidable Caracter\u00edsticas:<\/h2>\n\n\n\n<p><strong>Acero inoxidable de alta calidad: <\/strong>Material de acero inoxidable de calidad alimentaria, resistente a la corrosi\u00f3n, sin olor, duradero<br><strong>Dise\u00f1o de asa de refuerzo:<\/strong> mango grueso de acero inoxidable, refuerzo de remaches, estable sin caerse, buena capacidad de carga<br><strong>Dise\u00f1o de la llanta:<\/strong> Los bordes son redondeados y lisos, f\u00e1ciles de manejar, y evitan lesiones en las manos.<br><strong>Fondo plano engrosado:<\/strong> el fondo es m\u00e1s alto y grueso, se coloca firmemente y no da\u00f1a la mesa<br><strong>Proceso de trefilado:<\/strong> Superficie lisa y resistente a la suciedad, f\u00e1cil de limpiar<br><strong>Colocaci\u00f3n estable:<\/strong> El fondo es grueso y liso, de colocaci\u00f3n suave, antideslizante y resistente al desgaste<\/p>\n<\/div>\n\n\n\n<div class=\"wp-block-column is-layout-flow wp-block-column-is-layout-flow\">\n<div class=\"wp-block-columns is-layout-flex wp-container-core-columns-is-layout-9d6595d7 wp-block-columns-is-layout-flex\">\n<div class=\"wp-block-column is-layout-flow wp-block-column-is-layout-flow\">\n<figure class=\"wp-block-image size-full\"><img decoding=\"async\" width=\"800\" height=\"800\" src=\"https:\/\/www.yongyukitchenware.com\/wp-content\/uploads\/2024\/10\/Small-Stainless-Steel-Bucket-Wholesale-5.webp\" alt=\"Cubo peque\u00f1o de acero inoxidable al por mayor\" class=\"wp-image-2302\" srcset=\"https:\/\/www.yongyukitchenware.com\/wp-content\/uploads\/2024\/10\/Small-Stainless-Steel-Bucket-Wholesale-5.webp 800w, https:\/\/www.yongyukitchenware.com\/wp-content\/uploads\/2024\/10\/Small-Stainless-Steel-Bucket-Wholesale-5-300x300.webp 300w, https:\/\/www.yongyukitchenware.com\/wp-content\/uploads\/2024\/10\/Small-Stainless-Steel-Bucket-Wholesale-5-150x150.webp 150w, https:\/\/www.yongyukitchenware.com\/wp-content\/uploads\/2024\/10\/Small-Stainless-Steel-Bucket-Wholesale-5-768x768.webp 768w, https:\/\/www.yongyukitchenware.com\/wp-content\/uploads\/2024\/10\/Small-Stainless-Steel-Bucket-Wholesale-5-12x12.webp 12w, https:\/\/www.yongyukitchenware.com\/wp-content\/uploads\/2024\/10\/Small-Stainless-Steel-Bucket-Wholesale-5-600x600.webp 600w, https:\/\/www.yongyukitchenware.com\/wp-content\/uploads\/2024\/10\/Small-Stainless-Steel-Bucket-Wholesale-5-100x100.webp 100w\" sizes=\"(max-width: 800px) 100vw, 800px\" \/><\/figure>\n<\/div>\n\n\n\n<div class=\"wp-block-column is-layout-flow wp-block-column-is-layout-flow\">\n<figure class=\"wp-block-image size-full\"><img decoding=\"async\" width=\"800\" height=\"800\" src=\"https:\/\/www.yongyukitchenware.com\/wp-content\/uploads\/2024\/10\/Small-Stainless-Steel-Bucket-Wholesale-4.webp\" alt=\"Cubo peque\u00f1o de acero inoxidable al por mayor\" class=\"wp-image-2301\" srcset=\"https:\/\/www.yongyukitchenware.com\/wp-content\/uploads\/2024\/10\/Small-Stainless-Steel-Bucket-Wholesale-4.webp 800w, https:\/\/www.yongyukitchenware.com\/wp-content\/uploads\/2024\/10\/Small-Stainless-Steel-Bucket-Wholesale-4-300x300.webp 300w, https:\/\/www.yongyukitchenware.com\/wp-content\/uploads\/2024\/10\/Small-Stainless-Steel-Bucket-Wholesale-4-150x150.webp 150w, https:\/\/www.yongyukitchenware.com\/wp-content\/uploads\/2024\/10\/Small-Stainless-Steel-Bucket-Wholesale-4-768x768.webp 768w, https:\/\/www.yongyukitchenware.com\/wp-content\/uploads\/2024\/10\/Small-Stainless-Steel-Bucket-Wholesale-4-12x12.webp 12w, https:\/\/www.yongyukitchenware.com\/wp-content\/uploads\/2024\/10\/Small-Stainless-Steel-Bucket-Wholesale-4-600x600.webp 600w, https:\/\/www.yongyukitchenware.com\/wp-content\/uploads\/2024\/10\/Small-Stainless-Steel-Bucket-Wholesale-4-100x100.webp 100w\" sizes=\"(max-width: 800px) 100vw, 800px\" \/><\/figure>\n<\/div>\n<\/div>\n<\/div>\n<\/div>\n\n\n\n<p><\/p>","protected":false},"excerpt":{"rendered":"<p>Este peque\u00f1o cubo de acero inoxidable tiene un dise\u00f1o sencillo, es compacto y port\u00e1til, y puede utilizarse como cubitera de bar, cubitera para vino, cubitera para agua o cubitera para aperitivos, por lo que es ideal para reuniones familiares, bares, restaurantes y actividades al aire libre.<\/p>\n<h2>Peque\u00f1o cubo de acero inoxidable Par\u00e1metros:<\/h2>\n<p><strong>Material:<\/strong> acero inoxidable<br \/><strong>Dise\u00f1o:<\/strong>\u00a0 port\u00e1til, con asa de transporte<br \/><strong>Tallas:<\/strong> 1L<br \/><strong>OEM\/ODM:<\/strong> disponible<\/p>\n<div id=\"brxe-2aeb5b\" class=\"brxe-product-short-description brxe-text-basic\">\n<div class=\"woocommerce-product-details__short-description\">\n<h2 class=\"wp-block-heading\">De Yongyu Catering Suministros Mayorista :<\/h2>\n<p>Como el mejor catering suministros Fabricante en China, nos especializamos en aduanas de alta calidad barware y venta al por mayor. Tenemos 25 a\u00f1os de experiencia profesional para asegurar que los clientes obtengan los productos m\u00e1s vanguardistas y servicios eficientes.<\/p>\n<\/div>\n<\/div>","protected":false},"featured_media":2299,"comment_status":"closed","ping_status":"closed","template":"","meta":{"_acf_changed":true},"application":[30],"product_brand":[],"product_cat":[16],"product_tag":[],"class_list":{"0":"post-2041","1":"product","2":"type-product","3":"status-publish","4":"has-post-thumbnail","6":"application-hotel-catering","7":"product_cat-barware-wholesale-custom","9":"first","10":"instock","11":"shipping-taxable","12":"product-type-simple"},"acf":[],"_links":{"self":[{"href":"https:\/\/www.yongyukitchenware.com\/es\/wp-json\/wp\/v2\/product\/2041","targetHints":{"allow":["GET"]}}],"collection":[{"href":"https:\/\/www.yongyukitchenware.com\/es\/wp-json\/wp\/v2\/product"}],"about":[{"href":"https:\/\/www.yongyukitchenware.com\/es\/wp-json\/wp\/v2\/types\/product"}],"replies":[{"embeddable":true,"href":"https:\/\/www.yongyukitchenware.com\/es\/wp-json\/wp\/v2\/comments?post=2041"}],"wp:featuredmedia":[{"embeddable":true,"href":"https:\/\/www.yongyukitchenware.com\/es\/wp-json\/wp\/v2\/media\/2299"}],"wp:attachment":[{"href":"https:\/\/www.yongyukitchenware.com\/es\/wp-json\/wp\/v2\/media?parent=2041"}],"wp:term":[{"taxonomy":"application","embeddable":true,"href":"https:\/\/www.yongyukitchenware.com\/es\/wp-json\/wp\/v2\/application?post=2041"},{"taxonomy":"product_brand","embeddable":true,"href":"https:\/\/www.yongyukitchenware.com\/es\/wp-json\/wp\/v2\/product_brand?post=2041"},{"taxonomy":"product_cat","embeddable":true,"href":"https:\/\/www.yongyukitchenware.com\/es\/wp-json\/wp\/v2\/product_cat?post=2041"},{"taxonomy":"product_tag","embeddable":true,"href":"https:\/\/www.yongyukitchenware.com\/es\/wp-json\/wp\/v2\/product_tag?post=2041"}],"curies":[{"name":"wp","href":"https:\/\/api.w.org\/{rel}","templated":true}]}}