{"id":2075,"date":"2024-11-16T10:57:20","date_gmt":"2024-11-16T10:57:20","guid":{"rendered":"https:\/\/www.yongyukitchenware.com\/?post_type=product&#038;p=2075"},"modified":"2025-07-10T09:41:07","modified_gmt":"2025-07-10T09:41:07","slug":"bulk-insulated-beverage-dispenser","status":"publish","type":"product","link":"https:\/\/www.yongyukitchenware.com\/es\/producto\/bulk-insulated-beverage-dispenser\/","title":{"rendered":"Dispensador de bebidas aislado a granel Cubo de acero inoxidable para t\u00e9 con leche"},"content":{"rendered":"<div class=\"wp-block-columns is-layout-flex wp-container-core-columns-is-layout-9d6595d7 wp-block-columns-is-layout-flex\">\n<div class=\"wp-block-column is-layout-flow wp-block-column-is-layout-flow\">\n<h2 class=\"wp-block-heading\">Dispensador de bebidas aislado Caracter\u00edsticas:<\/h2>\n\n\n\n<p><strong>Acero inoxidable de alta calidad:<\/strong> Material de acero inoxidable de calidad alimentaria, resistente a la corrosi\u00f3n, sin olor, duradero.<\/p>\n\n\n\n<p><strong>Cubierta de tambor en espiral:<\/strong> El tensado rotativo no es caliente, el efecto de conservaci\u00f3n del calor es m\u00e1s duradero.<\/p>\n\n\n\n<p><strong>Dise\u00f1o de asa port\u00e1til:<\/strong> El mango es de material engrosado, duradero, no es f\u00e1cil que se caiga, y se puede colocar sin ocupar espacio cuando est\u00e1 inactivo.<\/p>\n\n\n\n<p><strong>Soporte plegable:<\/strong> El tr\u00edpode inferior puede expandirse\/plegarse para aumentar la altura y la flexibilidad y comodidad de uso.<\/p>\n\n\n\n<p><strong>Dise\u00f1o de v\u00e1lvula a prueba de fugas: <\/strong>Cuerpo de barril con grifo, material no t\u00f3xico e ins\u00edpido, sano y duradero.<\/p>\n<\/div>\n\n\n\n<div class=\"wp-block-column is-layout-flow wp-block-column-is-layout-flow\">\n<figure class=\"wp-block-image size-full is-style-default\"><img decoding=\"async\" width=\"800\" height=\"800\" src=\"https:\/\/www.yongyukitchenware.com\/wp-content\/uploads\/2024\/10\/Insulated-Beverage-Dispenser-whoelsale-1.webp\" alt=\"Dispensador de bebidas aislado\" class=\"wp-image-2306\" srcset=\"https:\/\/www.yongyukitchenware.com\/wp-content\/uploads\/2024\/10\/Insulated-Beverage-Dispenser-whoelsale-1.webp 800w, https:\/\/www.yongyukitchenware.com\/wp-content\/uploads\/2024\/10\/Insulated-Beverage-Dispenser-whoelsale-1-300x300.webp 300w, https:\/\/www.yongyukitchenware.com\/wp-content\/uploads\/2024\/10\/Insulated-Beverage-Dispenser-whoelsale-1-150x150.webp 150w, https:\/\/www.yongyukitchenware.com\/wp-content\/uploads\/2024\/10\/Insulated-Beverage-Dispenser-whoelsale-1-768x768.webp 768w, https:\/\/www.yongyukitchenware.com\/wp-content\/uploads\/2024\/10\/Insulated-Beverage-Dispenser-whoelsale-1-12x12.webp 12w, https:\/\/www.yongyukitchenware.com\/wp-content\/uploads\/2024\/10\/Insulated-Beverage-Dispenser-whoelsale-1-600x600.webp 600w, https:\/\/www.yongyukitchenware.com\/wp-content\/uploads\/2024\/10\/Insulated-Beverage-Dispenser-whoelsale-1-100x100.webp 100w\" sizes=\"(max-width: 800px) 100vw, 800px\" \/><\/figure>\n<\/div>\n<\/div>\n\n\n\n<div class=\"wp-block-columns is-layout-flex wp-container-core-columns-is-layout-9d6595d7 wp-block-columns-is-layout-flex\">\n<div class=\"wp-block-column is-layout-flow wp-block-column-is-layout-flow\">\n<figure class=\"wp-block-image size-full\"><img decoding=\"async\" width=\"750\" height=\"750\" src=\"https:\/\/www.yongyukitchenware.com\/wp-content\/uploads\/2024\/10\/Insulated-Beverage-Dispenser-whoelsale-3.webp\" alt=\"Dispensador de bebidas aislado\" class=\"wp-image-2308\" srcset=\"https:\/\/www.yongyukitchenware.com\/wp-content\/uploads\/2024\/10\/Insulated-Beverage-Dispenser-whoelsale-3.webp 750w, https:\/\/www.yongyukitchenware.com\/wp-content\/uploads\/2024\/10\/Insulated-Beverage-Dispenser-whoelsale-3-300x300.webp 300w, https:\/\/www.yongyukitchenware.com\/wp-content\/uploads\/2024\/10\/Insulated-Beverage-Dispenser-whoelsale-3-150x150.webp 150w, https:\/\/www.yongyukitchenware.com\/wp-content\/uploads\/2024\/10\/Insulated-Beverage-Dispenser-whoelsale-3-12x12.webp 12w, https:\/\/www.yongyukitchenware.com\/wp-content\/uploads\/2024\/10\/Insulated-Beverage-Dispenser-whoelsale-3-600x600.webp 600w, https:\/\/www.yongyukitchenware.com\/wp-content\/uploads\/2024\/10\/Insulated-Beverage-Dispenser-whoelsale-3-100x100.webp 100w\" sizes=\"(max-width: 750px) 100vw, 750px\" \/><\/figure>\n<\/div>\n\n\n\n<div class=\"wp-block-column is-layout-flow wp-block-column-is-layout-flow\">\n<h2 class=\"wp-block-heading\">Dispensador de bebidas aislado Tama\u00f1o:<\/h2>\n\n\n\n<figure class=\"wp-block-table\"><table class=\"has-fixed-layout\"><tbody><tr><td>Modelo<\/td><td>Talla<\/td><td>Di\u00e1metro * Altura (cm)<\/td><td>MOQ<\/td><\/tr><tr><td rowspan=\"7\">DY009-T<\/td><td>6L<\/td><td>23.7*30.8<\/td><td rowspan=\"7\">6 PIEZAS<\/td><\/tr><tr><td>8L<\/td><td>23.7*35<\/td><\/tr><tr><td>10L<\/td><td>23.7*40<\/td><\/tr><tr><td>12L<\/td><td>23.7*45.5<\/td><\/tr><tr><td>14L<\/td><td>28.2*40.6<\/td><\/tr><tr><td>16L<\/td><td>28.2*45<\/td><\/tr><tr><td>18L<\/td><td>28.2*50<\/td><\/tr><\/tbody><\/table><\/figure>\n<\/div>\n<\/div>\n\n\n\n<p><\/p>","protected":false},"excerpt":{"rendered":"<p>Dispensador de bebidas aislado de acero inoxidable al por mayor directo de f\u00e1brica con rejilla plegable, port\u00e1til y adecuado para caf\u00e9 aislado, t\u00e9 con leche y bebidas fr\u00edas calientes. Es uno de los equipos de catering necesarios para buffets y restaurantes. Bienvenido a personalizar a granel para obtener el mayor descuento.<\/p>\n<h2>Dispensador de bebidas aislado Par\u00e1metro:<\/h2>\n<p><strong>Material:<\/strong> acero inoxidable<br \/><strong>Dise\u00f1o:<\/strong>\u00a0 con tapa giratoria, asa firme, tr\u00edpode plegable, grifo de agua<br \/><strong>Tallas:<\/strong> 6-18L<br \/><strong>Color:<\/strong> Rojo, negro, plata y m\u00e1s<br \/><strong>OEM\/ODM:<\/strong> opcional<\/p>\n<div id=\"brxe-2aeb5b\" class=\"brxe-product-short-description brxe-text-basic\">\n<div class=\"woocommerce-product-details__short-description\">\n<h2 class=\"wp-block-heading\">De Yongyu Catering Suministros Fabricante :<\/h2>\n<p>Ya sea un proveedor de servicios de catering, un hotel o restaurante, o una empresa de organizaci\u00f3n de eventos, le ofrecemos soluciones completas de suministros de catering al por mayor con precios de f\u00e1brica de alta calidad.<\/p>\n<\/div>\n<\/div>","protected":false},"featured_media":2314,"comment_status":"closed","ping_status":"closed","template":"","meta":{"_acf_changed":true},"application":[30],"product_brand":[],"product_cat":[22,34],"product_tag":[],"class_list":{"0":"post-2075","1":"product","2":"type-product","3":"status-publish","4":"has-post-thumbnail","6":"application-hotel-catering","7":"product_cat-catering-supplies-wholesale","8":"product_cat-wholesale-drink-dispenser","10":"first","11":"instock","12":"shipping-taxable","13":"product-type-simple"},"acf":[],"_links":{"self":[{"href":"https:\/\/www.yongyukitchenware.com\/es\/wp-json\/wp\/v2\/product\/2075","targetHints":{"allow":["GET"]}}],"collection":[{"href":"https:\/\/www.yongyukitchenware.com\/es\/wp-json\/wp\/v2\/product"}],"about":[{"href":"https:\/\/www.yongyukitchenware.com\/es\/wp-json\/wp\/v2\/types\/product"}],"replies":[{"embeddable":true,"href":"https:\/\/www.yongyukitchenware.com\/es\/wp-json\/wp\/v2\/comments?post=2075"}],"wp:featuredmedia":[{"embeddable":true,"href":"https:\/\/www.yongyukitchenware.com\/es\/wp-json\/wp\/v2\/media\/2314"}],"wp:attachment":[{"href":"https:\/\/www.yongyukitchenware.com\/es\/wp-json\/wp\/v2\/media?parent=2075"}],"wp:term":[{"taxonomy":"application","embeddable":true,"href":"https:\/\/www.yongyukitchenware.com\/es\/wp-json\/wp\/v2\/application?post=2075"},{"taxonomy":"product_brand","embeddable":true,"href":"https:\/\/www.yongyukitchenware.com\/es\/wp-json\/wp\/v2\/product_brand?post=2075"},{"taxonomy":"product_cat","embeddable":true,"href":"https:\/\/www.yongyukitchenware.com\/es\/wp-json\/wp\/v2\/product_cat?post=2075"},{"taxonomy":"product_tag","embeddable":true,"href":"https:\/\/www.yongyukitchenware.com\/es\/wp-json\/wp\/v2\/product_tag?post=2075"}],"curies":[{"name":"wp","href":"https:\/\/api.w.org\/{rel}","templated":true}]}}