{"id":2123,"date":"2024-11-22T15:33:11","date_gmt":"2024-11-22T15:33:11","guid":{"rendered":"https:\/\/www.yongyukitchenware.com\/?post_type=product&#038;p=2123"},"modified":"2024-11-22T15:36:39","modified_gmt":"2024-11-22T15:36:39","slug":"custom-champagne-ice-bucket","status":"publish","type":"product","link":"https:\/\/www.yongyukitchenware.com\/es\/producto\/custom-champagne-ice-bucket\/","title":{"rendered":"Cubitera a Granel para Champagne Acero Inoxidable con Asa para Bar Cerveza Vino"},"content":{"rendered":"<div class=\"wp-block-columns is-layout-flex wp-container-core-columns-is-layout-9d6595d7 wp-block-columns-is-layout-flex\">\n<div class=\"wp-block-column is-layout-flow wp-block-column-is-layout-flow\">\n<h2 class=\"wp-block-heading\">Cubitera para champ\u00e1n Caracter\u00edsticas:<\/h2>\n\n\n\n<p><strong>Material de acero inoxidable engrosado: <\/strong>Superficie pulida y brillante, material de acero inoxidable engrosado, con rendimiento de conservaci\u00f3n del calor, f\u00e1cil de limpiar.<\/p>\n\n\n\n<p><strong>Dise\u00f1o de mango reforzado:<\/strong> refuerzo de remaches, asas dobles con buena capacidad de carga<\/p>\n\n\n\n<p><strong>Dise\u00f1o de borde rodante: <\/strong>Bordes redondeados y lisos, f\u00e1ciles de coger, evitan lesiones en las manos.<\/p>\n\n\n\n<p><strong>Fondo plano engrosado: <\/strong>la parte inferior es m\u00e1s alta y gruesa, se coloca firmemente y no da\u00f1a el escritorio<\/p>\n<\/div>\n\n\n\n<div class=\"wp-block-column is-layout-flow wp-block-column-is-layout-flow\">\n<div class=\"wp-block-columns is-layout-flex wp-container-core-columns-is-layout-9d6595d7 wp-block-columns-is-layout-flex\">\n<div class=\"wp-block-column is-layout-flow wp-block-column-is-layout-flow\">\n<figure class=\"wp-block-image size-full\"><img decoding=\"async\" width=\"800\" height=\"800\" src=\"https:\/\/www.yongyukitchenware.com\/wp-content\/uploads\/2024\/11\/metal-ice-bucket-5.webp\" alt=\"cubo-hielo-metal-5\" class=\"wp-image-2128\" srcset=\"https:\/\/www.yongyukitchenware.com\/wp-content\/uploads\/2024\/11\/metal-ice-bucket-5.webp 800w, https:\/\/www.yongyukitchenware.com\/wp-content\/uploads\/2024\/11\/metal-ice-bucket-5-300x300.webp 300w, https:\/\/www.yongyukitchenware.com\/wp-content\/uploads\/2024\/11\/metal-ice-bucket-5-150x150.webp 150w, https:\/\/www.yongyukitchenware.com\/wp-content\/uploads\/2024\/11\/metal-ice-bucket-5-768x768.webp 768w, https:\/\/www.yongyukitchenware.com\/wp-content\/uploads\/2024\/11\/metal-ice-bucket-5-12x12.webp 12w, https:\/\/www.yongyukitchenware.com\/wp-content\/uploads\/2024\/11\/metal-ice-bucket-5-600x600.webp 600w, https:\/\/www.yongyukitchenware.com\/wp-content\/uploads\/2024\/11\/metal-ice-bucket-5-100x100.webp 100w\" sizes=\"(max-width: 800px) 100vw, 800px\" \/><\/figure>\n<\/div>\n<\/div>\n<\/div>\n<\/div>","protected":false},"excerpt":{"rendered":"<p>Esta cubitera para champ\u00e1n es peque\u00f1a y port\u00e1til, 1-7L, puede contener cerveza, bebidas o aperitivos, y es adecuada para fiestas, bares y actividades al aire libre. Yongyu f\u00e1brica directamente por mayor personalizados cubos de hielo, proporcionando precios rentables.<\/p>\n<h2>Par\u00e1metro de la cubitera de champ\u00e1n:<\/h2>\n<p><strong>Material:<\/strong> acero inoxidable<br \/><strong>Color:<\/strong> chapado en plata, oro, titanio, impresi\u00f3n, etc. <br \/><strong>Dise\u00f1o:<\/strong> material apto para uso alimentario, mango reforzado<br \/><strong>Tallas:<\/strong> 1L, 5L, 7L<br \/><strong>Embalaje:<\/strong> caja de color, caja principal o personalizada<br \/><strong>OEM\/ODM:<\/strong> disponible<\/p>\n<h2 class=\"wp-block-heading\">De Yongyu Catering Suministros Mayorista :<\/h2>\n<p>Con 25 a\u00f1os de experiencia profesional, Yongyu Manufacturer se especializa en aduanas y venta al por mayor de art\u00edculos de bar de alta calidad, para garantizar que los clientes obtengan los productos y servicios de mayor calidad.<\/p>","protected":false},"featured_media":2124,"comment_status":"closed","ping_status":"closed","template":"","meta":{"_acf_changed":true},"application":[30],"product_brand":[],"product_cat":[16],"product_tag":[],"class_list":{"0":"post-2123","1":"product","2":"type-product","3":"status-publish","4":"has-post-thumbnail","6":"application-hotel-catering","7":"product_cat-barware-wholesale-custom","9":"first","10":"instock","11":"shipping-taxable","12":"product-type-simple"},"acf":[],"_links":{"self":[{"href":"https:\/\/www.yongyukitchenware.com\/es\/wp-json\/wp\/v2\/product\/2123","targetHints":{"allow":["GET"]}}],"collection":[{"href":"https:\/\/www.yongyukitchenware.com\/es\/wp-json\/wp\/v2\/product"}],"about":[{"href":"https:\/\/www.yongyukitchenware.com\/es\/wp-json\/wp\/v2\/types\/product"}],"replies":[{"embeddable":true,"href":"https:\/\/www.yongyukitchenware.com\/es\/wp-json\/wp\/v2\/comments?post=2123"}],"wp:featuredmedia":[{"embeddable":true,"href":"https:\/\/www.yongyukitchenware.com\/es\/wp-json\/wp\/v2\/media\/2124"}],"wp:attachment":[{"href":"https:\/\/www.yongyukitchenware.com\/es\/wp-json\/wp\/v2\/media?parent=2123"}],"wp:term":[{"taxonomy":"application","embeddable":true,"href":"https:\/\/www.yongyukitchenware.com\/es\/wp-json\/wp\/v2\/application?post=2123"},{"taxonomy":"product_brand","embeddable":true,"href":"https:\/\/www.yongyukitchenware.com\/es\/wp-json\/wp\/v2\/product_brand?post=2123"},{"taxonomy":"product_cat","embeddable":true,"href":"https:\/\/www.yongyukitchenware.com\/es\/wp-json\/wp\/v2\/product_cat?post=2123"},{"taxonomy":"product_tag","embeddable":true,"href":"https:\/\/www.yongyukitchenware.com\/es\/wp-json\/wp\/v2\/product_tag?post=2123"}],"curies":[{"name":"wp","href":"https:\/\/api.w.org\/{rel}","templated":true}]}}