{"id":2165,"date":"2024-11-22T16:22:05","date_gmt":"2024-11-22T16:22:05","guid":{"rendered":"https:\/\/www.yongyukitchenware.com\/?post_type=product&#038;p=2165"},"modified":"2024-12-09T08:06:11","modified_gmt":"2024-12-09T08:06:11","slug":"wholesale-honeycomb-frying-pan","status":"publish","type":"product","link":"https:\/\/www.yongyukitchenware.com\/es\/producto\/wholesale-honeycomb-frying-pan\/","title":{"rendered":"Mayorista Sart\u00e9n panal Acero inoxidable Sart\u00e9n antiadherente"},"content":{"rendered":"<div class=\"wp-block-columns is-layout-flex wp-container-core-columns-is-layout-9d6595d7 wp-block-columns-is-layout-flex\">\n<div class=\"wp-block-column is-layout-flow wp-block-column-is-layout-flow\">\n<h2 class=\"wp-block-heading\">Sart\u00e9n Panal Caracter\u00edsticas:<\/h2>\n\n\n\n<p><strong>Estructura de acero de triple capa:<\/strong> Acero inoxidable 304\/430 y aluminio por dentro y por fuera, la estructura de tres capas garantiza la consistencia del calor del wok.<\/p>\n\n\n\n<p><strong>Proceso antiadherente profesional:<\/strong> El proceso de grabado l\u00e1ser en forma de panal se utiliza en el interior y en el fondo, y la estructura de panal de la olla interior puede evitar eficazmente que se pegue a la olla y dejar que los ingredientes se calienten uniformemente. El fondo de la olla circular conduce el calor m\u00e1s r\u00e1pidamente, y el cuerpo de la olla no es f\u00e1cil que se vuelva amarillo y negro.<\/p>\n\n\n\n<p><strong>Alta compatibilidad:<\/strong> El wok es adecuado para fre\u00edr, cocinar ligero, cocinar al vapor, fre\u00edr. Apto para todos los fogones, incluidos los hal\u00f3genos, de gas, cer\u00e1micos y el\u00e9ctricos.<\/p>\n\n\n\n<p><strong>F\u00e1cil de limpiar y resistente a los ara\u00f1azos:<\/strong> Las sartenes antiadherentes son resistentes a los ara\u00f1azos y no se desgastan ni deshilachan por el uso de utensilios met\u00e1licos.<br>Dise\u00f1o humanizado: El mango de acero se siente c\u00f3modo, y la tapa vertical de la olla se puede colocar sin ocupar espacio<\/p>\n<\/div>\n\n\n\n<div class=\"wp-block-column is-layout-flow wp-block-column-is-layout-flow\">\n<div class=\"wp-block-columns is-layout-flex wp-container-core-columns-is-layout-9d6595d7 wp-block-columns-is-layout-flex\">\n<div class=\"wp-block-column is-layout-flow wp-block-column-is-layout-flow\">\n<figure class=\"wp-block-image size-large\"><img decoding=\"async\" width=\"800\" height=\"800\" src=\"https:\/\/www.yongyukitchenware.com\/wp-content\/uploads\/2024\/11\/Honeycomb-frying-pan-4.webp\" alt=\"Sart\u00e9n nido de abeja-4\" class=\"wp-image-2171\" srcset=\"https:\/\/www.yongyukitchenware.com\/wp-content\/uploads\/2024\/11\/Honeycomb-frying-pan-4.webp 800w, https:\/\/www.yongyukitchenware.com\/wp-content\/uploads\/2024\/11\/Honeycomb-frying-pan-4-300x300.webp 300w, https:\/\/www.yongyukitchenware.com\/wp-content\/uploads\/2024\/11\/Honeycomb-frying-pan-4-150x150.webp 150w, https:\/\/www.yongyukitchenware.com\/wp-content\/uploads\/2024\/11\/Honeycomb-frying-pan-4-768x768.webp 768w, https:\/\/www.yongyukitchenware.com\/wp-content\/uploads\/2024\/11\/Honeycomb-frying-pan-4-12x12.webp 12w, https:\/\/www.yongyukitchenware.com\/wp-content\/uploads\/2024\/11\/Honeycomb-frying-pan-4-600x600.webp 600w, https:\/\/www.yongyukitchenware.com\/wp-content\/uploads\/2024\/11\/Honeycomb-frying-pan-4-100x100.webp 100w\" sizes=\"(max-width: 800px) 100vw, 800px\" \/><\/figure>\n\n\n\n<figure class=\"wp-block-image size-full\"><img decoding=\"async\" width=\"800\" height=\"800\" src=\"https:\/\/www.yongyukitchenware.com\/wp-content\/uploads\/2024\/11\/Honeycomb-frying-pan-8.webp\" alt=\"Sart\u00e9n de nido de abeja-8\" class=\"wp-image-2172\" srcset=\"https:\/\/www.yongyukitchenware.com\/wp-content\/uploads\/2024\/11\/Honeycomb-frying-pan-8.webp 800w, https:\/\/www.yongyukitchenware.com\/wp-content\/uploads\/2024\/11\/Honeycomb-frying-pan-8-300x300.webp 300w, https:\/\/www.yongyukitchenware.com\/wp-content\/uploads\/2024\/11\/Honeycomb-frying-pan-8-150x150.webp 150w, https:\/\/www.yongyukitchenware.com\/wp-content\/uploads\/2024\/11\/Honeycomb-frying-pan-8-768x768.webp 768w, https:\/\/www.yongyukitchenware.com\/wp-content\/uploads\/2024\/11\/Honeycomb-frying-pan-8-12x12.webp 12w, https:\/\/www.yongyukitchenware.com\/wp-content\/uploads\/2024\/11\/Honeycomb-frying-pan-8-600x600.webp 600w, https:\/\/www.yongyukitchenware.com\/wp-content\/uploads\/2024\/11\/Honeycomb-frying-pan-8-100x100.webp 100w\" sizes=\"(max-width: 800px) 100vw, 800px\" \/><\/figure>\n<\/div>\n<\/div>\n<\/div>\n<\/div>\n\n\n\n<p><\/p>","protected":false},"excerpt":{"rendered":"<p>Fabricante de utensilios de cocina al por mayor sartenes de nido de abeja, con recubrimiento antiadherente. Soporte personalizaci\u00f3n, alta calidad y rentable, recepci\u00f3n para entrarnos en contacto con para la investigaci\u00f3n libre.<\/p>\n<h2>Par\u00e1metro de la sart\u00e9n de nido de abeja:<\/h2>\n<p><strong>Material:<\/strong> Acero inoxidable<br \/><strong>Forma interior:<\/strong> Con y sin panal<br \/><strong>Asa:<\/strong> Tiradores reforzados con remaches y asas de acero inoxidable<br \/><strong>Tallas:<\/strong> 26 cm y 28 cm<br \/><strong>OEM\/ODM:<\/strong> Disponible<\/p>\n<h2 class=\"wp-block-heading\">De Yongyu Cookware Fabricante :<\/h2>\n<p>Yongyu es un conocido fabricante de utensilios de cocina de China, conocido por ofrecer una amplia gama de utensilios de cocina de acero inoxidable de alta calidad, como sartenes, woks, ollas y ollas para pasta, etc.<\/p>","protected":false},"featured_media":2166,"comment_status":"closed","ping_status":"closed","template":"","meta":{"_acf_changed":true},"application":[29],"product_brand":[],"product_cat":[23,32],"product_tag":[],"class_list":{"0":"post-2165","1":"product","2":"type-product","3":"status-publish","4":"has-post-thumbnail","6":"application-home-kitchen","7":"product_cat-kitchenware-wholesale","8":"product_cat-wholesale-cookware","10":"first","11":"instock","12":"shipping-taxable","13":"product-type-simple"},"acf":[],"_links":{"self":[{"href":"https:\/\/www.yongyukitchenware.com\/es\/wp-json\/wp\/v2\/product\/2165","targetHints":{"allow":["GET"]}}],"collection":[{"href":"https:\/\/www.yongyukitchenware.com\/es\/wp-json\/wp\/v2\/product"}],"about":[{"href":"https:\/\/www.yongyukitchenware.com\/es\/wp-json\/wp\/v2\/types\/product"}],"replies":[{"embeddable":true,"href":"https:\/\/www.yongyukitchenware.com\/es\/wp-json\/wp\/v2\/comments?post=2165"}],"wp:featuredmedia":[{"embeddable":true,"href":"https:\/\/www.yongyukitchenware.com\/es\/wp-json\/wp\/v2\/media\/2166"}],"wp:attachment":[{"href":"https:\/\/www.yongyukitchenware.com\/es\/wp-json\/wp\/v2\/media?parent=2165"}],"wp:term":[{"taxonomy":"application","embeddable":true,"href":"https:\/\/www.yongyukitchenware.com\/es\/wp-json\/wp\/v2\/application?post=2165"},{"taxonomy":"product_brand","embeddable":true,"href":"https:\/\/www.yongyukitchenware.com\/es\/wp-json\/wp\/v2\/product_brand?post=2165"},{"taxonomy":"product_cat","embeddable":true,"href":"https:\/\/www.yongyukitchenware.com\/es\/wp-json\/wp\/v2\/product_cat?post=2165"},{"taxonomy":"product_tag","embeddable":true,"href":"https:\/\/www.yongyukitchenware.com\/es\/wp-json\/wp\/v2\/product_tag?post=2165"}],"curies":[{"name":"wp","href":"https:\/\/api.w.org\/{rel}","templated":true}]}}