{"id":2181,"date":"2024-11-10T03:52:27","date_gmt":"2024-11-10T03:52:27","guid":{"rendered":"https:\/\/www.yongyukitchenware.com\/?post_type=product&#038;p=2181"},"modified":"2025-07-10T09:52:49","modified_gmt":"2025-07-10T09:52:49","slug":"non-stick-frying-pan-wholesale","status":"publish","type":"product","link":"https:\/\/www.yongyukitchenware.com\/es\/producto\/non-stick-frying-pan-wholesale\/","title":{"rendered":"Sart\u00e9n antiadherente a granel Honeycomb Tri-Ply Pan"},"content":{"rendered":"<div class=\"wp-block-columns is-layout-flex wp-container-core-columns-is-layout-9d6595d7 wp-block-columns-is-layout-flex\">\n<div class=\"wp-block-column is-layout-flow wp-block-column-is-layout-flow\">\n<h2 class=\"wp-block-heading\">Sart\u00e9n antiadherente Caracter\u00edsticas:<\/h2>\n\n\n\n<p><strong>Estructura de acero de tres capas: <\/strong>Acero inoxidable 304\/430 y aluminio por dentro y por fuera, la estructura de tres capas garantiza la consistencia del calor del wok.<br><strong>Proceso antiadherente profesional:<\/strong> En el interior se utiliza el proceso de grabado l\u00e1ser en forma de panal, y la estructura de panal puede evitar eficazmente que se pegue a la olla y dejar que los ingredientes se calienten uniformemente.<br><strong>Alta compatibilidad: <\/strong>El wok es adecuado para fre\u00edr, cocinar ligero, cocinar al vapor, fre\u00edr. Apto para todos los fogones, incluidos los hal\u00f3genos, de gas, cer\u00e1micos y el\u00e9ctricos.<br><strong>F\u00e1cil de limpiar y resistente a los ara\u00f1azos:<\/strong> Las sartenes antiadherentes son resistentes a los ara\u00f1azos y no se desgastan ni deshilachan por el uso de utensilios met\u00e1licos.<br><strong>Dise\u00f1o humanizado: <\/strong>asa de acero se siente c\u00f3modo, tapa de la olla vertical se puede colocar, no ocupa espacio<\/p>\n<\/div>\n\n\n\n<div class=\"wp-block-column is-layout-flow wp-block-column-is-layout-flow\">\n<div class=\"wp-block-columns is-layout-flex wp-container-core-columns-is-layout-9d6595d7 wp-block-columns-is-layout-flex\">\n<div class=\"wp-block-column is-layout-flow wp-block-column-is-layout-flow\">\n<figure class=\"wp-block-image size-full\"><img decoding=\"async\" width=\"800\" height=\"800\" src=\"https:\/\/www.yongyukitchenware.com\/wp-content\/uploads\/2024\/11\/Honeycomb-pan-4.webp\" alt=\"Panal-4\" class=\"wp-image-2186\" srcset=\"https:\/\/www.yongyukitchenware.com\/wp-content\/uploads\/2024\/11\/Honeycomb-pan-4.webp 800w, https:\/\/www.yongyukitchenware.com\/wp-content\/uploads\/2024\/11\/Honeycomb-pan-4-300x300.webp 300w, https:\/\/www.yongyukitchenware.com\/wp-content\/uploads\/2024\/11\/Honeycomb-pan-4-150x150.webp 150w, https:\/\/www.yongyukitchenware.com\/wp-content\/uploads\/2024\/11\/Honeycomb-pan-4-768x768.webp 768w, https:\/\/www.yongyukitchenware.com\/wp-content\/uploads\/2024\/11\/Honeycomb-pan-4-12x12.webp 12w, https:\/\/www.yongyukitchenware.com\/wp-content\/uploads\/2024\/11\/Honeycomb-pan-4-600x600.webp 600w, https:\/\/www.yongyukitchenware.com\/wp-content\/uploads\/2024\/11\/Honeycomb-pan-4-100x100.webp 100w\" sizes=\"(max-width: 800px) 100vw, 800px\" \/><\/figure>\n\n\n\n<figure class=\"wp-block-image size-full\"><img decoding=\"async\" width=\"800\" height=\"800\" src=\"https:\/\/www.yongyukitchenware.com\/wp-content\/uploads\/2024\/11\/Honeycomb-pan-6.webp\" alt=\"\" class=\"wp-image-2188\" srcset=\"https:\/\/www.yongyukitchenware.com\/wp-content\/uploads\/2024\/11\/Honeycomb-pan-6.webp 800w, https:\/\/www.yongyukitchenware.com\/wp-content\/uploads\/2024\/11\/Honeycomb-pan-6-300x300.webp 300w, https:\/\/www.yongyukitchenware.com\/wp-content\/uploads\/2024\/11\/Honeycomb-pan-6-150x150.webp 150w, https:\/\/www.yongyukitchenware.com\/wp-content\/uploads\/2024\/11\/Honeycomb-pan-6-768x768.webp 768w, https:\/\/www.yongyukitchenware.com\/wp-content\/uploads\/2024\/11\/Honeycomb-pan-6-12x12.webp 12w, https:\/\/www.yongyukitchenware.com\/wp-content\/uploads\/2024\/11\/Honeycomb-pan-6-600x600.webp 600w, https:\/\/www.yongyukitchenware.com\/wp-content\/uploads\/2024\/11\/Honeycomb-pan-6-100x100.webp 100w\" sizes=\"(max-width: 800px) 100vw, 800px\" \/><\/figure>\n<\/div>\n<\/div>\n<\/div>\n<\/div>\n\n\n\n<p><\/p>","protected":false},"excerpt":{"rendered":"<p>Cookware fabricantes al por mayor sartenes antiadherentes, de acero inoxidable de nido de abeja antiadherente dise\u00f1o de la capa, y mangos de madera para facilitar el agarre. Soporte personalizaci\u00f3n, alta calidad y rentable, recepci\u00f3n para entrarnos en contacto con para la investigaci\u00f3n libre.<\/p>\n<h2>Par\u00e1metro de la sart\u00e9n antiadherente:<\/h2>\n<p><strong>Material:<\/strong> Acero inoxidable<br \/><strong>Forma interior:<\/strong> Con y sin panal<br \/><strong>Dise\u00f1o del asa:<\/strong> Asa de madera y tiradores reforzados con remaches<br \/><strong>Tallas:<\/strong> 26\/28 cm<br \/><strong>OEM\/ODM:<\/strong> Disponible<\/p>\n<h2 class=\"wp-block-heading\">De Yongyu Cookware Fabricante :<\/h2>\n<p>Yongyu es un conocido fabricante de utensilios de cocina de China, conocido por ofrecer una amplia gama de utensilios de cocina de acero inoxidable de alta calidad, como sartenes, woks, ollas y ollas para pasta, etc.<\/p>","protected":false},"featured_media":2183,"comment_status":"closed","ping_status":"closed","template":"","meta":{"_acf_changed":false},"application":[29],"product_brand":[],"product_cat":[23,32],"product_tag":[],"class_list":{"0":"post-2181","1":"product","2":"type-product","3":"status-publish","4":"has-post-thumbnail","6":"application-home-kitchen","7":"product_cat-kitchenware-wholesale","8":"product_cat-wholesale-cookware","10":"first","11":"instock","12":"shipping-taxable","13":"product-type-simple"},"acf":[],"_links":{"self":[{"href":"https:\/\/www.yongyukitchenware.com\/es\/wp-json\/wp\/v2\/product\/2181","targetHints":{"allow":["GET"]}}],"collection":[{"href":"https:\/\/www.yongyukitchenware.com\/es\/wp-json\/wp\/v2\/product"}],"about":[{"href":"https:\/\/www.yongyukitchenware.com\/es\/wp-json\/wp\/v2\/types\/product"}],"replies":[{"embeddable":true,"href":"https:\/\/www.yongyukitchenware.com\/es\/wp-json\/wp\/v2\/comments?post=2181"}],"wp:featuredmedia":[{"embeddable":true,"href":"https:\/\/www.yongyukitchenware.com\/es\/wp-json\/wp\/v2\/media\/2183"}],"wp:attachment":[{"href":"https:\/\/www.yongyukitchenware.com\/es\/wp-json\/wp\/v2\/media?parent=2181"}],"wp:term":[{"taxonomy":"application","embeddable":true,"href":"https:\/\/www.yongyukitchenware.com\/es\/wp-json\/wp\/v2\/application?post=2181"},{"taxonomy":"product_brand","embeddable":true,"href":"https:\/\/www.yongyukitchenware.com\/es\/wp-json\/wp\/v2\/product_brand?post=2181"},{"taxonomy":"product_cat","embeddable":true,"href":"https:\/\/www.yongyukitchenware.com\/es\/wp-json\/wp\/v2\/product_cat?post=2181"},{"taxonomy":"product_tag","embeddable":true,"href":"https:\/\/www.yongyukitchenware.com\/es\/wp-json\/wp\/v2\/product_tag?post=2181"}],"curies":[{"name":"wp","href":"https:\/\/api.w.org\/{rel}","templated":true}]}}