{"id":2207,"date":"2024-11-30T02:44:55","date_gmt":"2024-11-30T02:44:55","guid":{"rendered":"https:\/\/www.yongyukitchenware.com\/?post_type=product&#038;p=2207"},"modified":"2025-06-26T07:59:55","modified_gmt":"2025-06-26T07:59:55","slug":"wholesales-double-handle-pan","status":"publish","type":"product","link":"https:\/\/www.yongyukitchenware.com\/es\/producto\/wholesales-double-handle-pan\/","title":{"rendered":"Mayorista Sart\u00e9n Doble Mango Olla Seca Non Stick con Tapa"},"content":{"rendered":"<div class=\"wp-block-columns is-layout-flex wp-container-core-columns-is-layout-9d6595d7 wp-block-columns-is-layout-flex\">\n<div class=\"wp-block-column is-layout-flow wp-block-column-is-layout-flow\">\n<h2 class=\"wp-block-heading\">Double Handle Pan Features:<\/h2>\n\n\n\n<p><strong>Non-stick stainless steel: <\/strong>Made of food-grade stainless steel, non-stick bottom, non-toxic and wear-resistant, can be used for a long time.<\/p>\n\n\n\n<p><strong>Mirror polished surface: <\/strong>Bright and smooth surface, easy to clean, dishwasher safe.<\/p>\n\n\n\n<p><strong>Reinforced double handles and with lid: <\/strong>Riveted reinforced and durable, with stainless steel lid, suitable for Mala dry pot food production<\/p>\n\n\n\n<p><strong>Widened large capacity: <\/strong>Large diameter design, easy to accommodate a variety of food<\/p>\n\n\n\n<h2 class=\"wp-block-heading\">Double Handle Pan Size:<\/h2>\n\n\n\n<figure class=\"wp-block-table\"><table class=\"has-fixed-layout\"><tbody><tr><td>Modelo<\/td><td>Talla<\/td><td>Di\u00e1metro * Altura (cm)<\/td><td>MOQ<\/td><\/tr><tr><td rowspan=\"3\">DY002-D<\/td><td>9 pulgadas<\/td><td>22.3*6.5cm<\/td><td rowspan=\"3\">100 UNIDADES<\/td><\/tr><tr><td>10 pulgadas<\/td><td>25*6.5cm<\/td><\/tr><tr><td>11 pulgadas<\/td><td>26.5*7.5cm<\/td><\/tr><\/tbody><\/table><\/figure>\n<\/div>\n\n\n\n<div class=\"wp-block-column is-layout-flow wp-block-column-is-layout-flow\">\n<figure class=\"wp-block-image size-full\"><img decoding=\"async\" width=\"1920\" height=\"1920\" src=\"https:\/\/www.yongyukitchenware.com\/wp-content\/uploads\/2024\/11\/Stainless-Steel-Dry-Pot-6.webp\" alt=\"Stainless-Steel-Dry-Pot-6\" class=\"wp-image-2212\" srcset=\"https:\/\/www.yongyukitchenware.com\/wp-content\/uploads\/2024\/11\/Stainless-Steel-Dry-Pot-6.webp 1920w, https:\/\/www.yongyukitchenware.com\/wp-content\/uploads\/2024\/11\/Stainless-Steel-Dry-Pot-6-300x300.webp 300w, https:\/\/www.yongyukitchenware.com\/wp-content\/uploads\/2024\/11\/Stainless-Steel-Dry-Pot-6-150x150.webp 150w, https:\/\/www.yongyukitchenware.com\/wp-content\/uploads\/2024\/11\/Stainless-Steel-Dry-Pot-6-768x768.webp 768w, https:\/\/www.yongyukitchenware.com\/wp-content\/uploads\/2024\/11\/Stainless-Steel-Dry-Pot-6-12x12.webp 12w, https:\/\/www.yongyukitchenware.com\/wp-content\/uploads\/2024\/11\/Stainless-Steel-Dry-Pot-6-1200x1200.webp 1200w, https:\/\/www.yongyukitchenware.com\/wp-content\/uploads\/2024\/11\/Stainless-Steel-Dry-Pot-6-600x600.webp 600w, https:\/\/www.yongyukitchenware.com\/wp-content\/uploads\/2024\/11\/Stainless-Steel-Dry-Pot-6-100x100.webp 100w\" sizes=\"(max-width: 1920px) 100vw, 1920px\" \/><\/figure>\n<\/div>\n<\/div>\n\n\n\n<div class=\"wp-block-columns is-layout-flex wp-container-core-columns-is-layout-9d6595d7 wp-block-columns-is-layout-flex\">\n<div class=\"wp-block-column is-layout-flow wp-block-column-is-layout-flow\"><\/div>\n\n\n\n<div class=\"wp-block-column is-layout-flow wp-block-column-is-layout-flow\"><\/div>\n<\/div>","protected":false},"excerpt":{"rendered":"<p>Venta al por mayor del fabricante de utensilios de cocina de acero inoxidable, sartenes de doble asa se personalizan a granel, en diferentes tama\u00f1os, adecuados para uso comercial y dom\u00e9stico. Sartenes antiadherentes resistentes al desgaste de acero inoxidable de alta calidad, recepci\u00f3n para entrarnos en contacto con para m\u00e1s informaci\u00f3n de producto.<\/p>\n<h2 style=\"text-align: left\">Par\u00e1metro de sart\u00e9n de doble asa:<\/h2>\n<p style=\"text-align: left\"><strong>Material:<\/strong> Acero inoxidable<br \/><strong>Color:<\/strong> Plata<br \/><strong>Dise\u00f1o:<\/strong>\u00a0 Con doble asa y tapa<br \/><strong>Tallas:<\/strong> 9\/10\/11 pulgadas<br \/><strong>OEM\/ODM:<\/strong> Disponible<\/p>\n<h2 class=\"wp-block-heading\">De Yongyu Cookware Fabricante :<\/h2>\n<p>Yongyu es un fabricante profesional de utensilios de cocina, nuestros productos abarcan todo tipo de utensilios de cocina de acero inoxidable, como ollas para fideos, sartenes, ollas para guisos, etc., proporcionando servicios de adquisici\u00f3n de calidad y precios asequibles para cada cliente.<\/p>","protected":false},"featured_media":2208,"comment_status":"closed","ping_status":"closed","template":"","meta":{"_acf_changed":true},"application":[29],"product_brand":[],"product_cat":[23,32],"product_tag":[],"class_list":{"0":"post-2207","1":"product","2":"type-product","3":"status-publish","4":"has-post-thumbnail","6":"application-home-kitchen","7":"product_cat-kitchenware-wholesale","8":"product_cat-wholesale-cookware","10":"first","11":"instock","12":"shipping-taxable","13":"product-type-simple"},"acf":[],"_links":{"self":[{"href":"https:\/\/www.yongyukitchenware.com\/es\/wp-json\/wp\/v2\/product\/2207","targetHints":{"allow":["GET"]}}],"collection":[{"href":"https:\/\/www.yongyukitchenware.com\/es\/wp-json\/wp\/v2\/product"}],"about":[{"href":"https:\/\/www.yongyukitchenware.com\/es\/wp-json\/wp\/v2\/types\/product"}],"replies":[{"embeddable":true,"href":"https:\/\/www.yongyukitchenware.com\/es\/wp-json\/wp\/v2\/comments?post=2207"}],"wp:featuredmedia":[{"embeddable":true,"href":"https:\/\/www.yongyukitchenware.com\/es\/wp-json\/wp\/v2\/media\/2208"}],"wp:attachment":[{"href":"https:\/\/www.yongyukitchenware.com\/es\/wp-json\/wp\/v2\/media?parent=2207"}],"wp:term":[{"taxonomy":"application","embeddable":true,"href":"https:\/\/www.yongyukitchenware.com\/es\/wp-json\/wp\/v2\/application?post=2207"},{"taxonomy":"product_brand","embeddable":true,"href":"https:\/\/www.yongyukitchenware.com\/es\/wp-json\/wp\/v2\/product_brand?post=2207"},{"taxonomy":"product_cat","embeddable":true,"href":"https:\/\/www.yongyukitchenware.com\/es\/wp-json\/wp\/v2\/product_cat?post=2207"},{"taxonomy":"product_tag","embeddable":true,"href":"https:\/\/www.yongyukitchenware.com\/es\/wp-json\/wp\/v2\/product_tag?post=2207"}],"curies":[{"name":"wp","href":"https:\/\/api.w.org\/{rel}","templated":true}]}}