{"id":2334,"date":"2024-12-06T12:34:49","date_gmt":"2024-12-06T12:34:49","guid":{"rendered":"https:\/\/www.yongyukitchenware.com\/?post_type=product&#038;p=2334"},"modified":"2025-06-14T07:55:20","modified_gmt":"2025-06-14T07:55:20","slug":"wholesale-small-drink-dispenser","status":"publish","type":"product","link":"https:\/\/www.yongyukitchenware.com\/es\/producto\/wholesale-small-drink-dispenser\/","title":{"rendered":"Dispensador de Bebidas Peque\u00f1as a Granel 1-2 Galones con N\u00facleo de Hielo para Fiesta"},"content":{"rendered":"<div class=\"wp-block-columns is-layout-flex wp-container-core-columns-is-layout-9d6595d7 wp-block-columns-is-layout-flex\">\n<div class=\"wp-block-column is-layout-flow wp-block-column-is-layout-flow\">\n<h2 class=\"wp-block-heading\">Dispensador de bebidas peque\u00f1o Tama\u00f1o:<\/h2>\n\n\n\n<figure class=\"wp-block-table\"><table class=\"has-fixed-layout\"><tbody><tr><td>Modelo<\/td><td>Talla<\/td><td>Longitud * Altura (cm)<\/td><td>MOQ<\/td><\/tr><tr><td rowspan=\"2\">DY003-GZD<\/td><td>3L<\/td><td>19*29*50cm<\/td><td rowspan=\"2\">8PCS<\/td><\/tr><tr><td>6L<\/td><td>40*29*50cm<\/td><\/tr><\/tbody><\/table><\/figure>\n\n\n\n<h2 class=\"wp-block-heading\">Dispensador de bebidas peque\u00f1o Caracter\u00edsticas:<\/h2>\n\n\n\n<p><strong>Resistente a altas temperaturas<\/strong>: El cuerpo del ca\u00f1\u00f3n est\u00e1 hecho de material PC de alta calidad, transparente y resistente al calor.<br><strong>Tapa de acero inoxidable:<\/strong> Resistente a la corrosi\u00f3n, seguro y no t\u00f3xico, f\u00e1cil de limpiar.<br><strong>Grifo antigoteo:<\/strong> El grifo de resina y acero inoxidable tiene un flujo de agua suave sin goteos y es f\u00e1cil de usar.<br><strong>Adecuado tanto para fr\u00edo como para calor:<\/strong> Basta con llenar el recipiente interno para hacer hielo con cubitos para enfriar la bebida, o a\u00f1adir agua caliente para mantenerla caliente.<br>Bandeja recogegotas: La cubeta hueca de la base puede recoger los derrames y mantener limpia la encimera.<\/p>\n<\/div>\n\n\n\n<div class=\"wp-block-column is-layout-flow wp-block-column-is-layout-flow\">\n<figure class=\"wp-block-image size-full is-style-default\"><img decoding=\"async\" width=\"800\" height=\"800\" src=\"https:\/\/www.yongyukitchenware.com\/wp-content\/uploads\/2024\/11\/Bulk-Juicer-Dispenser-2.webp\" alt=\"Dispensador de alicates a granel-2\" class=\"wp-image-2340\" srcset=\"https:\/\/www.yongyukitchenware.com\/wp-content\/uploads\/2024\/11\/Bulk-Juicer-Dispenser-2.webp 800w, https:\/\/www.yongyukitchenware.com\/wp-content\/uploads\/2024\/11\/Bulk-Juicer-Dispenser-2-300x300.webp 300w, https:\/\/www.yongyukitchenware.com\/wp-content\/uploads\/2024\/11\/Bulk-Juicer-Dispenser-2-150x150.webp 150w, https:\/\/www.yongyukitchenware.com\/wp-content\/uploads\/2024\/11\/Bulk-Juicer-Dispenser-2-768x768.webp 768w, https:\/\/www.yongyukitchenware.com\/wp-content\/uploads\/2024\/11\/Bulk-Juicer-Dispenser-2-12x12.webp 12w, https:\/\/www.yongyukitchenware.com\/wp-content\/uploads\/2024\/11\/Bulk-Juicer-Dispenser-2-600x600.webp 600w, https:\/\/www.yongyukitchenware.com\/wp-content\/uploads\/2024\/11\/Bulk-Juicer-Dispenser-2-100x100.webp 100w\" sizes=\"(max-width: 800px) 100vw, 800px\" \/><\/figure>\n<\/div>\n<\/div>","protected":false},"excerpt":{"rendered":"<p>De los proveedores de dispensadores de bebidas, ofrecemos una variedad de tama\u00f1os, incluyendo este peque\u00f1o dispensador de bebidas. Ya sea para una fiesta, un restaurante o un hotel, nuestros dispensadores de bebidas se pueden utilizar para bebidas fr\u00edas o calientes, \u00a1satisfaciendo diferentes necesidades y apoyando las ventas de Amazon!<\/p>\n<h2>Dispensador de bebidas peque\u00f1o Par\u00e1metro:<\/h2>\n<p><strong>Material:<\/strong> acero inoxidable<br \/><strong>Tallas:<\/strong> Tama\u00f1os disponibles 3L \/6L<br \/><strong>Dise\u00f1o:<\/strong> Con grifo, n\u00facleo de hielo<br \/><strong>Embalaje:<\/strong> bolsa\/granel\/cart\u00f3n o personalizado<br \/><strong>OEM\/ODM:<\/strong> opcional<\/p>\n<h2 class=\"wp-block-heading\">De Yongyu Catering Suministros Fabricante :<\/h2>\n<p>Ya sea un proveedor de servicios de catering, un hotel o restaurante, o una empresa de organizaci\u00f3n de eventos, le ofrecemos soluciones completas de suministros de catering al por mayor con precios de f\u00e1brica de alta calidad.<\/p>","protected":false},"featured_media":2335,"comment_status":"closed","ping_status":"closed","template":"","meta":{"_acf_changed":true},"application":[30],"product_brand":[],"product_cat":[22,34],"product_tag":[],"class_list":{"0":"post-2334","1":"product","2":"type-product","3":"status-publish","4":"has-post-thumbnail","6":"application-hotel-catering","7":"product_cat-catering-supplies-wholesale","8":"product_cat-wholesale-drink-dispenser","10":"first","11":"instock","12":"shipping-taxable","13":"product-type-simple"},"acf":[],"_links":{"self":[{"href":"https:\/\/www.yongyukitchenware.com\/es\/wp-json\/wp\/v2\/product\/2334","targetHints":{"allow":["GET"]}}],"collection":[{"href":"https:\/\/www.yongyukitchenware.com\/es\/wp-json\/wp\/v2\/product"}],"about":[{"href":"https:\/\/www.yongyukitchenware.com\/es\/wp-json\/wp\/v2\/types\/product"}],"replies":[{"embeddable":true,"href":"https:\/\/www.yongyukitchenware.com\/es\/wp-json\/wp\/v2\/comments?post=2334"}],"wp:featuredmedia":[{"embeddable":true,"href":"https:\/\/www.yongyukitchenware.com\/es\/wp-json\/wp\/v2\/media\/2335"}],"wp:attachment":[{"href":"https:\/\/www.yongyukitchenware.com\/es\/wp-json\/wp\/v2\/media?parent=2334"}],"wp:term":[{"taxonomy":"application","embeddable":true,"href":"https:\/\/www.yongyukitchenware.com\/es\/wp-json\/wp\/v2\/application?post=2334"},{"taxonomy":"product_brand","embeddable":true,"href":"https:\/\/www.yongyukitchenware.com\/es\/wp-json\/wp\/v2\/product_brand?post=2334"},{"taxonomy":"product_cat","embeddable":true,"href":"https:\/\/www.yongyukitchenware.com\/es\/wp-json\/wp\/v2\/product_cat?post=2334"},{"taxonomy":"product_tag","embeddable":true,"href":"https:\/\/www.yongyukitchenware.com\/es\/wp-json\/wp\/v2\/product_tag?post=2334"}],"curies":[{"name":"wp","href":"https:\/\/api.w.org\/{rel}","templated":true}]}}